{"id":44425,"date":"2019-09-25T10:59:57","date_gmt":"2019-09-25T08:59:57","guid":{"rendered":"https:\/\/univet.hu\/?page_id=44425"},"modified":"2019-11-26T09:50:50","modified_gmt":"2019-11-26T08:50:50","slug":"alumni-tagok","status":"publish","type":"page","link":"https:\/\/univet.hu\/hu\/alumni\/alumni-tagok\/","title":{"rendered":"Alumni tagok"},"content":{"rendered":"<p><strong>Kedves Alumni Tagunk!<\/strong><\/p> <p><strong>Ezt az oldalt els\u0151sorban az\u00e9rt h\u00edvtuk \u00e9letre, hogy Alumni k\u00f6z\u00f6ss\u00e9g\u00fcnk \u00f6sszes tagj\u00e1t felkutassuk \u00e9s k\u00f6zvet\u00edt\u0151k\u00e9nt seg\u00edts\u00fck a tagok k\u00f6z\u00f6tti \u00fajabb kapcsolatfelv\u00e9telt. B\u00edzunk benne, hogy seg\u00edts\u00e9g\u00fckre lehet\u00fcnk az <\/strong><strong>egykori bar\u00e1ts\u00e1gok feleleven\u00edt\u00e9s\u00e9ben \u00e9s szakmai egy\u00fcttm\u0171k\u00f6d\u00e9sek meg\u00fajul\u00e1s\u00e1ban, elm\u00e9ly\u00fcl\u00e9s\u00e9ben.\u00a0<img loading=\"lazy\" decoding=\"async\" class=\"size-medium wp-image-45172 alignright\" src=\"https:\/\/univet.hu\/wp-content\/uploads\/2019\/10\/thumbnailD3QF8OOB-320x213.jpg\" alt=\"\" width=\"320\" height=\"213\" srcset=\"https:\/\/univet.hu\/wp-content\/uploads\/2019\/10\/thumbnailD3QF8OOB-320x213.jpg 320w, https:\/\/univet.hu\/wp-content\/uploads\/2019\/10\/thumbnailD3QF8OOB-768x512.jpg 768w, https:\/\/univet.hu\/wp-content\/uploads\/2019\/10\/thumbnailD3QF8OOB-960x640.jpg 960w, https:\/\/univet.hu\/wp-content\/uploads\/2019\/10\/thumbnailD3QF8OOB.jpg 1327w\" sizes=\"auto, (max-width: 320px) 100vw, 320px\" \/><\/strong><\/p> <p>K\u00e9rj\u00fck, csatlakozzon \u00d6n is az Alumni Online K\u00f6z\u00f6ss\u00e9g\u00e9hez. A k\u00f6z\u00f6ss\u00e9g fel\u00fclet\u00e9n kereszt\u00fcl hamarosan k\u00f6nnyed\u00e9n megtal\u00e1lja egykori magyar \u00e9s nemzetk\u00f6zi di\u00e1kt\u00e1rsait, akiknek \u00fczenetet k\u00fcldhet an\u00e9lk\u00fcl, hogy ismern\u00e9 e-mail c\u00edm\u00fcket.<\/p> <p>Az oldalon barangolva, nem csak\u00a0h\u00edres alumni tagjainkr\u00f3l olvashat, de bepillant\u00e1st nyerhet el\u0151deink \u00e9s nagyjaink munk\u00e1ss\u00e1g\u00e1ba is. Rendszeresen friss\u00fcl\u0151 Alumni interj\u00fak \u00e9s t\u00f6rt\u00e9netek men\u00fcpont alatt olyan \u00e1llatorvosokr\u00f3l olvashat, akik \u00f6r\u00f6mmel osztott\u00e1k meg vel\u00fcnk szakmai, k\u00f6z\u00e9leti sikereiket \u00e9s \u00e9lett\u00f6rt\u00e9net\u00fcket az Egyetemen elt\u00f6lt\u00f6tt 5 \u00e9vet k\u00f6vet\u0151en.<\/p> <p>Legyen \u00d6n is \u00fajra r\u00e9szese az \u00c1llatorvostudom\u00e1nyi Egyetem \u00e9let\u00e9nek!<\/p> <p>&nbsp;<\/p>","protected":false},"excerpt":{"rendered":"<p>Kedves Alumni Tagunk! Ezt az oldalt els\u0151sorban az\u00e9rt h\u00edvtuk \u00e9letre, hogy Alumni k\u00f6z\u00f6ss\u00e9g\u00fcnk \u00f6sszes tagj\u00e1t felkutassuk \u00e9s k\u00f6zvet\u00edt\u0151k\u00e9nt seg\u00edts\u00fck a tagok k\u00f6z\u00f6tti \u00fajabb kapcsolatfelv\u00e9telt. B\u00edzunk benne, hogy seg\u00edts\u00e9g\u00fckre lehet\u00fcnk az egykori bar\u00e1ts\u00e1gok feleleven\u00edt\u00e9s\u00e9ben \u00e9s szakmai egy\u00fcttm\u0171k\u00f6d\u00e9sek meg\u00fajul\u00e1s\u00e1ban, elm\u00e9ly\u00fcl\u00e9s\u00e9ben.\u00a0 K\u00e9rj\u00fck, csatlakozzon \u00d6n is az Alumni Online K\u00f6z\u00f6ss\u00e9g\u00e9hez. A k\u00f6z\u00f6ss\u00e9g fel\u00fclet\u00e9n kereszt\u00fcl hamarosan k\u00f6nnyed\u00e9n megtal\u00e1lja egykori magyar<\/p>\n","protected":false},"author":7,"featured_media":0,"parent":44410,"menu_order":0,"comment_status":"closed","ping_status":"closed","template":"","meta":{"_acf_changed":false,"footnotes":""},"categories":[],"tags":[],"class_list":["post-44425","page","type-page","status-publish","hentry"],"acf":[],"_links":{"self":[{"href":"https:\/\/univet.hu\/hu\/wp-json\/wp\/v2\/pages\/44425","targetHints":{"allow":["GET"]}}],"collection":[{"href":"https:\/\/univet.hu\/hu\/wp-json\/wp\/v2\/pages"}],"about":[{"href":"https:\/\/univet.hu\/hu\/wp-json\/wp\/v2\/types\/page"}],"author":[{"embeddable":true,"href":"https:\/\/univet.hu\/hu\/wp-json\/wp\/v2\/users\/7"}],"replies":[{"embeddable":true,"href":"https:\/\/univet.hu\/hu\/wp-json\/wp\/v2\/comments?post=44425"}],"version-history":[{"count":0,"href":"https:\/\/univet.hu\/hu\/wp-json\/wp\/v2\/pages\/44425\/revisions"}],"up":[{"embeddable":true,"href":"https:\/\/univet.hu\/hu\/wp-json\/wp\/v2\/pages\/44410"}],"wp:attachment":[{"href":"https:\/\/univet.hu\/hu\/wp-json\/wp\/v2\/media?parent=44425"}],"wp:term":[{"taxonomy":"category","embeddable":true,"href":"https:\/\/univet.hu\/hu\/wp-json\/wp\/v2\/categories?post=44425"},{"taxonomy":"post_tag","embeddable":true,"href":"https:\/\/univet.hu\/hu\/wp-json\/wp\/v2\/tags?post=44425"}],"curies":[{"name":"wp","href":"https:\/\/api.w.org\/{rel}","templated":true}]}}