{"id":44428,"date":"2019-09-25T11:03:21","date_gmt":"2019-09-25T09:03:21","guid":{"rendered":"https:\/\/univet.hu\/?page_id=44428"},"modified":"2023-09-08T09:12:44","modified_gmt":"2023-09-08T07:12:44","slug":"evfolyamtalalkozok","status":"publish","type":"page","link":"https:\/\/univet.hu\/hu\/alumni\/evfolyamtalalkozok\/","title":{"rendered":"Alumni \u00e9vfolyamtal\u00e1lkoz\u00f3k"},"content":{"rendered":"<p><strong>Az \u00c1llatorvostudom\u00e1nyi Egyetem Alumni Irod\u00e1j\u00e1nak t\u00e1mogat\u00e1s\u00e1val, az \u00e9vente t\u00f6bb alkalommal is megszervezett \u00e9vfolyamtal\u00e1lkoz\u00f3k lehet\u0151s\u00e9get k\u00edn\u00e1lnak, hogy az \u00c1TE egykori di\u00e1kjai \u00fajra tal\u00e1lkozzanak egym\u00e1ssal \u00e9s feleleven\u00edts\u00e9k k\u00f6z\u00f6s eml\u00e9keiket, megossz\u00e1k egym\u00e1ssal szakmai \u00e9s egy\u00e9b (sport, kultur\u00e1lis, v\u00e1llalkoz\u00f3i) sikereiket.<\/strong><\/p> <p><strong>Az \u00e9vfolyamtal\u00e1lkoz\u00f3k m\u00e9lt\u00f3 meg\u00fcnnepl\u00e9se \u00e9rdek\u00e9ben az \u00c1llatorvostudom\u00e1nyi Egyetem sz\u00e1mos programelemmel \u00e9s szolg\u00e1ltat\u00e1ssal k\u00edv\u00e1nja t\u00e1mogatni ezeknek az esem\u00e9nyeknek a megval\u00f3sul\u00e1s\u00e1t. <\/strong><\/p> <p>Megid\u00e9zve a r\u00e9gm\u00falt hangulat\u00e1t, Egyetem\u00fcnk nagy \u00f6r\u00f6mmel aj\u00e1nlja fel termeit az \u00f6sszej\u00f6vetelek helysz\u00ednek\u00e9nt, valamint sz\u00edvesen seg\u00edt\u00fcnk az \u00fcnnepi vacsora szervez\u00e9s\u00e9ben is. Budapesti sz\u00e1ll\u00e1sig\u00e9ny eset\u00e9n, f\u00e9r\u0151helyek f\u00fcggv\u00e9ny\u00e9ben nagy \u00f6r\u00f6mmel biztos\u00edtunk ingyenes koll\u00e9giumi szob\u00e1t. A Danubius Hotels Group felaj\u00e1nl\u00e1s\u00e1val, a Hotel Hungaria City Center sz\u00e1lloda kedvezm\u00e9nyes sz\u00e1ll\u00e1slehet\u0151s\u00e9get ny\u00fajt az egyetem alumni tagjai sz\u00e1m\u00e1ra. Amennyiben sz\u00fcks\u00e9ges, informatikai eszk\u00f6z\u00f6k biztos\u00edt\u00e1s\u00e1ban is seg\u00edt\u00fcnk.<\/p> <p>Int\u00e9zm\u00e9nyi szinten kiemelt hangs\u00falyt helyez\u00fcnk a 10. \u00e9s 25. \u00e9vfordul\u00f3k meg\u00fcnnepl\u00e9s\u00e9re, melyre nagy szeretettel v\u00e1rjuk <u>a magyar \u00e9s nemzetk\u00f6zi <\/u>Alumni Tagjainkat. Ezen tal\u00e1lkoz\u00f3k k\u00f6lts\u00e9g\u00e9t az Egyetem \u00e1llja, ezzel is t\u00e1mogatva volt di\u00e1kjainak kapcsolatfelv\u00e9tel\u00e9t.<\/p> <p><strong>Az \u00e9rintett Alumni tagok megkeres\u00e9s\u00e9t \u00e9s megh\u00edv\u00e1s\u00e1t els\u0151sorban az Alumni Iroda munkat\u00e1rsai v\u00e9gzik, azonban sz\u00edvesen vessz\u00fck Alumni Tagok, volt \u00e9vfolyamfelel\u0151s\u00f6k k\u00f6zrem\u0171k\u00f6d\u0151 seg\u00edts\u00e9g\u00e9t is. Amennyiben \u00d6n is szeretne r\u00e9szt venni a tal\u00e1lkoz\u00f3 szervez\u00e9sben, k\u00e9rj\u00fck, keressen meg benn\u00fcnket a <a class=\"decrypt\" rel=\"sfoef{wfozAvojwfu\/iv\" href=\"javascript:void(0);\">[Kattintson az emailc\u00edmhez]<\/a> e-mail c\u00edmen.<\/strong><\/p> <p><a href=\"https:\/\/univet.hu\/wp-content\/uploads\/2019\/10\/thumbnailQL098RJJ.jpg\"><img loading=\"lazy\" decoding=\"async\" class=\"aligncenter wp-image-45517 size-large\" src=\"https:\/\/univet.hu\/wp-content\/uploads\/2019\/10\/thumbnailQL098RJJ-960x640.jpg\" alt=\"\" width=\"640\" height=\"427\" srcset=\"https:\/\/univet.hu\/wp-content\/uploads\/2019\/10\/thumbnailQL098RJJ-960x640.jpg 960w, https:\/\/univet.hu\/wp-content\/uploads\/2019\/10\/thumbnailQL098RJJ-320x213.jpg 320w, https:\/\/univet.hu\/wp-content\/uploads\/2019\/10\/thumbnailQL098RJJ-768x512.jpg 768w, https:\/\/univet.hu\/wp-content\/uploads\/2019\/10\/thumbnailQL098RJJ.jpg 1327w\" sizes=\"auto, (max-width: 640px) 100vw, 640px\" \/><\/a><\/p> <p style=\"text-align: center;\"><span style=\"font-size: 10pt;\"><em>Az aktu\u00e1lis \u00e9vfolyamtal\u00e1lkoz\u00f3kr\u00f3l az Alumni tagok h\u00edrleveleinkb\u0151l, valamint az Egyetem Alumni honlapj\u00e1n meghirdetett esem\u00e9nyekb\u0151l tudnak t\u00e1j\u00e9koz\u00f3dni.<\/em><\/span><\/p> <p>\u00c9rkez\u00e9skor vend\u00e9gv\u00e1r\u00f3 falatokkal \u00e9s \u00fcd\u00edt\u0151vel kedvesked\u00fcnk a rendezv\u00e9ny r\u00e9sztvev\u0151inek. A sz\u00f3rakoztat\u00f3 programelemek mellett profi fot\u00f3st \u00e9s informatikai t\u00e1mogat\u00e1st is biztos\u00edtunk az Egyetem k\u00f6lts\u00e9g\u00e9n. Felid\u00e9zve a di\u00e1k\u00e9let eml\u00e9keit, lehet\u0151s\u00e9g k\u00edn\u00e1lkozik arra is, hogy egy campus s\u00e9ta alkalm\u00e1val \u00fajra megtekints\u00e9k r\u00e9gi \u00e9s \u00faj \u00e9p\u00fcleteinket, valamint az egyetem gy\u00f6ny\u00f6r\u0171 parkj\u00e1t. Az esti sz\u00f3rakoz\u00e1s helysz\u00edn\u00e9nek a di\u00e1kok k\u00f6r\u00e9ben j\u00f3l ismert Equus Klubot aj\u00e1nljuk, ahol az \u00e1ll\u00f3fogad\u00e1s k\u00f6lts\u00e9g\u00e9nek egy r\u00e9sz\u00e9t szint\u00e9n az Egyetem fedezi.<\/p> <p>Az \u00f6sszej\u00f6vetelek alkalm\u00e1val nagy \u00f6r\u00f6mmel k\u00e9sz\u00edt\u00fcnk interj\u00fakat olyan lelkes Alumni tagokkal, akik sz\u00edvesen megosztan\u00e1k vel\u00fcnk sikert\u00f6rt\u00e9neteiket \u00e9s beleegyeznek azok publik\u00e1l\u00e1s\u00e1ba az Egyetem fel\u00fcletein (honlap, Facebook, Youtube csatorna, kiadv\u00e1nyok stb.). Az \u00e9vfolyamtal\u00e1lkoz\u00f3kat k\u00f6vet\u0151en, a rendezv\u00e9nyen k\u00e9sz\u00fclt f\u00e9nyk\u00e9pek az Alumni weboldalunkon tekinthet\u0151k meg.<\/p> <p><strong>Sz\u00edvb\u0151l k\u00edv\u00e1njuk, hogy az \u00e9vfolyamtal\u00e1lkoz\u00f3k seg\u00edtsenek \u00d6n\u00f6knek az egykori bar\u00e1ts\u00e1gokat feleleven\u00edteni, \u00e9s biztos\u00edts\u00e1k \u00d6n\u00f6knek a j\u00f6v\u0151beli, k\u00f6z\u00f6s szakmai munka siker\u00e9t.<\/strong><\/p> <p>&nbsp;<\/p>","protected":false},"excerpt":{"rendered":"<p>Az \u00c1llatorvostudom\u00e1nyi Egyetem Alumni Irod\u00e1j\u00e1nak t\u00e1mogat\u00e1s\u00e1val, az \u00e9vente t\u00f6bb alkalommal is megszervezett \u00e9vfolyamtal\u00e1lkoz\u00f3k lehet\u0151s\u00e9get k\u00edn\u00e1lnak, hogy az \u00c1TE egykori di\u00e1kjai \u00fajra tal\u00e1lkozzanak egym\u00e1ssal \u00e9s feleleven\u00edts\u00e9k k\u00f6z\u00f6s eml\u00e9keiket, megossz\u00e1k egym\u00e1ssal szakmai \u00e9s egy\u00e9b (sport, kultur\u00e1lis, v\u00e1llalkoz\u00f3i) sikereiket. Az \u00e9vfolyamtal\u00e1lkoz\u00f3k m\u00e9lt\u00f3 meg\u00fcnnepl\u00e9se \u00e9rdek\u00e9ben az \u00c1llatorvostudom\u00e1nyi Egyetem sz\u00e1mos programelemmel \u00e9s szolg\u00e1ltat\u00e1ssal k\u00edv\u00e1nja t\u00e1mogatni ezeknek az esem\u00e9nyeknek a megval\u00f3sul\u00e1s\u00e1t.<\/p>\n","protected":false},"author":7,"featured_media":0,"parent":44410,"menu_order":0,"comment_status":"closed","ping_status":"closed","template":"","meta":{"_acf_changed":false,"footnotes":""},"categories":[],"tags":[],"class_list":["post-44428","page","type-page","status-publish","hentry"],"acf":[],"_links":{"self":[{"href":"https:\/\/univet.hu\/hu\/wp-json\/wp\/v2\/pages\/44428","targetHints":{"allow":["GET"]}}],"collection":[{"href":"https:\/\/univet.hu\/hu\/wp-json\/wp\/v2\/pages"}],"about":[{"href":"https:\/\/univet.hu\/hu\/wp-json\/wp\/v2\/types\/page"}],"author":[{"embeddable":true,"href":"https:\/\/univet.hu\/hu\/wp-json\/wp\/v2\/users\/7"}],"replies":[{"embeddable":true,"href":"https:\/\/univet.hu\/hu\/wp-json\/wp\/v2\/comments?post=44428"}],"version-history":[{"count":0,"href":"https:\/\/univet.hu\/hu\/wp-json\/wp\/v2\/pages\/44428\/revisions"}],"up":[{"embeddable":true,"href":"https:\/\/univet.hu\/hu\/wp-json\/wp\/v2\/pages\/44410"}],"wp:attachment":[{"href":"https:\/\/univet.hu\/hu\/wp-json\/wp\/v2\/media?parent=44428"}],"wp:term":[{"taxonomy":"category","embeddable":true,"href":"https:\/\/univet.hu\/hu\/wp-json\/wp\/v2\/categories?post=44428"},{"taxonomy":"post_tag","embeddable":true,"href":"https:\/\/univet.hu\/hu\/wp-json\/wp\/v2\/tags?post=44428"}],"curies":[{"name":"wp","href":"https:\/\/api.w.org\/{rel}","templated":true}]}}