{"id":44435,"date":"2019-09-25T11:11:32","date_gmt":"2019-09-25T09:11:32","guid":{"rendered":"https:\/\/univet.hu\/?page_id=44435"},"modified":"2019-09-25T14:02:34","modified_gmt":"2019-09-25T12:02:34","slug":"alumni-esemenyek","status":"publish","type":"page","link":"https:\/\/univet.hu\/hu\/alumni-esemenyek\/","title":{"rendered":"Alumni esem\u00e9nyek"},"content":{"rendered":"<p><strong>1979-es \u00e9vfolyam 40 \u00e9ves tal\u00e1lkoz\u00f3ja<\/strong><\/p> <p>Szeretettel v\u00e1rjuk az 1979-ben v\u00e9gzett Alumni tagokat.<\/p> <p>Id\u0151pont:\u00a0 2019. szeptember 28. szombat 16.00<\/p> <p>Helysz\u00edn<strong>: <\/strong>Hetzel Henrik terem<\/p> <p>&nbsp;<\/p> <h4><strong>\u00a02019.\u00a0<\/strong><strong>okt\u00f3ber 4. Mrakt\u00f6cs koncert az Equus Clubban 20:30-t\u00f3l<\/strong><\/h4> <p>Szeretettel v\u00e1rjuk azokat az Alumni tagokat, akik nosztalgi\u00e1zni szeretn\u00e9nek a 2004-2009 k\u00f6z\u00f6tti koll\u00e9giumi id\u0151kr\u0151l. Facebook event: Mrakt\u00f6cs Reunion &#8217;19<\/p> <p><a href=\"https:\/\/univet.hu\/wp-content\/uploads\/2019\/09\/68966190_2422692411113751_6759745136210477056_n.jpg\"><img loading=\"lazy\" decoding=\"async\" class=\"alignleft size-medium wp-image-44476\" src=\"https:\/\/univet.hu\/wp-content\/uploads\/2019\/09\/68966190_2422692411113751_6759745136210477056_n-320x320.jpg\" alt=\"\" width=\"320\" height=\"320\" srcset=\"https:\/\/univet.hu\/wp-content\/uploads\/2019\/09\/68966190_2422692411113751_6759745136210477056_n-320x320.jpg 320w, https:\/\/univet.hu\/wp-content\/uploads\/2019\/09\/68966190_2422692411113751_6759745136210477056_n.jpg 640w\" sizes=\"auto, (max-width: 320px) 100vw, 320px\" \/><\/a><\/p> <p><strong>\u00a0<\/strong><\/p> <p>&nbsp;<\/p> <p>&nbsp;<\/p> <p>&nbsp;<\/p> <p>&nbsp;<\/p> <p>&nbsp;<\/p> <p>&nbsp;<\/p> <p>&nbsp;<\/p> <p>&nbsp;<\/p> <p>&nbsp;<\/p> <p><strong>\u00a0<\/strong><\/p> <h4><strong>2009-es \u00e9vfolyam 10 \u00e9ves magyar \u00e9s nemzetk\u00f6zi tal\u00e1lkoz\u00f3ja<\/strong><\/h4> <p>Szeretettel v\u00e1rjuk a 2009-ben v\u00e9gzett Alumni tagokat 2019. november 16-\u00e1n.<\/p> <p><strong><a class=\"https:\/\/univet.hu\/wp-content\/uploads\/2019\/09\/Alumni-meghi\u0301vo\u0301-magyartervezet_final.pdf noopener\" href=\"https:\/\/univet.hu\/wp-content\/uploads\/2019\/09\/Alumni-meghi\u0301vo\u0301-magyartervezet_final-page-001.jpg\" target=\"_blank\" rel=\"https:\/\/univet.hu\/wp-content\/uploads\/2019\/09\/Alumni-meghi\u0301vo\u0301-magyartervezet_final.pdf noopener\"><img loading=\"lazy\" decoding=\"async\" class=\"alignleft wp-image-44478 size-medium\" src=\"https:\/\/univet.hu\/wp-content\/uploads\/2019\/09\/Alumni-meghi\u0301vo\u0301-magyartervezet_final-page-001-226x320.jpg\" alt=\"\" width=\"226\" height=\"320\" srcset=\"https:\/\/univet.hu\/wp-content\/uploads\/2019\/09\/Alumni-meghi\u0301vo\u0301-magyartervezet_final-page-001-226x320.jpg 226w, https:\/\/univet.hu\/wp-content\/uploads\/2019\/09\/Alumni-meghi\u0301vo\u0301-magyartervezet_final-page-001-768x1086.jpg 768w, https:\/\/univet.hu\/wp-content\/uploads\/2019\/09\/Alumni-meghi\u0301vo\u0301-magyartervezet_final-page-001-679x960.jpg 679w\" sizes=\"auto, (max-width: 226px) 100vw, 226px\" \/><\/a><\/strong><\/p> <p>&nbsp;<\/p> <p>&nbsp;<\/p> <p>&nbsp;<\/p> <p>&nbsp;<\/p> <p>&nbsp;<\/p> <p>&nbsp;<\/p> <p>&nbsp;<\/p> <p>&nbsp;<\/p> <p>&nbsp;<\/p> <p>&nbsp;<\/p> <h4><strong>1994-es \u00e9vfolyam 25 \u00e9ves tal\u00e1lkoz\u00f3ja<\/strong><\/h4> <p>Szeretettel v\u00e1rjuk a 2009-ben v\u00e9gzett Alumni tagokat 2019. november 22-\u00e9n.<\/p> <p>&nbsp;<\/p>","protected":false},"excerpt":{"rendered":"<p>1979-es \u00e9vfolyam 40 \u00e9ves tal\u00e1lkoz\u00f3ja Szeretettel v\u00e1rjuk az 1979-ben v\u00e9gzett Alumni tagokat. Id\u0151pont:\u00a0 2019. szeptember 28. szombat 16.00 Helysz\u00edn: Hetzel Henrik terem &nbsp; \u00a02019.\u00a0okt\u00f3ber 4. Mrakt\u00f6cs koncert az Equus Clubban 20:30-t\u00f3l Szeretettel v\u00e1rjuk azokat az Alumni tagokat, akik nosztalgi\u00e1zni szeretn\u00e9nek a 2004-2009 k\u00f6z\u00f6tti koll\u00e9giumi id\u0151kr\u0151l. Facebook event: Mrakt\u00f6cs Reunion &#8217;19 \u00a0 &nbsp; &nbsp; &nbsp; &nbsp;<\/p>\n","protected":false},"author":7,"featured_media":0,"parent":0,"menu_order":0,"comment_status":"closed","ping_status":"closed","template":"","meta":{"_acf_changed":false,"footnotes":""},"categories":[],"tags":[],"class_list":["post-44435","page","type-page","status-publish","hentry"],"acf":[],"_links":{"self":[{"href":"https:\/\/univet.hu\/hu\/wp-json\/wp\/v2\/pages\/44435","targetHints":{"allow":["GET"]}}],"collection":[{"href":"https:\/\/univet.hu\/hu\/wp-json\/wp\/v2\/pages"}],"about":[{"href":"https:\/\/univet.hu\/hu\/wp-json\/wp\/v2\/types\/page"}],"author":[{"embeddable":true,"href":"https:\/\/univet.hu\/hu\/wp-json\/wp\/v2\/users\/7"}],"replies":[{"embeddable":true,"href":"https:\/\/univet.hu\/hu\/wp-json\/wp\/v2\/comments?post=44435"}],"version-history":[{"count":0,"href":"https:\/\/univet.hu\/hu\/wp-json\/wp\/v2\/pages\/44435\/revisions"}],"wp:attachment":[{"href":"https:\/\/univet.hu\/hu\/wp-json\/wp\/v2\/media?parent=44435"}],"wp:term":[{"taxonomy":"category","embeddable":true,"href":"https:\/\/univet.hu\/hu\/wp-json\/wp\/v2\/categories?post=44435"},{"taxonomy":"post_tag","embeddable":true,"href":"https:\/\/univet.hu\/hu\/wp-json\/wp\/v2\/tags?post=44435"}],"curies":[{"name":"wp","href":"https:\/\/api.w.org\/{rel}","templated":true}]}}