{"id":44438,"date":"2019-09-25T11:19:12","date_gmt":"2019-09-25T09:19:12","guid":{"rendered":"https:\/\/univet.hu\/?page_id=44438"},"modified":"2023-09-08T09:14:45","modified_gmt":"2023-09-08T07:14:45","slug":"alumni-onkentesseg","status":"publish","type":"page","link":"https:\/\/univet.hu\/hu\/alumni\/alumni-onkentesseg\/","title":{"rendered":"Alumni \u00f6nk\u00e9ntess\u00e9g"},"content":{"rendered":"<h3>Vegyen r\u00e9szt az egyetem \u00e9let\u00e9ben \u00d6n is!<\/h3> <p>V\u00e1rjuk Alumni \u00f6nk\u00e9ntesek jelentkez\u00e9s\u00e9t egyetemi rendezv\u00e9nyekre, ak\u00e1r mint megh\u00edvott el\u0151ad\u00f3, ak\u00e1r mint operat\u00edv munk\u00e1ban seg\u00edt\u0151 koll\u00e9ga. Amennyiben \u00d6n is sz\u00edvesen csatlakozna hozz\u00e1nk, k\u00e9rj\u00fck, vegye fel a kapcsolatot vel\u00fcnk a <a class=\"decrypt\" rel=\"sfoef{wfozAvojwfu\/iv\" href=\"javascript:void(0);\">[Kattintson az emailc\u00edmhez]<\/a> e-mail c\u00edmen.<\/p> <p>&nbsp;<\/p> <p><strong><a href=\"https:\/\/univet.hu\/wp-content\/uploads\/2019\/10\/web_CD04.jpg\"><img loading=\"lazy\" decoding=\"async\" class=\"wp-image-45501 aligncenter\" src=\"https:\/\/univet.hu\/wp-content\/uploads\/2019\/10\/web_CD04-960x640.jpg\" alt=\"\" width=\"474\" height=\"316\" srcset=\"https:\/\/univet.hu\/wp-content\/uploads\/2019\/10\/web_CD04-960x640.jpg 960w, https:\/\/univet.hu\/wp-content\/uploads\/2019\/10\/web_CD04-320x213.jpg 320w, https:\/\/univet.hu\/wp-content\/uploads\/2019\/10\/web_CD04-768x512.jpg 768w, https:\/\/univet.hu\/wp-content\/uploads\/2019\/10\/web_CD04.jpg 2048w\" sizes=\"auto, (max-width: 474px) 100vw, 474px\" \/><\/a><\/strong><\/p> <p>&nbsp;<\/p> <p><strong>\u00d6nk\u00e9ntes lehet\u0151s\u00e9gek:<\/strong><\/p> <ul> <li>Magyar \u00e9s Nemzetk\u00f6zi \u00c1ll\u00e1sb\u00f6rze &#8211; ki\u00e1ll\u00edt\u00f3<\/li> <li>Alumni mentor program &#8211; jelenlegi di\u00e1kjaink mentora<\/li> <li>Di\u00e1kjaink sz\u00e1m\u00e1ra szervezett Career Day\u00a0 &#8211; el\u0151ad\u00f3 (rendezv\u00e9ny nyelve angol)<\/li> <li>Nemzetk\u00f6zi Karrier Nap &#8211; el\u0151ad\u00f3<\/li> <li>Alumni interj\u00fak \u00e9s t\u00f6rt\u00e9netek &#8211; besz\u00e9lget\u00e9s az Alumni iroda tagjaival (interj\u00fa \u00e9s szem\u00e9lyes besz\u00e9lget\u00e9s szakmai sikerekr\u0151l)<\/li> <\/ul> <p>&nbsp;<\/p>","protected":false},"excerpt":{"rendered":"<p>Vegyen r\u00e9szt az egyetem \u00e9let\u00e9ben \u00d6n is! V\u00e1rjuk Alumni \u00f6nk\u00e9ntesek jelentkez\u00e9s\u00e9t egyetemi rendezv\u00e9nyekre, ak\u00e1r mint megh\u00edvott el\u0151ad\u00f3, ak\u00e1r mint operat\u00edv munk\u00e1ban seg\u00edt\u0151 koll\u00e9ga. Amennyiben \u00d6n is sz\u00edvesen csatlakozna hozz\u00e1nk, k\u00e9rj\u00fck, vegye fel a kapcsolatot vel\u00fcnk a [Kattintson az emailc\u00edmhez] e-mail c\u00edmen. &nbsp; &nbsp; \u00d6nk\u00e9ntes lehet\u0151s\u00e9gek: Magyar \u00e9s Nemzetk\u00f6zi \u00c1ll\u00e1sb\u00f6rze &#8211; ki\u00e1ll\u00edt\u00f3 Alumni mentor program &#8211;<\/p>\n","protected":false},"author":7,"featured_media":0,"parent":44410,"menu_order":0,"comment_status":"closed","ping_status":"closed","template":"","meta":{"_acf_changed":false,"footnotes":""},"categories":[],"tags":[],"class_list":["post-44438","page","type-page","status-publish","hentry"],"acf":[],"_links":{"self":[{"href":"https:\/\/univet.hu\/hu\/wp-json\/wp\/v2\/pages\/44438","targetHints":{"allow":["GET"]}}],"collection":[{"href":"https:\/\/univet.hu\/hu\/wp-json\/wp\/v2\/pages"}],"about":[{"href":"https:\/\/univet.hu\/hu\/wp-json\/wp\/v2\/types\/page"}],"author":[{"embeddable":true,"href":"https:\/\/univet.hu\/hu\/wp-json\/wp\/v2\/users\/7"}],"replies":[{"embeddable":true,"href":"https:\/\/univet.hu\/hu\/wp-json\/wp\/v2\/comments?post=44438"}],"version-history":[{"count":0,"href":"https:\/\/univet.hu\/hu\/wp-json\/wp\/v2\/pages\/44438\/revisions"}],"up":[{"embeddable":true,"href":"https:\/\/univet.hu\/hu\/wp-json\/wp\/v2\/pages\/44410"}],"wp:attachment":[{"href":"https:\/\/univet.hu\/hu\/wp-json\/wp\/v2\/media?parent=44438"}],"wp:term":[{"taxonomy":"category","embeddable":true,"href":"https:\/\/univet.hu\/hu\/wp-json\/wp\/v2\/categories?post=44438"},{"taxonomy":"post_tag","embeddable":true,"href":"https:\/\/univet.hu\/hu\/wp-json\/wp\/v2\/tags?post=44438"}],"curies":[{"name":"wp","href":"https:\/\/api.w.org\/{rel}","templated":true}]}}