{"id":4444,"date":"2017-03-10T13:08:00","date_gmt":"2017-03-10T12:08:00","guid":{"rendered":"http:\/\/univet.hu\/egyetem\/munkatarsak\/palocz-orsolya\/"},"modified":"2026-02-10T04:02:15","modified_gmt":"2026-02-10T03:02:15","slug":"palocz-orsolya","status":"publish","type":"page","link":"https:\/\/univet.hu\/hu\/egyetem\/munkatarsak\/palocz-orsolya\/","title":{"rendered":"Pal\u00f3cz Orsolya"},"content":{"rendered":"<p style=\"font-family: impact, sans-serif;\" align=\"justify\">Bemutatkoz\u00e1s<\/p> <p align=\"justify\">Tanulm\u00e1nyok:<\/p> <ul style=\"list-style-type: disc;\"> <li>2005-2011 E\u00f6tv\u00f6s Lor\u00e1nd Tudom\u00e1nyegyetem, Term\u00e9szettudom\u00e1nyi Kar, biol\u00f3gus, molekul\u00e1ris biol\u00f3gia szakir\u00e1ny<\/li> <li>2015-2018 \u00c1llatorvostudom\u00e1nyi Egyetem, \u00c1llatorvostudom\u00e1nyi Doktori Iskola<\/li> <\/ul> <p>Tudom\u00e1nyos tev\u00e9kenys\u00e9g:<\/p> <ul> <li>Hungarian Molecular Life Sciences 2017 Conference; Eger, Hungary, 2017<\/li> <li>21st European Synposium on Poultry Nutrition, Salou\/Vila-seca, Spain, 2017<\/li> <li>14th Congress of the European Association for Veterinary Pharmacology and Toxicology in Wroc\u0142aw, Poland, 2018<\/li> <li>Ninth International Conference on Antimicrobial Agents In Veterinary Medicine (AAVM) \u2013 Rome, Italy, 2018<\/li> <li>Hungarian Molecular Life Sciences 2019 Conference; Eger, Hungary, 2019<\/li> <\/ul> <hr align=\"center\" size=\"5\" width=\"60%\" \/> <p><span style=\"font-family: impact, sans-serif;\">El\u0151rehalad\u00e1s<\/span><\/p> <table style=\"height: 129px; width: 814px;\" width=\"811\"> <tbody> <tr style=\"height: 24px;\"> <td style=\"width: 178px; height: 24px; text-align: center;\">2011 &#8211; 2016<\/td> <td style=\"width: 620px; height: 24px; text-align: center;\">biol\u00f3gus<\/td> <\/tr> <tr style=\"height: 24px;\"> <td style=\"width: 178px; height: 24px; text-align: center;\">2016 &#8211;<\/td> <td style=\"width: 620px; height: 24px; text-align: center;\">tudom\u00e1nyos seg\u00e9dmunkat\u00e1rs<\/td> <\/tr> <\/tbody> <\/table> <p>&nbsp;<\/p> <hr align=\"center\" size=\"5\" width=\"60%\" \/> <p><strong>TDK\/Szakdolgozat t\u00e9mavezet\u0151:<\/strong> 16<\/p> <hr align=\"center\" size=\"5\" width=\"60%\" \/> <p><span style=\"font-family: impact, sans-serif;\">Publik\u00e1ci\u00f3s lista (Top10)<\/span><\/p> <p style=\"text-align: center;\">MTMT:\u00a0<a href=\"https:\/\/m2.mtmt.hu\/gui2\/?type=authors&amp;mode=browse&amp;sel=authors10038399\">https:\/\/m2.mtmt.hu\/gui2\/?type=authors&amp;mode=browse&amp;sel=authors10038399<\/a><\/p> <table style=\"height: 302px; width: 1140px;\" width=\"1140\"> <tbody> <tr style=\"height: 86px;\"> <td style=\"width: 36px; height: 86px; text-align: center;\">1.<\/td> <td style=\"width: 1088px; height: 86px;\">E Paszti-Gere, E Csibrik-Nemeth, K Szeker, R Csizinszky, <u>O Palocz<\/u>, O Farkas, P Galfi: <em>Lactobacillus plantarum<\/em> 2142 prevents intestinal oxidative stress in optimized <em>in vitro<\/em> systems, ACTA PHYSIOLOGICA HUNGARICA 100:(1) pp. 90-99. (2013), <a href=\"https:\/\/pubmed.ncbi.nlm.nih.gov\/23471044\/\">https:\/\/pubmed.ncbi.nlm.nih.gov\/23471044\/<\/a><\/td> <\/tr> <tr style=\"height: 54px;\"> <td style=\"width: 36px; height: 54px; text-align: center;\">2.<\/td> <td style=\"width: 1088px; height: 54px;\">E. Paszti-Gere, G Matis, O Farkas, A Kulcsar, <u>O Palocz<\/u>, Gy Csiko, Zs Neogrady, P Galfi: The effects of intestinal LPS exposure on inflammatory responses in a porcine enterohepatic co-culture system, INFLAMMATION 37:(1) pp. 247-260. (2014), <a href=\"https:\/\/link.springer.com\/article\/10.1007\/s10753-013-9735-7\">https:\/\/link.springer.com\/article\/10.1007\/s10753-013-9735-7<\/a><\/td> <\/tr> <tr style=\"height: 54px;\"> <td style=\"width: 36px; height: 54px; text-align: center;\">3.<\/td> <td style=\"width: 1088px; height: 54px;\">O Farkas, G M\u00e1tis, E P\u00e1szti-Gere, <u>O Pal\u00f3cz<\/u>, A Kulcs\u00e1r, J Petrilla, Gy Csik\u00f3, Zs Neogr\u00e1dy, P G\u00e1lfi: Effects of <em>Lactobacillus plantarum<\/em> 2142 and sodium n-butyrate in LPS-triggered inflammation: comparison of IPEC-J2 and primary hepatocyte mono-cultures with a porcine enterohepatic co-culture system, JOURNAL OF ANIMAL SCIENCE 92:(9) pp. 3835-3845. (2014), <a href=\"https:\/\/academic.oup.com\/jas\/article\/92\/9\/3835\/4702250\">https:\/\/academic.oup.com\/jas\/article\/92\/9\/3835\/4702250<\/a><\/td> <\/tr> <tr style=\"height: 54px;\"> <td style=\"width: 36px; height: 54px; text-align: center;\">4.<\/td> <td style=\"width: 1088px; height: 54px;\"><u>Pal\u00f3cz Orsolya<\/u>, Csik\u00f3 Gy\u00f6rgy: Az antibiotikumok t\u00falzott m\u00e9rt\u00e9k\u0171 haszn\u00e1lat\u00e1nak cs\u00f6kkent\u00e9s\u00e9t c\u00e9lz\u00f3 szerek az \u00e1llatteny\u00e9szt\u00e9si \u00e9s klinikai gyakorlatban: Irodalmi \u00e1ttekint\u00e9s: Reduction of the excessive use of antibiotics in animal husbandry and in clinical practice, Literature review, MAGYAR \u00c1LLATORVOSOK LAPJA 136:(3) pp. 177-183. (2014) <a href=\"https:\/\/matarka.hu\/cikk_list.php?fusz=119885\">https:\/\/matarka.hu\/cikk_list.php?fusz=119885<\/a><\/td> <\/tr> <tr style=\"height: 31px;\"> <td style=\"width: 36px; height: 31px; text-align: center;\">5.<\/td> <td style=\"width: 1088px; height: 31px;\"><u>Palocz O<\/u>, Gal J, Clayton P, Dinya Z, Somogyi Z, Juhasz Cs, Csiko Gy: Alternative treatment of serious and mild <em>Pasteurella multocida<\/em> infection in New Zealand White rabbits, BMC VETERINARY RESEARCH 10:(1) p. 276. (2014), <a href=\"https:\/\/doi.org\/10.1186\/s12917-014-0276-6\">https:\/\/doi.org\/10.1186\/s12917-014-0276-6<\/a><\/td> <\/tr> <tr style=\"height: 23px;\"> <td style=\"width: 36px; height: 23px; text-align: center;\">6.<\/td> <td style=\"width: 1088px; height: 23px;\"><u>Pal\u00f3cz Orsolya<\/u>, Farkas Orsolya, Clayton Paul, Csik\u00f3 Gy\u00f6rgy: Changes in cytochrome P450 gene expression and enzyme activity induced by xenobiotics in rabbits in vivo and in vitro, WORLD RABBIT SCIENCE 25:(2) pp. 173-180. (2017), <a href=\"https:\/\/polipapers.upv.es\/index.php\/wrs\/article\/view\/4574\">https:\/\/polipapers.upv.es\/index.php\/wrs\/article\/view\/4574<\/a><\/td> <\/tr> <tr> <td style=\"width: 36px; text-align: center;\">7.<\/td> <td style=\"width: 1088px;\"><u>Pal\u00f3cz Orsolya<\/u>, Benedekn\u00e9 Major Katalin, Csig\u00f3 Brigitta, Csik\u00f3 Gy\u00f6rgy: Az ABCB1\/MDR1 g\u00e9nmut\u00e1ci\u00f3 elterjedts\u00e9ge bizonyos magyarorsz\u00e1gi kutya\u00e1llom\u00e1nyokban\/Prevalence of ABCB1\/MDR1 gene mutation in certain Hungarian canine population, MAGYAR \u00c1LLATORVOSOK LAPJA 140:(8) pp. 495-500. (2018), <a href=\"https:\/\/matarka.hu\/cikk_list.php?fusz=157489\">https:\/\/matarka.hu\/cikk_list.php?fusz=157489<\/a><\/td> <\/tr> <tr> <td style=\"width: 36px; text-align: center;\">8.<\/td> <td style=\"width: 1088px;\"><u>Pal\u00f3cz O<\/u>, Szita G, Csik\u00f3 Gy: Alteration in Inflammatory Responses and Cytochrome P450 Expression of Porcine Jejunal Cells by Drinking Water Supplements, MEDIATORS OF INFLAMMATION 2019: Article ID 5420381, pp. 1-6. (2019), <a href=\"https:\/\/pubmed.ncbi.nlm.nih.gov\/30718974\/\">https:\/\/pubmed.ncbi.nlm.nih.gov\/30718974\/<\/a><\/td> <\/tr> <tr> <td style=\"width: 36px; text-align: center;\">9.<\/td> <td style=\"width: 1088px;\"><u>Pal\u00f3cz O<\/u>, Szita G, Csik\u00f3 Gy: Alteration of avian hepatic cytochrome P450 gene expression and activity by certain feed additives, ACTA VETERINARIA HUNGARICA 67:(3) pp. 418-429 (2019), <a href=\"https:\/\/doi.org\/10.1556\/004.2019.042\">https:\/\/doi.org\/10.1556\/004.2019.042<\/a><\/td> <\/tr> <\/tbody> <\/table> <p>&nbsp;<\/p> <p>(Friss\u00edtve: 2021. augusztus)<\/p>","protected":false},"excerpt":{"rendered":"<p>Bemutatkoz\u00e1s Tanulm\u00e1nyok: 2005-2011 E\u00f6tv\u00f6s Lor\u00e1nd Tudom\u00e1nyegyetem, Term\u00e9szettudom\u00e1nyi Kar, biol\u00f3gus, molekul\u00e1ris biol\u00f3gia szakir\u00e1ny 2015-2018 \u00c1llatorvostudom\u00e1nyi Egyetem, \u00c1llatorvostudom\u00e1nyi Doktori Iskola Tudom\u00e1nyos tev\u00e9kenys\u00e9g: Hungarian Molecular Life Sciences 2017 Conference; Eger, Hungary, 2017 21st European Synposium on Poultry Nutrition, Salou\/Vila-seca, Spain, 2017 14th Congress of the European Association for Veterinary Pharmacology and Toxicology in Wroc\u0142aw, Poland, 2018 Ninth International<\/p>\n","protected":false},"author":5824,"featured_media":0,"parent":858,"menu_order":211,"comment_status":"closed","ping_status":"closed","template":"","meta":{"_acf_changed":false,"footnotes":""},"categories":[56],"tags":[],"class_list":["post-4444","page","type-page","status-publish","hentry","category-munkatarsak"],"acf":[],"_links":{"self":[{"href":"https:\/\/univet.hu\/hu\/wp-json\/wp\/v2\/pages\/4444","targetHints":{"allow":["GET"]}}],"collection":[{"href":"https:\/\/univet.hu\/hu\/wp-json\/wp\/v2\/pages"}],"about":[{"href":"https:\/\/univet.hu\/hu\/wp-json\/wp\/v2\/types\/page"}],"author":[{"embeddable":true,"href":"https:\/\/univet.hu\/hu\/wp-json\/wp\/v2\/users\/5824"}],"replies":[{"embeddable":true,"href":"https:\/\/univet.hu\/hu\/wp-json\/wp\/v2\/comments?post=4444"}],"version-history":[{"count":1,"href":"https:\/\/univet.hu\/hu\/wp-json\/wp\/v2\/pages\/4444\/revisions"}],"predecessor-version":[{"id":199640,"href":"https:\/\/univet.hu\/hu\/wp-json\/wp\/v2\/pages\/4444\/revisions\/199640"}],"up":[{"embeddable":true,"href":"https:\/\/univet.hu\/hu\/wp-json\/wp\/v2\/pages\/858"}],"wp:attachment":[{"href":"https:\/\/univet.hu\/hu\/wp-json\/wp\/v2\/media?parent=4444"}],"wp:term":[{"taxonomy":"category","embeddable":true,"href":"https:\/\/univet.hu\/hu\/wp-json\/wp\/v2\/categories?post=4444"},{"taxonomy":"post_tag","embeddable":true,"href":"https:\/\/univet.hu\/hu\/wp-json\/wp\/v2\/tags?post=4444"}],"curies":[{"name":"wp","href":"https:\/\/api.w.org\/{rel}","templated":true}]}}