{"id":44441,"date":"2019-09-25T11:25:49","date_gmt":"2019-09-25T09:25:49","guid":{"rendered":"https:\/\/univet.hu\/?page_id=44441"},"modified":"2023-09-08T09:16:28","modified_gmt":"2023-09-08T07:16:28","slug":"alumni-adomanyozas","status":"publish","type":"page","link":"https:\/\/univet.hu\/hu\/alumni\/alumni-adomanyozas\/","title":{"rendered":"Alumni adom\u00e1nyoz\u00e1s"},"content":{"rendered":"<h4>\u00a0T\u00f6bb nemes c\u00e9lt is t\u00e1mogathat!<\/h4> <p>Amennyiben adom\u00e1ny felaj\u00e1nl\u00e1s\u00e1val szeretn\u00e9 t\u00e1mogatni az \u00c1llatorvostudom\u00e1nyi Egyetem m\u0171k\u00f6d\u00e9s\u00e9t \u00e9s munk\u00e1j\u00e1t, az al\u00e1bbi kezdem\u00e9nyez\u00e9seinket \u00e9s esem\u00e9nyeinket t\u00e1mogathatja:<\/p> <figure id=\"attachment_45011\" aria-describedby=\"caption-attachment-45011\" style=\"width: 400px\" class=\"wp-caption alignright\"><img loading=\"lazy\" decoding=\"async\" class=\"wp-image-45011\" src=\"https:\/\/univet.hu\/wp-content\/uploads\/2019\/10\/DJI_0855-960x640.jpg\" alt=\"\" width=\"400\" height=\"267\" srcset=\"https:\/\/univet.hu\/wp-content\/uploads\/2019\/10\/DJI_0855-960x640.jpg 960w, https:\/\/univet.hu\/wp-content\/uploads\/2019\/10\/DJI_0855-320x213.jpg 320w, https:\/\/univet.hu\/wp-content\/uploads\/2019\/10\/DJI_0855-768x512.jpg 768w\" sizes=\"auto, (max-width: 400px) 100vw, 400px\" \/><figcaption id=\"caption-attachment-45011\" class=\"wp-caption-text\">Szoborpark &#8211; \u0150shonos magyar kutyafajt\u00e1k<\/figcaption><\/figure> <ul style=\"list-style-type: disc;\"> <li>Tehets\u00e9ggondoz\u00e1s<\/li> <li>Tudom\u00e1nyos Di\u00e1kk\u00f6r m\u0171k\u00f6d\u00e9se<\/li> <li>Anyagilag r\u00e1szorul\u00f3 di\u00e1kok t\u00e1mogat\u00e1sa<\/li> <li>Az egyetem szoborparkj\u00e1nak fejleszt\u00e9se<\/li> <li>M\u0171eml\u00e9kv\u00e9delem alatt \u00e1ll\u00f3 ker\u00edt\u00e9s\u00fcnk fel\u00faj\u00edt\u00e1sa<\/li> <li>V\u00e9gz\u0151s di\u00e1kjaink bankettje<\/li> <li>Els\u0151s di\u00e1kok G\u00f3lyab\u00e1lja<\/li> <li>K\u00f6z\u00e9piskol\u00e1s di\u00e1kok r\u00e9sz\u00e9re szervezett ny\u00e1ri iskola<\/li> <li>\u00c1ll\u00e1sb\u00f6rze<\/li> <\/ul> <p>&nbsp;<\/p> <p><strong>Alap\u00edtv\u00e1nyunk neve:<\/strong> EQUUSVET Hallgat\u00f3i Kultur\u00e1lis \u00e9s Szoci\u00e1lis Alap\u00edtv\u00e1ny<\/p> <p><strong>Banksz\u00e1mlasz\u00e1ma:\u00a0<\/strong>OTP Bank 11707024-20437925<\/p> <p><strong>Ad\u00f3sz\u00e1ma:<\/strong> 181787742-1-42<\/p> <p><strong>Utal\u00e1s k\u00f6zlem\u00e9nye:<\/strong> az \u00d6n \u00e1ltal t\u00e1mogatni k\u00edv\u00e1nt c\u00e9lunk megnevez\u00e9se.<\/p> <p>&nbsp;<\/p> <p><strong>Felaj\u00e1nl\u00e1s\u00e1t nagyra \u00e9rt\u00e9kelj\u00fck \u00e9s el\u0151re is nagyon k\u00f6sz\u00f6nj\u00fck!<\/strong><\/p>","protected":false},"excerpt":{"rendered":"<p>\u00a0T\u00f6bb nemes c\u00e9lt is t\u00e1mogathat! Amennyiben adom\u00e1ny felaj\u00e1nl\u00e1s\u00e1val szeretn\u00e9 t\u00e1mogatni az \u00c1llatorvostudom\u00e1nyi Egyetem m\u0171k\u00f6d\u00e9s\u00e9t \u00e9s munk\u00e1j\u00e1t, az al\u00e1bbi kezdem\u00e9nyez\u00e9seinket \u00e9s esem\u00e9nyeinket t\u00e1mogathatja: Tehets\u00e9ggondoz\u00e1s Tudom\u00e1nyos Di\u00e1kk\u00f6r m\u0171k\u00f6d\u00e9se Anyagilag r\u00e1szorul\u00f3 di\u00e1kok t\u00e1mogat\u00e1sa Az egyetem szoborparkj\u00e1nak fejleszt\u00e9se M\u0171eml\u00e9kv\u00e9delem alatt \u00e1ll\u00f3 ker\u00edt\u00e9s\u00fcnk fel\u00faj\u00edt\u00e1sa V\u00e9gz\u0151s di\u00e1kjaink bankettje Els\u0151s di\u00e1kok G\u00f3lyab\u00e1lja K\u00f6z\u00e9piskol\u00e1s di\u00e1kok r\u00e9sz\u00e9re szervezett ny\u00e1ri iskola \u00c1ll\u00e1sb\u00f6rze &nbsp; Alap\u00edtv\u00e1nyunk neve:<\/p>\n","protected":false},"author":7,"featured_media":0,"parent":44410,"menu_order":0,"comment_status":"closed","ping_status":"closed","template":"","meta":{"_acf_changed":false,"footnotes":""},"categories":[],"tags":[],"class_list":["post-44441","page","type-page","status-publish","hentry"],"acf":[],"_links":{"self":[{"href":"https:\/\/univet.hu\/hu\/wp-json\/wp\/v2\/pages\/44441","targetHints":{"allow":["GET"]}}],"collection":[{"href":"https:\/\/univet.hu\/hu\/wp-json\/wp\/v2\/pages"}],"about":[{"href":"https:\/\/univet.hu\/hu\/wp-json\/wp\/v2\/types\/page"}],"author":[{"embeddable":true,"href":"https:\/\/univet.hu\/hu\/wp-json\/wp\/v2\/users\/7"}],"replies":[{"embeddable":true,"href":"https:\/\/univet.hu\/hu\/wp-json\/wp\/v2\/comments?post=44441"}],"version-history":[{"count":0,"href":"https:\/\/univet.hu\/hu\/wp-json\/wp\/v2\/pages\/44441\/revisions"}],"up":[{"embeddable":true,"href":"https:\/\/univet.hu\/hu\/wp-json\/wp\/v2\/pages\/44410"}],"wp:attachment":[{"href":"https:\/\/univet.hu\/hu\/wp-json\/wp\/v2\/media?parent=44441"}],"wp:term":[{"taxonomy":"category","embeddable":true,"href":"https:\/\/univet.hu\/hu\/wp-json\/wp\/v2\/categories?post=44441"},{"taxonomy":"post_tag","embeddable":true,"href":"https:\/\/univet.hu\/hu\/wp-json\/wp\/v2\/tags?post=44441"}],"curies":[{"name":"wp","href":"https:\/\/api.w.org\/{rel}","templated":true}]}}