{"id":44449,"date":"2019-09-25T11:56:18","date_gmt":"2019-09-25T09:56:18","guid":{"rendered":"https:\/\/univet.hu\/?page_id=44449"},"modified":"2020-04-22T15:42:26","modified_gmt":"2020-04-22T13:42:26","slug":"alumni-hirlevel","status":"publish","type":"page","link":"https:\/\/univet.hu\/hu\/alumni\/alumni-hirlevel\/","title":{"rendered":"Alumni h\u00edrlev\u00e9l"},"content":{"rendered":"<h3>Kedves Alumni Tagunk!<\/h3> <p>Az al\u00e1bbiakban olvashatja az \u00c1llatorvostudom\u00e1nyi Egyetem Alumni H\u00edrleveleit:<\/p> <p><a href=\"https:\/\/univet.hu\/hu\/newsletters\/univet-budapest-alumni-hirlevel-7\/\" target=\"_blank\" rel=\"noopener\">Alumni H\u00edrlev\u00e9l 2020. m\u00e1rcius<\/a><\/p> <p><a href=\"https:\/\/univet.hu\/hu\/newsletters\/univet-budapest-alumni-hirlevel-8\/\" target=\"_blank\" rel=\"noopener\">Alumni H\u00edrlev\u00e9l 2020. febru\u00e1r<\/a><\/p> <p><a href=\"https:\/\/univet.hu\/hu\/newsletters\/alumni-hirlevel-allasborze-2\/\" target=\"_blank\" rel=\"noopener\">Alumni H\u00edrlev\u00e9l &#8211; \u00c1ll\u00e1sb\u00f6rze 2020<\/a><\/p> <p><a href=\"https:\/\/univet.hu\/hu\/newsletters\/alumni-hirlevel-allasborze\/\" target=\"_blank\" rel=\"noopener\">Alumni H\u00edrlev\u00e9l 2020. janu\u00e1r<\/a><\/p> <p><a href=\"https:\/\/univet.hu\/hu\/newsletters\/univet-budapest-alumni-hirlevel-6\/\" target=\"_blank\" rel=\"noopener\">Alumni H\u00edrlev\u00e9l 2019. december<\/a><\/p> <p><a href=\"https:\/\/univet.hu\/hu\/newsletters\/univet-budapest-alumni-hirlevel-5\/\" target=\"_blank\" rel=\"noopener\">Alumni H\u00edrlev\u00e9l 2019. november<\/a><\/p> <p><a href=\"https:\/\/univet.hu\/hu\/newsletters\/univet-budapest-alumni-hirlevel-4\/\" target=\"_blank\" rel=\"noopener\">Alumni H\u00edrlev\u00e9l 2019. okt\u00f3ber<\/a><\/p> <p><a href=\"https:\/\/univet.hu\/hu\/newsletters\/univet-budapest-alumni-hirlevel-3\/\" target=\"_blank\" rel=\"noopener\">Alumni H\u00edrlev\u00e9l 2019. augusztus<\/a><\/p> <p><a href=\"https:\/\/univet.hu\/hu\/newsletters\/univet-budapest-alumni-hirlevel-2\/\" target=\"_blank\" rel=\"noopener\">Alumni H\u00edrlev\u00e9l 2019. j\u00fanius<\/a><\/p> <p><a href=\"https:\/\/univet.hu\/hu\/newsletters\/univet-budapest-alumni-hirlevel\/\" target=\"_blank\" rel=\"noopener\">Alumni H\u00edrlev\u00e9l 2019. m\u00e1jus<\/a><\/p> <p><a href=\"https:\/\/univet.hu\/hu\/newsletters\/univet-budapest-alumni-hirlevel-marcius\/\" target=\"_blank\" rel=\"noopener\">Alumni H\u00edrlev\u00e9l 2019. m\u00e1rcius<\/a><\/p> <p><a href=\"https:\/\/univet.hu\/hu\/newsletters\/univet-budapest-alumni-hirlevel-februar\/\" target=\"_blank\" rel=\"noopener\">Alumni H\u00edrlev\u00e9l 2019. febru\u00e1r<\/a><\/p> <p><a href=\"https:\/\/univet.hu\/hu\/newsletters\/alumni-hirlevel-december-2018\/\" target=\"_blank\" rel=\"noopener\">Alumni H\u00edrlev\u00e9l 2018. december<\/a><\/p> <p>&nbsp;<\/p> <p>&nbsp;<\/p> <p>Amennyiben nem kap t\u0151l\u00fcnk h\u00edrlevelet, k\u00e9rj\u00fck, csatlakozzon az Alumni Online K\u00f6z\u00f6ss\u00e9ghez, \u00e9s\u00a0<a href=\"https:\/\/univet.hu\/hu\/alumniminta\/alumni-tagok\/alumni-regisztracio\/\" target=\"_blank\" rel=\"noopener\">itt<\/a> regisztr\u00e1ljon.<\/p>","protected":false},"excerpt":{"rendered":"<p>Kedves Alumni Tagunk! Az al\u00e1bbiakban olvashatja az \u00c1llatorvostudom\u00e1nyi Egyetem Alumni H\u00edrleveleit: Alumni H\u00edrlev\u00e9l 2020. m\u00e1rcius Alumni H\u00edrlev\u00e9l 2020. febru\u00e1r Alumni H\u00edrlev\u00e9l &#8211; \u00c1ll\u00e1sb\u00f6rze 2020 Alumni H\u00edrlev\u00e9l 2020. janu\u00e1r Alumni H\u00edrlev\u00e9l 2019. december Alumni H\u00edrlev\u00e9l 2019. november Alumni H\u00edrlev\u00e9l 2019. okt\u00f3ber Alumni H\u00edrlev\u00e9l 2019. augusztus Alumni H\u00edrlev\u00e9l 2019. j\u00fanius Alumni H\u00edrlev\u00e9l 2019. m\u00e1jus Alumni H\u00edrlev\u00e9l 2019.<\/p>\n","protected":false},"author":7,"featured_media":0,"parent":44410,"menu_order":0,"comment_status":"closed","ping_status":"closed","template":"","meta":{"_acf_changed":false,"footnotes":""},"categories":[],"tags":[],"class_list":["post-44449","page","type-page","status-publish","hentry"],"acf":[],"_links":{"self":[{"href":"https:\/\/univet.hu\/hu\/wp-json\/wp\/v2\/pages\/44449","targetHints":{"allow":["GET"]}}],"collection":[{"href":"https:\/\/univet.hu\/hu\/wp-json\/wp\/v2\/pages"}],"about":[{"href":"https:\/\/univet.hu\/hu\/wp-json\/wp\/v2\/types\/page"}],"author":[{"embeddable":true,"href":"https:\/\/univet.hu\/hu\/wp-json\/wp\/v2\/users\/7"}],"replies":[{"embeddable":true,"href":"https:\/\/univet.hu\/hu\/wp-json\/wp\/v2\/comments?post=44449"}],"version-history":[{"count":0,"href":"https:\/\/univet.hu\/hu\/wp-json\/wp\/v2\/pages\/44449\/revisions"}],"up":[{"embeddable":true,"href":"https:\/\/univet.hu\/hu\/wp-json\/wp\/v2\/pages\/44410"}],"wp:attachment":[{"href":"https:\/\/univet.hu\/hu\/wp-json\/wp\/v2\/media?parent=44449"}],"wp:term":[{"taxonomy":"category","embeddable":true,"href":"https:\/\/univet.hu\/hu\/wp-json\/wp\/v2\/categories?post=44449"},{"taxonomy":"post_tag","embeddable":true,"href":"https:\/\/univet.hu\/hu\/wp-json\/wp\/v2\/tags?post=44449"}],"curies":[{"name":"wp","href":"https:\/\/api.w.org\/{rel}","templated":true}]}}