{"id":44453,"date":"2019-09-25T12:04:53","date_gmt":"2019-09-25T10:04:53","guid":{"rendered":"https:\/\/univet.hu\/?page_id=44453"},"modified":"2023-09-08T09:23:46","modified_gmt":"2023-09-08T07:23:46","slug":"alumni-iroda-elerhetosegei","status":"publish","type":"page","link":"https:\/\/univet.hu\/hu\/alumni\/alumni-iroda-elerhetosegei\/","title":{"rendered":"Alumni Iroda el\u00e9rhet\u0151s\u00e9gei"},"content":{"rendered":"<p>\u00c1llatorvostudom\u00e1nyi Egyetem Alumni Iroda el\u00e9rhet\u0151s\u00e9ge:<br \/> E-mail: <a class=\"decrypt\" rel=\"sfoef{wfozAvojwfu\/iv\" href=\"javascript:void(0);\">[Kattintson az emailc\u00edmhez]<\/a><\/p> <p>C\u00edm:\u00a0<a href=\"https:\/\/maps.google.com\/?q=1078+Budapest,+Istv%C3%A1n+u.+2&amp;entry=gmail&amp;source=g\" target=\"_blank\" rel=\"noopener\">1078 Budapest, Istv\u00e1n u. 2<\/a>.<\/p> <p><strong>Facebook<\/strong>: <a href=\"https:\/\/www.facebook.com\/UnivetHU\/?eid=ARAORSzHh_eOxwWcfE_LIeCfWZ-VluSySJdpnO9i_JeVE2cTrir0y9EpxyXU9BGZ0KvmCL3T7HJQjXe3\" target=\"_blank\" rel=\"noopener\">UnivetHU<\/a><br \/> <strong>Instagram<\/strong>:\u00a0<a href=\"https:\/\/www.instagram.com\/univet_budapest\/?hl=hu\" target=\"_blank\" rel=\"noopener\">univet_budapest<\/a><br \/> <strong>YouTube<\/strong>: <a href=\"https:\/\/www.youtube.com\/channel\/UCbGhdRnk0kCIVJKjOr6p5lQ\" target=\"_blank\" rel=\"noopener\">UNIVET BUDAPEST<\/a><\/p>","protected":false},"excerpt":{"rendered":"<p>\u00c1llatorvostudom\u00e1nyi Egyetem Alumni Iroda el\u00e9rhet\u0151s\u00e9ge: E-mail: [Kattintson az emailc\u00edmhez] C\u00edm:\u00a01078 Budapest, Istv\u00e1n u. 2. Facebook: UnivetHU Instagram:\u00a0univet_budapest YouTube: UNIVET BUDAPEST<\/p>\n","protected":false},"author":7,"featured_media":0,"parent":44410,"menu_order":0,"comment_status":"closed","ping_status":"closed","template":"","meta":{"_acf_changed":false,"footnotes":""},"categories":[],"tags":[],"class_list":["post-44453","page","type-page","status-publish","hentry"],"acf":[],"_links":{"self":[{"href":"https:\/\/univet.hu\/hu\/wp-json\/wp\/v2\/pages\/44453","targetHints":{"allow":["GET"]}}],"collection":[{"href":"https:\/\/univet.hu\/hu\/wp-json\/wp\/v2\/pages"}],"about":[{"href":"https:\/\/univet.hu\/hu\/wp-json\/wp\/v2\/types\/page"}],"author":[{"embeddable":true,"href":"https:\/\/univet.hu\/hu\/wp-json\/wp\/v2\/users\/7"}],"replies":[{"embeddable":true,"href":"https:\/\/univet.hu\/hu\/wp-json\/wp\/v2\/comments?post=44453"}],"version-history":[{"count":0,"href":"https:\/\/univet.hu\/hu\/wp-json\/wp\/v2\/pages\/44453\/revisions"}],"up":[{"embeddable":true,"href":"https:\/\/univet.hu\/hu\/wp-json\/wp\/v2\/pages\/44410"}],"wp:attachment":[{"href":"https:\/\/univet.hu\/hu\/wp-json\/wp\/v2\/media?parent=44453"}],"wp:term":[{"taxonomy":"category","embeddable":true,"href":"https:\/\/univet.hu\/hu\/wp-json\/wp\/v2\/categories?post=44453"},{"taxonomy":"post_tag","embeddable":true,"href":"https:\/\/univet.hu\/hu\/wp-json\/wp\/v2\/tags?post=44453"}],"curies":[{"name":"wp","href":"https:\/\/api.w.org\/{rel}","templated":true}]}}