{"id":44457,"date":"2019-09-25T12:09:11","date_gmt":"2019-09-25T10:09:11","guid":{"rendered":"https:\/\/univet.hu\/?page_id=44457"},"modified":"2023-09-08T09:30:26","modified_gmt":"2023-09-08T07:30:26","slug":"szakmai-es-kozossegi-forumok","status":"publish","type":"page","link":"https:\/\/univet.hu\/hu\/alumni\/szakmai-es-kozossegi-forumok\/","title":{"rendered":"Alumni szakmai \u00e9s k\u00f6z\u00f6ss\u00e9gi f\u00f3rumok"},"content":{"rendered":"<p><a href=\"https:\/\/univet.hu\/wp-content\/uploads\/2019\/10\/FLO-k\u00e9mia-di\u00e1k-\u00e9s-oktat\u00f3.jpg\"><img loading=\"lazy\" decoding=\"async\" class=\"wp-image-45573 size-thumbnail alignright\" src=\"https:\/\/univet.hu\/wp-content\/uploads\/2019\/10\/FLO-k\u00e9mia-di\u00e1k-\u00e9s-oktat\u00f3-320x320.jpg\" alt=\"\" width=\"320\" height=\"320\" \/><\/a>Hamarosan elind\u00edtjuk az <strong>\u00c1TE Alumni F\u00f3rumokat<\/strong>, melyek lehet\u0151s\u00e9get k\u00edn\u00e1lnak szakmai k\u00e9rd\u00e9sek egyeztet\u00e9s\u00e9re, valamint szem\u00e9lyes, egykori di\u00e1k\u00e9vekkel kapcsolatos t\u00f6rt\u00e9netek, anekdot\u00e1k megoszt\u00e1s\u00e1ra.<\/p> <p>A F\u00f3rumok tartalm\u00e1t csak regisztr\u00e1lt Alumni tagok tudj\u00e1k majd olvasni, ez\u00e9rt k\u00e9rj\u00fck, regisztr\u00e1ljon\u00a0<strong><a href=\"https:\/\/indico.univet.hu\/e\/AlumniRegisztracio\" target=\"_blank\" rel=\"noopener\">itt.<\/a><\/strong><\/p> <p>&nbsp;<\/p> <p>&nbsp;<\/p>","protected":false},"excerpt":{"rendered":"<p>Hamarosan elind\u00edtjuk az \u00c1TE Alumni F\u00f3rumokat, melyek lehet\u0151s\u00e9get k\u00edn\u00e1lnak szakmai k\u00e9rd\u00e9sek egyeztet\u00e9s\u00e9re, valamint szem\u00e9lyes, egykori di\u00e1k\u00e9vekkel kapcsolatos t\u00f6rt\u00e9netek, anekdot\u00e1k megoszt\u00e1s\u00e1ra. A F\u00f3rumok tartalm\u00e1t csak regisztr\u00e1lt Alumni tagok tudj\u00e1k majd olvasni, ez\u00e9rt k\u00e9rj\u00fck, regisztr\u00e1ljon\u00a0itt. &nbsp; &nbsp;<\/p>\n","protected":false},"author":7,"featured_media":0,"parent":44410,"menu_order":0,"comment_status":"closed","ping_status":"closed","template":"","meta":{"_acf_changed":false,"footnotes":""},"categories":[],"tags":[],"class_list":["post-44457","page","type-page","status-publish","hentry"],"acf":[],"_links":{"self":[{"href":"https:\/\/univet.hu\/hu\/wp-json\/wp\/v2\/pages\/44457","targetHints":{"allow":["GET"]}}],"collection":[{"href":"https:\/\/univet.hu\/hu\/wp-json\/wp\/v2\/pages"}],"about":[{"href":"https:\/\/univet.hu\/hu\/wp-json\/wp\/v2\/types\/page"}],"author":[{"embeddable":true,"href":"https:\/\/univet.hu\/hu\/wp-json\/wp\/v2\/users\/7"}],"replies":[{"embeddable":true,"href":"https:\/\/univet.hu\/hu\/wp-json\/wp\/v2\/comments?post=44457"}],"version-history":[{"count":0,"href":"https:\/\/univet.hu\/hu\/wp-json\/wp\/v2\/pages\/44457\/revisions"}],"up":[{"embeddable":true,"href":"https:\/\/univet.hu\/hu\/wp-json\/wp\/v2\/pages\/44410"}],"wp:attachment":[{"href":"https:\/\/univet.hu\/hu\/wp-json\/wp\/v2\/media?parent=44457"}],"wp:term":[{"taxonomy":"category","embeddable":true,"href":"https:\/\/univet.hu\/hu\/wp-json\/wp\/v2\/categories?post=44457"},{"taxonomy":"post_tag","embeddable":true,"href":"https:\/\/univet.hu\/hu\/wp-json\/wp\/v2\/tags?post=44457"}],"curies":[{"name":"wp","href":"https:\/\/api.w.org\/{rel}","templated":true}]}}