{"id":44464,"date":"2019-09-25T12:22:46","date_gmt":"2019-09-25T10:22:46","guid":{"rendered":"https:\/\/univet.hu\/?page_id=44464"},"modified":"2019-11-23T11:23:26","modified_gmt":"2019-11-23T10:23:26","slug":"akikre-buszkek-vagyunk","status":"publish","type":"page","link":"https:\/\/univet.hu\/hu\/alumni\/akikre-buszkek-vagyunk\/","title":{"rendered":"Akikre b\u00fcszk\u00e9k vagyunk"},"content":{"rendered":"<p><strong>B\u00fcszk\u00e9k vagyunk az \u00c1llatorvostudom\u00e1nyi Egyetemen, illetve annak jogel\u0151dj\u00e9n v\u00e9gzett egykori hallgat\u00f3inkra!<\/strong><\/p> <p>Az \u00c1llatorvostudom\u00e1nyi Egyetem egykori di\u00e1kjainak f\u00e1radhatatlan \u00e9s kiemelked\u0151 munk\u00e1j\u00e1nak k\u00f6sz\u00f6nhet\u0151en, nemzetk\u00f6zi szinten is elismert a magyar k\u00e9pz\u00e9s\u00fcnk \u00e9s az \u00e1llatorvosi szakma.<\/p> <p><a href=\"https:\/\/univet.hu\/wp-content\/uploads\/2019\/11\/thumbnail.jpg\"><img loading=\"lazy\" decoding=\"async\" class=\"aligncenter wp-image-45984 size-full\" src=\"https:\/\/univet.hu\/wp-content\/uploads\/2019\/11\/thumbnail.jpg\" alt=\"\" width=\"1339\" height=\"892\" srcset=\"https:\/\/univet.hu\/wp-content\/uploads\/2019\/11\/thumbnail.jpg 1339w, https:\/\/univet.hu\/wp-content\/uploads\/2019\/11\/thumbnail-320x213.jpg 320w, https:\/\/univet.hu\/wp-content\/uploads\/2019\/11\/thumbnail-768x512.jpg 768w, https:\/\/univet.hu\/wp-content\/uploads\/2019\/11\/thumbnail-960x640.jpg 960w\" sizes=\"auto, (max-width: 1339px) 100vw, 1339px\" \/><\/a><\/p> <p>&nbsp;<\/p>","protected":false},"excerpt":{"rendered":"<p>B\u00fcszk\u00e9k vagyunk az \u00c1llatorvostudom\u00e1nyi Egyetemen, illetve annak jogel\u0151dj\u00e9n v\u00e9gzett egykori hallgat\u00f3inkra! Az \u00c1llatorvostudom\u00e1nyi Egyetem egykori di\u00e1kjainak f\u00e1radhatatlan \u00e9s kiemelked\u0151 munk\u00e1j\u00e1nak k\u00f6sz\u00f6nhet\u0151en, nemzetk\u00f6zi szinten is elismert a magyar k\u00e9pz\u00e9s\u00fcnk \u00e9s az \u00e1llatorvosi szakma. &nbsp;<\/p>\n","protected":false},"author":7,"featured_media":0,"parent":44410,"menu_order":0,"comment_status":"closed","ping_status":"closed","template":"","meta":{"_acf_changed":false,"footnotes":""},"categories":[],"tags":[],"class_list":["post-44464","page","type-page","status-publish","hentry"],"acf":[],"_links":{"self":[{"href":"https:\/\/univet.hu\/hu\/wp-json\/wp\/v2\/pages\/44464","targetHints":{"allow":["GET"]}}],"collection":[{"href":"https:\/\/univet.hu\/hu\/wp-json\/wp\/v2\/pages"}],"about":[{"href":"https:\/\/univet.hu\/hu\/wp-json\/wp\/v2\/types\/page"}],"author":[{"embeddable":true,"href":"https:\/\/univet.hu\/hu\/wp-json\/wp\/v2\/users\/7"}],"replies":[{"embeddable":true,"href":"https:\/\/univet.hu\/hu\/wp-json\/wp\/v2\/comments?post=44464"}],"version-history":[{"count":0,"href":"https:\/\/univet.hu\/hu\/wp-json\/wp\/v2\/pages\/44464\/revisions"}],"up":[{"embeddable":true,"href":"https:\/\/univet.hu\/hu\/wp-json\/wp\/v2\/pages\/44410"}],"wp:attachment":[{"href":"https:\/\/univet.hu\/hu\/wp-json\/wp\/v2\/media?parent=44464"}],"wp:term":[{"taxonomy":"category","embeddable":true,"href":"https:\/\/univet.hu\/hu\/wp-json\/wp\/v2\/categories?post=44464"},{"taxonomy":"post_tag","embeddable":true,"href":"https:\/\/univet.hu\/hu\/wp-json\/wp\/v2\/tags?post=44464"}],"curies":[{"name":"wp","href":"https:\/\/api.w.org\/{rel}","templated":true}]}}