{"id":44501,"date":"2019-09-25T15:51:33","date_gmt":"2019-09-25T13:51:33","guid":{"rendered":"https:\/\/univet.hu\/?page_id=44501"},"modified":"2019-11-23T11:30:47","modified_gmt":"2019-11-23T10:30:47","slug":"nagyjaink-es-elodeink","status":"publish","type":"page","link":"https:\/\/univet.hu\/hu\/alumni\/akikre-buszkek-vagyunk\/nagyjaink-es-elodeink\/","title":{"rendered":"Nagyjaink \u00e9s el\u0151deink"},"content":{"rendered":"<p><strong>Szeretn\u00e9nk k\u00fcl\u00f6n tisztelegni nagyjaink \u00e9s el\u0151deink munk\u00e1ss\u00e1ga el\u0151tt, akik megalapozt\u00e1k a mai magyar \u00e1llatorvosl\u00e1s fejl\u0151d\u00e9s\u00e9t \u00e9s siker\u00e9t.\u00a0<\/strong><\/p> <table style=\"width: 846px; height: 295px;\"> <tbody> <tr style=\"height: 23px;\"> <td style=\"width: 271.2px; height: 23px;\"><a href=\"https:\/\/univet.hu\/hu\/aujeszky-aladar-1869-1933\/\" target=\"_blank\" rel=\"noopener\">Aujeszky Alad\u00e1r (1869 \u2013 1933)<\/a><\/td> <td style=\"width: 270.4px; height: 23px;\"><a href=\"https:\/\/univet.hu\/hu\/kovacs-ferenc-1921-2015\/\" target=\"_blank\" rel=\"noopener\">Kov\u00e1cs Ferenc (1921 &#8211; 2015)<\/a><\/td> <td style=\"width: 284px; height: 23px;\"><a href=\"https:\/\/univet.hu\/hu\/ratz-istvan\/\" target=\"_blank\" rel=\"noopener\">R\u00e1tz Istv\u00e1n (1860 &#8211; 1917)<\/a><\/td> <\/tr> <tr style=\"height: 23px;\"> <td style=\"width: 271.2px; height: 23px;\"><a href=\"https:\/\/univet.hu\/hu\/azary-akos-1850-1888\/\" target=\"_blank\" rel=\"noopener\">Azary \u00c1kos (1850 \u2013 1888)<\/a><\/td> <td style=\"width: 270.4px; height: 23px;\"><a href=\"https:\/\/univet.hu\/hu\/kovacs-jeno-1910-1990\/\" target=\"_blank\" rel=\"noopener\">Kov\u00e1cs Jen\u0151 (1910-1990)<\/a><\/td> <td style=\"width: 284px; height: 23px;\"><a href=\"https:\/\/univet.hu\/hu\/salyi-gyula-1903-1982\/\" target=\"_blank\" rel=\"noopener\">S\u00e1lyi Gyula (1903-1982)<\/a><\/td> <\/tr> <tr style=\"height: 23px;\"> <td style=\"width: 271.2px; height: 23px;\"><a href=\"https:\/\/univet.hu\/hu\/bugarszky-istvan-1868-1941\/\" target=\"_blank\" rel=\"noopener\">Bugarszky Istv\u00e1n (1868-1941)<\/a><\/td> <td style=\"width: 270.4px; height: 23px;\"><a href=\"https:\/\/univet.hu\/hu\/magyary-kossa-gyula-1865-1944\/\" target=\"_blank\" rel=\"noopener\">Magyary-Kossa Gyula (1865-1944)<\/a><\/td> <td style=\"width: 284px; height: 23px;\"><a href=\"https:\/\/univet.hu\/hu\/thanhoffer-lajos\/\" target=\"_blank\" rel=\"noopener\">Thanhoffer Lajos (1843 &#8211; 1909)<\/a><\/td> <\/tr> <tr style=\"height: 23px;\"> <td style=\"width: 271.2px; height: 23px;\"><a href=\"https:\/\/univet.hu\/hu\/groh-gyula\/\" target=\"_blank\" rel=\"noopener\">Gr\u00f3h Gyula (1886 &#8211; 1952)<\/a><\/td> <td style=\"width: 270.4px; height: 23px;\"><a href=\"https:\/\/univet.hu\/hu\/manninger-rezso-1890-1970\/\" target=\"_blank\" rel=\"noopener\">Manninger Rezs\u0151 (1890-1970)<\/a><\/td> <td style=\"width: 284px; height: 23px;\"><a href=\"https:\/\/univet.hu\/hu\/tolnay-sandor-1748-1818\/\" target=\"_blank\" rel=\"noopener\">Tolnay S\u00e1ndor (1748-1818)<\/a><\/td> <\/tr> <tr style=\"height: 23px;\"> <td style=\"width: 271.2px; height: 23px;\"><a href=\"https:\/\/univet.hu\/hu\/horn-artur\/\" target=\"_blank\" rel=\"noopener\">Horn Art\u00far (1911 &#8211; 2013)<\/a><\/td> <td style=\"width: 270.4px; height: 23px;\"><a href=\"https:\/\/univet.hu\/hu\/marek-jozsef-1868-1952\/\" target=\"_blank\" rel=\"noopener\">Marek J\u00f3zsef (1868-1952)<\/a><\/td> <td style=\"width: 284px; height: 23px;\"><a href=\"https:\/\/univet.hu\/hu\/tormay-bela-1839-1906\/\" target=\"_blank\" rel=\"noopener\">Tormay B\u00e9la (1839 \u2013 1906)<\/a><\/td> <\/tr> <tr style=\"height: 23px;\"> <td style=\"width: 271.2px; height: 23px;\"><a href=\"https:\/\/univet.hu\/hu\/hutyra-ferenc-1860-1934\/\" target=\"_blank\" rel=\"noopener\">Hutyra Ferenc (1860 \u2013 1934)<\/a><\/td> <td style=\"width: 270.4px; height: 23px;\"><a href=\"https:\/\/univet.hu\/hu\/mocsy-janos-1895-1976\/\" target=\"_blank\" rel=\"noopener\">M\u00f3csy J\u00e1nos (1895-1976)<\/a><\/td> <td style=\"width: 284px; height: 23px;\"><a href=\"https:\/\/univet.hu\/hu\/wellmann-oszkar-1876-1943\/\" target=\"_blank\" rel=\"noopener\">Wellmann Oszk\u00e1r (1876-1943)<\/a><\/td> <\/tr> <tr style=\"height: 47px;\"> <td style=\"width: 271.2px; height: 47px;\"><a href=\"https:\/\/univet.hu\/hu\/jarmai-karoly-1887-1941\/\" target=\"_blank\" rel=\"noopener\">J\u00e1rmai K\u00e1roly (1887 \u2013 1941)<\/a><\/td> <td style=\"width: 270.4px; height: 47px;\"><a href=\"https:\/\/univet.hu\/hu\/nadaskay-bela-1848-1933\/\" target=\"_blank\" rel=\"noopener\">N\u00e1daskay B\u00e9la (1848-1933)<\/a><\/td> <td style=\"width: 284px; height: 47px;\"><a href=\"https:\/\/univet.hu\/hu\/zimmermann-agoston-1875-1963\/\" target=\"_blank\" rel=\"noopener\">Zimmermann \u00c1goston (1875-1963)<\/a><\/td> <\/tr> <tr style=\"height: 23px;\"> <td style=\"width: 271.2px; height: 23px;\"><a href=\"https:\/\/univet.hu\/hu\/kotlan-sandor-1887-1967\/\" target=\"_blank\" rel=\"noopener\">Kotl\u00e1n S\u00e1ndor (1887 \u2013 1967)<\/a><\/td> <td style=\"width: 270.4px; height: 23px;\"><a href=\"https:\/\/univet.hu\/hu\/plosz-bela-1863-1945\/\" target=\"_blank\" rel=\"noopener\">Pl\u00f3sz B\u00e9la (1863 &#8211; 1945)<\/a><\/td> <td style=\"width: 284px; height: 23px;\"><a href=\"https:\/\/univet.hu\/hu\/zlamal-vilmos-1803-1886\/\" target=\"_blank\" rel=\"noopener\">Zlam\u00e1l Vilmos (1803-1886)<\/a><\/td> <\/tr> <\/tbody> <\/table> <h4><\/h4> <h4><strong>L\u00e1togasson el az \u00c1llatorvostudom\u00e1nyi Egyetem campus\u00e1ra \u00e9s tegyen egy virtu\u00e1lis s\u00e9t\u00e1t a nagyjaink szobrai k\u00f6z\u00f6tt!<\/strong><\/h4> <p><a href=\"https:\/\/univet.hu\/virttour\/hu\/\" target=\"_blank\" rel=\"noopener\"><img decoding=\"async\" class=\"aligncenter\" style=\"height: 345px; width: 700px;\" src=\"https:\/\/univet.hu\/files\/news\/152\/images\/VirT_Hun.jpg\" alt=\"\" data-replaced=\"true\" \/><\/a><\/p> <p style=\"text-align: center;\"><em>A virtu\u00e1lis t\u00fara a fenti k\u00e9pre kattintva ind\u00edthat\u00f3 el.<\/em><\/p>","protected":false},"excerpt":{"rendered":"<p>Szeretn\u00e9nk k\u00fcl\u00f6n tisztelegni nagyjaink \u00e9s el\u0151deink munk\u00e1ss\u00e1ga el\u0151tt, akik megalapozt\u00e1k a mai magyar \u00e1llatorvosl\u00e1s fejl\u0151d\u00e9s\u00e9t \u00e9s siker\u00e9t.\u00a0 Aujeszky Alad\u00e1r (1869 \u2013 1933) Kov\u00e1cs Ferenc (1921 &#8211; 2015) R\u00e1tz Istv\u00e1n (1860 &#8211; 1917) Azary \u00c1kos (1850 \u2013 1888) Kov\u00e1cs Jen\u0151 (1910-1990) S\u00e1lyi Gyula (1903-1982) Bugarszky Istv\u00e1n (1868-1941) Magyary-Kossa Gyula (1865-1944) Thanhoffer Lajos (1843 &#8211; 1909) Gr\u00f3h<\/p>\n","protected":false},"author":7,"featured_media":0,"parent":44464,"menu_order":0,"comment_status":"closed","ping_status":"closed","template":"","meta":{"_acf_changed":false,"footnotes":""},"categories":[],"tags":[],"class_list":["post-44501","page","type-page","status-publish","hentry"],"acf":[],"_links":{"self":[{"href":"https:\/\/univet.hu\/hu\/wp-json\/wp\/v2\/pages\/44501","targetHints":{"allow":["GET"]}}],"collection":[{"href":"https:\/\/univet.hu\/hu\/wp-json\/wp\/v2\/pages"}],"about":[{"href":"https:\/\/univet.hu\/hu\/wp-json\/wp\/v2\/types\/page"}],"author":[{"embeddable":true,"href":"https:\/\/univet.hu\/hu\/wp-json\/wp\/v2\/users\/7"}],"replies":[{"embeddable":true,"href":"https:\/\/univet.hu\/hu\/wp-json\/wp\/v2\/comments?post=44501"}],"version-history":[{"count":0,"href":"https:\/\/univet.hu\/hu\/wp-json\/wp\/v2\/pages\/44501\/revisions"}],"up":[{"embeddable":true,"href":"https:\/\/univet.hu\/hu\/wp-json\/wp\/v2\/pages\/44464"}],"wp:attachment":[{"href":"https:\/\/univet.hu\/hu\/wp-json\/wp\/v2\/media?parent=44501"}],"wp:term":[{"taxonomy":"category","embeddable":true,"href":"https:\/\/univet.hu\/hu\/wp-json\/wp\/v2\/categories?post=44501"},{"taxonomy":"post_tag","embeddable":true,"href":"https:\/\/univet.hu\/hu\/wp-json\/wp\/v2\/tags?post=44501"}],"curies":[{"name":"wp","href":"https:\/\/api.w.org\/{rel}","templated":true}]}}