{"id":44538,"date":"2019-09-25T19:14:02","date_gmt":"2019-09-25T17:14:02","guid":{"rendered":"https:\/\/univet.hu\/?page_id=44538"},"modified":"2019-11-22T11:36:35","modified_gmt":"2019-11-22T10:36:35","slug":"alumni-tarsamat-keresem","status":"publish","type":"page","link":"https:\/\/univet.hu\/hu\/alumni\/alumni-tagok\/alumni-tarsamat-keresem\/","title":{"rendered":"Alumni t\u00e1rsamat keresem"},"content":{"rendered":"<p><strong>Hamarosan n\u00e9v \u00e9s d\u00e1tum alap\u00fa sz\u0171r\u00e9sek, valamint \u00fczenetk\u00fcld\u00e9si szolg\u00e1ltat\u00e1s\u00a0lesz el\u00e9rhet\u0151 az oldalon.<\/strong> Priv\u00e1t \u00fczenetk\u00fcld\u00e9si lehet\u0151s\u00e9ggel, e-mail c\u00edm ismerete n\u00e9lk\u00fcl is el tudja juttatni \u00fczenet\u00e9t a k\u00f6z\u00f6ss\u00e9g regisztr\u00e1lt tagjai sz\u00e1m\u00e1ra. Szem\u00e9lyes \u00e9s publik\u00e1l\u00e1sra j\u00f3v\u00e1hagyott adatokhoz (pl: aktu\u00e1lis munkahely, e-mail c\u00edm, telefonsz\u00e1m)\u00a0 szint\u00e9n csak abban az esetben f\u00e9rhet hozz\u00e1, ha \u00d6n \u00e9s di\u00e1kt\u00e1rsa is regisztr\u00e1lt az Alumni Online K\u00f6z\u00f6ss\u00e9gbe.<strong> Regisztr\u00e1ci\u00f3hoz k\u00e9rj\u00fck, kattintson<\/strong><b>\u00a0<\/b><a href=\"https:\/\/indico.univet.hu\/e\/AlumniRegisztracio\" target=\"_blank\" rel=\"noopener\">ide<\/a><b>\u00a0!<\/b><\/p> <p>Adatv\u00e9delmi t\u00e1j\u00e9koztat\u00f3nkat hamarosan\u00a0itt olvashatja el.<\/p> <p><img loading=\"lazy\" decoding=\"async\" class=\"aligncenter wp-image-45179 size-full\" src=\"https:\/\/univet.hu\/wp-content\/uploads\/2019\/10\/miezitt.jpg\" alt=\"\" width=\"800\" height=\"549\" srcset=\"https:\/\/univet.hu\/wp-content\/uploads\/2019\/10\/miezitt.jpg 800w, https:\/\/univet.hu\/wp-content\/uploads\/2019\/10\/miezitt-320x220.jpg 320w, https:\/\/univet.hu\/wp-content\/uploads\/2019\/10\/miezitt-768x527.jpg 768w\" sizes=\"auto, (max-width: 800px) 100vw, 800px\" \/><\/p> <p>&nbsp;<\/p> <p>&nbsp;<\/p>","protected":false},"excerpt":{"rendered":"<p>Hamarosan n\u00e9v \u00e9s d\u00e1tum alap\u00fa sz\u0171r\u00e9sek, valamint \u00fczenetk\u00fcld\u00e9si szolg\u00e1ltat\u00e1s\u00a0lesz el\u00e9rhet\u0151 az oldalon. Priv\u00e1t \u00fczenetk\u00fcld\u00e9si lehet\u0151s\u00e9ggel, e-mail c\u00edm ismerete n\u00e9lk\u00fcl is el tudja juttatni \u00fczenet\u00e9t a k\u00f6z\u00f6ss\u00e9g regisztr\u00e1lt tagjai sz\u00e1m\u00e1ra. Szem\u00e9lyes \u00e9s publik\u00e1l\u00e1sra j\u00f3v\u00e1hagyott adatokhoz (pl: aktu\u00e1lis munkahely, e-mail c\u00edm, telefonsz\u00e1m)\u00a0 szint\u00e9n csak abban az esetben f\u00e9rhet hozz\u00e1, ha \u00d6n \u00e9s di\u00e1kt\u00e1rsa is regisztr\u00e1lt az Alumni<\/p>\n","protected":false},"author":7,"featured_media":0,"parent":44425,"menu_order":86,"comment_status":"closed","ping_status":"closed","template":"","meta":{"_acf_changed":false,"footnotes":""},"categories":[],"tags":[],"class_list":["post-44538","page","type-page","status-publish","hentry"],"acf":[],"_links":{"self":[{"href":"https:\/\/univet.hu\/hu\/wp-json\/wp\/v2\/pages\/44538","targetHints":{"allow":["GET"]}}],"collection":[{"href":"https:\/\/univet.hu\/hu\/wp-json\/wp\/v2\/pages"}],"about":[{"href":"https:\/\/univet.hu\/hu\/wp-json\/wp\/v2\/types\/page"}],"author":[{"embeddable":true,"href":"https:\/\/univet.hu\/hu\/wp-json\/wp\/v2\/users\/7"}],"replies":[{"embeddable":true,"href":"https:\/\/univet.hu\/hu\/wp-json\/wp\/v2\/comments?post=44538"}],"version-history":[{"count":0,"href":"https:\/\/univet.hu\/hu\/wp-json\/wp\/v2\/pages\/44538\/revisions"}],"up":[{"embeddable":true,"href":"https:\/\/univet.hu\/hu\/wp-json\/wp\/v2\/pages\/44425"}],"wp:attachment":[{"href":"https:\/\/univet.hu\/hu\/wp-json\/wp\/v2\/media?parent=44538"}],"wp:term":[{"taxonomy":"category","embeddable":true,"href":"https:\/\/univet.hu\/hu\/wp-json\/wp\/v2\/categories?post=44538"},{"taxonomy":"post_tag","embeddable":true,"href":"https:\/\/univet.hu\/hu\/wp-json\/wp\/v2\/tags?post=44538"}],"curies":[{"name":"wp","href":"https:\/\/api.w.org\/{rel}","templated":true}]}}