{"id":44541,"date":"2019-09-25T19:16:42","date_gmt":"2019-09-25T17:16:42","guid":{"rendered":"https:\/\/univet.hu\/?page_id=44541"},"modified":"2019-11-21T12:41:17","modified_gmt":"2019-11-21T11:41:17","slug":"elveszett-alumni-tagjainkat-keressuk","status":"publish","type":"page","link":"https:\/\/univet.hu\/hu\/alumni\/alumni-tagok\/elveszett-alumni-tagjainkat-keressuk\/","title":{"rendered":"Elveszett Alumni tagjainkat keress\u00fck"},"content":{"rendered":"<p>Az elveszett Alumni tagjainkat \u00f6sszes\u00edt\u0151 oldalunkon hamarosan azoknak a volt hallgat\u00f3inknak a n\u00e9vsor\u00e1t tessz\u00fck k\u00f6zz\u00e9, akiknek\u00a0 sajn\u00e1latos m\u00f3don nem ismerj\u00fck az e-mail c\u00edm\u00e9t, \u00edgy nem tudjuk \u00e9rtes\u00edteni \u0151ket aktu\u00e1lis h\u00edreinkr\u0151l.<\/p> <p>Amennyiben \u00d6nnek \u00e9l\u0151 kapcsolata van volt di\u00e1kt\u00e1rsaival, k\u00e9rj\u00fck, b\u00e1tor\u00edtsa \u0151ket, hogy csatlakozzanak az Alumni Online K\u00f6z\u00f6ss\u00e9g\u00e9hez, vagy vegy\u00e9k fel a kapcsolatot Alumni irod\u00e1nkkal az <a class=\"decrypt\" rel=\"bmvnojAvojwfu\/iv\" href=\"javascript:void(0);\">[Kattintson az emailc\u00edmhez]<\/a> e-mail c\u00edmen.<\/p> <p><a href=\"https:\/\/univet.hu\/wp-content\/uploads\/2019\/11\/tagok.jpg\"><img loading=\"lazy\" decoding=\"async\" class=\"aligncenter wp-image-45990 size-large\" src=\"https:\/\/univet.hu\/wp-content\/uploads\/2019\/11\/tagok-960x616.jpg\" alt=\"\" width=\"640\" height=\"411\" srcset=\"https:\/\/univet.hu\/wp-content\/uploads\/2019\/11\/tagok-960x616.jpg 960w, https:\/\/univet.hu\/wp-content\/uploads\/2019\/11\/tagok-320x205.jpg 320w, https:\/\/univet.hu\/wp-content\/uploads\/2019\/11\/tagok-768x493.jpg 768w, https:\/\/univet.hu\/wp-content\/uploads\/2019\/11\/tagok.jpg 1989w\" sizes=\"auto, (max-width: 640px) 100vw, 640px\" \/><\/a><\/p> <p>&nbsp;<\/p>","protected":false},"excerpt":{"rendered":"<p>Az elveszett Alumni tagjainkat \u00f6sszes\u00edt\u0151 oldalunkon hamarosan azoknak a volt hallgat\u00f3inknak a n\u00e9vsor\u00e1t tessz\u00fck k\u00f6zz\u00e9, akiknek\u00a0 sajn\u00e1latos m\u00f3don nem ismerj\u00fck az e-mail c\u00edm\u00e9t, \u00edgy nem tudjuk \u00e9rtes\u00edteni \u0151ket aktu\u00e1lis h\u00edreinkr\u0151l. Amennyiben \u00d6nnek \u00e9l\u0151 kapcsolata van volt di\u00e1kt\u00e1rsaival, k\u00e9rj\u00fck, b\u00e1tor\u00edtsa \u0151ket, hogy csatlakozzanak az Alumni Online K\u00f6z\u00f6ss\u00e9g\u00e9hez, vagy vegy\u00e9k fel a kapcsolatot Alumni irod\u00e1nkkal az [Kattintson<\/p>\n","protected":false},"author":7,"featured_media":0,"parent":44425,"menu_order":87,"comment_status":"closed","ping_status":"closed","template":"","meta":{"_acf_changed":false,"footnotes":""},"categories":[],"tags":[],"class_list":["post-44541","page","type-page","status-publish","hentry"],"acf":[],"_links":{"self":[{"href":"https:\/\/univet.hu\/hu\/wp-json\/wp\/v2\/pages\/44541","targetHints":{"allow":["GET"]}}],"collection":[{"href":"https:\/\/univet.hu\/hu\/wp-json\/wp\/v2\/pages"}],"about":[{"href":"https:\/\/univet.hu\/hu\/wp-json\/wp\/v2\/types\/page"}],"author":[{"embeddable":true,"href":"https:\/\/univet.hu\/hu\/wp-json\/wp\/v2\/users\/7"}],"replies":[{"embeddable":true,"href":"https:\/\/univet.hu\/hu\/wp-json\/wp\/v2\/comments?post=44541"}],"version-history":[{"count":0,"href":"https:\/\/univet.hu\/hu\/wp-json\/wp\/v2\/pages\/44541\/revisions"}],"up":[{"embeddable":true,"href":"https:\/\/univet.hu\/hu\/wp-json\/wp\/v2\/pages\/44425"}],"wp:attachment":[{"href":"https:\/\/univet.hu\/hu\/wp-json\/wp\/v2\/media?parent=44541"}],"wp:term":[{"taxonomy":"category","embeddable":true,"href":"https:\/\/univet.hu\/hu\/wp-json\/wp\/v2\/categories?post=44541"},{"taxonomy":"post_tag","embeddable":true,"href":"https:\/\/univet.hu\/hu\/wp-json\/wp\/v2\/tags?post=44541"}],"curies":[{"name":"wp","href":"https:\/\/api.w.org\/{rel}","templated":true}]}}