{"id":44543,"date":"2019-09-25T19:17:54","date_gmt":"2019-09-25T17:17:54","guid":{"rendered":"https:\/\/univet.hu\/?page_id=44543"},"modified":"2023-09-08T09:25:08","modified_gmt":"2023-09-08T07:25:08","slug":"alumni-interjuk-tortenetek","status":"publish","type":"page","link":"https:\/\/univet.hu\/hu\/alumni\/alumni-tagok\/alumni-interjuk-tortenetek\/","title":{"rendered":"Alumni interj\u00fak &#038; t\u00f6rt\u00e9netek"},"content":{"rendered":"<h3><strong>Az Alumni interj\u00fak &amp; t\u00f6rt\u00e9netek oldalon Alumni tagjainkkal k\u00e9sz\u00fclt \u00e9rdekes interj\u00fakat \u00e9s besz\u00e1mol\u00f3kat olvashat.<\/strong><\/h3> <p style=\"text-align: left;\">Volt di\u00e1kjaink k\u00f6z\u00fcl sokan ma is az \u00c1llatorvostudom\u00e1nyi Egyetemen tev\u00e9kenykednek, \u00e9s a szakma ir\u00e1nti elhivatotts\u00e1gukkal,\u00a0<span style=\"font-family: inherit; font-size: inherit;\">kimagasl\u00f3 munk\u00e1jukkal jelent\u0151sen hozz\u00e1j\u00e1rulnak az oktat\u00e1sunk sz\u00ednvonal\u00e1nak emel\u00e9s\u00e9hez \u00e9s seg\u00edtik az egyetem m\u0171k\u00f6d\u00e9s\u00e9t.\u00a0<\/span>Szem\u00e9lyes t\u00f6rt\u00e9neteikr\u0151l az Alumni tagjaink nev\u00e9re kattintva olvashatnak.<\/p> <p><img loading=\"lazy\" decoding=\"async\" class=\"aligncenter wp-image-45489 size-large\" src=\"https:\/\/univet.hu\/wp-content\/uploads\/2019\/10\/fb_lo_13-960x640.jpg\" alt=\"\" width=\"640\" height=\"427\" srcset=\"https:\/\/univet.hu\/wp-content\/uploads\/2019\/10\/fb_lo_13-960x640.jpg 960w, https:\/\/univet.hu\/wp-content\/uploads\/2019\/10\/fb_lo_13-320x213.jpg 320w, https:\/\/univet.hu\/wp-content\/uploads\/2019\/10\/fb_lo_13-768x512.jpg 768w, https:\/\/univet.hu\/wp-content\/uploads\/2019\/10\/fb_lo_13.jpg 2048w\" sizes=\"auto, (max-width: 640px) 100vw, 640px\" \/><\/p> <p>Alumni Irod\u00e1nk \u00f6r\u00f6mmel k\u00e9sz\u00edt interj\u00fat minden olyan egykori hallgat\u00f3j\u00e1val, aki sz\u00edvesen megosztan\u00e1 sikert\u00f6rt\u00e9net\u00e9t a k\u00f6z\u00f6ss\u00e9g tagjaival. Sz\u00edvesen sz\u00e1molunk be tagjaink kultur\u00e1lis- \u00e9s sport\u00e9letben el\u00e9rt kimagasl\u00f3 teljes\u00edtm\u00e9nyeir\u0151l,\u00a0szakmai el\u0151menetel\u00e9r\u0151l.<\/p> <p><strong>K\u00e9rj\u00fck, vegye fel vel\u00fcnk a kapcsolatot a <a class=\"decrypt\" rel=\"sfoef{wfozAvojwfu\/iv\" href=\"javascript:void(0);\">[Kattintson az emailc\u00edmhez]<\/a> email c\u00edmen, amennyiben \u00d6n is besz\u00e1molna a tanulm\u00e1nyait k\u00f6vet\u0151 szakmai \u00e9let\u00fatj\u00e1r\u00f3l!<\/strong><\/p> <h4>Interj\u00fak:<\/h4> <p>&nbsp;<\/p> <p><strong>Dr. S\u00f3tonyi P\u00e9ter<\/strong> &#8211;\u00a0<a href=\"https:\/\/univet.hu\/hu\/2019\/10\/09\/az-egyetem-uj-aranykoranak-megteremtese-a-cel-beszelgetes-az-ujabb-rektori-ciklusat-kezdo-dr-sotonyi-peter-professzorral\/\" target=\"_blank\" rel=\"noopener\">Az egyetem \u00faj aranykor\u00e1nak megteremt\u00e9se a c\u00e9l. Besz\u00e9lget\u00e9s az \u00fajabb rektori ciklus\u00e1t kezd\u0151 Dr. S\u00f3tonyi P\u00e9terrel<\/a><\/p> <p><strong>Dr. Horv\u00e1th Tam\u00e1s<\/strong> &#8211;\u00a0<a href=\"https:\/\/univet.hu\/hu\/2019\/10\/01\/a-lexikalis-informacio-tagadasa-rengeteg-uj-felfedezeshez-vezethet-interju-dr-horvath-tamas-kutatoprofesszorral\/\" target=\"_blank\" rel=\"noopener\">A lexik\u00e1lis inform\u00e1ci\u00f3 tagad\u00e1sa rengeteg \u00faj felfedez\u00e9shez vezethet &#8211; Interj\u00fa dr. Horv\u00e1th Tam\u00e1s kutat\u00f3professzorral<\/a><\/p> <p><strong>Dr. Bartha Tibor<\/strong> &#8211;\u00a0<a href=\"https:\/\/univet.hu\/hu\/2019\/10\/01\/dr-bartha-tibor-nemzetkozi-rektorhelyettes-a-z-generaciohoz-mi-fogunk-alkalmazkodni\/\" target=\"_blank\" rel=\"noopener\">Dr. Bartha Tibor nemzetk\u00f6zi rektorhelyettes: A Z-gener\u00e1ci\u00f3hoz mi fogunk alkalmazkodni<\/a><\/p> <p><strong>Dr. Jerzsele \u00c1kos<\/strong> &#8211;\u00a0<a href=\"https:\/\/univet.hu\/hu\/2020\/03\/20\/fontos-arra-figyelnunk-hogy-a-gyogyszereink-is-hosszu-tavon-hasznalhatok-legyenek-beszelgetes-dr-jerzsele-akos-tudomanyos-es-kutatasi-rektorhelyettessel\/\">Fontos arra figyeln\u00fcnk, hogy a gy\u00f3gyszereink is hossz\u00fa t\u00e1von haszn\u00e1lhat\u00f3k legyenek<\/a><\/p> <p><strong>Dr. Hornok S\u00e1ndor<\/strong> &#8211;\u00a0<a href=\"https:\/\/univet.hu\/hu\/2019\/10\/01\/barlangoktol-az-egboltig-a-kullancsok-nyomaban-beszelgetes-dr-hornok-sandorral-a-parazitologiai-es-allattani-tanszek-vezetojevel\/\" target=\"_blank\" rel=\"noopener\">Barlangokt\u00f3l az \u00e9gboltig a kullancsok nyom\u00e1ban &#8211; Besz\u00e9lget\u00e9s dr. Hornok S\u00e1ndorral, a Parazitol\u00f3giai \u00e9s \u00c1llattani Tansz\u00e9k vezet\u0151j\u00e9vel<\/a><\/p> <p><strong>Dr. S\u00fcth Mikl\u00f3s<\/strong> &#8211;\u00a0<a href=\"https:\/\/univet.hu\/hu\/2019\/10\/01\/az-elelmiszer-eletet-ad-beszelgetes-dr-suth-miklos-rektori-fotanacsadoval\/\" target=\"_blank\" rel=\"noopener\">Az \u00e9lelmiszer \u00e9letet ad &#8211; Besz\u00e9lget\u00e9s dr. S\u00fcth Mikl\u00f3s rektori f\u0151tan\u00e1csad\u00f3val<\/a><\/p> <p><strong>Dr. M\u00e1tis G\u00e1bor &#8211;<\/strong>\u00a0<a href=\"https:\/\/univet.hu\/hu\/2020\/04\/20\/nekunk-harom-nagy-tablara-van-szuksegunk-beszelgetes-dr-matis-gabor-oktatasi-igazgatoval\/\" target=\"_blank\" rel=\"noopener\">&#8222;Nek\u00fcnk h\u00e1rom nagy t\u00e1bl\u00e1ra van sz\u00fcks\u00e9g\u00fcnk&#8221;<\/a><\/p> <p><strong>Dr. Pleva D\u00e1niel &#8211; <\/strong><a href=\"https:\/\/univet.hu\/hu\/2020\/06\/30\/lehetosegek-a-mutoasztalon-tul\/\" target=\"_blank\" rel=\"noopener\">Lehet\u0151s\u00e9gek a m\u0171t\u0151asztalon t\u00fal<\/a><\/p> <p><strong>Dr. Mark Hedberg<\/strong> &#8211; <a href=\"https:\/\/univet.hu\/hu\/2020\/05\/22\/elet-a-klinikai-praxison-innen-es-tul\/\">\u00c9let a klinikai praxison innen \u00e9s t\u00fal<\/a><\/p> <p><strong>Dr. Schwahofer Anna<\/strong> &#8211; <a href=\"https:\/\/univet.hu\/hu\/2020\/05\/04\/doktorno-ez-maganak-ugyse-fog-menni\/\" target=\"_blank\" rel=\"noopener\">&#8222;Doktorn\u0151, ez mag\u00e1nak \u00fagyse fog menni&#8221;<\/a> \u00e9s <a href=\"https:\/\/univet.hu\/hu\/2020\/04\/24\/haszonallatgyogyaszat-a-szinfalak-mogul-interju-az-ate-vegzett-allatorvosaval-dr-schwahofer-annaval\/\" target=\"_blank\" rel=\"noopener\">Haszon\u00e1llat-gy\u00f3gy\u00e1szat a sz\u00ednfalak m\u00f6g\u00fcl<\/a><\/p> <p><strong>Kondor Mil\u00e1n<\/strong> &#8211;\u00a0<a href=\"https:\/\/new.univet.hu\/hu\/2019\/10\/01\/az-anatomiat-valasztottam-a-struccot-az-elet-hozta-beszelgetes-dr-kondor-milan-allatorvossal\/\" target=\"_blank\" rel=\"noopener\">Az anat\u00f3mi\u00e1t v\u00e1lasztottam, a struccot az \u00e9let hozta &#8211; Besz\u00e9lget\u00e9s dr. Kondor Mil\u00e1n \u00e1llatorvossal<\/a><\/p> <p><strong>Ruff Alexandra<\/strong> &#8211;\u00a0<a href=\"https:\/\/univet.hu\/hu\/2019\/10\/01\/szabadidoben-irany-a-szervezes-beszelgetes-ruff-alexandra-vegzos-hallgatoval\/\" target=\"_blank\" rel=\"noopener\">Szabadid\u0151ben? Ir\u00e1ny a szervez\u00e9s! Besz\u00e9lget\u00e9s Ruff Alexandra v\u00e9gz\u0151s hallgat\u00f3val<\/a><\/p> <p>&nbsp;<\/p> <p><em>Az interj\u00fakat Bal\u00e1zs Guszt\u00e1v, az UNIVET \u00fajs\u00e1g f\u0151szerkeszt\u0151je k\u00e9sz\u00edtette.<\/em><\/p>","protected":false},"excerpt":{"rendered":"<p>Az Alumni interj\u00fak &amp; t\u00f6rt\u00e9netek oldalon Alumni tagjainkkal k\u00e9sz\u00fclt \u00e9rdekes interj\u00fakat \u00e9s besz\u00e1mol\u00f3kat olvashat. Volt di\u00e1kjaink k\u00f6z\u00fcl sokan ma is az \u00c1llatorvostudom\u00e1nyi Egyetemen tev\u00e9kenykednek, \u00e9s a szakma ir\u00e1nti elhivatotts\u00e1gukkal,\u00a0kimagasl\u00f3 munk\u00e1jukkal jelent\u0151sen hozz\u00e1j\u00e1rulnak az oktat\u00e1sunk sz\u00ednvonal\u00e1nak emel\u00e9s\u00e9hez \u00e9s seg\u00edtik az egyetem m\u0171k\u00f6d\u00e9s\u00e9t.\u00a0Szem\u00e9lyes t\u00f6rt\u00e9neteikr\u0151l az Alumni tagjaink nev\u00e9re kattintva olvashatnak. Alumni Irod\u00e1nk \u00f6r\u00f6mmel k\u00e9sz\u00edt interj\u00fat minden olyan<\/p>\n","protected":false},"author":7,"featured_media":0,"parent":44425,"menu_order":90,"comment_status":"closed","ping_status":"closed","template":"","meta":{"_acf_changed":false,"footnotes":""},"categories":[],"tags":[],"class_list":["post-44543","page","type-page","status-publish","hentry"],"acf":[],"_links":{"self":[{"href":"https:\/\/univet.hu\/hu\/wp-json\/wp\/v2\/pages\/44543","targetHints":{"allow":["GET"]}}],"collection":[{"href":"https:\/\/univet.hu\/hu\/wp-json\/wp\/v2\/pages"}],"about":[{"href":"https:\/\/univet.hu\/hu\/wp-json\/wp\/v2\/types\/page"}],"author":[{"embeddable":true,"href":"https:\/\/univet.hu\/hu\/wp-json\/wp\/v2\/users\/7"}],"replies":[{"embeddable":true,"href":"https:\/\/univet.hu\/hu\/wp-json\/wp\/v2\/comments?post=44543"}],"version-history":[{"count":0,"href":"https:\/\/univet.hu\/hu\/wp-json\/wp\/v2\/pages\/44543\/revisions"}],"up":[{"embeddable":true,"href":"https:\/\/univet.hu\/hu\/wp-json\/wp\/v2\/pages\/44425"}],"wp:attachment":[{"href":"https:\/\/univet.hu\/hu\/wp-json\/wp\/v2\/media?parent=44543"}],"wp:term":[{"taxonomy":"category","embeddable":true,"href":"https:\/\/univet.hu\/hu\/wp-json\/wp\/v2\/categories?post=44543"},{"taxonomy":"post_tag","embeddable":true,"href":"https:\/\/univet.hu\/hu\/wp-json\/wp\/v2\/tags?post=44543"}],"curies":[{"name":"wp","href":"https:\/\/api.w.org\/{rel}","templated":true}]}}