{"id":4462,"date":"2016-08-02T14:58:00","date_gmt":"2016-08-02T12:58:00","guid":{"rendered":"http:\/\/univet.hu\/egyetem\/munkatarsak\/papp-antal\/"},"modified":"2026-02-10T04:02:17","modified_gmt":"2026-02-10T03:02:17","slug":"papp-antal","status":"publish","type":"page","link":"https:\/\/univet.hu\/hu\/egyetem\/munkatarsak\/papp-antal\/","title":{"rendered":"Papp Antal"},"content":{"rendered":"<h2>Bemutatkoz\u00e1s<\/h2> <p>\u2013 \u00e1llatorvos-doktori diploma 1988, kis\u00e1llat gy\u00f3gy\u00e1sz szak\u00e1llatorvos diploma 2003, egzotikus \u00e1llat gy\u00f3gy\u00e1sz szak\u00e1llatorvos diploma 2009<br aria-hidden=\"true\" \/>\u2013 \u00c1llatorvos-tudom\u00e1nyi Egyetem Seb\u00e9szeti \u00e9s Szem\u00e9szeti Klinik\u00e1j\u00e1n 1988-1992 tudom\u00e1nyos m\u0171szaki \u00fcgyint\u00e9z\u0151, majd mag\u00e1npraxis alap\u00edt\u00e1s (Talpas \u00c1llatorvosi Rendel\u0151) 1993-t\u00f3l<br aria-hidden=\"true\" \/>\u2013 <span data-olk-copy-source=\"MessageBody\">Egzotikus\u00e1llat-, Vad-, Hal- \u00e9s M\u00e9heg\u00e9szs\u00e9g\u00fcgyi Tansz\u00e9k<\/span> klinikus \u00e1llatorvosa 2014-t\u0151l<\/p> <p>Alap\u00edt\u00f3 tagja vagyok a Magyar Kis\u00e1llat Ortop\u00e9diai egyes\u00fcletnek.<\/p> <p>Az\u00a0 <span data-olk-copy-source=\"MessageBody\">Egzotikus\u00e1llat-, Vad-, Hal- \u00e9s M\u00e9heg\u00e9szs\u00e9g\u00fcgyi Tansz\u00e9k<\/span> dolgoz\u00f3jak\u00e9nt r\u00e9szt vesz a klinika munk\u00e1j\u00e1ban , valamint a\u00a0 gradualis \u00e9s posztgradualis k\u00e9pz\u00e9sben el\u0151ad\u00f3k\u00e9nt.<\/p> <p>Rendszeres r\u00e9sztvev\u0151je szakmai rendezv\u00e9nyeknek, tov\u00e1bbk\u00e9pz\u00e9seknek\u00a0 \u00e9s kongresszusoknak hallgat\u00f3k\u00e9nt \u00e9s el\u0151ad\u00f3k\u00e9nt .<\/p> <p>F\u0151 \u00e9rdekl\u0151d\u00e9si ter\u00fclet: Egzotikus \u00e1llatok seb\u00e9szeti ell\u00e1t\u00e1sa,<\/p> <p>Egzotikus \u00e1llatok k\u00e9palkot\u00f3 diagnosztik\u00e1ja<\/p> <p>\u00c1llatorvosi seb\u00e9szet, ortop\u00e9dia<\/p>","protected":false},"excerpt":{"rendered":"<p>Bemutatkoz\u00e1s \u2013 \u00e1llatorvos-doktori diploma 1988, kis\u00e1llat gy\u00f3gy\u00e1sz szak\u00e1llatorvos diploma 2003, egzotikus \u00e1llat gy\u00f3gy\u00e1sz szak\u00e1llatorvos diploma 2009\u2013 \u00c1llatorvos-tudom\u00e1nyi Egyetem Seb\u00e9szeti \u00e9s Szem\u00e9szeti Klinik\u00e1j\u00e1n 1988-1992 tudom\u00e1nyos m\u0171szaki \u00fcgyint\u00e9z\u0151, majd mag\u00e1npraxis alap\u00edt\u00e1s (Talpas \u00c1llatorvosi Rendel\u0151) 1993-t\u00f3l\u2013 Egzotikus\u00e1llat-, Vad-, Hal- \u00e9s M\u00e9heg\u00e9szs\u00e9g\u00fcgyi Tansz\u00e9k klinikus \u00e1llatorvosa 2014-t\u0151l Alap\u00edt\u00f3 tagja vagyok a Magyar Kis\u00e1llat Ortop\u00e9diai egyes\u00fcletnek. Az\u00a0 Egzotikus\u00e1llat-, Vad-, Hal- \u00e9s<\/p>\n","protected":false},"author":5824,"featured_media":0,"parent":858,"menu_order":211,"comment_status":"closed","ping_status":"closed","template":"","meta":{"_acf_changed":false,"footnotes":""},"categories":[56],"tags":[],"class_list":["post-4462","page","type-page","status-publish","hentry","category-munkatarsak"],"acf":[],"_links":{"self":[{"href":"https:\/\/univet.hu\/hu\/wp-json\/wp\/v2\/pages\/4462","targetHints":{"allow":["GET"]}}],"collection":[{"href":"https:\/\/univet.hu\/hu\/wp-json\/wp\/v2\/pages"}],"about":[{"href":"https:\/\/univet.hu\/hu\/wp-json\/wp\/v2\/types\/page"}],"author":[{"embeddable":true,"href":"https:\/\/univet.hu\/hu\/wp-json\/wp\/v2\/users\/5824"}],"replies":[{"embeddable":true,"href":"https:\/\/univet.hu\/hu\/wp-json\/wp\/v2\/comments?post=4462"}],"version-history":[{"count":2,"href":"https:\/\/univet.hu\/hu\/wp-json\/wp\/v2\/pages\/4462\/revisions"}],"predecessor-version":[{"id":181774,"href":"https:\/\/univet.hu\/hu\/wp-json\/wp\/v2\/pages\/4462\/revisions\/181774"}],"up":[{"embeddable":true,"href":"https:\/\/univet.hu\/hu\/wp-json\/wp\/v2\/pages\/858"}],"wp:attachment":[{"href":"https:\/\/univet.hu\/hu\/wp-json\/wp\/v2\/media?parent=4462"}],"wp:term":[{"taxonomy":"category","embeddable":true,"href":"https:\/\/univet.hu\/hu\/wp-json\/wp\/v2\/categories?post=4462"},{"taxonomy":"post_tag","embeddable":true,"href":"https:\/\/univet.hu\/hu\/wp-json\/wp\/v2\/tags?post=4462"}],"curies":[{"name":"wp","href":"https:\/\/api.w.org\/{rel}","templated":true}]}}