{"id":4486,"date":"2017-08-29T11:50:00","date_gmt":"2017-08-29T09:50:00","guid":{"rendered":"http:\/\/univet.hu\/egyetem\/munkatarsak\/peli-evelin-ramona\/"},"modified":"2026-02-10T04:00:14","modified_gmt":"2026-02-10T03:00:14","slug":"peli-evelin-ramona","status":"publish","type":"page","link":"https:\/\/univet.hu\/hu\/egyetem\/munkatarsak\/peli-evelin-ramona\/","title":{"rendered":"P\u00e9li Evelin Ram\u00f3na"},"content":{"rendered":"<p style=\"text-align: center;\"><strong><span style=\"font-size: 14pt;\">Bemutatkoz\u00e1s<\/span> <\/strong><\/p> <p>2017 \u00f3ta dolgozom oktat\u00f3k\u00e9nt az \u00c1llatorvostudom\u00e1nyi Egyetem N\u00f6v\u00e9nytani Tansz\u00e9k\u00e9n. Az \u00e1llatorvosk\u00e9pz\u00e9s kereteiben magyarul \u00e9s angolul \u00e1llatorvosi n\u00f6v\u00e9nytant oktatok. Gy\u00f3gyn\u00f6v\u00e9nyismeret c\u00edm\u0171 fakult\u00e1ci\u00f3t angol nyelven tartom szint\u00e9n \u00e1llatorvos (k\u00fclf\u00f6ldi) hallgat\u00f3knak. A biol\u00f3gus (BSc) k\u00e9pz\u00e9sben n\u00f6v\u00e9nyszervezettan gyakorlatot, n\u00f6v\u00e9ny\u00e9lettan el\u0151ad\u00e1st \u00e9s gyakorlatot, valamint n\u00f6v\u00e9nyrendszertant (alga \u00e9s moha rendszertant) oktatok. A biol\u00f3gus (MSc) k\u00e9pz\u00e9sben N\u00f6v\u00e9nyf\u00f6ldrajz \u00e9s t\u00e1rsul\u00e1stan tant\u00e1rgy t\u00e1rgyfelel\u0151se \u00e9s oktat\u00f3ja vagyok.<\/p> <p><strong>F\u0151bb kutat\u00e1si ter\u00fcletek: <\/strong><\/p> <ul> <li>Kriptog\u00e1m \u00e9s n\u00f6v\u00e9nyi kisz\u00e1rad\u00e1st\u0171r\u00e9s \u00f6kofiziol\u00f3gi\u00e1ja<\/li> <\/ul> <p><strong>El\u0151rehalad\u00e1s<\/strong><\/p> <table style=\"height: 140px;\" width=\"963\"> <tbody> <tr style=\"height: 28px;\"> <td style=\"width: 185.117px; text-align: center; height: 28px;\"><strong>Munkahely<\/strong><\/td> <td style=\"width: 476.3px; text-align: center; height: 28px;\"><strong>Int\u00e9zm\u00e9ny neve<\/strong><\/td> <td style=\"width: 281.183px; text-align: center; height: 28px;\"><strong>beoszt\u00e1s<\/strong><\/td> <\/tr> <tr style=\"height: 28px;\"> <td style=\"width: 185.117px; height: 28px; text-align: center;\">2017-<\/td> <td style=\"width: 476.3px; height: 28px; text-align: center;\">\u00c1llatorvostudom\u00e1nyi Egyetem<\/td> <td style=\"width: 281.183px; height: 28px; text-align: center;\">egyetemi docens<\/td> <\/tr> <tr style=\"height: 28px;\"> <td style=\"width: 185.117px; height: 28px; text-align: center;\">2017-<\/td> <td style=\"width: 476.3px; height: 28px; text-align: center;\">\u00c1llatorvostudom\u00e1nyi Egyetem<\/td> <td style=\"width: 281.183px; height: 28px; text-align: center;\">egyetemi adjunktus<\/td> <\/tr> <tr style=\"height: 28px;\"> <td style=\"width: 185.117px; height: 28px; text-align: center;\">2012-2016<\/td> <td style=\"width: 476.3px; height: 28px; text-align: center;\">MTA-SZIE N\u00f6v\u00e9ny\u00f6kol\u00f3gia Kutat\u00f3csoport<\/td> <td style=\"width: 281.183px; height: 28px; text-align: center;\">tudom\u00e1nyos munkat\u00e1rs<\/td> <\/tr> <tr style=\"height: 28px;\"> <td style=\"width: 185.117px; height: 28px; text-align: center;\">2003-2016<\/td> <td style=\"width: 476.3px; height: 28px; text-align: center;\">MTA-SZIE N\u00f6v\u00e9ny\u00f6kol\u00f3gia Kutat\u00f3csoport<\/td> <td style=\"width: 281.183px; height: 28px; text-align: center;\">tudom\u00e1nyos seg\u00e9dmunkat\u00e1rs<\/td> <\/tr> <\/tbody> <\/table> <p><strong>Szakmai szervezeti tags\u00e1g<\/strong><\/p> <p><strong>Eddigi szakdolgozat\/TDK hallgat\u00f3k sz\u00e1ma<\/strong><\/p> <p>2<\/p> <p><strong>PhD-hallgat\u00f3k<\/strong><\/p> <p>Ruchika Ruchika (fokozatot szerzett, 2021)<\/p> <p><strong>Publik\u00e1ci\u00f3s lista (Top10)<\/strong><\/p> <p>MTMT:<\/p> <table width=\"985\"> <tbody> <tr> <td style=\"text-align: center;\"><em>\u00a0<\/em><\/td> <td style=\"text-align: center;\"><em>Szerz\u0151(k), c\u00edm, megjelen\u00e9s helye<\/em><\/td> <td style=\"text-align: center;\"><em>dokumentum t\u00edpusa:<\/em><\/td> <td style=\"text-align: center;\"><em>megjelen\u00e9s \u00e9ve<\/em><\/td> <td style=\"text-align: center;\"><em>IF:<\/em><\/td> <td style=\"text-align: center;\"><em>f\u00fcggetlen id\u00e9z\u0151k sz\u00e1ma:<\/em><\/td> <\/tr> <tr> <td style=\"text-align: center;\">1.<\/td> <td style=\"text-align: center;\"><a href=\"https:\/\/m2.mtmt.hu\/gui2\/?type=authors&amp;mode=browse&amp;sel=10071535\">Ruchika,<\/a>; <a href=\"https:\/\/m2.mtmt.hu\/gui2\/?type=authors&amp;mode=browse&amp;sel=10001543\">Csintalan Z<\/a>; <a href=\"https:\/\/m2.mtmt.hu\/gui2\/?type=authors&amp;mode=browse&amp;sel=10019134\"><strong>P\u00e9li E.R.<\/strong><\/a> (2020) <a href=\"https:\/\/m2.mtmt.hu\/gui2\/?mode=browse&amp;params=publication;31126944\">Seasonality and Small Spatial-Scale Variation of Chlorophyll a Fluorescence in Bryophyte Syntrichia ruralis [Hedw.] in Semi-Arid Sandy Grassland, Hungary<\/a>. PLANTS-BASEL 9:1 Paper: 92.<\/td> <td style=\"text-align: center;\">foly\u00f3iratcikk<\/td> <td style=\"text-align: center;\">2020<\/td> <td style=\"text-align: center;\">3.935<\/td> <td style=\"text-align: center;\">1<\/td> <\/tr> <tr> <td style=\"text-align: center;\">2.<\/td> <td style=\"text-align: center;\"><a href=\"https:\/\/m2.mtmt.hu\/gui2\/?type=authors&amp;mode=browse&amp;sel=10071535\">Ruchika<\/a>; Csintalan Z.; <a href=\"https:\/\/m2.mtmt.hu\/gui2\/?type=authors&amp;mode=browse&amp;sel=10019134\"><strong>P\u00e9li E.R.<\/strong><\/a> <a href=\"https:\/\/m2.mtmt.hu\/gui2\/?mode=browse&amp;params=publication;31437838\">Effect of Salicylic Acid Pre-Treatment after Long-Term Desiccation in the Moss Syntrichia ruralis (Hedw.) Web. and Mohr<\/a>. PLANTS-BASEL 9:9 Paper: 1097.<\/td> <td style=\"text-align: center;\">foly\u00f3iratcikk<\/td> <td style=\"text-align: center;\">2020<\/td> <td style=\"text-align: center;\">3.935<\/td> <td style=\"text-align: center;\">1<\/td> <\/tr> <tr> <td style=\"text-align: center;\">3.<\/td> <td style=\"text-align: center;\"><a href=\"https:\/\/m2.mtmt.hu\/gui2\/?type=authors&amp;mode=browse&amp;sel=10019134\"><strong>P\u00e9li E.R.<\/strong><\/a>; <a href=\"https:\/\/m2.mtmt.hu\/gui2\/?type=authors&amp;mode=browse&amp;sel=10019133\">Nagy-D\u00e9ri H<\/a>. <a href=\"https:\/\/m2.mtmt.hu\/gui2\/?mode=browse&amp;params=publication;3401153\">Different morpho-anatomical strategies against desiccation in five species of Xerophyta genus in relation to their ecophysiological aspects<\/a>. SOUTH AFRICAN JOURNAL OF BOTANY 118: 232-240.<\/td> <td style=\"text-align: center;\">foly\u00f3iratcikk<\/td> <td style=\"text-align: center;\">2018<\/td> <td style=\"text-align: center;\">1.674<\/td> <td style=\"text-align: center;\">5<\/td> <\/tr> <tr> <td style=\"text-align: center;\">4.<\/td> <td style=\"text-align: center;\"><strong>P\u00e9li E.R<\/strong><strong>;<\/strong> Nagy-D\u00e9ri H.; Nagy Z. Histological study on the leaf rehydration of desiccation-tolerant plant Xerophyta scabrida. SOUTH AFRICAN JOURNAL OF BOTANY 100: 195-202.<\/td> <td style=\"text-align: center;\">foly\u00f3iratcikk<\/td> <td style=\"text-align: center;\">2015<\/td> <td style=\"text-align: center;\">1.443<\/td> <td style=\"text-align: center;\">1<\/td> <\/tr> <tr> <td style=\"text-align: center;\">5.<\/td> <td style=\"text-align: center;\">F\u00f3ti S.; Balogh J.; Nagy Z.; Herbst M.; Pint\u00e9r K.; <strong>P\u00e9li E.<\/strong><strong>;<\/strong> Koncz P.; Bartha S.\u00a0 Soil moisture induced changes on fine-scale spatial pattern of soil respiration in a semi-arid sandy grassland. GEODERMA 213: 245-254<\/td> <td style=\"text-align: center;\">foly\u00f3iratcikk<\/td> <td style=\"text-align: center;\">2014<\/td> <td style=\"text-align: center;\">3.266<\/td> <td style=\"text-align: center;\">25<\/td> <\/tr> <tr> <td style=\"text-align: center;\">6.<\/td> <td style=\"text-align: center;\"><strong>P\u00e9li, E R.<\/strong><strong>;<\/strong> Mihailova, G ; Petkova, S ; Tuba, Z ; Georgieva, K. Differences in physiological adaptation of Haberlea rhodopensis Friv. leaves and roots during dehydration\u2013rehydration cycle. ACTA PHYSIOLOGIAE PLANTARUM 34 pp. 947-955. , 9 p.<\/td> <td style=\"text-align: center;\">foly\u00f3iratcikk<\/td> <td style=\"text-align: center;\">2012<\/td> <td style=\"text-align: center;\">1.627<\/td> <td style=\"text-align: center;\">6<\/td> <\/tr> <tr> <td style=\"text-align: center;\">7.<\/td> <td style=\"text-align: center;\">Ba\u010dkor, M ; <strong>P\u00e9li, E R<\/strong> ; Vantov\u00e1, I. Copper tolerance in the macrolichens Cladonia furcata and Cladina arbuscula subsp. mitis is constitutive rather than inducible. CHEMOSPHERE 85 pp. 106-113. , 8 p.<\/td> <td style=\"text-align: center;\">foly\u00f3iratcikk<\/td> <td style=\"text-align: center;\">2011<\/td> <td style=\"text-align: center;\">3.706<\/td> <td style=\"text-align: center;\">15<\/td> <\/tr> <tr> <td style=\"text-align: center;\">8.<\/td> <td style=\"text-align: center;\">Horv\u00e1th, L ; Grosz, Bal\u00e1zs P\u00e9ter ; Machon, A ; Tuba, Z ; Nagy, Z ; Cz\u00f3bel, Sz ; Balogh, J <strong>; P\u00e9li, E<\/strong> ; F\u00f3ti, Sz ; Weidinger, T et al. Estimation of nitrous oxide emission from Hungarian semi-arid sandy and loess grasslands; effect of soil parameters, grazing, irrigation and application of fertilizer. AGRICULTURE ECOSYSTEMS &amp; ENVIRONMENT 139 pp. 255-263. , 9 p.<\/td> <td style=\"text-align: center;\">foly\u00f3iratcikk<\/td> <td style=\"text-align: center;\">2010<\/td> <td style=\"text-align: center;\">3.381<\/td> <td style=\"text-align: center;\"> <p>56<\/p> <p>&nbsp;<\/p> <p>&nbsp;<\/td> <\/tr> <tr> <td style=\"text-align: center;\">9.<\/td> <td style=\"text-align: center;\">Dzubaj A.; Ba\u010dkor M.; Tomko J.; <strong>Peli E.<\/strong><strong>;<\/strong> Tuba Z. Tolerance of the lichen Xanthoria parietina (L.) Th. Fr. to metal stress. ECOTOXICOLOGY AND ENVIRONMENTAL. SAFETY 70: 319-326.<\/td> <td style=\"text-align: center;\">foly\u00f3iratcikk<\/td> <td style=\"text-align: center;\">2008<\/td> <td style=\"text-align: center;\">2.764<\/td> <td style=\"text-align: center;\">47<\/td> <\/tr> <tr> <td style=\"text-align: center;\">10.<\/td> <td style=\"text-align: center;\">Georgieva K.; Szigeti Z.; S\u00e1rv\u00e1ri E.; G\u00e1sp\u00e1r L.; Maslenkova L.; Peeva V.; <strong>P\u00e9li E.<\/strong><strong>;<\/strong> Tuba Z. Photosynthetic activity of homoiochlorophyllous desiccation tolerant plant Haberlea rhodopensis during dehydration and rehydration. PLANTA. 225: 955-964.<\/td> <td style=\"text-align: center;\">foly\u00f3iratcikk<\/td> <td style=\"text-align: center;\">2007<\/td> <td style=\"text-align: center;\">3,606<\/td> <td style=\"text-align: center;\">73<\/td> <\/tr> <\/tbody> <\/table> <div> <p>&nbsp;<\/p> <p>&nbsp;<\/p> <h3>Fogad\u00f3\u00f3ra:<\/h3> <p>H\u00e9tf\u0151nk\u00e9nt 11-13h. k\u00f6z\u00f6tt<\/p> <p>El\u0151zetes egyeztet\u00e9s e-mailben:\u00a0<a class=\"decrypt\" rel=\"Qfmj\/Fwfmjo\/SbnpobAvojwfu\/iv\" href=\"javascript:void(0);\">[Kattintson az emailc\u00edmhez]<\/a><\/p> <\/div> <div> <p>&nbsp;<\/p> <p>&nbsp;<\/p> <\/div>","protected":false},"excerpt":{"rendered":"<p>Bemutatkoz\u00e1s 2017 \u00f3ta dolgozom oktat\u00f3k\u00e9nt az \u00c1llatorvostudom\u00e1nyi Egyetem N\u00f6v\u00e9nytani Tansz\u00e9k\u00e9n. Az \u00e1llatorvosk\u00e9pz\u00e9s kereteiben magyarul \u00e9s angolul \u00e1llatorvosi n\u00f6v\u00e9nytant oktatok. Gy\u00f3gyn\u00f6v\u00e9nyismeret c\u00edm\u0171 fakult\u00e1ci\u00f3t angol nyelven tartom szint\u00e9n \u00e1llatorvos (k\u00fclf\u00f6ldi) hallgat\u00f3knak. A biol\u00f3gus (BSc) k\u00e9pz\u00e9sben n\u00f6v\u00e9nyszervezettan gyakorlatot, n\u00f6v\u00e9ny\u00e9lettan el\u0151ad\u00e1st \u00e9s gyakorlatot, valamint n\u00f6v\u00e9nyrendszertant (alga \u00e9s moha rendszertant) oktatok. A biol\u00f3gus (MSc) k\u00e9pz\u00e9sben N\u00f6v\u00e9nyf\u00f6ldrajz \u00e9s t\u00e1rsul\u00e1stan tant\u00e1rgy t\u00e1rgyfelel\u0151se<\/p>\n","protected":false},"author":5824,"featured_media":0,"parent":858,"menu_order":210,"comment_status":"closed","ping_status":"closed","template":"","meta":{"_acf_changed":false,"footnotes":""},"categories":[56],"tags":[],"class_list":["post-4486","page","type-page","status-publish","hentry","category-munkatarsak"],"acf":[],"_links":{"self":[{"href":"https:\/\/univet.hu\/hu\/wp-json\/wp\/v2\/pages\/4486","targetHints":{"allow":["GET"]}}],"collection":[{"href":"https:\/\/univet.hu\/hu\/wp-json\/wp\/v2\/pages"}],"about":[{"href":"https:\/\/univet.hu\/hu\/wp-json\/wp\/v2\/types\/page"}],"author":[{"embeddable":true,"href":"https:\/\/univet.hu\/hu\/wp-json\/wp\/v2\/users\/5824"}],"replies":[{"embeddable":true,"href":"https:\/\/univet.hu\/hu\/wp-json\/wp\/v2\/comments?post=4486"}],"version-history":[{"count":1,"href":"https:\/\/univet.hu\/hu\/wp-json\/wp\/v2\/pages\/4486\/revisions"}],"predecessor-version":[{"id":199554,"href":"https:\/\/univet.hu\/hu\/wp-json\/wp\/v2\/pages\/4486\/revisions\/199554"}],"up":[{"embeddable":true,"href":"https:\/\/univet.hu\/hu\/wp-json\/wp\/v2\/pages\/858"}],"wp:attachment":[{"href":"https:\/\/univet.hu\/hu\/wp-json\/wp\/v2\/media?parent=4486"}],"wp:term":[{"taxonomy":"category","embeddable":true,"href":"https:\/\/univet.hu\/hu\/wp-json\/wp\/v2\/categories?post=4486"},{"taxonomy":"post_tag","embeddable":true,"href":"https:\/\/univet.hu\/hu\/wp-json\/wp\/v2\/tags?post=4486"}],"curies":[{"name":"wp","href":"https:\/\/api.w.org\/{rel}","templated":true}]}}