{"id":4495,"date":"2017-04-12T09:31:00","date_gmt":"2017-04-12T07:31:00","guid":{"rendered":"http:\/\/univet.hu\/egyetem\/munkatarsak\/pilipecz-mihaly-viktor\/"},"modified":"2026-02-10T04:00:15","modified_gmt":"2026-02-10T03:00:15","slug":"pilipecz-mihaly-viktor","status":"publish","type":"page","link":"https:\/\/univet.hu\/hu\/egyetem\/munkatarsak\/pilipecz-mihaly-viktor\/","title":{"rendered":"Pilipecz Mih\u00e1ly Viktor"},"content":{"rendered":"<div> <p><span style=\"font-size: 14pt;\"><strong>Bemutatkoz\u00e1s\u00a0\u00a0 <\/strong><\/span><\/p> <p>1978-ban sz\u00fclettem. A Szent L\u00e1szl\u00f3 gimn\u00e1zium ut\u00e1n az ELTE TTK-n elv\u00e9geztem a gy\u00f3gyszerkutat\u00f3i szakir\u00e1nyt, \u00e9s vegy\u00e9sz szakon szereztem diplom\u00e1t 2001-ben. 2001 szeptember\u00e9t\u0151l dolgozom a K\u00e9miai Tansz\u00e9ken. 2010-ben megszereztem az PhD fokozatot, illetve az egyetemi adjunktusi beoszt\u00e1st. Doktori munk\u00e1m t\u00e9m\u00e1ja v\u00e1ltozatos nitrog\u00e9ntartalm\u00fa heterociklusok szint\u00e9zise volt. Szabadid\u0151mben szeretek kir\u00e1ndulni, olvasni, f\u0151zni.<\/p> <p><strong>F\u0151bb kutat\u00e1si ter\u00fcletek:<\/strong><\/p> <ul> <li>Push-pull alk\u00e9nek \u00e9s a nitrog\u00e9ntartalm\u00fa heterociklusos vegy\u00fcletek.<\/li> <\/ul> <p><strong>El\u0151rehalad\u00e1s<\/strong><\/p> <p><strong>Szakmai szervezeti tags\u00e1g<\/strong><\/p> <p><strong>\u00a0<\/strong><strong>Eddigi szakdolgozat\/TDK hallgat\u00f3k sz\u00e1ma<\/strong><\/p> <p><strong>PhD-hallgat\u00f3k<\/strong><\/p> <p><strong>Publik\u00e1ci\u00f3s lista (Top10)<\/strong><\/p> <p>MTMT:\u00a0 10023285<\/p> <\/div> <table style=\"height: 521px;\" width=\"983\"> <tbody> <tr style=\"height: 80px;\"> <td style=\"width: 21.0167px; height: 80px; text-align: center;\">1.<\/td> <td style=\"width: 947.183px; height: 80px; text-align: center;\">Mih\u00e1ly V. Pilipecz, Zolt\u00e1n Mucsi, P\u00e9ter Nemes, P\u00e1l Scheiber: Chemistry of nitroenamines. Synthesis of pyrrolizine derivatives,\u00a0 <em>Heterocycles<\/em>, <strong>2007<\/strong>, 71, 9, 1919-1928.<\/td> <\/tr> <tr style=\"height: 80px;\"> <td style=\"width: 21.0167px; height: 80px; text-align: center;\">2.<\/td> <td style=\"width: 947.183px; height: 80px; text-align: center;\">Mih\u00e1ly V. Pilipecz, Tam\u00e1s R. Varga, Zolt\u00e1n Mucsi, P\u00e1l Scheiber, P\u00e9ter Nemes:\u00a0 [3+3] Cyclization reactions of beta-nitroenamines and beta-enaminonitriles with alpha,beta-unsaturated carboxylic acid chlorides, <em>Tetrahedron<\/em>, <strong>2008<\/strong>, 64, 5545-5550.<\/td> <\/tr> <tr style=\"height: 80px;\"> <td style=\"width: 21.0167px; height: 80px; text-align: center;\">3.<\/td> <td style=\"width: 947.183px; height: 80px; text-align: center;\">P\u00e1l Scheiber, G\u00e1bor T\u00f3th, Mih\u00e1ly V. Pilipecz, Tam\u00e1s R. Varga, P\u00e9ter Nemes:\u00a0 Chemistry of Nitroenamines. Part 2. Synthesis of Saturated Pyrrolo-pyrimidines and -pyrazines,\u00a0 <em>Heterocycles<\/em>, <strong>2011<\/strong>, 83, 9, 2001-2010.<\/td> <\/tr> <tr style=\"height: 80px;\"> <td style=\"width: 21.0167px; height: 80px; text-align: center;\">4.<\/td> <td style=\"width: 947.183px; height: 80px; text-align: center;\">Mih\u00e1ly V. Pilipecz, Tam\u00e1s R. Varga, P\u00e1l Scheiber, Zolt\u00e1n Mucsi, Am\u00e9lie F\u00e0vre-Mourgues, S\u00e1ndor Boros, L\u00e1szl\u00f3 Bal\u00e1zs, G\u00e1bor T\u00f3th, P\u00e9ter Nemes:\u00a0 Reductive transformations of unsaturated azabicyclic nitrolactams,\u00a0 <em>Tetrahedron<\/em>, <strong>2012<\/strong>, 68, 5547-5553.<\/td> <\/tr> <tr style=\"height: 80px;\"> <td style=\"width: 21.0167px; height: 80px; text-align: center;\">5.<\/td> <td style=\"width: 947.183px; height: 80px; text-align: center;\">Mih\u00e1ly V. Pilipecz, P\u00e1l Scheiber, Zolt\u00e1n Vincze, Tam\u00e1s R. Varga, G\u00e1bor T\u00f3th, P\u00e9ter Nemes: One-pot reactions of nitroenamines with anilines and ethyl glyoxylate,\u00a0 <em>Tetrahedron<\/em>, <strong>2014<\/strong>, 70, 4355-4360.<\/td> <\/tr> <tr style=\"height: 25px;\"> <td style=\"width: 21.0167px; height: 25px; text-align: center;\">6.<\/td> <td style=\"width: 947.183px; height: 25px; text-align: center;\">Zolt\u00e1n Vincze, Mih\u00e1ly V. Pilipecz, P\u00e1l Scheiber, Tam\u00e1s R. Varga, G\u00e1bor T\u00f3th, P\u00e9ter Nemes: Simple route to multisubstituted tetrahydropyrimidines,\u00a0\u00a0 <em>Tetrahedron<\/em>, <strong>2015<\/strong>, 71, 6135-6142.<\/td> <\/tr> <tr style=\"height: 24px;\"> <td style=\"width: 21.0167px; height: 24px; text-align: center;\">7.<\/td> <td style=\"width: 947.183px; height: 24px; text-align: center;\">L\u00e1szl\u00f3 A. Kondacs, Mih\u00e1ly V. Pilipecz, Zolt\u00e1n Mucsi, Barbara Bal\u00e1zs, Tam\u00e1s G\u00e1ti, Mikl\u00f3s Nyerges, Andr\u00e1s Dancs\u00f3, P\u00e9ter Nemes: Synthesis of Isoxazoline Derivatives Based on Nitrile Oxide Cycloaddition of Nitroso-Nitro-Enamine:\u00a0 <em>Eur. J. Org. Chem.<\/em><strong>2015<\/strong>, 31, 6872-6890.<\/td> <\/tr> <tr style=\"height: 24px;\"> <td style=\"width: 21.0167px; height: 24px; text-align: center;\">8.<\/td> <td style=\"width: 947.183px; height: 24px; text-align: center;\">Mih\u00e1ly V. Pilipecz, Tam\u00e1s R. Varga, P\u00e9ter Krall, Zolt\u00e1n Vincze, Zolt\u00e1n Mucsi, Ruth Deme, P\u00e1l T. Szab\u00f3, P\u00e9ter Nemes:\u00a0\u00a0 Simple route to new oxadiazaboroles and oxadiazoles via amidoximes,\u00a0 <em>Synth. Comm<\/em>. <strong>2020<\/strong>, 50, 1712-1723.<\/td> <\/tr> <tr style=\"height: 24px;\"> <td style=\"width: 21.0167px; height: 24px; text-align: center;\">9.<\/td> <td style=\"width: 947.183px; height: 24px; text-align: center;\">D\u00e1niel Nagy, Mih\u00e1ly V. Pilipecz, L\u00e1szl\u00f3 Kiss, Anna Alekszi-Kasz\u00e1s, Andr\u00e1s Simon, Gitta Z. Schlosser, P\u00e9ter Nemes, Tam\u00e1s R. Varga:\u00a0 Synthesis of 2-aryl-1,2,4-triazol-3-one derivatives from beta-nitroenamines,\u00a0 <em>Synth. Comm.<\/em><strong>2021<\/strong>, 51, 1956-1962.<\/td> <\/tr> <tr style=\"height: 24px;\"> <td style=\"width: 21.0167px; height: 24px; text-align: center;\">10.<\/td> <td style=\"width: 947.183px; height: 24px; text-align: center;\">Mih\u00e1ly V. Pilipecz, Tam\u00e1s R. Varga, Zolt\u00e1n Mucsi, P\u00e9ter Nemes, P\u00e1l Scheiber:\u00a0 New Synthetic Concepts toward Pyrrolizidines and Indolizidines,\u00a0 <em>20<sup>th<\/sup> International Congress on Heterocyclic Chemistry: Book of Abstacts<\/em>, <strong>2005<\/strong>, p. 130.<\/td> <\/tr> <\/tbody> <\/table> <p>&nbsp;<\/p> <div> <p>&nbsp;<\/p> <p>Fogad\u00f3\u00f3ra:\u00a0 szerda 10:00-11:00<\/p> <\/div>","protected":false},"excerpt":{"rendered":"<p>Bemutatkoz\u00e1s\u00a0\u00a0 1978-ban sz\u00fclettem. A Szent L\u00e1szl\u00f3 gimn\u00e1zium ut\u00e1n az ELTE TTK-n elv\u00e9geztem a gy\u00f3gyszerkutat\u00f3i szakir\u00e1nyt, \u00e9s vegy\u00e9sz szakon szereztem diplom\u00e1t 2001-ben. 2001 szeptember\u00e9t\u0151l dolgozom a K\u00e9miai Tansz\u00e9ken. 2010-ben megszereztem az PhD fokozatot, illetve az egyetemi adjunktusi beoszt\u00e1st. Doktori munk\u00e1m t\u00e9m\u00e1ja v\u00e1ltozatos nitrog\u00e9ntartalm\u00fa heterociklusok szint\u00e9zise volt. Szabadid\u0151mben szeretek kir\u00e1ndulni, olvasni, f\u0151zni. F\u0151bb kutat\u00e1si ter\u00fcletek: Push-pull alk\u00e9nek<\/p>\n","protected":false},"author":5824,"featured_media":0,"parent":858,"menu_order":210,"comment_status":"closed","ping_status":"closed","template":"","meta":{"_acf_changed":false,"footnotes":""},"categories":[56],"tags":[],"class_list":["post-4495","page","type-page","status-publish","hentry","category-munkatarsak"],"acf":[],"_links":{"self":[{"href":"https:\/\/univet.hu\/hu\/wp-json\/wp\/v2\/pages\/4495","targetHints":{"allow":["GET"]}}],"collection":[{"href":"https:\/\/univet.hu\/hu\/wp-json\/wp\/v2\/pages"}],"about":[{"href":"https:\/\/univet.hu\/hu\/wp-json\/wp\/v2\/types\/page"}],"author":[{"embeddable":true,"href":"https:\/\/univet.hu\/hu\/wp-json\/wp\/v2\/users\/5824"}],"replies":[{"embeddable":true,"href":"https:\/\/univet.hu\/hu\/wp-json\/wp\/v2\/comments?post=4495"}],"version-history":[{"count":1,"href":"https:\/\/univet.hu\/hu\/wp-json\/wp\/v2\/pages\/4495\/revisions"}],"predecessor-version":[{"id":199556,"href":"https:\/\/univet.hu\/hu\/wp-json\/wp\/v2\/pages\/4495\/revisions\/199556"}],"up":[{"embeddable":true,"href":"https:\/\/univet.hu\/hu\/wp-json\/wp\/v2\/pages\/858"}],"wp:attachment":[{"href":"https:\/\/univet.hu\/hu\/wp-json\/wp\/v2\/media?parent=4495"}],"wp:term":[{"taxonomy":"category","embeddable":true,"href":"https:\/\/univet.hu\/hu\/wp-json\/wp\/v2\/categories?post=4495"},{"taxonomy":"post_tag","embeddable":true,"href":"https:\/\/univet.hu\/hu\/wp-json\/wp\/v2\/tags?post=4495"}],"curies":[{"name":"wp","href":"https:\/\/api.w.org\/{rel}","templated":true}]}}