{"id":4513,"date":"2016-08-02T15:04:00","date_gmt":"2016-08-02T13:04:00","guid":{"rendered":"http:\/\/univet.hu\/egyetem\/munkatarsak\/pop-renata\/"},"modified":"2026-02-10T04:02:19","modified_gmt":"2026-02-10T03:02:19","slug":"pop-renata","status":"publish","type":"page","link":"https:\/\/univet.hu\/hu\/egyetem\/munkatarsak\/pop-renata\/","title":{"rendered":"Pop Ren\u00e1ta"},"content":{"rendered":"<p style=\"text-align: center;\"><span style=\"font-size: 14pt;\"><strong><span class=\"TextRun SCXW132024456 BCX8\" lang=\"HU-HU\" xml:lang=\"HU-HU\" data-contrast=\"none\"><span class=\"NormalTextRun SCXW132024456 BCX8\">Bemutatkoz\u00e1s<\/span><\/span><\/strong><\/span><\/p> <p><span class=\"TextRun SCXW132024456 BCX8\" lang=\"HU-HU\" xml:lang=\"HU-HU\" data-contrast=\"none\"><span class=\"NormalTextRun SCXW132024456 BCX8\">Sz\u00f6vettani asszisztensk\u00e9nt <\/span><span class=\"NormalTextRun SCXW132024456 BCX8\">az \u00e9n feladatom a be\u00e9rkez\u0151 mint\u00e1kb\u00f3l metsz<\/span><span class=\"NormalTextRun SCXW132024456 BCX8\">e<\/span><span class=\"NormalTextRun SCXW132024456 BCX8\">teket k\u00e9sz\u00edteni, <\/span><span class=\"NormalTextRun SCXW132024456 BCX8\">k\u00fcl\u00f6nb\u00f6z\u0151 speci\u00e1lis<\/span><span class=\"NormalTextRun SCXW132024456 BCX8\"> \u00e9s <\/span><span class=\"NormalTextRun SCXW132024456 BCX8\">immunhisztok\u00e9mia <\/span><span class=\"NormalTextRun SCXW132024456 BCX8\">fest\u00e9sek alkalmaz\u00e1sa <\/span><span class=\"NormalTextRun SCXW132024456 BCX8\">metsz<\/span><span class=\"NormalTextRun SCXW132024456 BCX8\">e<\/span><span class=\"NormalTextRun SCXW132024456 BCX8\">tek<\/span><span class=\"NormalTextRun SCXW132024456 BCX8\">en<\/span><span class=\"NormalTextRun SCXW132024456 BCX8\">.<\/span><\/span><span class=\"EOP SCXW132024456 BCX8\" data-ccp-props=\"{&quot;201341983&quot;:0,&quot;335559739&quot;:160,&quot;335559740&quot;:240}\">\u00a0<\/span><\/p>","protected":false},"excerpt":{"rendered":"<p>Bemutatkoz\u00e1s Sz\u00f6vettani asszisztensk\u00e9nt az \u00e9n feladatom a be\u00e9rkez\u0151 mint\u00e1kb\u00f3l metszeteket k\u00e9sz\u00edteni, k\u00fcl\u00f6nb\u00f6z\u0151 speci\u00e1lis \u00e9s immunhisztok\u00e9mia fest\u00e9sek alkalmaz\u00e1sa metszeteken.\u00a0<\/p>\n","protected":false},"author":5824,"featured_media":0,"parent":858,"menu_order":211,"comment_status":"closed","ping_status":"closed","template":"","meta":{"_acf_changed":false,"footnotes":""},"categories":[56],"tags":[],"class_list":["post-4513","page","type-page","status-publish","hentry","category-munkatarsak"],"acf":[],"_links":{"self":[{"href":"https:\/\/univet.hu\/hu\/wp-json\/wp\/v2\/pages\/4513","targetHints":{"allow":["GET"]}}],"collection":[{"href":"https:\/\/univet.hu\/hu\/wp-json\/wp\/v2\/pages"}],"about":[{"href":"https:\/\/univet.hu\/hu\/wp-json\/wp\/v2\/types\/page"}],"author":[{"embeddable":true,"href":"https:\/\/univet.hu\/hu\/wp-json\/wp\/v2\/users\/5824"}],"replies":[{"embeddable":true,"href":"https:\/\/univet.hu\/hu\/wp-json\/wp\/v2\/comments?post=4513"}],"version-history":[{"count":1,"href":"https:\/\/univet.hu\/hu\/wp-json\/wp\/v2\/pages\/4513\/revisions"}],"predecessor-version":[{"id":199644,"href":"https:\/\/univet.hu\/hu\/wp-json\/wp\/v2\/pages\/4513\/revisions\/199644"}],"up":[{"embeddable":true,"href":"https:\/\/univet.hu\/hu\/wp-json\/wp\/v2\/pages\/858"}],"wp:attachment":[{"href":"https:\/\/univet.hu\/hu\/wp-json\/wp\/v2\/media?parent=4513"}],"wp:term":[{"taxonomy":"category","embeddable":true,"href":"https:\/\/univet.hu\/hu\/wp-json\/wp\/v2\/categories?post=4513"},{"taxonomy":"post_tag","embeddable":true,"href":"https:\/\/univet.hu\/hu\/wp-json\/wp\/v2\/tags?post=4513"}],"curies":[{"name":"wp","href":"https:\/\/api.w.org\/{rel}","templated":true}]}}