{"id":4519,"date":"2016-12-07T11:56:00","date_gmt":"2016-12-07T10:56:00","guid":{"rendered":"http:\/\/univet.hu\/egyetem\/munkatarsak\/psader-roland\/"},"modified":"2026-02-10T04:02:20","modified_gmt":"2026-02-10T03:02:20","slug":"psader-roland","status":"publish","type":"page","link":"https:\/\/univet.hu\/hu\/egyetem\/munkatarsak\/psader-roland\/","title":{"rendered":"Ps\u00e1der Roland"},"content":{"rendered":"<p style=\"text-align: center\"><strong><span style=\"font-size: 14pt\">Bemutatkoz\u00e1s<\/span> <\/strong><\/p> <p>2000-ben szerzett \u00e1llatorvos-doktor diplom\u00e1t a Szent Istv\u00e1n Egyetem \u00c1llatorvos-tudom\u00e1nyi Kar\u00e1n. 2001 \u00f3ta az \u00c1llatorvostudom\u00e1nyi Egyetem (akkor m\u00e9g SZIE \u00c1llatorvos-tudom\u00e1nyi Kar) Belgy\u00f3gy\u00e1szati Tansz\u00e9k\u00e9nek munkat\u00e1rsa, 2003 \u00f3ta foglalkozik kuty\u00e1k \u00e9s macsk\u00e1k l\u00e9g\u00fati-, h\u00fagy\u00fati- \u00e9s gasztrointesztin\u00e1lis endoszk\u00f3pos vizsg\u00e1lataival. 2006-ban kis\u00e1llatgy\u00f3gy\u00e1sz szak\u00e1llatorvos diplom\u00e1t, 2014-ben PhD fokozatot szerzett, 2020-ban habilit\u00e1lt. 2006 \u00f3ta az Endoszk\u00f3p Laborat\u00f3rium vezet\u0151je, 2020 \u00f3ta a M\u0171szeres Diagnosztikai Oszt\u00e1ly oszt\u00e1lyvezet\u0151je, beoszt\u00e1sa egyetemi docens.<\/p> <p>Szakter\u00fclet:<br \/> kutya, macska belgy\u00f3gy\u00e1szat, gasztrointesztin\u00e1lis-, l\u00e9g\u00fati- \u00e9s h\u00fagy\u00fati endoszk\u00f3pia, respiratol\u00f3gia, gasztroenterol\u00f3gia<\/p> <p>Tanulm\u00e1nyutak:<br \/> 2003 B\u00e9csi \u00c1llatorvos-tudom\u00e1nyi Egyetem, Ausztria, Belgy\u00f3gy\u00e1szati Klinika (belgy\u00f3gy\u00e1szat, endoszk\u00f3pia)<br \/> 2005 Olaszorsz\u00e1g, endoszk\u00f3pia (respiratol\u00f3gia, gasztroenterol\u00f3gia)<br \/> 2006 Helsinki Egyetem \u00c1llatorvos-tudom\u00e1nyi Kar, Finnorsz\u00e1g (gasztroenterol\u00f3gia, endoszk\u00f3pia)<br \/> 2010 Justus-Liebig Egyetem Giessen, N\u00e9metorsz\u00e1g ESAVS Halad\u00f3 flexibilis endoszk\u00f3p kurzus<br \/> 2014 Texas A&amp;M University, USA (endoszk\u00f3pia, gasztroenterol\u00f3gia, respiratol\u00f3gia)<\/p> <p><strong>F\u0151bb kutat\u00e1si ter\u00fcletek: <\/strong><\/p> <ul> <li>\u00c1llatorvosi endoszk\u00f3pia<\/li> <li>Gasztroenterol\u00f3gia<\/li> <li>Respiratol\u00f3gia<\/li> <\/ul> <p><strong>Szakmai szervezeti tags\u00e1g:<\/strong><\/p> <p>&nbsp;<\/p> <table style=\"height: 305px\" width=\"757\"> <tbody> <tr style=\"height: 56px\"> <td style=\"width: 386.517px;height: 56px;text-align: center\"><strong>Bizotts\u00e1g neve<\/strong><\/td> <td style=\"width: 91.1333px;height: 56px;text-align: center\"><strong>Id\u0151<\/strong><\/td> <td style=\"width: 257.35px;height: 56px;text-align: center\"><strong>Tiszts\u00e9g<\/strong><\/td> <\/tr> <tr style=\"height: 25px\"> <td style=\"width: 386.517px;height: 25px;text-align: center\">European Society of Comparative Gastroenterology<\/td> <td style=\"width: 91.1333px;height: 25px;text-align: center\">2016-<\/td> <td style=\"width: 257.35px;height: 25px;text-align: center\">tag<\/td> <\/tr> <tr style=\"height: 56px\"> <td style=\"width: 386.517px;height: 56px;text-align: center\">\u00c1llatorvostudom\u00e1nyi Egyetem Szen\u00e1tusa<\/td> <td style=\"width: 91.1333px;height: 56px;text-align: center\">2024-<\/td> <td style=\"width: 257.35px;height: 56px;text-align: center\">tag<\/td> <\/tr> <tr style=\"height: 56px\"> <td style=\"width: 386.517px;height: 56px;text-align: center\">\u00c1TE Doktori Iskola<\/td> <td style=\"width: 91.1333px;height: 56px;text-align: center\">2019-<\/td> <td style=\"width: 257.35px;height: 56px;text-align: center\">tag<\/td> <\/tr> <tr style=\"height: 56px\"> <td style=\"width: 386.517px;height: 56px;text-align: center\">M\u00c1OK Orsz\u00e1gos Specialista Bizotts\u00e1g<\/td> <td style=\"width: 91.1333px;height: 56px;text-align: center\">2022-<\/td> <td style=\"width: 257.35px;height: 56px;text-align: center\">tag<\/td> <\/tr> <tr style=\"height: 56px\"> <td style=\"width: 386.517px;height: 56px;text-align: center\">\u00c1TE Proof of Concept (POC) Bizotts\u00e1g<\/td> <td style=\"width: 91.1333px;height: 56px;text-align: center\">2022-<\/td> <td style=\"width: 257.35px;height: 56px;text-align: center\">tag<\/td> <\/tr> <tr style=\"height: 56px\"> <td style=\"width: 386.517px;height: 56px;text-align: center\">\u00c1TE Innov\u00e1ci\u00f3s Test\u00fclet<\/td> <td style=\"width: 91.1333px;height: 56px;text-align: center\">2024-<\/td> <td style=\"width: 257.35px;height: 56px;text-align: center\">tag<\/td> <\/tr> <\/tbody> <\/table> <p><strong>Eddigi szakdolgozat\/TDK hallgat\u00f3k sz\u00e1ma<\/strong><\/p> <p>11<\/p> <table style=\"height: 76px\" width=\"569\"> <tbody> <tr style=\"height: 10px\"> <td style=\"height: 10px;width: 559px\" colspan=\"2\">\u00a0<strong>PhD-hallgat\u00f3k<\/strong><\/td> <\/tr> <tr style=\"height: 10px\"> <td style=\"height: 10px;width: 273.1px\">M\u00f3zes Borb\u00e1la<\/td> <td style=\"height: 10px;width: 279.9px\">hallgat\u00f3<\/td> <\/tr> <tr style=\"height: 56px\"> <td style=\"height: 56px;width: 273.1px\">M\u00f3ritz Alma Vir\u00e1g<\/td> <td style=\"height: 56px;width: 279.9px\">hallgat\u00f3<\/td> <\/tr> <tr style=\"height: 56px\"> <td style=\"height: 56px;width: 273.1px\">Langer M\u00e1rk<\/td> <td style=\"height: 56px;width: 279.9px\">hallgat\u00f3<\/td> <\/tr> <\/tbody> <\/table> <p>&nbsp;<\/p> <p><strong>Publik\u00e1ci\u00f3s lista (Top10)<\/strong><strong>\u00a0<\/strong><\/p> <p>1.)\u00a0\u00a0\u00a0\u00a0\u00a0\u00a0 A teljes publik\u00e1ci\u00f3s tev\u00e9kenys\u00e9g\u00e9nek el\u00e9rhet\u0151s\u00e9ge (MTMT link): <a href=\"https:\/\/m2.mtmt.hu\/gui2\/?type=authors&amp;mode=browse&amp;sel=10023191\">https:\/\/m2.mtmt.hu\/gui2\/?type=authors&amp;mode=browse&amp;sel=10023191<\/a><\/p> <p>2.)\u00a0\u00a0\u00a0\u00a0\u00a0\u00a0 Tudom\u00e1nyos munk\u00e1ss\u00e1g\u00e1t legink\u00e1bb reprezent\u00e1l\u00f3 <em>10 k\u00f6zlem\u00e9ny:<\/em><\/p> <table style=\"height: 1461px\" width=\"992\"> <tbody> <tr style=\"height: 10px\"> <td style=\"height: 10px;width: 33.8833px\"><em>\u00a0<\/em><\/td> <td style=\"height: 10px;width: 582.25px\"><em>Szerz\u0151(k), c\u00edm, megjelen\u00e9s helye<\/em><\/td> <td style=\"height: 10px;width: 95.3167px\"><em>dokumentum t\u00edpusa:<\/em><\/td> <td style=\"height: 10px;width: 84.5167px\"><em>megjelen\u00e9s \u00e9ve<\/em><\/td> <td style=\"height: 10px;width: 64.1667px\"><em>IF:<\/em><\/td> <td style=\"height: 10px;width: 91.8667px\"><em>f\u00fcggetlen id\u00e9z\u0151k sz\u00e1ma:<\/em><\/td> <\/tr> <tr style=\"height: 83px\"> <td style=\"height: 83px;width: 33.8833px\">1.<\/td> <td style=\"height: 83px;width: 582.25px\"> <p>Vajdovich P, Ps\u00e1der R, T\u00f3th ZA, Perge E<\/p> <p>Use of the argyrophilic nucleolar region method for cytologic and histologic examination of the lymph nodes in dogs<\/p> <p>Vet. Pathol., 41(4): 338-45<\/td> <td style=\"height: 83px;width: 95.3167px\">foly\u00f3iratcikk<\/td> <td style=\"height: 83px;width: 84.5167px\">2004<\/td> <td style=\"height: 83px;width: 64.1667px\">1,194<\/td> <td style=\"height: 83px;width: 91.8667px\">5<\/td> <\/tr> <tr style=\"height: 160px\"> <td style=\"height: 160px;width: 33.8833px\">2.<\/td> <td style=\"height: 160px;width: 582.25px\"> <p>Ps\u00e1der R, Mih\u00e1lffy \u00c9, N\u00e9meth T<\/p> <p>Kutya f\u00e9loldali g\u00e9geb\u00e9nul\u00e1s\u00e1nak \u00e9s m\u00e1sodlagos g\u00e9gekollapszus\u00e1nak endoszk\u00f3pos diagnosztik\u00e1ja \u00e9s m\u0171t\u00e9ti megold\u00e1sa<\/p> <p>Magyar \u00c1llatorvosok Lapja, 128(8): 451-458<\/td> <td style=\"height: 160px;width: 95.3167px\">foly\u00f3iratcikk<\/td> <td style=\"height: 160px;width: 84.5167px\">2006<\/td> <td style=\"height: 160px;width: 64.1667px\">0,155<\/td> <td style=\"height: 160px;width: 91.8667px\"><\/td> <\/tr> <tr style=\"height: 160px\"> <td style=\"height: 160px;width: 33.8833px\">3.<\/td> <td style=\"height: 160px;width: 582.25px\"> <p>Jakab Cs, Szentg\u00e1li Zs, Ps\u00e1der R, Sz\u00e1sz MA, Rusvai M, G\u00e1lfi P, ifj. Horv\u00e1th L, Horv\u00e1th \u00c1<\/p> <p>Kutya laryngealis chondrolipom\u00e1ja. Esetismertet\u00e9s.<\/p> <p>Magyar \u00c1llatorvosok Lapja, 130(12): 733-740<\/td> <td style=\"height: 160px;width: 95.3167px\">foly\u00f3iratcikk<\/td> <td style=\"height: 160px;width: 84.5167px\">2008<\/td> <td style=\"height: 160px;width: 64.1667px\">0,088<\/td> <td style=\"height: 160px;width: 91.8667px\"><\/td> <\/tr> <tr style=\"height: 160px\"> <td style=\"height: 160px;width: 33.8833px\">4.<\/td> <td style=\"height: 160px;width: 582.25px\"> <p>Papa K, Psader R, Sterczer A, Pap A, Rinkinen M, Spillmann T<\/p> <p>Endoscopically guided nasojejunal tube placement in dogs for short-term postduodenal feeding<\/p> <p>J. Vet. Emerg. Crit. Care (San Antonio), 16(6): 554-563<\/td> <td style=\"height: 160px;width: 95.3167px\">foly\u00f3iratcikk<\/td> <td style=\"height: 160px;width: 84.5167px\">2009<\/td> <td style=\"height: 160px;width: 64.1667px\">0,693<\/td> <td style=\"height: 160px;width: 91.8667px\">8<\/td> <\/tr> <tr style=\"height: 136px\"> <td style=\"height: 136px;width: 33.8833px\">5.<\/td> <td style=\"height: 136px;width: 582.25px\"> <p>Ps\u00e1der R, Sterczer \u00c1, P\u00e1pa K, Harnos A, Szilv\u00e1si V, Pap \u00c1<\/p> <p>Effect of enteral feeding on gallbladder function in dogs<\/p> <p>Acta Vet. Hung., 60(2): 211-222<\/td> <td style=\"height: 136px;width: 95.3167px\">foly\u00f3iratcikk<\/td> <td style=\"height: 136px;width: 84.5167px\">2012<\/td> <td style=\"height: 136px;width: 64.1667px\">1,173<\/td> <td style=\"height: 136px;width: 91.8667px\"> <p>1<\/p> <p>&nbsp;<\/td> <\/tr> <tr style=\"height: 160px\"> <td style=\"height: 160px;width: 33.8833px\">6.<\/td> <td style=\"height: 160px;width: 582.25px\"> <p>Ps\u00e1der R, P\u00e1pa K, H\u0151nich E, Harnos A, Jakab Cs, Sterczer \u00c1<\/p> <p>Kuty\u00e1k endoszk\u00f3pos m\u00f3dszerrel vett gyomorbiopt\u00e1tumainak retrospekt\u00edv vizsg\u00e1lata<\/p> <p>Magyar \u00c1llatorvosok Lapja, 134(9): 537-548<\/td> <td style=\"height: 160px;width: 95.3167px\">foly\u00f3iratcikk<\/td> <td style=\"height: 160px;width: 84.5167px\">2012<\/td> <td style=\"height: 160px;width: 64.1667px\">0,146<\/td> <td style=\"height: 160px;width: 91.8667px\">1<\/td> <\/tr> <tr style=\"height: 136px\"> <td style=\"height: 136px;width: 33.8833px\">7.<\/td> <td style=\"height: 136px;width: 582.25px\"> <p>Ps\u00e1der R, Jakab Cs, M\u00e1th\u00e9 A, Balka Gy, P\u00e1pa K, Sterczer \u00c1<\/p> <p>Expression of claudins in the normal canine gastric mucosa<\/p> <p>Acta Vet. Hung., 62(1): 13-21.<\/td> <td style=\"height: 136px;width: 95.3167px\">foly\u00f3iratcikk<\/td> <td style=\"height: 136px;width: 84.5167px\">2014<\/td> <td style=\"height: 136px;width: 64.1667px\">0,646<\/td> <td style=\"height: 136px;width: 91.8667px\"> <p>4<\/p> <p>&nbsp;<\/td> <\/tr> <tr style=\"height: 160px\"> <td style=\"height: 160px;width: 33.8833px\">8.<\/td> <td style=\"height: 160px;width: 582.25px\"> <p><a href=\"https:\/\/m2.mtmt.hu\/gui2\/?type=authors&amp;mode=browse&amp;sel=10023177\">Cs\u00f6ndes J<\/a>, <a href=\"https:\/\/m2.mtmt.hu\/gui2\/?type=authors&amp;mode=browse&amp;sel=10022991\">Majoros G<\/a>,\u00a0<a href=\"https:\/\/m2.mtmt.hu\/gui2\/?type=authors&amp;mode=browse&amp;sel=10023191\">Ps\u00e1der R<\/a>, Lajos Z, <a href=\"https:\/\/m2.mtmt.hu\/gui2\/?type=authors&amp;mode=browse&amp;sel=10002413\">Manczur F<\/a>, <a href=\"https:\/\/m2.mtmt.hu\/gui2\/?type=authors&amp;mode=browse&amp;sel=10023187\">M\u00e1th\u00e9 \u00c1<\/a>, <a href=\"https:\/\/m2.mtmt.hu\/gui2\/?type=authors&amp;mode=browse&amp;sel=10002293\">Vajdovich P<\/a><\/p> <p><a href=\"https:\/\/m2.mtmt.hu\/gui2\/?mode=browse&amp;params=publication;2829618\">Angiostrongylosis-related restrictive pneumopathy assessed by arterial blood gas analysis in a dog<\/a><\/p> <p>Acta Vet. Hung., 63(1): 16-29.<\/td> <td style=\"height: 160px;width: 95.3167px\">foly\u00f3iratcikk<\/td> <td style=\"height: 160px;width: 84.5167px\">2015<\/td> <td style=\"height: 160px;width: 64.1667px\">0,871<\/td> <td style=\"height: 160px;width: 91.8667px\">2<\/td> <\/tr> <tr style=\"height: 160px\"> <td style=\"height: 160px;width: 33.8833px\">9.<\/td> <td style=\"height: 160px;width: 582.25px\"> <p>Psader R, Balogh M, Papa K, Sterczer A, Lukacs Z, Harnos A<\/p> <p>Occurrence of Spirocerca lupi Infection in Hungarian Dogs Referred for Gastroscopy<\/p> <p>Parasitol. Res., 116(1): S99-S107<\/td> <td style=\"height: 160px;width: 95.3167px\">foly\u00f3iratcikk<\/td> <td style=\"height: 160px;width: 84.5167px\">2017<\/td> <td style=\"height: 160px;width: 64.1667px\">2,558<\/td> <td style=\"height: 160px;width: 91.8667px\">27<\/td> <\/tr> <tr style=\"height: 136px\"> <td style=\"height: 136px;width: 33.8833px\">10.<\/td> <td style=\"height: 136px;width: 582.25px\"> <p>Balogh \u00c9, Lajos Z, Ps\u00e1der R, K\u00e1rp\u00e1ti D<\/p> <p>Kuty\u00e1k l\u00e9g\u00fati mint\u00e1inak bakteriol\u00f3giai \u00e9s antibiotikum\u00e9rz\u00e9kenys\u00e9gi vizsg\u00e1lata<\/p> <p>Magyar \u00c1llatorvosok Lapja, 141(6): 363-372<\/td> <td style=\"height: 136px;width: 95.3167px\">foly\u00f3iratcikk<\/td> <td style=\"height: 136px;width: 84.5167px\">2019<\/td> <td style=\"height: 136px;width: 64.1667px\">0,143<\/td> <td style=\"height: 136px;width: 91.8667px\"><\/td> <\/tr> <\/tbody> <\/table> <p>&nbsp;<\/p>","protected":false},"excerpt":{"rendered":"<p>Bemutatkoz\u00e1s 2000-ben szerzett \u00e1llatorvos-doktor diplom\u00e1t a Szent Istv\u00e1n Egyetem \u00c1llatorvos-tudom\u00e1nyi Kar\u00e1n. 2001 \u00f3ta az \u00c1llatorvostudom\u00e1nyi Egyetem (akkor m\u00e9g SZIE \u00c1llatorvos-tudom\u00e1nyi Kar) Belgy\u00f3gy\u00e1szati Tansz\u00e9k\u00e9nek munkat\u00e1rsa, 2003 \u00f3ta foglalkozik kuty\u00e1k \u00e9s macsk\u00e1k l\u00e9g\u00fati-, h\u00fagy\u00fati- \u00e9s gasztrointesztin\u00e1lis endoszk\u00f3pos vizsg\u00e1lataival. 2006-ban kis\u00e1llatgy\u00f3gy\u00e1sz szak\u00e1llatorvos diplom\u00e1t, 2014-ben PhD fokozatot szerzett, 2020-ban habilit\u00e1lt. 2006 \u00f3ta az Endoszk\u00f3p Laborat\u00f3rium vezet\u0151je, 2020 \u00f3ta a<\/p>\n","protected":false},"author":5824,"featured_media":0,"parent":858,"menu_order":211,"comment_status":"closed","ping_status":"closed","template":"","meta":{"_acf_changed":false,"footnotes":""},"categories":[56],"tags":[],"class_list":["post-4519","page","type-page","status-publish","hentry","category-munkatarsak"],"acf":[],"_links":{"self":[{"href":"https:\/\/univet.hu\/hu\/wp-json\/wp\/v2\/pages\/4519","targetHints":{"allow":["GET"]}}],"collection":[{"href":"https:\/\/univet.hu\/hu\/wp-json\/wp\/v2\/pages"}],"about":[{"href":"https:\/\/univet.hu\/hu\/wp-json\/wp\/v2\/types\/page"}],"author":[{"embeddable":true,"href":"https:\/\/univet.hu\/hu\/wp-json\/wp\/v2\/users\/5824"}],"replies":[{"embeddable":true,"href":"https:\/\/univet.hu\/hu\/wp-json\/wp\/v2\/comments?post=4519"}],"version-history":[{"count":1,"href":"https:\/\/univet.hu\/hu\/wp-json\/wp\/v2\/pages\/4519\/revisions"}],"predecessor-version":[{"id":175698,"href":"https:\/\/univet.hu\/hu\/wp-json\/wp\/v2\/pages\/4519\/revisions\/175698"}],"up":[{"embeddable":true,"href":"https:\/\/univet.hu\/hu\/wp-json\/wp\/v2\/pages\/858"}],"wp:attachment":[{"href":"https:\/\/univet.hu\/hu\/wp-json\/wp\/v2\/media?parent=4519"}],"wp:term":[{"taxonomy":"category","embeddable":true,"href":"https:\/\/univet.hu\/hu\/wp-json\/wp\/v2\/categories?post=4519"},{"taxonomy":"post_tag","embeddable":true,"href":"https:\/\/univet.hu\/hu\/wp-json\/wp\/v2\/tags?post=4519"}],"curies":[{"name":"wp","href":"https:\/\/api.w.org\/{rel}","templated":true}]}}