{"id":4522,"date":"2016-10-17T11:25:00","date_gmt":"2016-10-17T09:25:00","guid":{"rendered":"http:\/\/univet.hu\/egyetem\/munkatarsak\/racz-bence\/"},"modified":"2026-03-27T14:01:46","modified_gmt":"2026-03-27T13:01:46","slug":"racz-bence","status":"publish","type":"page","link":"https:\/\/univet.hu\/hu\/egyetem\/munkatarsak\/racz-bence\/","title":{"rendered":"R\u00e1cz Bence"},"content":{"rendered":"<p>Fogad\u00f3\u00f3ra: oktat\u00e1si id\u0151szakban minden kedden 09:00-10:00<\/p> <h2>Bemutatkoz\u00e1s<\/h2> <div> <h2><a name=\"_Toc87348165\"><\/a><span style=\"font-size: 14pt\">Iskolai v\u00e9gzetts\u00e9g<\/span><\/h2> <ul> <li>1999-2003 \u00a0\u00a0\u00a0 Szent Istv\u00e1n Egyetem, \u00c1llatorvos-tudom\u00e1nyi Kar (SZIE-\u00c1OTK), Budapest, Doktori Iskola (PhD)<\/li> <li>1999-2002 \u00a0\u00a0\u00a0 Szegedi Tudom\u00e1nyegyetem, Juh\u00e1sz Gyula Tan\u00e1rk\u00e9pz\u0151 F\u0151iskolai Kar (SZTE-JGYTF), Szeged<\/li> <li>1993-1998 \u00a0\u00a0\u00a0 J\u00f3zsef Attila Tudom\u00e1nyegyetem, Szeged<\/li> <li>1989-1993 \u00a0\u00a0\u00a0 II. R\u00e1k\u00f3czi Ferenc Gimn\u00e1zium, Budapest<\/li> <\/ul> <h2><a name=\"_Toc87348166\"><\/a><span style=\"font-size: 14pt\">Diplom\u00e1k<\/span><\/h2> <ul> <li>2025\u00a0 \u00a0MTA Doktora<\/li> <li>2013\u00a0\u00a0 Habilit\u00e1ci\u00f3 SZIE-\u00c1OTK<\/li> <li>2003 \u00a0 Doktori (PhD) Diploma, SZIE-\u00c1OTK<\/li> <li>2002 \u00a0 SZTE-JGYTF, Szeged, Angol szak<\/li> <li>1998 \u00a0 J\u00f3zsef Attila Tudom\u00e1nyegyetem, TTK, Biol\u00f3gia szak<\/li> <\/ul> <p><span style=\"font-size: 14pt\"><strong>Munkahelyek<\/strong><\/span><\/p> <ul> <li>2022 &#8211;\u00a0 \u00a0 \u00a0 \u00a0 \u00a0 \u00a0 \u00a0<strong>egyetemi tan\u00e1r<\/strong>, \u00c1llatorvostudom\u00e1nyi Egyetem,\u00a0Anat\u00f3miai \u00e9s Sz\u00f6vettani Tansz\u00e9k<\/li> <li>2016-\u00a0 \u00a0 \u00a0 \u00a0 \u00a0 \u00a0 \u00a0\u00a0<strong>tansz\u00e9kvezet\u0151-helyettes<\/strong>, \u00c1llatorvostudom\u00e1nyi Egyetem, Anat\u00f3miai \u00e9s Sz\u00f6vettani Tansz\u00e9k<\/li> <li>2013 &#8211; 2022\u00a0 \u00a0<strong>egyetemi docens<\/strong>, Szent Istv\u00e1n Egyetem, \u00c1llatorvostudom\u00e1nyi Kar, Egyetem, Anat\u00f3miai \u00e9s Sz\u00f6vettani Tansz\u00e9k<\/li> <li>2009 \u2013 2013\u00a0\u00a0<strong>egyetemi adjunktus<\/strong>, Szent Istv\u00e1n Egyetem, \u00c1llatorvostudom\u00e1nyi Kar, Anat\u00f3miai \u00e9s Sz\u00f6vettani Tansz\u00e9k<\/li> <li>2006 \u2013 2009 <strong>posztdoktor kutat\u00f3<\/strong>, Szent Istv\u00e1n Egyetem, \u00c1llatorvostudom\u00e1nyi Kar, Anat\u00f3miai \u00e9s Sz\u00f6vettani Tansz\u00e9k<\/li> <li>2002 \u2013 2005 <strong>postdoctoral research fellow<\/strong> \u2013 School of Medicine, University of North Carolina at Chapel Hill, USA<\/li> <li>2001 \u2013 2002 <strong>oktat\u00f3<\/strong>, Szent Istv\u00e1n Egyetem, \u00c1llatorvostudom\u00e1nyi Kar, Anat\u00f3miai \u00e9s Sz\u00f6vettani Tansz\u00e9k, Budapest<\/li> <li>1999-2001 \u00a0\u00a0\u00a0 <strong>doktorandusz<\/strong>, Szent Istv\u00e1n Egyetem, \u00c1llatorvostudom\u00e1nyi Kar, Anat\u00f3miai \u00e9s Sz\u00f6vettani Tansz\u00e9k, Budapest<\/li> <\/ul> <\/div> <h2>Tev\u00e9kenys\u00e9g<\/h2> <p><strong>Oktatott tant\u00e1rgyak<\/strong><\/p> <ul> <li>Biol\u00f3gia<\/li> <li>Bevezet\u00e9s a biol\u00f3gi\u00e1ba<\/li> <li>\u00c1llatorvosi sz\u00f6vettan 1.<\/li> <li>\u00c1llatorvosi sz\u00f6vettan 2.<\/li> <li>Mikroszk\u00f3pos anat\u00f3mia<\/li> <\/ul> <h2><a name=\"_Toc87348168\"><\/a><span style=\"font-size: 14pt\">Kutat\u00e1si ter\u00fclet<\/span><\/h2> <ul> <li>1997-2002 \u00a0\u00a0\u00a0 Az opioid peptidek \u00e9s a GABAerg interneuronok szerepe a r\u00e1gcs\u00e1l\u00f3 hippocampusban<\/li> <li>2003- A glutam\u00e1terg neurotarnszmisszi\u00f3 struktur\u00e1lis alapjai, a szinaptikus kapcsolatok norm\u00e1l \u00e9s k\u00f3ros szerkezete a r\u00e1gcs\u00e1l\u00f3 k\u00f6zponti idegrendszerben<\/li> <li>2016- A hypothalamicus melanocortin rendszer m\u0171k\u00f6d\u00e9s\u00e9nek szerkezeti \u00e9s funkcion\u00e1lis alapjai<\/li> <\/ul> <p><span style=\"font-size: 14pt\"><strong>Tanulm\u00e1nyutak<\/strong><\/span><\/p> <div> <ul> <li>2000\u00a0\u00a0 IBRO Ny\u00e1ri iskola, Tihany, Magyarorsz\u00e1g, \u201c<em>Functional anatomy and evolution of complex integrative centres of the CNS: approaches and facts<\/em>\u201d<\/li> <li>2001\u00a0\u00a0 FENS\/IBRO Ny\u00e1ri iskola, Sulejow, Lengyelorsz\u00e1g, \u201c<em>Receptor Activation and beyond<\/em>\u201d<\/li> <li>2001\u00a0\u00a0 FENS\/IBRO T\u00e9li iskola, Kitzb\u00fchel, Ausztria, \u201c<em>Structure and Formation of neuronal representation<\/em>\u201d<\/li> <li>2008\u00a0\u00a0 PENS Ny\u00e1ri iskola, Bordeaux, Franciaorsz\u00e1g, <em>\u201cMechanisms and development of synaptic transmission: from receptors to networks\u201d <\/em><\/li> <li><span style=\"margin: 0px;padding: 0px\">2010\u00a0 \u00a0M\u00d6B Olasz Kutat\u00f3i \u00d6szt\u00f6nd\u00edj \u2013\u00a0<em>Universit\u00e0 Politecnica delle Marche \u2013 Dipartimento di Neuroscienze, Facolt\u00e0 di Medicina e Chirurgia, Sezione Fiziologia<\/em>, Ancona, Fiorenzo Conti Laborat\u00f3rium (10 nap)<\/span><\/li> <li>2010\u00a0\u00a0 Visiting researcher \u2013 <em>University of North Carolina at Chapel Hill<\/em>, USA, Richard Weinberg laborat\u00f3riuma (1,5 h\u00f3nap)<\/li> <\/ul> <p><span style=\"font-size: 14pt\"><strong>Tags\u00e1g tudom\u00e1nyos t\u00e1rsas\u00e1gokban:<\/strong><\/span><\/p> <ul> <li>Magyar Anat\u00f3mus T\u00e1rsas\u00e1g \u2013 eln\u00f6ks\u00e9gi tag 2013-2019; fel\u00fcgyel\u0151bizotts\u00e1gi tag 2020-<\/li> <li>Magyar Idegtudom\u00e1nyi T\u00e1rsas\u00e1g \u2013 tag 1998-<\/li> <li>International Brain Research Organization (IBRO) \u2013 tag 1999-<\/li> <li>Society for Neuroscience \u2013 tag 2002-<\/li> <li>Cajal Club \u2013 tag 2002-<\/li> <li>Molecular and Cellular Cognition Society \u2013 tag 2003-<\/li> <li>Magyar Mikroszk\u00f3pos T\u00e1rsas\u00e1g \u2013 tag 2009-<\/li> <\/ul> <p><span style=\"font-size: 14pt\"><strong>Elnyert d\u00edjak, kit\u00fcntet\u00e9sek:<\/strong><\/span><\/p> <ul> <li>2006 \u00a0 OTKA posztdoktori kutat\u00f3i \u00f6szt\u00f6nd\u00edj<\/li> <li>2009 \u00a0 Elektronmikroszk\u00f3pos d\u00edj, \u00e9lettudom\u00e1nyi kateg\u00f3ria \u2013 Magyar Mikroszk\u00f3pos T\u00e1rsas\u00e1g<\/li> <li>2009 \u00a0 Lenhoss\u00e9k Mih\u00e1ly Eml\u00e9k\u00e9rem \u2013 Magyar Anat\u00f3mus T\u00e1rsas\u00e1g<\/li> <li>2010\u00a0\u00a0 M\u00d6B Olasz Kutat\u00f3i \u00d6szt\u00f6nd\u00edj \u2013 Balassi Int\u00e9zet\/Olaszorsz\u00e1g K\u00fcl\u00fcgyminiszt\u00e9riuma<\/li> <li>2011 \u00a0 Boyai J\u00e1nos Kutat\u00f3i \u00d6szt\u00f6nd\u00edj \u2013 Magyar Tudom\u00e1nyos Akad\u00e9mia<\/li> <li>2013\u00a0\u00a0 Kutat\u00f3kari Kiv\u00e1l\u00f3s\u00e1gi Publik\u00e1ci\u00f3s D\u00edj \u2013 Szent Istv\u00e1n Egyetem, \u00c1OTK d\u00e9k\u00e1n<\/li> <li>2015 \u00a0 Prof. Dr. Csillik Bertalan D\u00edj \u2013 Magyar Anat\u00f3mus T\u00e1rsas\u00e1g<\/li> <li>2015\u00a0\u00a0 Kutat\u00f3kari Kiv\u00e1l\u00f3s\u00e1gi Publik\u00e1ci\u00f3s D\u00edj \u2013 Szent Istv\u00e1n Egyetem, \u00c1OTK d\u00e9k\u00e1n<\/li> <li>2015\u00a0\u00a0 Elismer\u0151 oklev\u00e9l kiemelked\u0151 munk\u00e1\u00e9rt &#8211; MTA Bolyai Kurat\u00f3rium<\/li> <li>2016 \u00a0 Bolyai J\u00e1nos Kutat\u00f3i \u00d6szt\u00f6nd\u00edj \u2013 Magyar Tudom\u00e1nyos Akad\u00e9mia<\/li> <li>2018 \u00a0 \u00daNKP Bolyai+ \u00d6szt\u00f6nd\u00edj \u2013 Emberi Er\u0151forr\u00e1sok Miniszt\u00e9riuma<\/li> <li>2020 \u00a0 Pro Universitate Arany\u00e9rem \u2013 \u00c1llatorvostudom\u00e1nyi Egyetem Rektora<\/li> <li>2025 Szent Gy\u00f6rgyi Albert D\u00edj &#8211; Kultur\u00e1lis \u00e9s Innov\u00e1ci\u00f3s Miniszter<\/li> <\/ul> <p><span style=\"font-size: 14pt\"><strong>Nemzetk\u00f6zi kapcsolatok<\/strong><\/span><\/p> <p>Frank MADEO (University of Graz) &#8211; A polyaminok k\u00f6zponti idegrendszeri hat\u00e1sa<\/p> <p>Richard WEINBERG (University of North Carolina at Chapel Hill, NC, USA) &#8211; A serkent\u0151 szinaptikus kapcsolatok elektronmikroszk\u00f3pos szerkezete<\/p> <p>Scott SODERLING (Duke University, NC, USA) &#8211; K\u00f3ros agym\u0171k\u00f6d\u00e9sek \u00e9s ment\u00e1lis zavarok neuroanat\u00f3miai h\u00e1ttere<\/p> <p>Tam\u00e1s HORV\u00c1TH (Yale University, CT, New Haven, USA) Energiah\u00e1ztart\u00e1s \u00e9s a hippokamp\u00e1lis funkci\u00f3k kapcsolat\u00e1nak elektronmikroszk\u00f3pos vizsg\u00e1lata<\/p> <\/div> <p>&nbsp;<\/p> <p><span style=\"font-size: 14pt\"><strong>Elnyert tudom\u00e1nyos kutat\u00e1si p\u00e1ly\u00e1zatok \u2013 r\u00e9sztvev\u0151 kutat\u00f3k\u00e9nt<\/strong><\/span><\/p> <div> <p>2003 <strong>OTKA<\/strong> 43170 <em>A GABAerg \u00e9s peptiderg rendszerek k\u00f6lcs\u00f6nhat\u00e1sainak morfol\u00f3giai alapjai a patk\u00e1ny agy lateralis septum\u00e1ban<\/em>; szerep: r\u00e9sztvev\u0151 kutat\u00f3<\/p> <p>2017 <strong>EFOP<\/strong>-3.6.1-16-2016-00024 <em>Intelligens szakosod\u00e1st szolg\u00e1l\u00f3 fejleszt\u00e9sek az \u00c1llatorvostudom\u00e1nyi Egyetem \u00e9s a Sz\u00e9chenyi Istv\u00e1n Egyetem Mez\u0151gazdas\u00e1g- \u00e9s \u00c9lelmiszertudom\u00e1nyi Kar\u00e1nak egy\u00fcttm\u0171k\u00f6d\u00e9s\u00e9ben<\/em>; szerep: r\u00e9szt\u00e9ma vezet\u0151<\/p> <p>2017 <strong>EFOP<\/strong>-3.6.2-16-2017-00012 <em>Funkcion\u00e1lis, eg\u00e9szs\u00e9ges \u00e9s biztons\u00e1gos \u00e9lelmiszer term\u00e9kp\u00e1lya modell kidolgoz\u00e1sa a sz\u00e1nt\u00f3f\u00f6ldt\u0151l az asztalig elv alapj\u00e1n, tematikus kutat\u00e1si h\u00e1l\u00f3zatban<\/em>; szerep: r\u00e9szt\u00e9ma vezet\u0151<\/p> <p>&nbsp;<\/p> <h3>Elnyert tudom\u00e1nyos kutat\u00e1si p\u00e1ly\u00e1zatok \u2013 vezet\u0151 kutat\u00f3k\u00e9nt<\/h3> <p>2006 <strong>OTKA<\/strong> PF60416 <em>Aktin-szab\u00e1lyoz\u00f3 feh\u00e9rj\u00e9k molekul\u00e1ris organiz\u00e1ci\u00f3ja hippokamp\u00e1lis idegsejtekben, k\u00fcl\u00f6n\u00f6s tekintettel az idegi plaszticit\u00e1s szab\u00e1lyoz\u00e1s\u00e1ban bet\u00f6lt\u00f6tt szerep\u00fckre<\/em>; szerep: vezet\u0151 kutat\u00f3<\/p> <p>2011 <strong>OTKA<\/strong> K83830 <em>Az energiah\u00e1ztart\u00e1s\u00e9rt felel\u0151s neuronok elektronmikroszk\u00f3pos \u00e9s molekul\u00e1ris jellemz\u00e9se r\u00e1gcs\u00e1l\u00f3 hippokampuszban<\/em>; szerep: vezet\u0151 kutat\u00f3<\/p> <p>2014 <strong>KK-KF <\/strong>Kutat\u00f3kari Kiv\u00e1l\u00f3s\u00e1gi Kutat\u00e1si P\u00e1ly\u00e1zat \u2013 <em>Elektronmikroszk\u00f3pos Kutat\u00f3csoport<\/em>, szerep: vezet\u0151 kutat\u00f3<\/p> <p>2016 <strong>KK-KF <\/strong>Kutat\u00f3kari Kiv\u00e1l\u00f3s\u00e1gi Kutat\u00e1si P\u00e1ly\u00e1zat \u2013 <em>Elektronmikroszk\u00f3pos Kutat\u00f3csoport<\/em>, szerep: vezet\u0151 kutat\u00f3<\/p> <p>2017 <strong>EFOP<\/strong>-3.6.2-16-2017-00008 <em>A neuroinflamm\u00e1ci\u00f3 vizsg\u00e1lata a neurodegenerat\u00edv folyamatokban: a molekul\u00e1t\u00f3l a beteg\u00e1gyig<\/em>; szerep: szakmai vezet\u0151 \u00e9s megval\u00f3s\u00edt\u00f3 az \u00c1TE-n<\/p> <p>2018 <strong>NKFIH KKP<\/strong> 126998 <em>Az \u00c9hs\u00e9g hat\u00e1sa az \u00f6reged\u00e9sre<\/em>, szerep: vezet\u0151 kutat\u00f3 (2020-)<\/p> <p>2020 <strong>NKB\u00a0<\/strong><em>Egyetemi Kutat\u00e1si P\u00e1ly\u00e1zat<\/em> \u2013 \u00c1llatorvostudom\u00e1nyi Egyetem, Doktori Iskola, szerep: vezet\u0151 kutat\u00f3<\/p> <\/div>","protected":false},"excerpt":{"rendered":"<p>Fogad\u00f3\u00f3ra: oktat\u00e1si id\u0151szakban minden kedden 09:00-10:00 Bemutatkoz\u00e1s Iskolai v\u00e9gzetts\u00e9g 1999-2003 \u00a0\u00a0\u00a0 Szent Istv\u00e1n Egyetem, \u00c1llatorvos-tudom\u00e1nyi Kar (SZIE-\u00c1OTK), Budapest, Doktori Iskola (PhD) 1999-2002 \u00a0\u00a0\u00a0 Szegedi Tudom\u00e1nyegyetem, Juh\u00e1sz Gyula Tan\u00e1rk\u00e9pz\u0151 F\u0151iskolai Kar (SZTE-JGYTF), Szeged 1993-1998 \u00a0\u00a0\u00a0 J\u00f3zsef Attila Tudom\u00e1nyegyetem, Szeged 1989-1993 \u00a0\u00a0\u00a0 II. R\u00e1k\u00f3czi Ferenc Gimn\u00e1zium, Budapest Diplom\u00e1k 2025\u00a0 \u00a0MTA Doktora 2013\u00a0\u00a0 Habilit\u00e1ci\u00f3 SZIE-\u00c1OTK 2003 \u00a0 Doktori<\/p>\n","protected":false},"author":5824,"featured_media":0,"parent":858,"menu_order":211,"comment_status":"closed","ping_status":"closed","template":"","meta":{"_acf_changed":false,"footnotes":""},"categories":[56],"tags":[],"class_list":["post-4522","page","type-page","status-publish","hentry","category-munkatarsak"],"acf":[],"_links":{"self":[{"href":"https:\/\/univet.hu\/hu\/wp-json\/wp\/v2\/pages\/4522","targetHints":{"allow":["GET"]}}],"collection":[{"href":"https:\/\/univet.hu\/hu\/wp-json\/wp\/v2\/pages"}],"about":[{"href":"https:\/\/univet.hu\/hu\/wp-json\/wp\/v2\/types\/page"}],"author":[{"embeddable":true,"href":"https:\/\/univet.hu\/hu\/wp-json\/wp\/v2\/users\/5824"}],"replies":[{"embeddable":true,"href":"https:\/\/univet.hu\/hu\/wp-json\/wp\/v2\/comments?post=4522"}],"version-history":[{"count":3,"href":"https:\/\/univet.hu\/hu\/wp-json\/wp\/v2\/pages\/4522\/revisions"}],"predecessor-version":[{"id":204434,"href":"https:\/\/univet.hu\/hu\/wp-json\/wp\/v2\/pages\/4522\/revisions\/204434"}],"up":[{"embeddable":true,"href":"https:\/\/univet.hu\/hu\/wp-json\/wp\/v2\/pages\/858"}],"wp:attachment":[{"href":"https:\/\/univet.hu\/hu\/wp-json\/wp\/v2\/media?parent=4522"}],"wp:term":[{"taxonomy":"category","embeddable":true,"href":"https:\/\/univet.hu\/hu\/wp-json\/wp\/v2\/categories?post=4522"},{"taxonomy":"post_tag","embeddable":true,"href":"https:\/\/univet.hu\/hu\/wp-json\/wp\/v2\/tags?post=4522"}],"curies":[{"name":"wp","href":"https:\/\/api.w.org\/{rel}","templated":true}]}}