{"id":4528,"date":"2016-08-02T15:06:00","date_gmt":"2016-08-02T13:06:00","guid":{"rendered":"http:\/\/univet.hu\/egyetem\/munkatarsak\/radenhausen-rudolf\/"},"modified":"2026-02-10T04:02:24","modified_gmt":"2026-02-10T03:02:24","slug":"radenhausen-rudolf","status":"publish","type":"page","link":"https:\/\/univet.hu\/hu\/egyetem\/munkatarsak\/radenhausen-rudolf\/","title":{"rendered":"Radenhausen Rudolf"},"content":{"rendered":"<p><strong>Bemutatkoz\u00e1s\u00a0 \u00a0<\/strong><\/p> <p>A Heidelbergi Egyetemen szerezte tan\u00e1ri diplom\u00e1j\u00e1t. 2000 \u00f3ta tan\u00edt a magyar fels\u0151oktat\u00e1sban. El\u0151sz\u00f6r a Szent Istv\u00e1n Egyetem Ybl Mikl\u00f3s \u00c9p\u00edt\u00e9studom\u00e1nyi Kar\u00e1n dolgozott nyelvtan\u00e1rk\u00e9nt, 2013 \u00f3ta pedig az \u00c1llatorvostudom\u00e1nyi Egyetem Idegennyelvi Lektor\u00e1tus\u00e1nak munkat\u00e1rsa. Latin \u00e1llatorvosi \u00e9s biol\u00f3gus szaknyelvet tan\u00edt a magyar, az angol \u00e9s a n\u00e9met nyelv\u0171 k\u00e9pz\u00e9sben, valamint n\u00e9met \u00e1llatorvosi szaknyelvet oktat a magyar hallgat\u00f3knak, \u00e9s \u00e1ltal\u00e1nos n\u00e9met nyelvi kurzusokat tart az angol k\u00e9pz\u00e9sben.<\/p> <p>Emellett k\u00e9pzett ford\u00edt\u00f3k\u00e9nt angol \u00e9s magyar nyelv\u0171 sz\u00f6vegeket ford\u00edt latinra \u00e9s n\u00e9metre, ill. lektork\u00e9nt n\u00e9met \u00e9s latin sz\u00f6vegek \u00e1ttekint\u00e9s\u00e9vel foglalkozik.<\/p>","protected":false},"excerpt":{"rendered":"<p>Bemutatkoz\u00e1s\u00a0 \u00a0 A Heidelbergi Egyetemen szerezte tan\u00e1ri diplom\u00e1j\u00e1t. 2000 \u00f3ta tan\u00edt a magyar fels\u0151oktat\u00e1sban. El\u0151sz\u00f6r a Szent Istv\u00e1n Egyetem Ybl Mikl\u00f3s \u00c9p\u00edt\u00e9studom\u00e1nyi Kar\u00e1n dolgozott nyelvtan\u00e1rk\u00e9nt, 2013 \u00f3ta pedig az \u00c1llatorvostudom\u00e1nyi Egyetem Idegennyelvi Lektor\u00e1tus\u00e1nak munkat\u00e1rsa. Latin \u00e1llatorvosi \u00e9s biol\u00f3gus szaknyelvet tan\u00edt a magyar, az angol \u00e9s a n\u00e9met nyelv\u0171 k\u00e9pz\u00e9sben, valamint n\u00e9met \u00e1llatorvosi szaknyelvet oktat a<\/p>\n","protected":false},"author":5824,"featured_media":0,"parent":858,"menu_order":211,"comment_status":"closed","ping_status":"closed","template":"","meta":{"_acf_changed":false,"footnotes":""},"categories":[56],"tags":[],"class_list":["post-4528","page","type-page","status-publish","hentry","category-munkatarsak"],"acf":[],"_links":{"self":[{"href":"https:\/\/univet.hu\/hu\/wp-json\/wp\/v2\/pages\/4528","targetHints":{"allow":["GET"]}}],"collection":[{"href":"https:\/\/univet.hu\/hu\/wp-json\/wp\/v2\/pages"}],"about":[{"href":"https:\/\/univet.hu\/hu\/wp-json\/wp\/v2\/types\/page"}],"author":[{"embeddable":true,"href":"https:\/\/univet.hu\/hu\/wp-json\/wp\/v2\/users\/5824"}],"replies":[{"embeddable":true,"href":"https:\/\/univet.hu\/hu\/wp-json\/wp\/v2\/comments?post=4528"}],"version-history":[{"count":1,"href":"https:\/\/univet.hu\/hu\/wp-json\/wp\/v2\/pages\/4528\/revisions"}],"predecessor-version":[{"id":199646,"href":"https:\/\/univet.hu\/hu\/wp-json\/wp\/v2\/pages\/4528\/revisions\/199646"}],"up":[{"embeddable":true,"href":"https:\/\/univet.hu\/hu\/wp-json\/wp\/v2\/pages\/858"}],"wp:attachment":[{"href":"https:\/\/univet.hu\/hu\/wp-json\/wp\/v2\/media?parent=4528"}],"wp:term":[{"taxonomy":"category","embeddable":true,"href":"https:\/\/univet.hu\/hu\/wp-json\/wp\/v2\/categories?post=4528"},{"taxonomy":"post_tag","embeddable":true,"href":"https:\/\/univet.hu\/hu\/wp-json\/wp\/v2\/tags?post=4528"}],"curies":[{"name":"wp","href":"https:\/\/api.w.org\/{rel}","templated":true}]}}