{"id":45304,"date":"2019-10-21T12:41:23","date_gmt":"2019-10-21T10:41:23","guid":{"rendered":"https:\/\/univet.hu\/hu\/egyetem\/szervezeti-egysegek\/egzotikusallat-es-vadegeszsegugyi-tanszek\/arlista\/"},"modified":"2025-11-24T23:27:57","modified_gmt":"2025-11-24T22:27:57","slug":"arlista","status":"publish","type":"page","link":"https:\/\/univet.hu\/hu\/egyetem\/szervezeti-egysegek\/egzotikusallat-es-vadegeszsegugyi-tanszek\/arlista\/","title":{"rendered":"\u00c1rszab\u00e1sunk"},"content":{"rendered":"<p>Tisztelt \u00c1llattulajdonosok!<\/p> <p><strong>\u00a0<\/strong><\/p> <p>T\u00e1j\u00e9koztatjuk \u00d6n\u00f6ket, hogy 2025.okt\u00f3ber 07-\u00e9t\u0151l az <span data-olk-copy-source=\"MessageBody\">Egzotikus\u00e1llat-, Vad-, Hal- \u00e9s M\u00e9heg\u00e9szs\u00e9g\u00fcgyi Tansz\u00e9k<\/span> Klinik\u00e1j\u00e1n az al\u00e1bbi, egzotikus \u00e1llatok betegell\u00e1t\u00e1s\u00e1val kapcsolatos szolg\u00e1lati d\u00edjak \u00e9rv\u00e9nyesek:<\/p> <table style=\"height: 3216px\" width=\"842\"> <tbody> <tr style=\"height: 24px\"> <td style=\"width: 399.675px;height: 24px\">Vizsg\u00e1lati d\u00edj<\/td> <td style=\"width: 428.725px;height: 24px\">11500 Ft-t\u00f3l<\/td> <\/tr> <tr style=\"height: 24px\"> <td style=\"width: 399.675px;height: 24px\"><\/td> <td style=\"width: 428.725px;height: 24px\"><\/td> <\/tr> <tr style=\"height: 24px\"> <td style=\"width: 399.675px;height: 24px\">Kontroll vizsg\u00e1lati d\u00edjak, ut\u00f3kezel\u00e9s<\/td> <td style=\"width: 428.725px;height: 24px\">3500-7000 Ft<\/td> <\/tr> <tr style=\"height: 24px\"> <td style=\"width: 399.675px;height: 24px\"><\/td> <td style=\"width: 428.725px;height: 24px\"><\/td> <\/tr> <tr style=\"height: 24px\"> <td style=\"width: 399.675px;height: 24px\">R\u00f6ntgenfelv\u00e9tel k\u00e9sz\u00edt\u00e9se (1-2 ir\u00e1ny)<\/td> <td style=\"width: 428.725px;height: 24px\">11500Ft<\/td> <\/tr> <tr style=\"height: 24px\"> <td style=\"width: 399.675px;height: 24px\"><\/td> <td style=\"width: 428.725px;height: 24px\"><\/td> <\/tr> <tr style=\"height: 24px\"> <td style=\"width: 399.675px;height: 24px\">R\u00f6ntgenfelv\u00e9tel k\u00e9sz\u00edt\u00e9se (ism\u00e9telt)<\/td> <td style=\"width: 428.725px;height: 24px\">6000 Ft<\/td> <\/tr> <tr style=\"height: 24px\"> <td style=\"width: 399.675px;height: 24px\"><\/td> <td style=\"width: 428.725px;height: 24px\"><\/td> <\/tr> <tr style=\"height: 24px\"> <td style=\"width: 399.675px;height: 24px\">R\u00f6ntgenfelv\u00e9tel k\u00e9sz\u00edt\u00e9se (hatir\u00e1ny\u00fa koponya)<\/td> <td style=\"width: 428.725px;height: 24px\">14000 Ft<\/td> <\/tr> <tr style=\"height: 24px\"> <td style=\"width: 399.675px;height: 24px\"><\/td> <td style=\"width: 428.725px;height: 24px\"><\/td> <\/tr> <tr style=\"height: 24px\"> <td style=\"width: 399.675px;height: 24px\">Endoszk\u00f3pos vizsg\u00e1lat<\/td> <td style=\"width: 428.725px;height: 24px\">\u00a012000 Ft-t\u00f3l<\/td> <\/tr> <tr style=\"height: 24px\"> <td style=\"width: 399.675px;height: 24px\"><\/td> <td style=\"width: 428.725px;height: 24px\"><\/td> <\/tr> <tr style=\"height: 24px\"> <td style=\"width: 399.675px;height: 24px\">Id\u0151pontegyeztet\u00e9s n\u00e9lk\u00fcli ell\u00e1t\u00e1s fel\u00e1ra<\/td> <td style=\"width: 428.725px;height: 24px\">35000 Ft<\/td> <\/tr> <tr style=\"height: 24px\"> <td style=\"width: 399.675px;height: 24px\"><\/td> <td style=\"width: 428.725px;height: 24px\"><\/td> <\/tr> <tr style=\"height: 24px\"> <td style=\"width: 399.675px;height: 24px\">Ultrahang vizsg\u00e1lat (M\u0171szeres Diagnosztikai Egys\u00e9g)<\/td> <td style=\"width: 428.725px;height: 24px\">23000 Ft-t\u00f3l<\/td> <\/tr> <tr style=\"height: 24px\"> <td style=\"width: 399.675px;height: 24px\"><\/td> <td style=\"width: 428.725px;height: 24px\"><\/td> <\/tr> <tr style=\"height: 24px\"> <td style=\"width: 399.675px;height: 24px\">CT vizsg\u00e1lat<\/td> <td style=\"width: 428.725px;height: 24px\">60000 Ft-t\u00f3l<\/td> <\/tr> <tr style=\"height: 24px\"> <td style=\"width: 399.675px;height: 24px\"><\/td> <td style=\"width: 428.725px;height: 24px\"><\/td> <\/tr> <tr style=\"height: 24px\"> <td style=\"width: 399.675px;height: 24px\"><strong>V\u00e9d\u0151olt\u00e1sok<\/strong><\/td> <td style=\"width: 428.725px;height: 24px\"><\/td> <\/tr> <tr style=\"height: 24px\"> <td style=\"width: 399.675px;height: 24px\"><\/td> <td style=\"width: 428.725px;height: 24px\"><\/td> <\/tr> <tr style=\"height: 24px\"> <td style=\"width: 399.675px;height: 24px\">Kombin\u00e1lt olt\u00e1s (vad\u00e1szg\u00f6r\u00e9ny)<\/td> <td style=\"width: 428.725px;height: 24px\">14000Ft<\/td> <\/tr> <tr style=\"height: 24px\"> <td style=\"width: 399.675px;height: 24px\"><\/td> <td style=\"width: 428.725px;height: 24px\"><\/td> <\/tr> <tr style=\"height: 24px\"> <td style=\"width: 399.675px;height: 24px\">Veszetts\u00e9g elleni olt\u00e1s (h\u00fasev\u0151 kiseml\u0151s)<\/td> <td style=\"width: 428.725px;height: 24px\">11500Ft<\/td> <\/tr> <tr style=\"height: 24px\"> <td style=\"width: 399.675px;height: 24px\"><\/td> <td style=\"width: 428.725px;height: 24px\"><\/td> <\/tr> <tr style=\"height: 24px\"> <td style=\"width: 399.675px;height: 24px\">Kombin\u00e1lt olt\u00e1s \u2013 Pestorin Mormyx (ny\u00fal)<\/td> <td style=\"width: 428.725px;height: 24px\">11500Ft<\/td> <\/tr> <tr style=\"height: 24px\"> <td style=\"width: 399.675px;height: 24px\"><\/td> <td style=\"width: 428.725px;height: 24px\"><\/td> <\/tr> <tr style=\"height: 24px\"> <td style=\"width: 399.675px;height: 24px\">Kombin\u00e1lt olt\u00e1s \u2013 Nobivac Myxo-RHD Plus<\/td> <td style=\"width: 428.725px;height: 24px\">17000Ft<\/td> <\/tr> <tr style=\"height: 24px\"> <td style=\"width: 399.675px;height: 24px\"><\/td> <td style=\"width: 428.725px;height: 24px\"><\/td> <\/tr> <tr style=\"height: 24px\"> <td style=\"width: 399.675px;height: 24px\">Eravac olt\u00e1s (ny\u00fal)<\/td> <td style=\"width: 428.725px;height: 24px\">17000Ft<\/td> <\/tr> <tr style=\"height: 24px\"> <td style=\"width: 399.675px;height: 24px\"><\/td> <td style=\"width: 428.725px;height: 24px\"><\/td> <\/tr> <tr style=\"height: 24px\"> <td style=\"width: 399.675px;height: 24px\">Az olt\u00e1sok d\u00edja tartalmazza a vizsg\u00e1lati d\u00edjat is.<\/td> <td style=\"width: 428.725px;height: 24px\"><\/td> <\/tr> <tr style=\"height: 24px\"> <td style=\"width: 399.675px;height: 24px\"><\/td> <td style=\"width: 428.725px;height: 24px\"><\/td> <\/tr> <tr style=\"height: 24px\"> <td style=\"width: 399.675px;height: 24px\"><\/td> <td style=\"width: 428.725px;height: 24px\"><\/td> <\/tr> <tr style=\"height: 24px\"> <td style=\"width: 399.675px;height: 24px\"><strong>Fog\u00e1szati beavatkoz\u00e1sok<\/strong><\/td> <td style=\"width: 428.725px;height: 24px\"><\/td> <\/tr> <tr style=\"height: 24px\"> <td style=\"width: 399.675px;height: 24px\"><\/td> <td style=\"width: 428.725px;height: 24px\"><\/td> <\/tr> <tr style=\"height: 24px\"> <td style=\"width: 399.675px;height: 24px\">R\u00e1gcs\u00e1l\u00f3, ny\u00fal metsz\u0151fog korrekci\u00f3<\/td> <td style=\"width: 428.725px;height: 24px\">11500 Ft-t\u00f3l<\/td> <\/tr> <tr style=\"height: 24px\"> <td style=\"width: 399.675px;height: 24px\"><\/td> <td style=\"width: 428.725px;height: 24px\"><\/td> <\/tr> <tr style=\"height: 24px\"> <td style=\"width: 399.675px;height: 24px\">R\u00e1gcs\u00e1l\u00f3, ny\u00fal fogkorrekci\u00f3 els\u0151 alkalom<\/td> <td style=\"width: 428.725px;height: 24px\">17000 Ft-t\u00f3l<\/td> <\/tr> <tr style=\"height: 24px\"> <td style=\"width: 399.675px;height: 24px\"><\/td> <td style=\"width: 428.725px;height: 24px\"><\/td> <\/tr> <tr style=\"height: 24px\"> <td style=\"width: 399.675px;height: 24px\">R\u00e1gcs\u00e1l\u00f3, ny\u00fal fogkorrekci\u00f3 (ism\u00e9telt)<\/td> <td style=\"width: 428.725px;height: 24px\">14500 Ft-t\u00f3l<\/td> <\/tr> <tr style=\"height: 24px\"> <td style=\"width: 399.675px;height: 24px\"><\/td> <td style=\"width: 428.725px;height: 24px\"><\/td> <\/tr> <tr style=\"height: 24px\"> <td style=\"width: 399.675px;height: 24px\">Fogk\u0151 elt\u00e1vol\u00edt\u00e1s (h\u00fasev\u0151 kiseml\u0151s)<\/td> <td style=\"width: 428.725px;height: 24px\">12000 Ft-t\u00f3l<\/td> <\/tr> <tr style=\"height: 24px\"> <td style=\"width: 399.675px;height: 24px\"><\/td> <td style=\"width: 428.725px;height: 24px\"><\/td> <\/tr> <tr style=\"height: 48px\"> <td style=\"width: 399.675px;height: 48px\">A fog\u00e1szati beavatkoz\u00e1sok d\u00edja tartalmazza a vizsg\u00e1lati d\u00edjat, a g\u00e9pi altat\u00e1st, illetve az otthoni gy\u00f3gyszereket is.<\/td> <td style=\"width: 428.725px;height: 48px\"><\/td> <\/tr> <tr style=\"height: 24px\"> <td style=\"width: 399.675px;height: 24px\"><\/td> <td style=\"width: 428.725px;height: 24px\"><\/td> <\/tr> <tr style=\"height: 24px\"> <td style=\"width: 399.675px;height: 24px\"><\/td> <td style=\"width: 428.725px;height: 24px\"><\/td> <\/tr> <tr style=\"height: 24px\"> <td style=\"width: 399.675px;height: 24px\"><\/td> <td style=\"width: 428.725px;height: 24px\"><\/td> <\/tr> <tr style=\"height: 24px\"> <td style=\"width: 399.675px;height: 24px\"><\/td> <td style=\"width: 428.725px;height: 24px\"><\/td> <\/tr> <tr style=\"height: 24px\"> <td style=\"width: 399.675px;height: 24px\"><\/td> <td style=\"width: 428.725px;height: 24px\"><\/td> <\/tr> <tr style=\"height: 24px\"> <td style=\"width: 399.675px;height: 24px\"><strong>M\u0171t\u00e9ti beavatkoz\u00e1sok:<\/strong><\/td> <td style=\"width: 428.725px;height: 24px\"><\/td> <\/tr> <tr style=\"height: 24px\"> <td style=\"width: 399.675px;height: 24px\"><\/td> <td style=\"width: 428.725px;height: 24px\"><\/td> <\/tr> <tr style=\"height: 24px\"> <td style=\"width: 399.675px;height: 24px\">N\u0151ivar\u00fa kiseml\u0151s ivartalan\u00edt\u00e1sa<\/td> <td style=\"width: 428.725px;height: 24px\">42000 Ft-t\u00f3l<\/td> <\/tr> <tr style=\"height: 24px\"> <td style=\"width: 399.675px;height: 24px\"><\/td> <td style=\"width: 428.725px;height: 24px\"><\/td> <\/tr> <tr style=\"height: 48px\"> <td style=\"width: 399.675px;height: 48px\">N\u0151ivar\u00fa kiseml\u0151s ivartalan\u00edt\u00e1sa (klinikopatol\u00f3giai elt\u00e9r\u00e9s eset\u00e9n)<\/td> <td style=\"width: 428.725px;height: 48px\">48000 Ft-t\u00f3l<\/td> <\/tr> <tr style=\"height: 24px\"> <td style=\"width: 399.675px;height: 24px\"><\/td> <td style=\"width: 428.725px;height: 24px\"><\/td> <\/tr> <tr style=\"height: 24px\"> <td style=\"width: 399.675px;height: 24px\">H\u00edmivar\u00fa kiseml\u0151s ivartalan\u00edt\u00e1sa<\/td> <td style=\"width: 428.725px;height: 24px\">26000 Ft<\/td> <\/tr> <tr style=\"height: 24px\"> <td style=\"width: 399.675px;height: 24px\"><\/td> <td style=\"width: 428.725px;height: 24px\"><\/td> <\/tr> <tr style=\"height: 24px\"> <td style=\"width: 399.675px;height: 24px\">Metsz\u0151fogak v\u00e9gleges elt\u00e1vol\u00edt\u00e1sa (ny\u00fal)<\/td> <td style=\"width: 428.725px;height: 24px\">26000 Ft-t\u00f3l<\/td> <\/tr> <tr style=\"height: 24px\"> <td style=\"width: 399.675px;height: 24px\"><\/td> <td style=\"width: 428.725px;height: 24px\"><\/td> <\/tr> <tr style=\"height: 24px\"> <td style=\"width: 399.675px;height: 24px\">Fogmedri t\u00e1lyogok m\u0171t\u00e9ti ell\u00e1t\u00e1sa<\/td> <td style=\"width: 428.725px;height: 24px\">32000 Ft-t\u00f3l<\/td> <\/tr> <tr style=\"height: 24px\"> <td style=\"width: 399.675px;height: 24px\"><\/td> <td style=\"width: 428.725px;height: 24px\"><\/td> <\/tr> <tr style=\"height: 24px\"> <td style=\"width: 399.675px;height: 24px\">Egy\u00e9b l\u00e1gyszervi m\u0171t\u00e9tek<\/td> <td style=\"width: 428.725px;height: 24px\">20000 Ft-t\u00f3l<\/td> <\/tr> <tr style=\"height: 24px\"> <td style=\"width: 399.675px;height: 24px\"><\/td> <td style=\"width: 428.725px;height: 24px\"><\/td> <\/tr> <tr style=\"height: 24px\"> <td style=\"width: 399.675px;height: 24px\">Ortop\u00e9diai m\u0171t\u00e9tek<\/td> <td style=\"width: 428.725px;height: 24px\">35000 Ft-t\u00f3l<\/td> <\/tr> <tr style=\"height: 24px\"> <td style=\"width: 399.675px;height: 24px\"><\/td> <td style=\"width: 428.725px;height: 24px\"><\/td> <\/tr> <tr style=\"height: 24px\"> <td style=\"width: 399.675px;height: 24px\">Mad\u00e1r m\u0171t\u00e9t<\/td> <td style=\"width: 428.725px;height: 24px\">22000 Ft-t\u00f3l<\/td> <\/tr> <tr style=\"height: 24px\"> <td style=\"width: 399.675px;height: 24px\"><\/td> <td style=\"width: 428.725px;height: 24px\"><\/td> <\/tr> <tr style=\"height: 24px\"> <td style=\"width: 399.675px;height: 24px\">H\u00fcll\u0151 m\u0171t\u00e9t (tekn\u0151s)<\/td> <td style=\"width: 428.725px;height: 24px\">33000 Ft-t\u00f3l<\/td> <\/tr> <tr style=\"height: 24px\"> <td style=\"width: 399.675px;height: 24px\"><\/td> <td style=\"width: 428.725px;height: 24px\"><\/td> <\/tr> <tr style=\"height: 24px\"> <td style=\"width: 399.675px;height: 24px\">H\u00fcll\u0151 m\u0171t\u00e9t (gy\u00edk, k\u00edgy\u00f3)<\/td> <td style=\"width: 428.725px;height: 24px\">22000 Ft-t\u00f3l<\/td> <\/tr> <tr style=\"height: 24px\"> <td style=\"width: 399.675px;height: 24px\"><\/td> <td style=\"width: 428.725px;height: 24px\"><\/td> <\/tr> <tr style=\"height: 24px\"> <td style=\"width: 399.675px;height: 24px\">Alacsonyabb rend\u0171eken v\u00e9gzett m\u0171t\u00e9t<\/td> <td style=\"width: 428.725px;height: 24px\">11000 Ft-t\u00f3l<\/td> <\/tr> <tr style=\"height: 24px\"> <td style=\"width: 399.675px;height: 24px\"><\/td> <td style=\"width: 428.725px;height: 24px\"><\/td> <\/tr> <tr style=\"height: 48px\"> <td style=\"width: 399.675px;height: 48px\">A m\u0171t\u00e9tek d\u00edja tartalmazza a vizsg\u00e1lati d\u00edjat, az otthoni gy\u00f3gyszereket, illetve a varratszed\u00e9st.<\/td> <td style=\"width: 428.725px;height: 48px\"><\/td> <\/tr> <tr style=\"height: 24px\"> <td style=\"width: 399.675px;height: 24px\"><\/td> <td style=\"width: 428.725px;height: 24px\"><\/td> <\/tr> <tr style=\"height: 48px\"> <td style=\"width: 399.675px;height: 48px\">A m\u0171t\u00e9tek d\u00edja nem tartalmazza az egy\u00e9b kieg\u00e9sz\u00edt\u0151 vizsg\u00e1latok d\u00edj\u00e1t (v\u00e9rv\u00e9tel, r\u00f6ntgenfelv\u00e9tel stb.).<\/td> <td style=\"width: 428.725px;height: 48px\"><\/td> <\/tr> <tr style=\"height: 24px\"> <td style=\"width: 399.675px;height: 24px\"><\/td> <td style=\"width: 428.725px;height: 24px\"><\/td> <\/tr> <tr style=\"height: 24px\"> <td style=\"width: 399.675px;height: 24px\"><\/td> <td style=\"width: 428.725px;height: 24px\"><\/td> <\/tr> <tr style=\"height: 24px\"> <td style=\"width: 399.675px;height: 24px\"><\/td> <td style=\"width: 428.725px;height: 24px\"><\/td> <\/tr> <tr style=\"height: 24px\"> <td style=\"width: 399.675px;height: 24px\"><strong>Laborat\u00f3riumi vizsg\u00e1latok<\/strong><\/td> <td style=\"width: 428.725px;height: 24px\"><\/td> <\/tr> <tr style=\"height: 24px\"> <td style=\"width: 399.675px;height: 24px\"><\/td> <td style=\"width: 428.725px;height: 24px\"><\/td> <\/tr> <tr style=\"height: 24px\"> <td style=\"width: 399.675px;height: 24px\">Kiseml\u0151s v\u00e9rlabor panel<\/td> <td style=\"width: 428.725px;height: 24px\">23000 Ft-t\u00f3l<\/td> <\/tr> <tr style=\"height: 24px\"> <td style=\"width: 399.675px;height: 24px\"><\/td> <td style=\"width: 428.725px;height: 24px\"><\/td> <\/tr> <tr style=\"height: 24px\"> <td style=\"width: 399.675px;height: 24px\">Mad\u00e1r v\u00e9rlabor panel<\/td> <td style=\"width: 428.725px;height: 24px\">24000 Ft<\/td> <\/tr> <tr style=\"height: 24px\"> <td style=\"width: 399.675px;height: 24px\"><\/td> <td style=\"width: 428.725px;height: 24px\"><\/td> <\/tr> <tr style=\"height: 24px\"> <td style=\"width: 399.675px;height: 24px\">H\u00fcll\u0151 v\u00e9rlabor panel<\/td> <td style=\"width: 428.725px;height: 24px\">24000 Ft<\/td> <\/tr> <tr style=\"height: 24px\"> <td style=\"width: 399.675px;height: 24px\"><\/td> <td style=\"width: 428.725px;height: 24px\"><\/td> <\/tr> <tr style=\"height: 24px\"> <td style=\"width: 399.675px;height: 24px\">Vizelet vizsg\u00e1lat (rutin)<\/td> <td style=\"width: 428.725px;height: 24px\">7500 Ft<\/td> <\/tr> <tr style=\"height: 24px\"> <td style=\"width: 399.675px;height: 24px\"><\/td> <td style=\"width: 428.725px;height: 24px\"><\/td> <\/tr> <tr style=\"height: 24px\"> <td style=\"width: 399.675px;height: 24px\">Vizelet vizsg\u00e1lat (rutin+TP\/krea)<\/td> <td style=\"width: 428.725px;height: 24px\">10500 Ft<\/td> <\/tr> <tr style=\"height: 24px\"> <td style=\"width: 399.675px;height: 24px\"><\/td> <td style=\"width: 428.725px;height: 24px\"><\/td> <\/tr> <tr style=\"height: 24px\"> <td style=\"width: 399.675px;height: 24px\">Aspiratios citol\u00f3giai vizsg\u00e1lat<\/td> <td style=\"width: 428.725px;height: 24px\">18500 Ft<\/td> <\/tr> <tr style=\"height: 24px\"> <td style=\"width: 399.675px;height: 24px\"><\/td> <td style=\"width: 428.725px;height: 24px\"><\/td> <\/tr> <tr style=\"height: 24px\"> <td style=\"width: 399.675px;height: 24px\">Test\u00fcregi folyad\u00e9kgy\u00fclemek vizsg\u00e1lata<\/td> <td style=\"width: 428.725px;height: 24px\">24000 Ft<\/td> <\/tr> <tr style=\"height: 24px\"> <td style=\"width: 399.675px;height: 24px\"><\/td> <td style=\"width: 428.725px;height: 24px\"><\/td> <\/tr> <tr style=\"height: 24px\"> <td style=\"width: 399.675px;height: 24px\">Sz\u00f6vettani vizsg\u00e1lat<\/td> <td style=\"width: 428.725px;height: 24px\">11000 Ft<\/td> <\/tr> <tr style=\"height: 24px\"> <td style=\"width: 399.675px;height: 24px\"><\/td> <td style=\"width: 428.725px;height: 24px\"><\/td> <\/tr> <tr style=\"height: 24px\"> <td style=\"width: 399.675px;height: 24px\">Mikrobiol\u00f3giai vizsg\u00e1lat (b\u00e9ls\u00e1r, vizelet, testv\u00e1lad\u00e9kok)<\/td> <td style=\"width: 428.725px;height: 24px\">15500 Ft-t\u00f3l<\/td> <\/tr> <tr style=\"height: 24px\"> <td style=\"width: 399.675px;height: 24px\"><\/td> <td style=\"width: 428.725px;height: 24px\"><\/td> <\/tr> <tr style=\"height: 24px\"> <td style=\"width: 399.675px;height: 24px\">B\u00e9ls\u00e1r mikroszk\u00f3pos \u00e9s\/vagy parazitol\u00f3giai vizsg\u00e1lata<\/td> <td style=\"width: 428.725px;height: 24px\">11000 Ft-t\u00f3l<\/td> <\/tr> <tr style=\"height: 24px\"> <td style=\"width: 399.675px;height: 24px\"><\/td> <td style=\"width: 428.725px;height: 24px\"><\/td> <\/tr> <tr style=\"height: 24px\"> <td style=\"width: 399.675px;height: 24px\"><\/td> <td style=\"width: 428.725px;height: 24px\"><\/td> <\/tr> <tr style=\"height: 48px\"> <td style=\"width: 399.675px;height: 48px\">Egy\u00e9b kieg\u00e9sz\u00edt\u0151 vizsg\u00e1latok (PCR, ELISA) aktu\u00e1lis d\u00edjair\u00f3l felvil\u00e1gos\u00edt\u00e1st a rendel\u00e9sen tudunk adni.<\/td> <td style=\"width: 428.725px;height: 48px\"><\/td> <\/tr> <tr style=\"height: 24px\"> <td style=\"width: 399.675px;height: 24px\"><\/td> <td style=\"width: 428.725px;height: 24px\"><\/td> <\/tr> <tr style=\"height: 24px\"> <td style=\"width: 399.675px;height: 24px\"><\/td> <td style=\"width: 428.725px;height: 24px\"><\/td> <\/tr> <tr style=\"height: 24px\"> <td style=\"width: 399.675px;height: 24px\"><\/td> <td style=\"width: 428.725px;height: 24px\"><\/td> <\/tr> <tr style=\"height: 24px\"> <td style=\"width: 399.675px;height: 24px\"><strong>Patol\u00f3giai vizsg\u00e1latok<\/strong><\/td> <td style=\"width: 428.725px;height: 24px\"><\/td> <\/tr> <tr style=\"height: 24px\"> <td style=\"width: 399.675px;height: 24px\"><\/td> <td style=\"width: 428.725px;height: 24px\"><\/td> <\/tr> <tr style=\"height: 24px\"> <td style=\"width: 399.675px;height: 24px\">K\u00f3rboncol\u00e1si d\u00edj<\/td> <td style=\"width: 428.725px;height: 24px\">29000 Ft<\/td> <\/tr> <tr> <td style=\"width: 399.675px\"><\/td> <td style=\"width: 428.725px\"><\/td> <\/tr> <tr> <td style=\"width: 399.675px\">\u00cdr\u00e1sos eredm\u00e9nyk\u00f6zl\u00e9s boncol\u00e1sonk\u00e9nt<\/td> <td style=\"width: 428.725px\">6000 Ft<\/td> <\/tr> <tr style=\"height: 24px\"> <td style=\"width: 399.675px;height: 24px\"><\/td> <td style=\"width: 428.725px;height: 24px\"><\/td> <\/tr> <tr style=\"height: 24px\"> <td style=\"width: 399.675px;height: 24px\">Bakteriol\u00f3giai vizsg\u00e1lat<\/td> <td style=\"width: 428.725px;height: 24px\">11000 Ft<\/td> <\/tr> <tr style=\"height: 24px\"> <td style=\"width: 399.675px;height: 24px\"><\/td> <td style=\"width: 428.725px;height: 24px\"><\/td> <\/tr> <tr style=\"height: 24px\"> <td style=\"width: 399.675px;height: 24px\">K\u00f3rsz\u00f6vettani vizsg\u00e1lat<\/td> <td style=\"width: 428.725px;height: 24px\">11000 Ft<\/td> <\/tr> <tr style=\"height: 24px\"> <td style=\"width: 399.675px;height: 24px\"><\/td> <td style=\"width: 428.725px;height: 24px\"><\/td> <\/tr> <tr style=\"height: 24px\"> <td style=\"width: 399.675px;height: 24px\">Hamvaszt\u00e1si d\u00edj (k\u00f6z\u00f6s)<\/td> <td style=\"width: 428.725px;height: 24px\">6000Ft<\/td> <\/tr> <tr style=\"height: 24px\"> <td style=\"width: 399.675px;height: 24px\"><\/td> <td style=\"width: 428.725px;height: 24px\"><\/td> <\/tr> <tr style=\"height: 24px\"> <td style=\"width: 399.675px;height: 24px\"><\/td> <td style=\"width: 428.725px;height: 24px\"><\/td> <\/tr> <tr style=\"height: 24px\"> <td style=\"width: 399.675px;height: 24px\"><\/td> <td style=\"width: 428.725px;height: 24px\"><\/td> <\/tr> <tr style=\"height: 24px\"> <td style=\"width: 399.675px;height: 24px\"><strong>Egy\u00e9b beavatkoz\u00e1sok<\/strong><\/td> <td style=\"width: 428.725px;height: 24px\"><\/td> <\/tr> <tr style=\"height: 24px\"> <td style=\"width: 399.675px;height: 24px\"><\/td> <td style=\"width: 428.725px;height: 24px\"><\/td> <\/tr> <tr style=\"height: 24px\"> <td style=\"width: 399.675px;height: 24px\">Microchip be\u00fcltet\u00e9se<\/td> <td style=\"width: 428.725px;height: 24px\">12000 Ft<\/td> <\/tr> <tr style=\"height: 24px\"> <td style=\"width: 399.675px;height: 24px\"><\/td> <td style=\"width: 428.725px;height: 24px\"><\/td> <\/tr> <tr style=\"height: 24px\"> <td style=\"width: 399.675px;height: 24px\">V\u00e9rcukor meghat\u00e1roz\u00e1s<\/td> <td style=\"width: 428.725px;height: 24px\">2500 Ft<\/td> <\/tr> <tr style=\"height: 24px\"> <td style=\"width: 399.675px;height: 24px\"><\/td> <td style=\"width: 428.725px;height: 24px\"><\/td> <\/tr> <tr style=\"height: 24px\"> <td style=\"width: 399.675px;height: 24px\">Inf\u00fazi\u00f3s kezel\u00e9s<\/td> <td style=\"width: 428.725px;height: 24px\">4500 Ft<\/td> <\/tr> <tr style=\"height: 24px\"> <td style=\"width: 399.675px;height: 24px\"><\/td> <td style=\"width: 428.725px;height: 24px\"><\/td> <\/tr> <tr style=\"height: 24px\"> <td style=\"width: 399.675px;height: 24px\">Cs\u0151r- vagy szaruk\u00e1va korrekci\u00f3 (mad\u00e1r, h\u00fcll\u0151)<\/td> <td style=\"width: 428.725px;height: 24px\">12000 Ft-t\u00f3l<\/td> <\/tr> <tr style=\"height: 24px\"> <td style=\"width: 399.675px;height: 24px\"><\/td> <td style=\"width: 428.725px;height: 24px\"><\/td> <\/tr> <tr style=\"height: 24px\"> <td style=\"width: 399.675px;height: 24px\">Euthanasia<\/td> <td style=\"width: 428.725px;height: 24px\">11000 Ft<\/td> <\/tr> <\/tbody> <\/table> <p>Dr. G\u00e1l J\u00e1nos<\/p> <p>tansz\u00e9kvezet\u0151<\/p> <p>egyetemi tan\u00e1r<\/p>","protected":false},"excerpt":{"rendered":"<p>Tisztelt \u00c1llattulajdonosok! \u00a0 T\u00e1j\u00e9koztatjuk \u00d6n\u00f6ket, hogy 2025.okt\u00f3ber 07-\u00e9t\u0151l az Egzotikus\u00e1llat-, Vad-, Hal- \u00e9s M\u00e9heg\u00e9szs\u00e9g\u00fcgyi Tansz\u00e9k Klinik\u00e1j\u00e1n az al\u00e1bbi, egzotikus \u00e1llatok betegell\u00e1t\u00e1s\u00e1val kapcsolatos szolg\u00e1lati d\u00edjak \u00e9rv\u00e9nyesek: Vizsg\u00e1lati d\u00edj 11500 Ft-t\u00f3l Kontroll vizsg\u00e1lati d\u00edjak, ut\u00f3kezel\u00e9s 3500-7000 Ft R\u00f6ntgenfelv\u00e9tel k\u00e9sz\u00edt\u00e9se (1-2 ir\u00e1ny) 11500Ft R\u00f6ntgenfelv\u00e9tel k\u00e9sz\u00edt\u00e9se (ism\u00e9telt) 6000 Ft R\u00f6ntgenfelv\u00e9tel k\u00e9sz\u00edt\u00e9se (hatir\u00e1ny\u00fa koponya) 14000 Ft Endoszk\u00f3pos vizsg\u00e1lat \u00a012000 Ft-t\u00f3l<\/p>\n","protected":false},"author":3837,"featured_media":0,"parent":3316,"menu_order":0,"comment_status":"open","ping_status":"open","template":"","meta":{"_acf_changed":false,"footnotes":""},"categories":[],"tags":[],"class_list":["post-45304","page","type-page","status-publish","hentry"],"acf":[],"_links":{"self":[{"href":"https:\/\/univet.hu\/hu\/wp-json\/wp\/v2\/pages\/45304","targetHints":{"allow":["GET"]}}],"collection":[{"href":"https:\/\/univet.hu\/hu\/wp-json\/wp\/v2\/pages"}],"about":[{"href":"https:\/\/univet.hu\/hu\/wp-json\/wp\/v2\/types\/page"}],"author":[{"embeddable":true,"href":"https:\/\/univet.hu\/hu\/wp-json\/wp\/v2\/users\/3837"}],"replies":[{"embeddable":true,"href":"https:\/\/univet.hu\/hu\/wp-json\/wp\/v2\/comments?post=45304"}],"version-history":[{"count":2,"href":"https:\/\/univet.hu\/hu\/wp-json\/wp\/v2\/pages\/45304\/revisions"}],"predecessor-version":[{"id":196324,"href":"https:\/\/univet.hu\/hu\/wp-json\/wp\/v2\/pages\/45304\/revisions\/196324"}],"up":[{"embeddable":true,"href":"https:\/\/univet.hu\/hu\/wp-json\/wp\/v2\/pages\/3316"}],"wp:attachment":[{"href":"https:\/\/univet.hu\/hu\/wp-json\/wp\/v2\/media?parent=45304"}],"wp:term":[{"taxonomy":"category","embeddable":true,"href":"https:\/\/univet.hu\/hu\/wp-json\/wp\/v2\/categories?post=45304"},{"taxonomy":"post_tag","embeddable":true,"href":"https:\/\/univet.hu\/hu\/wp-json\/wp\/v2\/tags?post=45304"}],"curies":[{"name":"wp","href":"https:\/\/api.w.org\/{rel}","templated":true}]}}