{"id":45311,"date":"2019-10-21T13:02:22","date_gmt":"2019-10-21T11:02:22","guid":{"rendered":"https:\/\/univet.hu\/hu\/egyetem\/munkatarsak\/balazs-nikolett\/"},"modified":"2026-02-10T03:59:33","modified_gmt":"2026-02-10T02:59:33","slug":"balazs-nikolett","status":"publish","type":"page","link":"https:\/\/univet.hu\/hu\/egyetem\/munkatarsak\/balazs-nikolett\/","title":{"rendered":"Bal\u00e1zs Nikolett"},"content":{"rendered":"<p style=\"text-align: center\"><strong>Bemutatkoz\u00e1s<\/strong><\/p> <p>1981-ben sz\u00fclettem Budapesten. M\u00e1r gyermekkoromban \u00e9rdekl\u0151d\u00e9ssel figyeltem b\u00e1rmit, aminek k\u00f6ze volt az \u00e9l\u0151 testek m\u0171k\u00f6d\u00e9s\u00e9hez \u00e9s \u00f6r\u00f6mmel tanulm\u00e1nyozgattam k\u00fcl\u00f6nb\u00f6z\u0151 szakk\u00f6nyveket, lexikonokat, \u00e9s eszk\u00f6z\u00f6ket.<\/p> <p>B\u00e1r p\u00e1lyav\u00e1laszt\u00e1som sor\u00e1n t\u00e1vol ker\u00fcltem a sz\u00e1momra oly kedves eg\u00e9szs\u00e9g\u00fcgyt\u0151l, azonban \u00f6nk\u00e9ntesk\u00e9nt hol \u00e1llatorvosi rendel\u0151ben, hol hum\u00e1n ter\u00fcleten (pl. hospice h\u00e1zban, majd v\u00e9g\u00fcl beteg\u00e1pol\u00f3i ter\u00fcleten a SOTE Seb\u00e9szeti, Transzplant\u00e1ci\u00f3s \u00e9s Gasztroenterol\u00f3giai Klinik\u00e1j\u00e1n) is v\u00e1llaltam munk\u00e1t. K\u00e9s\u0151bb azt\u00e1n jelentkeztem asszisztensnek az \u00c1llatorvostudom\u00e1nyi Egyetem <span data-olk-copy-source=\"MessageBody\">Egzotikus\u00e1llat-, Vad-, Hal- \u00e9s M\u00e9heg\u00e9szs\u00e9g\u00fcgyi Tansz\u00e9k<\/span>re, ahol jelenleg is alkalmaz\u00e1sban \u00e1llok.<\/p> <p>Id\u0151k\u00f6zben a Covid 19 j\u00e1rv\u00e1ny kit\u00f6r\u00e9se miatt ism\u00e9t sz\u00fcks\u00e9g volt az \u00f6nk\u00e9ntes munk\u00e1mra, az\u00e9rt az\u00f3ta t\u00f6bb covid-oszt\u00e1lyon is dolgoztam \u2013 n\u0151v\u00e9rk\u00e9nt a s\u00falyos \u00e1llapot\u00fa, intenz\u00edv ell\u00e1t\u00e1st ig\u00e9nyl\u0151 betegek \u00e1pol\u00e1s\u00e1ban m\u0171k\u00f6dtem k\u00f6zre \u2013 ahol igyekeztem megk\u00f6nny\u00edteni az ott dolgoz\u00f3k munk\u00e1j\u00e1t, illetve a betegek mindennapjait. V\u00e9g\u00fcl ebben a neh\u00e9z id\u0151szakban felk\u00e9rtek, hogy az \u00c1llatorvosi Egyetemen v\u00e9gzett munk\u00e1m mellett r\u00e9szmunkaid\u0151ben \u00e1pol\u00f3n\u0151k\u00e9nt vegyek r\u00e9szt a klinika intenz\u00edv oszt\u00e1ly\u00e1n t\u00f6rt\u00e9n\u0151 munkav\u00e9gz\u00e9sben is.<\/p>","protected":false},"excerpt":{"rendered":"<p>Bemutatkoz\u00e1s 1981-ben sz\u00fclettem Budapesten. M\u00e1r gyermekkoromban \u00e9rdekl\u0151d\u00e9ssel figyeltem b\u00e1rmit, aminek k\u00f6ze volt az \u00e9l\u0151 testek m\u0171k\u00f6d\u00e9s\u00e9hez \u00e9s \u00f6r\u00f6mmel tanulm\u00e1nyozgattam k\u00fcl\u00f6nb\u00f6z\u0151 szakk\u00f6nyveket, lexikonokat, \u00e9s eszk\u00f6z\u00f6ket. B\u00e1r p\u00e1lyav\u00e1laszt\u00e1som sor\u00e1n t\u00e1vol ker\u00fcltem a sz\u00e1momra oly kedves eg\u00e9szs\u00e9g\u00fcgyt\u0151l, azonban \u00f6nk\u00e9ntesk\u00e9nt hol \u00e1llatorvosi rendel\u0151ben, hol hum\u00e1n ter\u00fcleten (pl. hospice h\u00e1zban, majd v\u00e9g\u00fcl beteg\u00e1pol\u00f3i ter\u00fcleten a SOTE Seb\u00e9szeti, Transzplant\u00e1ci\u00f3s \u00e9s Gasztroenterol\u00f3giai<\/p>\n","protected":false},"author":5824,"featured_media":0,"parent":858,"menu_order":41,"comment_status":"open","ping_status":"open","template":"","meta":{"_acf_changed":false,"footnotes":""},"categories":[],"tags":[],"class_list":["post-45311","page","type-page","status-publish","hentry"],"acf":[],"_links":{"self":[{"href":"https:\/\/univet.hu\/hu\/wp-json\/wp\/v2\/pages\/45311","targetHints":{"allow":["GET"]}}],"collection":[{"href":"https:\/\/univet.hu\/hu\/wp-json\/wp\/v2\/pages"}],"about":[{"href":"https:\/\/univet.hu\/hu\/wp-json\/wp\/v2\/types\/page"}],"author":[{"embeddable":true,"href":"https:\/\/univet.hu\/hu\/wp-json\/wp\/v2\/users\/5824"}],"replies":[{"embeddable":true,"href":"https:\/\/univet.hu\/hu\/wp-json\/wp\/v2\/comments?post=45311"}],"version-history":[{"count":2,"href":"https:\/\/univet.hu\/hu\/wp-json\/wp\/v2\/pages\/45311\/revisions"}],"predecessor-version":[{"id":181635,"href":"https:\/\/univet.hu\/hu\/wp-json\/wp\/v2\/pages\/45311\/revisions\/181635"}],"up":[{"embeddable":true,"href":"https:\/\/univet.hu\/hu\/wp-json\/wp\/v2\/pages\/858"}],"wp:attachment":[{"href":"https:\/\/univet.hu\/hu\/wp-json\/wp\/v2\/media?parent=45311"}],"wp:term":[{"taxonomy":"category","embeddable":true,"href":"https:\/\/univet.hu\/hu\/wp-json\/wp\/v2\/categories?post=45311"},{"taxonomy":"post_tag","embeddable":true,"href":"https:\/\/univet.hu\/hu\/wp-json\/wp\/v2\/tags?post=45311"}],"curies":[{"name":"wp","href":"https:\/\/api.w.org\/{rel}","templated":true}]}}