{"id":4543,"date":"2017-10-27T05:43:00","date_gmt":"2017-10-27T03:43:00","guid":{"rendered":"http:\/\/univet.hu\/egyetem\/munkatarsak\/reiczigel-jeno\/"},"modified":"2026-03-31T15:37:12","modified_gmt":"2026-03-31T13:37:12","slug":"reiczigel-jeno","status":"publish","type":"page","link":"https:\/\/univet.hu\/hu\/egyetem\/munkatarsak\/reiczigel-jeno\/","title":{"rendered":"Reiczigel Jen\u0151"},"content":{"rendered":"<h2>Bemutatkoz\u00e1s<\/h2> <div> <p>\u00a0 \u00a0<a href=\"http:\/\/biostat.univet.hu\/index.php\/munkatarsak\/dr-reiczigel-jeno\/\" data-replaced=\"true\"> -l\u00e1sd itt- <\/a><\/p> <\/div> <h2>Tev\u00e9kenys\u00e9g<\/h2> <div> <h2 class=\"entry-title\">Oktat\u00f3 konzult\u00e1ci\u00f3s id\u0151pontja: H\u00e9tf\u0151: 10:00-11:00 (J \u00e9p\u00fclet II. emelet 203)<br \/> (e-mailben el\u0151zetes bejelentkez\u00e9s sz\u00fcks\u00e9ges)<\/h2> <p>&nbsp;<\/p> <\/div>","protected":false},"excerpt":{"rendered":"<p>Bemutatkoz\u00e1s \u00a0 \u00a0 -l\u00e1sd itt- Tev\u00e9kenys\u00e9g Oktat\u00f3 konzult\u00e1ci\u00f3s id\u0151pontja: H\u00e9tf\u0151: 10:00-11:00 (J \u00e9p\u00fclet II. emelet 203) (e-mailben el\u0151zetes bejelentkez\u00e9s sz\u00fcks\u00e9ges) &nbsp;<\/p>\n","protected":false},"author":5824,"featured_media":0,"parent":858,"menu_order":210,"comment_status":"closed","ping_status":"closed","template":"","meta":{"_acf_changed":false,"footnotes":""},"categories":[56],"tags":[],"class_list":["post-4543","page","type-page","status-publish","hentry","category-munkatarsak"],"acf":[],"_links":{"self":[{"href":"https:\/\/univet.hu\/hu\/wp-json\/wp\/v2\/pages\/4543","targetHints":{"allow":["GET"]}}],"collection":[{"href":"https:\/\/univet.hu\/hu\/wp-json\/wp\/v2\/pages"}],"about":[{"href":"https:\/\/univet.hu\/hu\/wp-json\/wp\/v2\/types\/page"}],"author":[{"embeddable":true,"href":"https:\/\/univet.hu\/hu\/wp-json\/wp\/v2\/users\/5824"}],"replies":[{"embeddable":true,"href":"https:\/\/univet.hu\/hu\/wp-json\/wp\/v2\/comments?post=4543"}],"version-history":[{"count":3,"href":"https:\/\/univet.hu\/hu\/wp-json\/wp\/v2\/pages\/4543\/revisions"}],"predecessor-version":[{"id":204628,"href":"https:\/\/univet.hu\/hu\/wp-json\/wp\/v2\/pages\/4543\/revisions\/204628"}],"up":[{"embeddable":true,"href":"https:\/\/univet.hu\/hu\/wp-json\/wp\/v2\/pages\/858"}],"wp:attachment":[{"href":"https:\/\/univet.hu\/hu\/wp-json\/wp\/v2\/media?parent=4543"}],"wp:term":[{"taxonomy":"category","embeddable":true,"href":"https:\/\/univet.hu\/hu\/wp-json\/wp\/v2\/categories?post=4543"},{"taxonomy":"post_tag","embeddable":true,"href":"https:\/\/univet.hu\/hu\/wp-json\/wp\/v2\/tags?post=4543"}],"curies":[{"name":"wp","href":"https:\/\/api.w.org\/{rel}","templated":true}]}}