{"id":4546,"date":"2018-03-12T16:13:00","date_gmt":"2018-03-12T15:13:00","guid":{"rendered":"http:\/\/univet.hu\/egyetem\/munkatarsak\/reinitz-laszlo-zoltan\/"},"modified":"2026-02-10T04:02:26","modified_gmt":"2026-02-10T03:02:26","slug":"reinitz-laszlo-zoltan","status":"publish","type":"page","link":"https:\/\/univet.hu\/hu\/egyetem\/munkatarsak\/reinitz-laszlo-zoltan\/","title":{"rendered":"Reinitz L\u00e1szl\u00f3 Zolt\u00e1n"},"content":{"rendered":"<p>Fogad\u00f3\u00f3ra: oktat\u00e1si id\u0151szakban minden cs\u00fct\u00f6rt\u00f6k\u00f6n 12:00-13:00 (Anat\u00f3mi\u00e1val kapcsolatos \u00fcgyekben)<\/p> <p style=\"text-align: center\"><strong>Bemutatkoz\u00e1s<\/strong><\/p> <p>Dr. Reinitz L\u00e1szl\u00f3 Zolt\u00e1n Budapesten sz\u00fcletett. Gimn\u00e1zium ut\u00e1n 2 \u00e9vet a SOTE Gy\u00f3gyszer\u00e9sztudom\u00e1nyi Kar\u00e1n t\u00f6lt\u00f6tt, miel\u0151tt 2000-ben felv\u00e9telt nyert az \u00c1llatorvostudom\u00e1nyi Egyetemre (akkor: Szent Istv\u00e1n Egyetem, \u00c1llatorvostudom\u00e1nyi Kar). Mindk\u00e9t int\u00e9zm\u00e9nyben tev\u00e9kenyen r\u00e9szt vett a hallgat\u00f3i \u00e9letben. \u00c1llatorvosi tanulm\u00e1nyai egy r\u00e9sz\u00e9t \u00f6szt\u00f6nd\u00edjask\u00e9nt Lisszabonban \u00e9s New Yorkban v\u00e9gezte, a Kari TDK-n els\u0151 helyez\u00e9st, az Orsz\u00e1gos TDK-n K\u00fcl\u00f6nd\u00edjat nyert. 2007-ben avatt\u00e1k doktorr\u00e1, ezut\u00e1n a FeliCaVet \u00e1llatorvosi rendel\u0151ben helyezkedett el \u00e9s 2009-ben t\u00e9rt vissza az egyetemre, ahol diplomamunk\u00e1j\u00e1nak folytat\u00e1sak\u00e9nt PhD kutat\u00e1sba kezdett az Anat\u00f3miai \u00e9s Sz\u00f6vettani Tansz\u00e9k munkat\u00e1rsak\u00e9nt. A \u02baKuty\u00e1k cerebrospinalis folyad\u00e9ktereinek anat\u00f3miai viszonyai, t\u00e9rbeli modellez\u00e9se \u00e9s t\u00e9rfogatm\u00e9r\u00e9se\u02ba c\u00edm\u0171 PhD \u00e9rtekez\u00e9s\u00e9t 2016-ban v\u00e9dte meg. 2017. janu\u00e1r elseje \u00f3ta egyetemi adjunktus. \u00d6sszesen 11 hallgat\u00f3 szakdolgozat\u00e1nak \u00e9s TDK munk\u00e1j\u00e1nak t\u00e9mavezet\u0151je, akik a Kari TDK-n \u00e9s az Orsz\u00e1gos TDK-n is el\u0151kel\u0151 helyez\u00e9seket \u00e9s K\u00fcl\u00f6nd\u00edjakat szereztek. 2017-ben Rektori Dics\u00e9retet, 2021-ben Pro Arte Veterinaria kit\u00fcntet\u00e9st kapott.<\/p> <p style=\"text-align: center\"><strong>El\u0151rehalad\u00e1s<\/strong><\/p> <table style=\"height: 295px\" width=\"1085\"> <tbody> <tr style=\"height: 24px\"> <td style=\"width: 179.438px;height: 24px;text-align: center\"><strong>Munkahelyek<\/strong><\/td> <td style=\"width: 656.547px;height: 24px;text-align: center\"><strong>Int\u00e9zm\u00e9ny neve<\/strong><\/td> <td style=\"width: 227.016px;height: 24px\">beoszt\u00e1s<\/td> <\/tr> <tr style=\"height: 10px\"> <td style=\"width: 179.438px;height: 10px;text-align: center\"> <p>2016<\/p> <p>2017-<\/td> <td style=\"width: 656.547px;height: 10px;text-align: center\">\u00c1llatorvostudom\u00e1nyi Egyetem,\u00a0Anat\u00f3miai \u00e9s Sz\u00f6vettani Tansz\u00e9k<\/td> <td style=\"width: 227.016px;height: 10px;text-align: center\"> <p>tansz\u00e9ki \u00e1llatorvos<\/p> <p>egyetemi adjunktus<\/td> <\/tr> <tr style=\"height: 24px\"> <td style=\"width: 179.438px;height: 24px;text-align: center\"> <p>2013-2016<\/p> <p>2010-2013<\/p> <p>2009-2010<\/p> <p>2001-2007<\/td> <td style=\"width: 656.547px;height: 24px;text-align: center\">Szent Istv\u00e1n Egyetem, \u00c1llatorvos-tudom\u00e1nyi Kar, Anat\u00f3miai \u00e9s Sz\u00f6vettani Tansz\u00e9k<\/td> <td style=\"width: 227.016px;height: 24px;text-align: center\"> <p>tansz\u00e9ki \u00e1llatorvos<\/p> <p>PhD hallgat\u00f3<\/p> <p>tansz\u00e9ki \u00e1llatorvos<\/p> <p>Hallgat\u00f3i \u00fajs\u00e1g f\u0151szerkeszt\u0151je<\/td> <\/tr> <tr style=\"height: 107px\"> <td style=\"width: 179.438px;text-align: center;height: 107px\">2003-2004<\/td> <td style=\"width: 656.547px;text-align: center;height: 107px\">EU European Volunteer Service<\/td> <td style=\"width: 227.016px;text-align: center;height: 107px\">k\u00f6rnyezetv\u00e9delmi \u00e9s felvil\u00e1gos\u00edt\u00f3 jelleg\u0171 t\u00e1rsadalmi munka<\/td> <\/tr> <tr style=\"height: 82px\"> <td style=\"width: 179.438px;text-align: center;height: 82px\">1999-2007<\/td> <td style=\"width: 656.547px;text-align: center;height: 82px\">Instruktor \u00d6ntev\u00e9keny Csoport<\/td> <td style=\"width: 227.016px;text-align: center;height: 82px\">adminisztr\u00e1ci\u00f3s, multim\u00e9di\u00e1s \u00e9s szervez\u00e9si feladatok<\/td> <\/tr> <tr style=\"height: 24px\"> <td style=\"width: 179.438px;height: 24px;text-align: center\">1997-1998<\/td> <td style=\"width: 656.547px;height: 24px;text-align: center\">\u00c1llatorvostudom\u00e1nyi Egyetem\u00a0Belgy\u00f3gy\u00e1szati Tansz\u00e9k, Intenz\u00edv Oszt\u00e1ly<\/td> <td style=\"width: 227.016px;height: 24px;text-align: center\">szakseg\u00e9d<\/td> <\/tr> <tr style=\"height: 24px\"> <td style=\"width: 179.438px;height: 24px;text-align: center\"> <p>2008-2009<\/p> <p>2007-2008<\/p> <p>2004-2007<\/p> <p>1996-2003<\/td> <td style=\"width: 656.547px;height: 24px;text-align: center\"> <p>FeliCaVet \u00c1llatorvosi Szolg\u00e1ltat\u00f3 Kft.<\/p> <p>&nbsp;<\/td> <td style=\"width: 227.016px;height: 24px;text-align: center\"> <p>k\u00f3rh\u00e1zvezet\u0151 \u00e1llatorvos<\/p> <p>klinikus \u00e1llatorvos<\/p> <p>r\u00e9szmunkaid\u0151s asszisztens<\/p> <p>\u00f6nk\u00e9ntes seg\u00edt\u0151<\/td> <\/tr> <\/tbody> <\/table> <div> <p style=\"text-align: center\"><strong>Szakmai szervezeti tags\u00e1g<\/strong><\/p> <table style=\"height: 168px\" width=\"1004\"> <tbody> <tr style=\"height: 24px\"> <td style=\"width: 484.969px;height: 24px;text-align: center\"><strong>Bizotts\u00e1g neve<\/strong><\/td> <td style=\"width: 138.266px;height: 24px;text-align: center\"><strong>Id\u0151<\/strong><\/td> <td style=\"width: 358.766px;height: 24px;text-align: center\"><strong>Tiszts\u00e9g<\/strong><\/td> <\/tr> <tr style=\"height: 24px\"> <td style=\"width: 484.969px;height: 24px;text-align: center\">Magyar Anat\u00f3mus T\u00e1rsas\u00e1g XVIII. Kongresszus<\/td> <td style=\"width: 138.266px;height: 24px;text-align: center\">2013<\/td> <td style=\"width: 358.766px;height: 24px;text-align: center\">szervez\u0151bizotts\u00e1gi tag<\/td> <\/tr> <tr style=\"height: 24px\"> <td style=\"width: 484.969px;height: 24px;text-align: center\">Young Generation of Veterinary Anatomists<\/td> <td style=\"width: 138.266px;height: 24px;text-align: center\">2013<\/td> <td style=\"width: 358.766px;height: 24px;text-align: center\">tag<\/td> <\/tr> <tr style=\"height: 24px\"> <td style=\"width: 484.969px;height: 24px;text-align: center\">European Association of Veterinary Anatomists<\/td> <td style=\"width: 138.266px;height: 24px;text-align: center\">2013<\/td> <td style=\"width: 358.766px;height: 24px;text-align: center\">tag<\/td> <\/tr> <tr style=\"height: 24px\"> <td style=\"width: 484.969px;height: 24px;text-align: center\">SzIE-\u00c1OTK, TDK<\/td> <td style=\"width: 138.266px;height: 24px;text-align: center\">2011<\/td> <td style=\"width: 358.766px;height: 24px;text-align: center\">titk\u00e1r<\/td> <\/tr> <tr style=\"height: 24px\"> <td style=\"width: 484.969px;height: 24px;text-align: center\">Magyar Anat\u00f3mus T\u00e1rsas\u00e1g<\/td> <td style=\"width: 138.266px;height: 24px;text-align: center\">2010<\/td> <td style=\"width: 358.766px;height: 24px;text-align: center\">tag<\/td> <\/tr> <\/tbody> <\/table> <p><strong>Oktatott t\u00e1rgyak:<\/strong><\/p> <\/div> <ul> <li style=\"margin-left: 36.0pt\">\u00c1llatorvos-doktor szak (\u00c1TE), gradu\u00e1lis k\u00e9pz\u00e9s: <em>H\u00e1zi\u00e1llatok funkcion\u00e1lis anat\u00f3mi\u00e1ja<\/em>, <em>T\u00e1janat\u00f3mia<\/em>, <em>H\u00e1zimadarak anat\u00f3mi\u00e1ja<\/em>, <em>Szervek fejl\u0151d\u00e9stana<\/em>, <em>R\u00f6ntgenanat\u00f3mia<\/em> (el\u0151ad\u00e1sok, gyakorlatok \u00e9s vizsg\u00e1ztat\u00e1s magyar, angol \u00e9s n\u00e9met nyelven)<\/li> <li style=\"margin-left: 36.0pt\">Lovaskult\u00fara oktat\u00f3 szak (Semmelweis Egyetem, Testnevel\u00e9si \u00e9s Sporttudom\u00e1nyi Kar), posztgradu\u00e1lis k\u00e9pz\u00e9s: <em>Anat\u00f3mia<\/em> (el\u0151ad\u00e1s, gyakorlat \u00e9s vizsg\u00e1ztat\u00e1s)<\/li> <li style=\"margin-left: 36.0pt\">Lovas-tan\u00e1r \u00e9s szervez\u0151 szak (\u00c1TE), posztgradu\u00e1lis k\u00e9pz\u00e9s: <em>Anat\u00f3mia<\/em> (el\u0151ad\u00e1s, gyakorlat \u00e9s vizsg\u00e1ztat\u00e1s)<\/li> <\/ul> <p><strong>Elnyert t\u00e1mogat\u00e1s<\/strong><\/p> <p style=\"margin-left: 36.0pt\">NTP-TDK-0011-A-0009: Anat\u00f3miai M\u00fazeumi \u00e9s Bonctermi Tehets\u00e9gkutat\u00f3 Program (2012)<\/p> <p style=\"margin-left: 36.0pt\">NTP-OKA-XXII.\/090: Anat\u00f3miai Tanul\u00f3m\u00fazeum \u00e9s Tehets\u00e9gkutat\u00f3 program (2011)<\/p> <p style=\"margin-left: 36.0pt\">NTP-OKA-I.\/043: Tanul\u00f3m\u00fazeum \u00e9s Tudom\u00e1nyos Ismeretterjeszt\u0151 \u00e9s Tehets\u00e9gkutat\u00f3 Sorozat (2010)<\/p> <p style=\"margin-left: 36.0pt\">European Volunteer Service (2004)<\/p> <p style=\"margin-left: 36.0pt\">ERASMUS \u00f6szt\u00f6nd\u00edj (2003<\/p> <p><strong>Eddigi szakdolgozat\/TDK hallgat\u00f3k\u00a0<\/strong><\/p> <ul> <li>Lenzing Franka: 3D Reconstruction and Analysis of the Anatomy of an Elephant&#8217;s Hind Foot using CT<\/li> <li>Wolnerman Barak: Anatomical mapping of a Rothschild\u2019s giraffe forelimb2022-TDK; XXXVI. OTDK<\/li> <li>Cerny Claudia: Az orrszarv\u00fa l\u00e1bv\u00e9g v\u00e9rell\u00e1t\u00e1s\u00e1nak CT alap\u00fa 3D rekonstrukci\u00f3s vizsg\u00e1lata<\/li> <li>Bakarecz Fanni: CT-alap\u00fa sz\u00edvteljes\u00edtm\u00e9ny m\u00e9r\u00e9s k\u00fcl\u00f6nb\u00f6z\u0151 testt\u00f6meg\u0171 kuty\u00e1kon<\/li> <li>Shannon R\u00fcck: 3D reconstruction and analyses of the anatomy of an elephant\u2019s foot using CT and MRI<\/li> <li>Szilassy Veronika: A mellkasalakul\u00e1s \u00e9s a sz\u00edv morfol\u00f3gi\u00e1j\u00e1nak \u00f6sszevet\u00e9se kuty\u00e1kban CT alap\u00fa 3D rekonstrukci\u00f3s technik\u00e1val<\/li> <li>Alf\u00f6ldi Roz\u00e1lia: K\u00fcl\u00f6nb\u00f6z\u0151 testalak\u00fa kuty\u00e1k sz\u00edv\u00e9nek CT alap\u00fa, \u00f6sszehasonl\u00edt\u00f3 anat\u00f3mi\u00e1ja<\/li> <li>Bozsik Anett: A statisztikai tanul\u00e1s szerep\u00e9nek vizsg\u00e1lata a kuty\u00e1k sz\u00f3tanul\u00e1s\u00e1ban \u00e9ber fMRI seg\u00edts\u00e9g\u00e9vel<\/li> <li>Kondor Mil\u00e1n: A strucc t\u00e1janat\u00f3mi\u00e1j\u00e1nak \u00e9rdekess\u00e9gei (2018)<\/li> <li>Helena Waid: Clinical experiences after the insertion of a Cyclosporine-A drug delivery device in Warmblood Horses with Equine Recurrent Uveitis (2016)<\/li> <li>Zank\u00f3 Bianka: A kutya el\u00fcls\u0151 v\u00e9gtag csontv\u00e1z\u00e1nak \u00e9s art\u00e9ri\u00e1s rendszer\u00e9nek 3D-s modellje (2015)<\/li> <li>Benedek Bianka: A kutya agykamr\u00e1inak 3D rekonstrukci\u00f3ja \u00e9s t\u00e9rfogat meghat\u00e1roz\u00e1sa MRI felv\u00e9telek alapj\u00e1n (2014)<\/li> <li>Prevics D\u00e1vid: A sz\u00edv anat\u00f3mi\u00e1j\u00e1nak bemutat\u00e1sa MRI alap\u00fa 3D rekonstrukci\u00f3s technik\u00e1val (2014)<\/li> <li>Martin Bilger<strong>: <\/strong>Topographische und klinische Anatomie des Luftsacks beim Pferd (2013)<\/li> <\/ul> <div> <p><strong>D\u00edjak:<\/strong><\/p> <p style=\"margin-left: 27.0pt\"><strong>2007, <\/strong>XXVIII. Orsz\u00e1gos Tudom\u00e1nyos Di\u00e1kk\u00f6ri Konferencia \u2013 k\u00fcl\u00f6nd\u00edj<\/p> <p style=\"margin-left: 27.0pt\"><strong>2006,<\/strong> Kari Tudom\u00e1nyos Di\u00e1kk\u00f6ri Konferencia \u2013 els\u0151 d\u00edj \u00e9s rektori k\u00fcl\u00f6nd\u00edj<\/p> <p><strong>Publik\u00e1ci\u00f3s lista (Top10)<\/strong><\/p> <\/div> <table style=\"width: 95.7852%;height: 667px\"> <tbody> <tr style=\"height: 77px\"> <td style=\"height: 77px\" width=\"35\">1.<\/td> <td style=\"height: 77px\" width=\"626\">Reinitz LZ, Lenzing F, Papp E, Bi\u00e1csi A, Fajtai D, Petneh\u00e1zy \u00d6<br \/> CT reconstruction based 3D model of the digital cushion&#8217;s blood supply in the hind foot of an African savanna elephant (Loxodonta africana)<br \/> Frontiers of Veterinary Science, 2024:11<\/td> <\/tr> <tr style=\"height: 10px\"> <td style=\"height: 10px\" width=\"35\">2.<\/td> <td style=\"height: 10px\" width=\"626\">Reinitz LZ, Cerny C, Papp E, Bi\u00e1csi A, Fajtai D, Petneh\u00e1zy \u00d6<br \/> CT based 3D reconstruction of the forefoot\u2019s blood supply in a white rhinoceros<br \/> Acta Vet. Scand., 66(1):10<\/td> <\/tr> <tr style=\"height: 67px\"> <td style=\"height: 67px\" width=\"35\">3.<\/td> <td style=\"height: 67px\" width=\"626\">Petneh\u00e1zy \u00d6, R\u00fcck S, S\u00f3s E, Reinitz L<br \/> 3D Reconstruction of the Blood Supply in an Elephant\u2019s Forefoot Using Fused CT and MRI Sequences.<br \/> Animals, 13:1789<\/td> <\/tr> <tr style=\"height: 56px\"> <td style=\"height: 56px\" width=\"35\">4.<\/td> <td style=\"height: 56px\" width=\"626\">Reinitz L, Bajzik G, Garamv\u00f6lgyi R, Benedek B, Petneh\u00e1zy \u00d6, Lass\u00f3 A, Abonyi-T\u00f3th Zs, L\u0151rincz B, S\u00f3tonyi P<br \/> Linear relationship found between cerebrospinal fluid volume and bodyweight in dogs with MRI.<br \/> Acta Vet. Hung., 65(1):1-12<\/td> <\/tr> <tr style=\"height: 15px\"> <td style=\"height: 15px\" width=\"35\">5.<\/td> <td style=\"height: 15px\" width=\"626\">Reinitz L, Sz\u0151ke B, V\u00e1rkonyi E, S\u00f3tonyi P, Jancsik V<br \/> Three-dimensional visualization of the distribution of melanin-concentrating hormone producing neurons in the mouse hypothalamus.<br \/> J. Chem. Neuroanat. 71:20-25<\/td> <\/tr> <tr style=\"height: 122px\"> <td style=\"height: 122px\" width=\"35\">6.<\/td> <td style=\"height: 122px\" width=\"626\">Reinitz L, Bajzik G, Garamv\u00f6lgyi R, Petneh\u00e1zy \u00d6, Lass\u00f3 A, Abonyi-T\u00f3th Zs, L\u0151rincz B, S\u00f3tonyi P<br \/> Comparison between magnetic resonance imaging estimates of extracranial cerebrospinal fluid volume and physical measurements in healthy dogs.<br \/> Vet. Radiol. Ultrasound, 56(6):658-665<\/td> <\/tr> <tr style=\"height: 61px\"> <td style=\"height: 61px\" width=\"35\">7.<\/td> <td style=\"height: 61px\" width=\"626\">Kondor M, Reinitz L<br \/> A strucc t\u00e1janat\u00f3mi\u00e1j\u00e1nak \u00e9rdekess\u00e9gei<br \/> Magyar \u00c1llatorvosok Lapja, 145(12):741-755<\/td> <\/tr> <tr style=\"height: 113px\"> <td style=\"height: 113px\" width=\"35\">8.<\/td> <td style=\"height: 113px\" width=\"626\">Alf\u00f6ldi R, Reinitz L, Garamv\u00f6lgyi R, K\u0151r\u00f6si D, Petneh\u00e1zy \u00d6<br \/> A kutyasz\u00edv anat\u00f3mi\u00e1j\u00e1nak vizsg\u00e1lata multidetector CT alkalmaz\u00e1s\u00e1val<br \/> Magyar \u00c1llatorvosok Lapja, 144(6):397-409<\/td> <\/tr> <tr style=\"height: 75px\"> <td style=\"height: 75px\" width=\"35\">9.<\/td> <td style=\"height: 75px\" width=\"626\">Reinitz L, Petneh\u00e1zy \u00d6, Bajzik G, Bir\u00f3 G, Garamv\u00f6lgyi R, Benedek B, S\u00f3tonyi P<br \/> M\u00f3dszer a kutya (Canis familiaris) agykamr\u00e1inak in vivo t\u00e9rfogatm\u00e9r\u00e9s\u00e9re MRI-vel<br \/> Magyar \u00c1llatorvosok Lapja, 135(8):451-460<\/td> <\/tr> <tr style=\"height: 71px\"> <td style=\"height: 71px\" width=\"35\">10.<\/td> <td style=\"height: 71px\" width=\"626\">\u00d3zsv\u00e1ri L, Reinitz L<br \/> Labork\u00e9sz\u00fcl\u00e9kek \u00fczemeltet\u00e9s\u00e9nek k\u00f6lts\u00e9ghat\u00e9konys\u00e1ga a hazai kis\u00e1llatpraxisokban<br \/> Magyar \u00c1llatorvosok Lapja, 129(11):689-698<\/td> <\/tr> <\/tbody> <\/table> <p>&nbsp;<\/p>","protected":false},"excerpt":{"rendered":"<p>Fogad\u00f3\u00f3ra: oktat\u00e1si id\u0151szakban minden cs\u00fct\u00f6rt\u00f6k\u00f6n 12:00-13:00 (Anat\u00f3mi\u00e1val kapcsolatos \u00fcgyekben) Bemutatkoz\u00e1s Dr. Reinitz L\u00e1szl\u00f3 Zolt\u00e1n Budapesten sz\u00fcletett. Gimn\u00e1zium ut\u00e1n 2 \u00e9vet a SOTE Gy\u00f3gyszer\u00e9sztudom\u00e1nyi Kar\u00e1n t\u00f6lt\u00f6tt, miel\u0151tt 2000-ben felv\u00e9telt nyert az \u00c1llatorvostudom\u00e1nyi Egyetemre (akkor: Szent Istv\u00e1n Egyetem, \u00c1llatorvostudom\u00e1nyi Kar). Mindk\u00e9t int\u00e9zm\u00e9nyben tev\u00e9kenyen r\u00e9szt vett a hallgat\u00f3i \u00e9letben. \u00c1llatorvosi tanulm\u00e1nyai egy r\u00e9sz\u00e9t \u00f6szt\u00f6nd\u00edjask\u00e9nt Lisszabonban \u00e9s New Yorkban<\/p>\n","protected":false},"author":5824,"featured_media":0,"parent":858,"menu_order":211,"comment_status":"closed","ping_status":"closed","template":"","meta":{"_acf_changed":false,"footnotes":""},"categories":[56],"tags":[],"class_list":["post-4546","page","type-page","status-publish","hentry","category-munkatarsak"],"acf":[],"_links":{"self":[{"href":"https:\/\/univet.hu\/hu\/wp-json\/wp\/v2\/pages\/4546","targetHints":{"allow":["GET"]}}],"collection":[{"href":"https:\/\/univet.hu\/hu\/wp-json\/wp\/v2\/pages"}],"about":[{"href":"https:\/\/univet.hu\/hu\/wp-json\/wp\/v2\/types\/page"}],"author":[{"embeddable":true,"href":"https:\/\/univet.hu\/hu\/wp-json\/wp\/v2\/users\/5824"}],"replies":[{"embeddable":true,"href":"https:\/\/univet.hu\/hu\/wp-json\/wp\/v2\/comments?post=4546"}],"version-history":[{"count":4,"href":"https:\/\/univet.hu\/hu\/wp-json\/wp\/v2\/pages\/4546\/revisions"}],"predecessor-version":[{"id":190477,"href":"https:\/\/univet.hu\/hu\/wp-json\/wp\/v2\/pages\/4546\/revisions\/190477"}],"up":[{"embeddable":true,"href":"https:\/\/univet.hu\/hu\/wp-json\/wp\/v2\/pages\/858"}],"wp:attachment":[{"href":"https:\/\/univet.hu\/hu\/wp-json\/wp\/v2\/media?parent=4546"}],"wp:term":[{"taxonomy":"category","embeddable":true,"href":"https:\/\/univet.hu\/hu\/wp-json\/wp\/v2\/categories?post=4546"},{"taxonomy":"post_tag","embeddable":true,"href":"https:\/\/univet.hu\/hu\/wp-json\/wp\/v2\/tags?post=4546"}],"curies":[{"name":"wp","href":"https:\/\/api.w.org\/{rel}","templated":true}]}}