{"id":45583,"date":"2019-10-29T10:42:38","date_gmt":"2019-10-29T09:42:38","guid":{"rendered":"https:\/\/univet.hu\/hu\/egyetem\/palyazati-projektek\/name-3\/"},"modified":"2026-01-29T09:00:53","modified_gmt":"2026-01-29T08:00:53","slug":"nkfih-palyazatok","status":"publish","type":"page","link":"https:\/\/univet.hu\/hu\/egyetem\/palyazati-projektek\/nkfih-palyazatok\/","title":{"rendered":"NKFIH projektek"},"content":{"rendered":"<p>Az \u00c1llatorvostudom\u00e1nyi Egyetem Nemzeti Kutat\u00e1si, Fejleszt\u00e9si \u00e9s Innov\u00e1ci\u00f3s Hivatal (NKFIH) \u00a0\u00e1ltal t\u00e1mogatott projektjei.<\/p>","protected":false},"excerpt":{"rendered":"<p>Az \u00c1llatorvostudom\u00e1nyi Egyetem Nemzeti Kutat\u00e1si, Fejleszt\u00e9si \u00e9s Innov\u00e1ci\u00f3s Hivatal (NKFIH) \u00a0\u00e1ltal t\u00e1mogatott projektjei.<\/p>\n","protected":false},"author":1195,"featured_media":0,"parent":1058,"menu_order":0,"comment_status":"open","ping_status":"open","template":"","meta":{"_acf_changed":false,"footnotes":""},"categories":[],"tags":[],"class_list":["post-45583","page","type-page","status-publish","hentry"],"acf":[],"_links":{"self":[{"href":"https:\/\/univet.hu\/hu\/wp-json\/wp\/v2\/pages\/45583","targetHints":{"allow":["GET"]}}],"collection":[{"href":"https:\/\/univet.hu\/hu\/wp-json\/wp\/v2\/pages"}],"about":[{"href":"https:\/\/univet.hu\/hu\/wp-json\/wp\/v2\/types\/page"}],"author":[{"embeddable":true,"href":"https:\/\/univet.hu\/hu\/wp-json\/wp\/v2\/users\/1195"}],"replies":[{"embeddable":true,"href":"https:\/\/univet.hu\/hu\/wp-json\/wp\/v2\/comments?post=45583"}],"version-history":[{"count":0,"href":"https:\/\/univet.hu\/hu\/wp-json\/wp\/v2\/pages\/45583\/revisions"}],"up":[{"embeddable":true,"href":"https:\/\/univet.hu\/hu\/wp-json\/wp\/v2\/pages\/1058"}],"wp:attachment":[{"href":"https:\/\/univet.hu\/hu\/wp-json\/wp\/v2\/media?parent=45583"}],"wp:term":[{"taxonomy":"category","embeddable":true,"href":"https:\/\/univet.hu\/hu\/wp-json\/wp\/v2\/categories?post=45583"},{"taxonomy":"post_tag","embeddable":true,"href":"https:\/\/univet.hu\/hu\/wp-json\/wp\/v2\/tags?post=45583"}],"curies":[{"name":"wp","href":"https:\/\/api.w.org\/{rel}","templated":true}]}}