{"id":45694,"date":"2019-10-30T19:33:00","date_gmt":"2019-10-30T18:33:00","guid":{"rendered":"https:\/\/univet.hu\/klinikak\/aquilabor\/bemutatkozas\/"},"modified":"2019-10-30T20:43:58","modified_gmt":"2019-10-30T19:43:58","slug":"bemutatkozas","status":"publish","type":"page","link":"https:\/\/univet.hu\/hu\/laboratoriumok\/aquilabor\/bemutatkozas\/","title":{"rendered":"Bemutatkoz\u00e1s"},"content":{"rendered":"<h3>R\u00f3lunk<\/h3> <p>Az Aquilabor 2016-ban indult az \u00c1llatorvostudom\u00e1nyi Egyetem (kor\u00e1bban Szent Istv\u00e1n Egyetem \u00c1llatorvos-tudom\u00e1nyi Kar) konzerv\u00e1ci\u00f3-genetikai laborat\u00f3rium\u00e1ban. A kezdetek \u00f3ta t\u00f6bb, mint 700 mint\u00e1n \u00e9s k\u00f6zel 90 mad\u00e1rfajon v\u00e9gezt\u00fcnk ivarmeghat\u00e1roz\u00e1st.<\/p> <p>A laborat\u00f3riumban toll- vagy v\u00e9rmint\u00e1b\u00f3l ivar-specifikus g\u00e9nszakaszok PCR-es felszapor\u00edt\u00e1s\u00e1val hat\u00e1rozzuk meg a madarak ivar\u00e1t. Minden mint\u00e1t legal\u00e1bb k\u00e9t markerg\u00e9nnel vizsg\u00e1lunk.<\/p> <p>A laborat\u00f3rium nyilv\u00e1ntart\u00e1si sz\u00e1ma: 130\/2016\/Lab\/N\u00c9BIH<\/p> <h3>A megrendel\u00e9s menete<\/h3> <p>B\u00e1rmilyen sz\u00f6vetb\u0151l lehets\u00e9ges a szex\u00e1l\u00e1s, a legegyszer\u0171bb egy nem t\u00fal r\u00e9gen kivedlett (esetleg frissen kit\u00e9pett) tollb\u00f3l. Ezt c\u00e9lszer\u0171 egy kis m\u00e9ret\u0171 m\u0171anyag zacsk\u00f3ba tenni, \u00e9s lehet\u0151leg csak r\u00f6vid ideig, s\u00f6t\u00e9tben \u00e9s h\u0171t\u0151szekr\u00e9nyben t\u00e1rolni.<\/p> <p>V\u00e9rmint\u00e1hoz a legjobb 1-2 csepp v\u00e9rt venni a mad\u00e1r sz\u00e1rnyv\u00e9n\u00e1j\u00e1b\u00f3l (<strong>nem a combb\u00f3l<\/strong>) tiszta sz\u0171r\u0151pap\u00edrra vagy f\u00fclpiszk\u00e1l\u00f3ra \u00e9s teljesen kisz\u00e1r\u00edtani.<\/p> <p>A mint\u00e1kat szem\u00e9lyesen vagy postai \u00faton k\u00e9rj\u00fck eljuttatni a k\u00f6vetkez\u0151 c\u00edmre: AQUILABOR Budapest 1077, Rottenbiller u 50.<\/p> <p>A mint\u00e1hoz k\u00e9rj\u00fck haszn\u00e1lja az <strong><a href=\"https:\/\/univet.hu\/hu\/klinikak\/aquilabor\/arak\/\" target=\"_blank\" rel=\"noopener\">innen<\/a><\/strong> let\u00f6lthet\u0151 megrendel\u0151lapot, vagy csatolja az ezeken tal\u00e1lhat\u00f3 inform\u00e1ci\u00f3kat.<\/p> <p>A minta be\u00e9rkez\u00e9s\u00e9r\u0151l e-mailben vagy telefonon \u00e9rtes\u00edtj\u00fck.<\/p> <p>A minta be\u00e9rkez\u00e9s\u00e9t\u0151l f\u00fcgg\u0151en az eredm\u00e9nyr\u0151l legfeljebb \u00f6t munkanapon bel\u00fcl \u00e9rtes\u00edtj\u00fck.<\/p> <p>Sikeres szex\u00e1l\u00e1s eset\u00e9n a sz\u00e1ml\u00e1t p\u00e1r napon bel\u00fcl postai \u00faton k\u00fcldj\u00fck.<\/p> <p>Fizetni a lev\u00e9lben megadott sz\u00e1mlasz\u00e1mra t\u00f6rt\u00e9n\u0151 utal\u00e1ssal lehet.<\/p>","protected":false},"excerpt":{"rendered":"<p>R\u00f3lunk Az Aquilabor 2016-ban indult az \u00c1llatorvostudom\u00e1nyi Egyetem (kor\u00e1bban Szent Istv\u00e1n Egyetem \u00c1llatorvos-tudom\u00e1nyi Kar) konzerv\u00e1ci\u00f3-genetikai laborat\u00f3rium\u00e1ban. A kezdetek \u00f3ta t\u00f6bb, mint 700 mint\u00e1n \u00e9s k\u00f6zel 90 mad\u00e1rfajon v\u00e9gezt\u00fcnk ivarmeghat\u00e1roz\u00e1st. A laborat\u00f3riumban toll- vagy v\u00e9rmint\u00e1b\u00f3l ivar-specifikus g\u00e9nszakaszok PCR-es felszapor\u00edt\u00e1s\u00e1val hat\u00e1rozzuk meg a madarak ivar\u00e1t. Minden mint\u00e1t legal\u00e1bb k\u00e9t markerg\u00e9nnel vizsg\u00e1lunk. A laborat\u00f3rium nyilv\u00e1ntart\u00e1si sz\u00e1ma: 130\/2016\/Lab\/N\u00c9BIH A<\/p>\n","protected":false},"author":1,"featured_media":0,"parent":45686,"menu_order":70,"comment_status":"closed","ping_status":"closed","template":"","meta":{"_acf_changed":false,"footnotes":""},"categories":[],"tags":[],"class_list":["post-45694","page","type-page","status-publish","hentry"],"acf":[],"_links":{"self":[{"href":"https:\/\/univet.hu\/hu\/wp-json\/wp\/v2\/pages\/45694","targetHints":{"allow":["GET"]}}],"collection":[{"href":"https:\/\/univet.hu\/hu\/wp-json\/wp\/v2\/pages"}],"about":[{"href":"https:\/\/univet.hu\/hu\/wp-json\/wp\/v2\/types\/page"}],"author":[{"embeddable":true,"href":"https:\/\/univet.hu\/hu\/wp-json\/wp\/v2\/users\/1"}],"replies":[{"embeddable":true,"href":"https:\/\/univet.hu\/hu\/wp-json\/wp\/v2\/comments?post=45694"}],"version-history":[{"count":0,"href":"https:\/\/univet.hu\/hu\/wp-json\/wp\/v2\/pages\/45694\/revisions"}],"up":[{"embeddable":true,"href":"https:\/\/univet.hu\/hu\/wp-json\/wp\/v2\/pages\/45686"}],"wp:attachment":[{"href":"https:\/\/univet.hu\/hu\/wp-json\/wp\/v2\/media?parent=45694"}],"wp:term":[{"taxonomy":"category","embeddable":true,"href":"https:\/\/univet.hu\/hu\/wp-json\/wp\/v2\/categories?post=45694"},{"taxonomy":"post_tag","embeddable":true,"href":"https:\/\/univet.hu\/hu\/wp-json\/wp\/v2\/tags?post=45694"}],"curies":[{"name":"wp","href":"https:\/\/api.w.org\/{rel}","templated":true}]}}