{"id":45695,"date":"2019-10-30T19:54:47","date_gmt":"2019-10-30T18:54:47","guid":{"rendered":"https:\/\/univet.hu\/?page_id=45695"},"modified":"2019-10-30T20:44:09","modified_gmt":"2019-10-30T19:44:09","slug":"szolgaltatasok","status":"publish","type":"page","link":"https:\/\/univet.hu\/hu\/laboratoriumok\/aquilabor\/szolgaltatasok\/","title":{"rendered":"Szolg\u00e1ltat\u00e1sok"},"content":{"rendered":"<p>K\u00e9rj\u00fck, hogy v\u00e1lasszon az al\u00e1bbi men\u00fcpontok k\u00f6z\u00fcl:<\/p> <ul> <li><a href=\"https:\/\/univet.hu\/hu\/klinikak\/aquilabor\/szolgaltatasok\/molekularis-ivarmeghatarozas-madaraknal\/\" data-replaced=\"true\">Molekul\u00e1ris ivarmeghat\u00e1roz\u00e1s madarakn\u00e1l \u00bb<\/a><\/li> <li><a href=\"https:\/\/univet.hu\/hu\/klinikak\/aquilabor\/szolgaltatasok\/fajok-es-egyedek-azonositasa\/\" data-replaced=\"true\">Fajok \u00e9s egyedek azonos\u00edt\u00e1sa \u00bb<\/a><\/li> <\/ul>","protected":false},"excerpt":{"rendered":"<p>K\u00e9rj\u00fck, hogy v\u00e1lasszon az al\u00e1bbi men\u00fcpontok k\u00f6z\u00fcl: Molekul\u00e1ris ivarmeghat\u00e1roz\u00e1s madarakn\u00e1l \u00bb Fajok \u00e9s egyedek azonos\u00edt\u00e1sa \u00bb<\/p>\n","protected":false},"author":1,"featured_media":0,"parent":45686,"menu_order":84,"comment_status":"closed","ping_status":"closed","template":"","meta":{"_acf_changed":false,"footnotes":""},"categories":[],"tags":[],"class_list":["post-45695","page","type-page","status-publish","hentry"],"acf":[],"_links":{"self":[{"href":"https:\/\/univet.hu\/hu\/wp-json\/wp\/v2\/pages\/45695","targetHints":{"allow":["GET"]}}],"collection":[{"href":"https:\/\/univet.hu\/hu\/wp-json\/wp\/v2\/pages"}],"about":[{"href":"https:\/\/univet.hu\/hu\/wp-json\/wp\/v2\/types\/page"}],"author":[{"embeddable":true,"href":"https:\/\/univet.hu\/hu\/wp-json\/wp\/v2\/users\/1"}],"replies":[{"embeddable":true,"href":"https:\/\/univet.hu\/hu\/wp-json\/wp\/v2\/comments?post=45695"}],"version-history":[{"count":0,"href":"https:\/\/univet.hu\/hu\/wp-json\/wp\/v2\/pages\/45695\/revisions"}],"up":[{"embeddable":true,"href":"https:\/\/univet.hu\/hu\/wp-json\/wp\/v2\/pages\/45686"}],"wp:attachment":[{"href":"https:\/\/univet.hu\/hu\/wp-json\/wp\/v2\/media?parent=45695"}],"wp:term":[{"taxonomy":"category","embeddable":true,"href":"https:\/\/univet.hu\/hu\/wp-json\/wp\/v2\/categories?post=45695"},{"taxonomy":"post_tag","embeddable":true,"href":"https:\/\/univet.hu\/hu\/wp-json\/wp\/v2\/tags?post=45695"}],"curies":[{"name":"wp","href":"https:\/\/api.w.org\/{rel}","templated":true}]}}