{"id":45699,"date":"2019-10-30T19:59:55","date_gmt":"2019-10-30T18:59:55","guid":{"rendered":"https:\/\/univet.hu\/?page_id=45699"},"modified":"2019-10-30T20:44:31","modified_gmt":"2019-10-30T19:44:31","slug":"arak","status":"publish","type":"page","link":"https:\/\/univet.hu\/hu\/laboratoriumok\/aquilabor\/arak\/","title":{"rendered":"\u00c1rak"},"content":{"rendered":"<p>\u00c9rv\u00e9nyes 2017. m\u00e1rcius 1-t\u0151l.<\/p> <table class=\"responsive\"> <thead> <tr> <th style=\"text-align: center;\">1 &#8211; 10 minta eset\u00e9n<\/th> <th style=\"text-align: center;\">T\u00edzn\u00e9l t\u00f6bb minta eset\u00e9n<\/th> <\/tr> <\/thead> <tbody> <tr> <td style=\"text-align: center;\">4000.-\/minta<\/td> <td style=\"text-align: center;\">3200.-\/minta<\/td> <\/tr> <\/tbody> <\/table> <p><a href=\"https:\/\/univet.hu\/wp-content\/uploads\/2019\/10\/Aquilabor_megrendel\u0151lap.docx\" target=\"_blank\" rel=\"noopener\">Megrendel\u0151lap let\u00f6lt\u00e9se \u00bb<\/a><\/p> <p>Sikeres szex\u00e1l\u00e1s eset\u00e9n a sz\u00e1ml\u00e1t p\u00e1r napon bel\u00fcl postai \u00faton k\u00fcldj\u00fck. Fizetni a lev\u00e9lben megadott sz\u00e1mlasz\u00e1mra t\u00f6rt\u00e9n\u0151 utal\u00e1ssal lehet.<\/p> <p>Ig\u00e9ny szerint egy\u00e9b DNS-alap\u00fa (egyedi, faji, vagy rokons\u00e1gi) azonos\u00edt\u00e1st is tudunk v\u00e9gezni sz\u00f6vetmint\u00e1kb\u00f3l. Ennek a kivitelezhet\u0151s\u00e9ge \u00e9s \u00e1ra v\u00e1ltoz\u00f3, ha ilyen ig\u00e9nye van, k\u00e9rj\u00fck \u00e9rdekl\u0151dj\u00f6n lev\u00e9lben vagy telefonon.<\/p> <p>K\u00e9rj\u00fck a megrendel\u00e9seik az oldalr\u00f3l let\u00f6lthet\u0151 megrendel\u0151lapon tal\u00e1lhat\u00f3 adatok megad\u00e1s\u00e1val, illetve az egyes mint\u00e1kat k\u00fcl\u00f6n tasakban, a mintak\u00eds\u00e9r\u0151n megadott adatokat felt\u00fcntetve k\u00fcldj\u00e9k el.<\/p> <p>K\u00f6sz\u00f6nettel: az Aquilabor csapata<\/p>","protected":false},"excerpt":{"rendered":"<p>\u00c9rv\u00e9nyes 2017. m\u00e1rcius 1-t\u0151l. 1 &#8211; 10 minta eset\u00e9n T\u00edzn\u00e9l t\u00f6bb minta eset\u00e9n 4000.-\/minta 3200.-\/minta Megrendel\u0151lap let\u00f6lt\u00e9se \u00bb Sikeres szex\u00e1l\u00e1s eset\u00e9n a sz\u00e1ml\u00e1t p\u00e1r napon bel\u00fcl postai \u00faton k\u00fcldj\u00fck. Fizetni a lev\u00e9lben megadott sz\u00e1mlasz\u00e1mra t\u00f6rt\u00e9n\u0151 utal\u00e1ssal lehet. Ig\u00e9ny szerint egy\u00e9b DNS-alap\u00fa (egyedi, faji, vagy rokons\u00e1gi) azonos\u00edt\u00e1st is tudunk v\u00e9gezni sz\u00f6vetmint\u00e1kb\u00f3l. Ennek a kivitelezhet\u0151s\u00e9ge \u00e9s \u00e1ra<\/p>\n","protected":false},"author":1,"featured_media":0,"parent":45686,"menu_order":85,"comment_status":"closed","ping_status":"closed","template":"","meta":{"_acf_changed":false,"footnotes":""},"categories":[],"tags":[],"class_list":["post-45699","page","type-page","status-publish","hentry"],"acf":[],"_links":{"self":[{"href":"https:\/\/univet.hu\/hu\/wp-json\/wp\/v2\/pages\/45699","targetHints":{"allow":["GET"]}}],"collection":[{"href":"https:\/\/univet.hu\/hu\/wp-json\/wp\/v2\/pages"}],"about":[{"href":"https:\/\/univet.hu\/hu\/wp-json\/wp\/v2\/types\/page"}],"author":[{"embeddable":true,"href":"https:\/\/univet.hu\/hu\/wp-json\/wp\/v2\/users\/1"}],"replies":[{"embeddable":true,"href":"https:\/\/univet.hu\/hu\/wp-json\/wp\/v2\/comments?post=45699"}],"version-history":[{"count":0,"href":"https:\/\/univet.hu\/hu\/wp-json\/wp\/v2\/pages\/45699\/revisions"}],"up":[{"embeddable":true,"href":"https:\/\/univet.hu\/hu\/wp-json\/wp\/v2\/pages\/45686"}],"wp:attachment":[{"href":"https:\/\/univet.hu\/hu\/wp-json\/wp\/v2\/media?parent=45699"}],"wp:term":[{"taxonomy":"category","embeddable":true,"href":"https:\/\/univet.hu\/hu\/wp-json\/wp\/v2\/categories?post=45699"},{"taxonomy":"post_tag","embeddable":true,"href":"https:\/\/univet.hu\/hu\/wp-json\/wp\/v2\/tags?post=45699"}],"curies":[{"name":"wp","href":"https:\/\/api.w.org\/{rel}","templated":true}]}}