{"id":45703,"date":"2019-10-30T20:09:33","date_gmt":"2019-10-30T19:09:33","guid":{"rendered":"https:\/\/univet.hu\/?page_id=45703"},"modified":"2019-10-30T20:45:43","modified_gmt":"2019-10-30T19:45:43","slug":"kapcsolat","status":"publish","type":"page","link":"https:\/\/univet.hu\/hu\/laboratoriumok\/aquilabor\/kapcsolat\/","title":{"rendered":"Kapcsolat"},"content":{"rendered":"<p><strong>K\u00f6sz\u00f6nj\u00fck \u00e9rdekl\u0151d\u00e9s\u00e9t!<\/strong><\/p> <ul> <li>C\u00edm\u00fcnk: <a href=\"https:\/\/goo.gl\/maps\/VsbpizNrvr92\" target=\"_blank\" rel=\"noopener\">1077 Budapest Rottenbiller u 50.<\/a><\/li> <li>Telefonsz\u00e1munk: +36-70-203-3798<\/li> <li>E-mail c\u00edm\u00fcnk: <a href=\"mailto:ate.aquilabor[PUT_AT_HERE]gmail.com\"><a class=\"decrypt\" rel=\"buf\/brvjmbcpsAhnbjm\/dpn\" href=\"javascript:void(0);\">[Kattintson az emailc\u00edmhez]<\/a><\/a><\/li> <li>Facebook oldalunk: <a href=\"https:\/\/www.facebook.com\/aquilabor\/\" target=\"_blank\" rel=\"noopener\">https:\/\/www.facebook.com\/aquilabor\/<\/a><\/li> <\/ul> <p>K\u00e9rj\u00fck az al\u00e1bbi \u0171rlapon, e-mailben vagy telefonon (munkanapokon 9 &#8211; 17 \u00f3ra k\u00f6z\u00f6tt) l\u00e9pjen kapcsolatba vel\u00fcnk. V\u00e1rjuk jelentkez\u00e9s\u00e9t.<\/p> <p>[contact-form-7 id=&#8221;45720&#8243; title=&#8221;Aquilabor kapcsolat (HU)&#8221;]<\/p>","protected":false},"excerpt":{"rendered":"<p>K\u00f6sz\u00f6nj\u00fck \u00e9rdekl\u0151d\u00e9s\u00e9t! C\u00edm\u00fcnk: 1077 Budapest Rottenbiller u 50. Telefonsz\u00e1munk: +36-70-203-3798 E-mail c\u00edm\u00fcnk: [Kattintson az emailc\u00edmhez] Facebook oldalunk: https:\/\/www.facebook.com\/aquilabor\/ K\u00e9rj\u00fck az al\u00e1bbi \u0171rlapon, e-mailben vagy telefonon (munkanapokon 9 &#8211; 17 \u00f3ra k\u00f6z\u00f6tt) l\u00e9pjen kapcsolatba vel\u00fcnk. V\u00e1rjuk jelentkez\u00e9s\u00e9t. [contact-form-7 id=&#8221;45720&#8243; title=&#8221;Aquilabor kapcsolat (HU)&#8221;]<\/p>\n","protected":false},"author":1,"featured_media":0,"parent":45686,"menu_order":87,"comment_status":"closed","ping_status":"closed","template":"","meta":{"_acf_changed":false,"footnotes":""},"categories":[],"tags":[],"class_list":["post-45703","page","type-page","status-publish","hentry"],"acf":[],"_links":{"self":[{"href":"https:\/\/univet.hu\/hu\/wp-json\/wp\/v2\/pages\/45703","targetHints":{"allow":["GET"]}}],"collection":[{"href":"https:\/\/univet.hu\/hu\/wp-json\/wp\/v2\/pages"}],"about":[{"href":"https:\/\/univet.hu\/hu\/wp-json\/wp\/v2\/types\/page"}],"author":[{"embeddable":true,"href":"https:\/\/univet.hu\/hu\/wp-json\/wp\/v2\/users\/1"}],"replies":[{"embeddable":true,"href":"https:\/\/univet.hu\/hu\/wp-json\/wp\/v2\/comments?post=45703"}],"version-history":[{"count":0,"href":"https:\/\/univet.hu\/hu\/wp-json\/wp\/v2\/pages\/45703\/revisions"}],"up":[{"embeddable":true,"href":"https:\/\/univet.hu\/hu\/wp-json\/wp\/v2\/pages\/45686"}],"wp:attachment":[{"href":"https:\/\/univet.hu\/hu\/wp-json\/wp\/v2\/media?parent=45703"}],"wp:term":[{"taxonomy":"category","embeddable":true,"href":"https:\/\/univet.hu\/hu\/wp-json\/wp\/v2\/categories?post=45703"},{"taxonomy":"post_tag","embeddable":true,"href":"https:\/\/univet.hu\/hu\/wp-json\/wp\/v2\/tags?post=45703"}],"curies":[{"name":"wp","href":"https:\/\/api.w.org\/{rel}","templated":true}]}}