{"id":45705,"date":"2019-10-30T19:49:18","date_gmt":"2019-10-30T18:49:18","guid":{"rendered":"https:\/\/univet.hu\/hu\/klinikak\/aquilabor\/gyakran-ismetelt-kerdesek\/fajlista\/"},"modified":"2019-10-30T19:49:18","modified_gmt":"2019-10-30T18:49:18","slug":"fajlista","status":"publish","type":"page","link":"https:\/\/univet.hu\/hu\/laboratoriumok\/aquilabor\/gyakran-ismetelt-kerdesek\/fajlista\/","title":{"rendered":"Fajlista"},"content":{"rendered":"<h3>\u00c9nekesmad\u00e1r-alak\u00faak \/ Passeriformes<\/h3> <p>\u00c9nekes n\u00e1diposzta \/ Acrocephalus palustris<\/p> <p>Foltos n\u00e1diposz\u00e1ta \/ Acrocephalus schoenobaenus<\/p> <p>Cserreg\u0151 n\u00e1diposz\u00e1ta \/ Acrocephalus scirpaceus<\/p> <p>Tengelic \/ Carduelis carduelis<\/p> <p>Kauk\u00e1zusi pir\u00f3k \/ Carpodacus rubicilla<\/p> <p>V\u00f6r\u00f6sbegy \/ Erithacus rubecula<\/p> <p>Kormos l\u00e9gykap\u00f3 \/ Ficedula hypoleuca<\/p> <p>Szajk\u00f3 \/ Garrulus glandarius<\/p> <p>F\u00e9nysereg\u00e9ly \/ Lamprotornis superbus<\/p> <p>N\u00e1di t\u00fccs\u00f6kmad\u00e1r \/ Locustella luscinioides<\/p> <p>Nagy f\u00fclem\u00fcle \/ Luscinia luscinia<\/p> <p>F\u00fclem\u00fcle \/ Luscinia megarhynchos<\/p> <p>Sord\u00e9ly \/ Miliaria calandra<\/p> <p>S\u00e1rgarig\u00f3 \/ Oriolus oriolus<\/p> <p>Sz\u00e9ncinege \/ Parus major<\/p> <p>Mezei ver\u00e9b \/ Passer montanus<\/p> <p>K\u00e9k cinege \/ Periparus ater<\/p> <p>H\u00e1zi rozsdafark\u00fa \/ Phoenicurus ochruros<\/p> <p>Kerti rozsdafark\u00fa \/ Phoenicurus phoenicurus<\/p> <p>Csilpcsalpf\u00fczike \/ Phylloscopus collybita<\/p> <p>Siseg\u0151 f\u00fczike \/ Phylloscopus sibilatrix<\/p> <p>Fitisz f\u00fczike \/ Phylloscopus trochilus<\/p> <p>Szarka \/ Pica pica<\/p> <p>Bar\u00e1tcinege \/ Poecile palustris<\/p> <p>Sz\u00fcrkebegy \/ Prunella modularis<\/p> <p>Rozsd\u00e1s csuk \/ Saxicola rubetra<\/p> <p>Sereg\u00e9ly \/ Sturnus vulgaris<\/p> <p>Kerti posz\u00e1ta \/ Sylvia borin<\/p> <p>Kis posz\u00e1ta \/ Sylvia curruca<\/p> <p>Fekete rig\u00f3 \/ Turdus merula<\/p> <p>\u00c9nekes rig\u00f3 \/ Turdus philomelos<\/p> <h3>Papag\u00e1jalak\u00faak \/ Psittaciformes<\/h3> <p>K\u00e9khomlok\u00fa amazon \/ Amazona aestiva<\/p> <p>S\u00e1rgav\u00e1ll\u00fa amazon \/ Amazona barbadensis<\/p> <p>S\u00e1rgahomlok\u00fa amazon \/ Amazona ochrocephala<\/p> <p>J\u00e1cintk\u00e9k ara \/ Anodorhynchus hyacinthinus<\/p> <p>S\u00e1rga-k\u00e9k ara \/ Ara ararauna<\/p> <p>Z\u00f6ldsz\u00e1rny\u00fa ara \/ Ara cloroptera<\/p> <p>Aranyhomlok\u00fa aratinga \/ Aratinga aurea<\/p> <p>Jandaya papag\u00e1j \/ Aratinga jandaya<\/p> <p>Nappapag\u00e1j \/ Aratinga solstitialis<\/p> <p>Katalin papag\u00e1j \/ Bolborhynchus lineola<\/p> <p>Feh\u00e9rb\u00f3bit\u00e1s kakadu \/ Cacatua alba<\/p> <p>Salamon-szigeteki kakadu \/ Cacatua ducorpsii<\/p> <p>S\u00e1rgab\u00f3bit\u00e1s kakadu \/ Cacatua galerita<\/p> <p>Goffin kakadu \/ Cacatua goffini<\/p> <p>Malukui kakadu \/ Cacatua moluccensis<\/p> <p>Pastinator kakadu \/ Cacatua pastinator<\/p> <p>Aranyosarc\u00fa kakadu \/ Cacatua sulphurea citrinocristata<\/p> <p>Sziklapapag\u00e1j \/ Cyanoliseus patagonus<\/p> <p>R\u00f3zs\u00e1s kakadu \/ Eolophus roseicapillus<\/p> <p>Nanday papag\u00e1j \/ Aratinga nenday<\/p> <p>Nimfa papag\u00e1j \/ Nymphicus hollandicus<\/p> <p>Rozsd\u00e1ssapk\u00e1s papag\u00e1j \/ Pionites leucogaster<\/p> <p>Feketesapk\u00e1s papag\u00e1j \/ Pionites melanocephala<\/p> <p>Feketef\u00fcl\u0171 papag\u00e1j \/ Pionus menstruus<\/p> <p>Szeneg\u00e1li papag\u00e1j \/ Poicephalus senegalus<\/p> <p>Marak\u00e1naara \/ Primolius maracana<\/p> <p>\u00c9nekes papag\u00e1j \/ Psephotus haematonotus<\/p> <p>Nagy s\u00e1ndorpapag\u00e1j \/ Psittacula eupatria<\/p> <p>\u00d6rv\u00f6s s\u00e1ndorpapag\u00e1j \/ Psittacula krameri<\/p> <p>Pirosf\u00fcl\u0171 papag\u00e1j \/ Pyrrhura cruentata<\/p> <p>Gy\u00f6ngy\u00f6s papag\u00e1j \/ Pyrrhura lepida<\/p> <p>T\u0171zfark\u00fa papag\u00e1j \/ Pyrrhura molinae<\/p> <p>Pirosfej\u0171 papag\u00e1j \/ Pyrrhura rhodocephala<\/p> <p>Pirosarc\u00fa papag\u00e1j \/ Pyrrhura roseifrons<\/p> <p>Bar\u00e1tpapag\u00e1j \/ Myiopsitta monachus<\/p> <p>J\u00e1k\u00f3 \/ Psittacus erithacus<\/p> <h3>S\u00f3lyomf\u00e9l\u00e9k \/ Falconiformes<\/h3> <p>K\u00e9k v\u00e9rcse \/ Falco vespertinus<\/p> <p>\u00c9szaki s\u00f3lyom \/ Falco rusticolus<\/p> <p>V\u00e1ndor s\u00f3lyom \/ Falco peregrinus<\/p> <h3>Szalak\u00f3taalak\u00faak \/ Coraciiformes<\/h3> <p>J\u00e9gmad\u00e1r \/ Alcedo atthis<\/p> <p>Szalak\u00f3ta \/ Coracias garrulus<\/p> <p>Gyurgyalag \/ Merops apiaster<\/p> <h3>Hark\u00e1lyalak\u00faak \/ Piciformes<\/h3> <p>Nagy fakop\u00e1ncs \/ Dendrocopos major<\/p> <h3>Bagolyalak\u00faak \/ Strigiformes<\/h3> <p>Erdei f\u00fclesbagoly \/ Asio otus<\/p> <p>F\u00fcleskuvik \/ Otus scops<\/p> <p>Macskabagoly \/ Strix aluco<\/p> <p>Mal\u00e1j erdei bagoly \/ Strix leptogrammica<\/p> <h3>V\u00e1g\u00f3mad\u00e1r-alak\u00faak \/ Accipitriformes<\/h3> <p>Eger\u00e9sz\u00f6lyv \/ Buteo buteo<\/p> <p>Parlagi sas \/ Aquila heliaca<\/p> <p>R\u00e9ti sas \/ Haliaeetus albicilla<\/p> <h3>G\u00f6d\u00e9nyalak\u00faak (G\u00e9mek) \/ Pelecaniformes (G\u00e9mek)<\/h3> <p>B\u00f6l\u00f6mbika \/ Botaurus stellaris<\/p> <h3>Lilealak\u00faak \/ Charadriformes<\/h3> <p>R\u00e9ti cank\u00f3 \/ Tringa glareola<\/p> <p>Pajzsos cank\u00f3 \/ Philomachus pugnax<\/p> <h3>Darualak\u00faak \/ Gruiformes<\/h3> <p>Haris \/ Crex crex<\/p> <p>V\u00edzity\u00fak \/ Gallinula chloropus<\/p> <p>Sz\u00e1rcsa \/ Fulica atra<\/p> <p>Guvat \/ Rallus aquaticus<\/p> <h3>Lappanty\u00faalak\u00faak \/ Caprimulgiformes<\/h3> <p>Havasi sarl\u00f3sfecske \/ Tachymarptis melba<\/p> <h3> Kakukkalak\u00faak \/ Cuculiformes<\/h3> <p>Kakukk \/ Cuculus canorus<\/p> <h3>Galambalak\u00faak \/ Columbiformes<\/h3> <p>Parlagi galamb \/ Columba livia<\/p> <p>Balk\u00e1ni gerle \/ Streptopelia decaocto<\/p> <h3>Ty\u00fakalak\u00faak \/ Galliformes<\/h3> <p>H\u00e1zi ty\u00fak \/ Gallus gallus<\/p> <h3>L\u00fadalak\u00faak \/ Anseriformes<\/h3> <p>T\u0151k\u00e9s r\u00e9ce \/ Anas platyrhynchos<\/p> <p>Ny\u00e1ri l\u00fad \/ Anser anser<\/p>","protected":false},"excerpt":{"rendered":"<p>\u00c9nekesmad\u00e1r-alak\u00faak \/ Passeriformes \u00c9nekes n\u00e1diposzta \/ Acrocephalus palustris Foltos n\u00e1diposz\u00e1ta \/ Acrocephalus schoenobaenus Cserreg\u0151 n\u00e1diposz\u00e1ta \/ Acrocephalus scirpaceus Tengelic \/ Carduelis carduelis Kauk\u00e1zusi pir\u00f3k \/ Carpodacus rubicilla V\u00f6r\u00f6sbegy \/ Erithacus rubecula Kormos l\u00e9gykap\u00f3 \/ Ficedula hypoleuca Szajk\u00f3 \/ Garrulus glandarius F\u00e9nysereg\u00e9ly \/ Lamprotornis superbus N\u00e1di t\u00fccs\u00f6kmad\u00e1r \/ Locustella luscinioides Nagy f\u00fclem\u00fcle \/ Luscinia luscinia F\u00fclem\u00fcle<\/p>\n","protected":false},"author":1,"featured_media":0,"parent":45702,"menu_order":0,"comment_status":"open","ping_status":"open","template":"","meta":{"_acf_changed":false,"footnotes":""},"categories":[],"tags":[],"class_list":["post-45705","page","type-page","status-publish","hentry"],"acf":[],"_links":{"self":[{"href":"https:\/\/univet.hu\/hu\/wp-json\/wp\/v2\/pages\/45705","targetHints":{"allow":["GET"]}}],"collection":[{"href":"https:\/\/univet.hu\/hu\/wp-json\/wp\/v2\/pages"}],"about":[{"href":"https:\/\/univet.hu\/hu\/wp-json\/wp\/v2\/types\/page"}],"author":[{"embeddable":true,"href":"https:\/\/univet.hu\/hu\/wp-json\/wp\/v2\/users\/1"}],"replies":[{"embeddable":true,"href":"https:\/\/univet.hu\/hu\/wp-json\/wp\/v2\/comments?post=45705"}],"version-history":[{"count":0,"href":"https:\/\/univet.hu\/hu\/wp-json\/wp\/v2\/pages\/45705\/revisions"}],"up":[{"embeddable":true,"href":"https:\/\/univet.hu\/hu\/wp-json\/wp\/v2\/pages\/45702"}],"wp:attachment":[{"href":"https:\/\/univet.hu\/hu\/wp-json\/wp\/v2\/media?parent=45705"}],"wp:term":[{"taxonomy":"category","embeddable":true,"href":"https:\/\/univet.hu\/hu\/wp-json\/wp\/v2\/categories?post=45705"},{"taxonomy":"post_tag","embeddable":true,"href":"https:\/\/univet.hu\/hu\/wp-json\/wp\/v2\/tags?post=45705"}],"curies":[{"name":"wp","href":"https:\/\/api.w.org\/{rel}","templated":true}]}}