{"id":45850,"date":"2019-11-04T16:22:50","date_gmt":"2019-11-04T15:22:50","guid":{"rendered":"https:\/\/univet.hu\/?page_id=45850"},"modified":"2023-01-25T05:21:25","modified_gmt":"2023-01-25T04:21:25","slug":"piacter","status":"publish","type":"page","link":"https:\/\/univet.hu\/hu\/tangazdasag\/piacter\/","title":{"rendered":"Piact\u00e9r"},"content":{"rendered":"<p><strong>Itt a Piact\u00e9ren tal\u00e1lhat\u00f3ak hirdet\u00e9seink az elad\u00f3 \u00e1llatokr\u00f3l, term\u00e9nyekr\u0151l.\u00a0<\/strong><\/p> <p><strong>Hirdet\u00e9seink: (kattints a linkre)<\/strong><\/p> <p>Jelenleg nincsen elad\u00f3 hirdetett term\u00e9k\u00fcnk, k\u00e9rd\u00e9s eset\u00e9n k\u00e9rj\u00fck keressen minket adminisztr\u00e1tori el\u00e9rhet\u0151s\u00e9g\u00fcnk\u00f6n.<\/p> <p>&nbsp;<\/p>","protected":false},"excerpt":{"rendered":"<p>Itt a Piact\u00e9ren tal\u00e1lhat\u00f3ak hirdet\u00e9seink az elad\u00f3 \u00e1llatokr\u00f3l, term\u00e9nyekr\u0151l.\u00a0 Hirdet\u00e9seink: (kattints a linkre) Jelenleg nincsen elad\u00f3 hirdetett term\u00e9k\u00fcnk, k\u00e9rd\u00e9s eset\u00e9n k\u00e9rj\u00fck keressen minket adminisztr\u00e1tori el\u00e9rhet\u0151s\u00e9g\u00fcnk\u00f6n. &nbsp;<\/p>\n","protected":false},"author":7,"featured_media":0,"parent":45846,"menu_order":0,"comment_status":"closed","ping_status":"closed","template":"","meta":{"_acf_changed":false,"footnotes":""},"categories":[],"tags":[],"class_list":["post-45850","page","type-page","status-publish","hentry"],"acf":[],"_links":{"self":[{"href":"https:\/\/univet.hu\/hu\/wp-json\/wp\/v2\/pages\/45850","targetHints":{"allow":["GET"]}}],"collection":[{"href":"https:\/\/univet.hu\/hu\/wp-json\/wp\/v2\/pages"}],"about":[{"href":"https:\/\/univet.hu\/hu\/wp-json\/wp\/v2\/types\/page"}],"author":[{"embeddable":true,"href":"https:\/\/univet.hu\/hu\/wp-json\/wp\/v2\/users\/7"}],"replies":[{"embeddable":true,"href":"https:\/\/univet.hu\/hu\/wp-json\/wp\/v2\/comments?post=45850"}],"version-history":[{"count":0,"href":"https:\/\/univet.hu\/hu\/wp-json\/wp\/v2\/pages\/45850\/revisions"}],"up":[{"embeddable":true,"href":"https:\/\/univet.hu\/hu\/wp-json\/wp\/v2\/pages\/45846"}],"wp:attachment":[{"href":"https:\/\/univet.hu\/hu\/wp-json\/wp\/v2\/media?parent=45850"}],"wp:term":[{"taxonomy":"category","embeddable":true,"href":"https:\/\/univet.hu\/hu\/wp-json\/wp\/v2\/categories?post=45850"},{"taxonomy":"post_tag","embeddable":true,"href":"https:\/\/univet.hu\/hu\/wp-json\/wp\/v2\/tags?post=45850"}],"curies":[{"name":"wp","href":"https:\/\/api.w.org\/{rel}","templated":true}]}}