{"id":45853,"date":"2019-11-04T16:24:24","date_gmt":"2019-11-04T15:24:24","guid":{"rendered":"https:\/\/univet.hu\/?page_id=45853"},"modified":"2023-02-20T00:13:40","modified_gmt":"2023-02-19T23:13:40","slug":"tangazdasag-elerhetosegei","status":"publish","type":"page","link":"https:\/\/univet.hu\/hu\/tangazdasag\/tangazdasag-elerhetosegei\/","title":{"rendered":"Tangazdas\u00e1g el\u00e9rhet\u0151s\u00e9gei"},"content":{"rendered":"<p><strong>Dr. Harmat Levente<\/strong><\/p> <p>\u00c1llatorvos, PhD hallgat\u00f3, Hetesi gyakorlatok\u00e9rt felel\u0151s oktat\u00f3<\/p> <p>\u00c1llatorvostudom\u00e1nyi Egyetem, D\u00f3ra Major Tangazdas\u00e1g<\/p> <p>E-mail: <a class=\"decrypt\" rel=\"Ibsnbu\/MfwfoufAvojwfu\/iv\" href=\"javascript:void(0);\">[Kattintson az emailc\u00edmhez]<\/a><\/p> <p>Tel.: 06-20-59-73-070<\/p> <p>&nbsp;<\/p> <p><strong>B\u00e9res N\u00f3ra<\/strong><\/p> <p>Tansz\u00e9ki Adminisztr\u00e1tor<\/p> <p>E-mail: <a class=\"decrypt\" rel=\"Cfsft\/OpsbAvojwfu\/iv\" href=\"javascript:void(0);\">[Kattintson az emailc\u00edmhez]<\/a><\/p> <p>Tel.: 06-29-521-314<\/p> <p>&nbsp;<\/p> <p><strong>Bukri S\u00e1ndor<\/strong><\/p> <p>\u00dczemeltet\u00e9s<\/p> <p>\u00c1llatorvostudom\u00e1nyi Egyetem, D\u00f3ra Major Tangazdas\u00e1g<\/p> <p>E-mail: <a class=\"decrypt\" rel=\"Cvlsj\/TboepsAvojwfu\/iv\" href=\"javascript:void(0);\">[Kattintson az emailc\u00edmhez]<\/a><\/p> <p>Tel.: 06-30-166-09-56<\/p> <p>&nbsp;<\/p>","protected":false},"excerpt":{"rendered":"<p>Dr. Harmat Levente \u00c1llatorvos, PhD hallgat\u00f3, Hetesi gyakorlatok\u00e9rt felel\u0151s oktat\u00f3 \u00c1llatorvostudom\u00e1nyi Egyetem, D\u00f3ra Major Tangazdas\u00e1g E-mail: [Kattintson az emailc\u00edmhez] Tel.: 06-20-59-73-070 &nbsp; B\u00e9res N\u00f3ra Tansz\u00e9ki Adminisztr\u00e1tor E-mail: [Kattintson az emailc\u00edmhez] Tel.: 06-29-521-314 &nbsp; Bukri S\u00e1ndor \u00dczemeltet\u00e9s \u00c1llatorvostudom\u00e1nyi Egyetem, D\u00f3ra Major Tangazdas\u00e1g E-mail: [Kattintson az emailc\u00edmhez] Tel.: 06-30-166-09-56 &nbsp;<\/p>\n","protected":false},"author":7,"featured_media":0,"parent":45846,"menu_order":0,"comment_status":"closed","ping_status":"closed","template":"","meta":{"_acf_changed":false,"footnotes":""},"categories":[],"tags":[],"class_list":["post-45853","page","type-page","status-publish","hentry"],"acf":[],"_links":{"self":[{"href":"https:\/\/univet.hu\/hu\/wp-json\/wp\/v2\/pages\/45853","targetHints":{"allow":["GET"]}}],"collection":[{"href":"https:\/\/univet.hu\/hu\/wp-json\/wp\/v2\/pages"}],"about":[{"href":"https:\/\/univet.hu\/hu\/wp-json\/wp\/v2\/types\/page"}],"author":[{"embeddable":true,"href":"https:\/\/univet.hu\/hu\/wp-json\/wp\/v2\/users\/7"}],"replies":[{"embeddable":true,"href":"https:\/\/univet.hu\/hu\/wp-json\/wp\/v2\/comments?post=45853"}],"version-history":[{"count":0,"href":"https:\/\/univet.hu\/hu\/wp-json\/wp\/v2\/pages\/45853\/revisions"}],"up":[{"embeddable":true,"href":"https:\/\/univet.hu\/hu\/wp-json\/wp\/v2\/pages\/45846"}],"wp:attachment":[{"href":"https:\/\/univet.hu\/hu\/wp-json\/wp\/v2\/media?parent=45853"}],"wp:term":[{"taxonomy":"category","embeddable":true,"href":"https:\/\/univet.hu\/hu\/wp-json\/wp\/v2\/categories?post=45853"},{"taxonomy":"post_tag","embeddable":true,"href":"https:\/\/univet.hu\/hu\/wp-json\/wp\/v2\/tags?post=45853"}],"curies":[{"name":"wp","href":"https:\/\/api.w.org\/{rel}","templated":true}]}}