{"id":45858,"date":"2019-11-04T16:31:41","date_gmt":"2019-11-04T15:31:41","guid":{"rendered":"https:\/\/univet.hu\/?page_id=45858"},"modified":"2019-12-09T11:16:05","modified_gmt":"2019-12-09T10:16:05","slug":"szarvasmarhatelep","status":"publish","type":"page","link":"https:\/\/univet.hu\/hu\/tangazdasag\/szarvasmarhatelep\/","title":{"rendered":"Szarvasmarhatelep"},"content":{"rendered":"<p>Szarvasmarhatelep\u00fcnk\u00f6n k\u00e9t szarvasmarha fajta ker\u00fcl bemutat\u00e1sra. Jersey szarvasmarh\u00e1ink a tejel\u0151 t\u00edpusba tartoznak, \u00edgy vel\u00fck tudjuk prezent\u00e1lni a fej\u00e9st, itat\u00e1sos borj\u00fa nevel\u00e9st. Angus szarvasmarh\u00e1ink h\u00fast\u00edpus\u00faak, a h\u00faszhaszn\u00fa szarvasmarhatart\u00e1st, bikahizlal\u00e1st mutatjuk be. Az ide\u00e9rkez\u0151 hallgat\u00f3k, betekinthetnek a szarvasmarh\u00e1k k\u00f6r\u00fcli napi munkafolyamatokba. R\u00e9szt vesznek az etet\u00e9sekn\u00e9l, fej\u00e9sekn\u00e9l, bik\u00e1k m\u00e9rlegel\u00e9s\u00e9n\u00e9l, ist\u00e1ll\u00f3 takar\u00edt\u00e1sban. Inszemin\u00e1l\u00e1si gyakorlatot v\u00e9geznek, seg\u00e9dkeznek az ell\u00e9sekn\u00e9l, vakcin\u00e1z\u00e1sokn\u00e1l, gy\u00f3gykezel\u00e9sekn\u00e9l, v\u00e9rv\u00e9telekn\u00e9l, f\u00fcljelz\u0151k behelyez\u00e9s\u00e9n\u00e9l. K\u00fcl\u00f6n elm\u00e9leti oktat\u00e1st tartunk \u00e1llatteny\u00e9szt\u00e9si-, takarm\u00e1nyoz\u00e1si-, \u00e1llatorvosi-, szempontb\u00f3l. \u00a0Bemutat\u00e1sra ker\u00fclnek azok az eszk\u00f6z\u00f6k, melyek elengedhetetlenek egy szarvasmarhatelepen. K\u00f6rm\u00f6l\u00e9s bemutat\u00e1sa is megt\u00f6rt\u00e9nik a gyakorlat keretei k\u00f6z\u00f6tt. Szeretettel v\u00e1rjuk a hallgat\u00f3kat!<\/p>","protected":false},"excerpt":{"rendered":"<p>Szarvasmarhatelep\u00fcnk\u00f6n k\u00e9t szarvasmarha fajta ker\u00fcl bemutat\u00e1sra. Jersey szarvasmarh\u00e1ink a tejel\u0151 t\u00edpusba tartoznak, \u00edgy vel\u00fck tudjuk prezent\u00e1lni a fej\u00e9st, itat\u00e1sos borj\u00fa nevel\u00e9st. Angus szarvasmarh\u00e1ink h\u00fast\u00edpus\u00faak, a h\u00faszhaszn\u00fa szarvasmarhatart\u00e1st, bikahizlal\u00e1st mutatjuk be. Az ide\u00e9rkez\u0151 hallgat\u00f3k, betekinthetnek a szarvasmarh\u00e1k k\u00f6r\u00fcli napi munkafolyamatokba. R\u00e9szt vesznek az etet\u00e9sekn\u00e9l, fej\u00e9sekn\u00e9l, bik\u00e1k m\u00e9rlegel\u00e9s\u00e9n\u00e9l, ist\u00e1ll\u00f3 takar\u00edt\u00e1sban. Inszemin\u00e1l\u00e1si gyakorlatot v\u00e9geznek, seg\u00e9dkeznek az ell\u00e9sekn\u00e9l, vakcin\u00e1z\u00e1sokn\u00e1l,<\/p>\n","protected":false},"author":7,"featured_media":0,"parent":45846,"menu_order":0,"comment_status":"closed","ping_status":"closed","template":"","meta":{"_acf_changed":false,"footnotes":""},"categories":[],"tags":[],"class_list":["post-45858","page","type-page","status-publish","hentry"],"acf":[],"_links":{"self":[{"href":"https:\/\/univet.hu\/hu\/wp-json\/wp\/v2\/pages\/45858","targetHints":{"allow":["GET"]}}],"collection":[{"href":"https:\/\/univet.hu\/hu\/wp-json\/wp\/v2\/pages"}],"about":[{"href":"https:\/\/univet.hu\/hu\/wp-json\/wp\/v2\/types\/page"}],"author":[{"embeddable":true,"href":"https:\/\/univet.hu\/hu\/wp-json\/wp\/v2\/users\/7"}],"replies":[{"embeddable":true,"href":"https:\/\/univet.hu\/hu\/wp-json\/wp\/v2\/comments?post=45858"}],"version-history":[{"count":0,"href":"https:\/\/univet.hu\/hu\/wp-json\/wp\/v2\/pages\/45858\/revisions"}],"up":[{"embeddable":true,"href":"https:\/\/univet.hu\/hu\/wp-json\/wp\/v2\/pages\/45846"}],"wp:attachment":[{"href":"https:\/\/univet.hu\/hu\/wp-json\/wp\/v2\/media?parent=45858"}],"wp:term":[{"taxonomy":"category","embeddable":true,"href":"https:\/\/univet.hu\/hu\/wp-json\/wp\/v2\/categories?post=45858"},{"taxonomy":"post_tag","embeddable":true,"href":"https:\/\/univet.hu\/hu\/wp-json\/wp\/v2\/tags?post=45858"}],"curies":[{"name":"wp","href":"https:\/\/api.w.org\/{rel}","templated":true}]}}