{"id":45860,"date":"2019-11-04T16:33:05","date_gmt":"2019-11-04T15:33:05","guid":{"rendered":"https:\/\/univet.hu\/?page_id=45860"},"modified":"2019-12-09T11:17:07","modified_gmt":"2019-12-09T10:17:07","slug":"baromfi-istallo","status":"publish","type":"page","link":"https:\/\/univet.hu\/hu\/tangazdasag\/baromfi-istallo\/","title":{"rendered":"Baromfi ist\u00e1ll\u00f3"},"content":{"rendered":"<p>Modern technol\u00f3gi\u00e1val felszerelt baromfi ist\u00e1ll\u00f3nkban lehet\u0151s\u00e9g van t\u00f6bbf\u00e9le baromfi tart\u00e1s bemutat\u00e1s\u00e1ra. A fekete- feh\u00e9r \u00f6lt\u00f6z\u0151 rendszer, biztos\u00edtja a megfelel\u0151 j\u00e1rv\u00e1nyv\u00e9delmi szab\u00e1lyok betart\u00e1s\u00e1t, hasonl\u00f3an a termel\u0151telepekhez. Lehet\u0151s\u00e9g van k\u00fcl\u00f6nb\u00f6z\u0151 k\u00eds\u00e9rletek be\u00e1ll\u00edt\u00e1s\u00e1ra, melyekhez v\u00e1rjuk az \u00e9rdekl\u0151d\u0151 hallgat\u00f3kat. H\u00e1rom r\u00e9szb\u0151l tev\u0151dik \u00f6ssze az ist\u00e1ll\u00f3. M\u00e9lyalmos tart\u00e1stechnol\u00f3gi\u00e1val bemutatott toj\u00f3ty\u00faktart\u00e1s. Szint\u00e9n toj\u00f3ty\u00faktart\u00e1s ketreces tart\u00e1stechnol\u00f3gi\u00e1val. V\u00e9g\u00fcl pedig egy hizlal\u00e1sra alkalmas terem, mely 3 r\u00e9szre oszthat\u00f3, \u00edgy ak\u00e1r egym\u00e1s mellett l\u00e1that\u00f3 a k\u00fcl\u00f6nb\u00f6z\u0151 korcsoportba tartoz\u00f3 brojler csirke. A gyakorlat keretein bel\u00fcl, \u00e1llatteny\u00e9szt\u00e9si \u00e9s \u00e1llatorvosi szempontb\u00f3l is tartunk elm\u00e9leti oktat\u00e1s. A gyakorlat sor\u00e1n, megtanulnak a hallgat\u00f3k v\u00e9rt venni az \u00e1llatokt\u00f3l, m\u00e9r\u00e9seket v\u00e9geznek, melyb\u0151l k\u00f6vetkeztet\u00e9seket vonnak le. Szeretettel v\u00e1rjuk a hallgat\u00f3kat!<\/p>","protected":false},"excerpt":{"rendered":"<p>Modern technol\u00f3gi\u00e1val felszerelt baromfi ist\u00e1ll\u00f3nkban lehet\u0151s\u00e9g van t\u00f6bbf\u00e9le baromfi tart\u00e1s bemutat\u00e1s\u00e1ra. A fekete- feh\u00e9r \u00f6lt\u00f6z\u0151 rendszer, biztos\u00edtja a megfelel\u0151 j\u00e1rv\u00e1nyv\u00e9delmi szab\u00e1lyok betart\u00e1s\u00e1t, hasonl\u00f3an a termel\u0151telepekhez. Lehet\u0151s\u00e9g van k\u00fcl\u00f6nb\u00f6z\u0151 k\u00eds\u00e9rletek be\u00e1ll\u00edt\u00e1s\u00e1ra, melyekhez v\u00e1rjuk az \u00e9rdekl\u0151d\u0151 hallgat\u00f3kat. H\u00e1rom r\u00e9szb\u0151l tev\u0151dik \u00f6ssze az ist\u00e1ll\u00f3. M\u00e9lyalmos tart\u00e1stechnol\u00f3gi\u00e1val bemutatott toj\u00f3ty\u00faktart\u00e1s. Szint\u00e9n toj\u00f3ty\u00faktart\u00e1s ketreces tart\u00e1stechnol\u00f3gi\u00e1val. V\u00e9g\u00fcl pedig egy hizlal\u00e1sra alkalmas terem,<\/p>\n","protected":false},"author":7,"featured_media":0,"parent":45846,"menu_order":0,"comment_status":"closed","ping_status":"closed","template":"","meta":{"_acf_changed":false,"footnotes":""},"categories":[],"tags":[],"class_list":["post-45860","page","type-page","status-publish","hentry"],"acf":[],"_links":{"self":[{"href":"https:\/\/univet.hu\/hu\/wp-json\/wp\/v2\/pages\/45860","targetHints":{"allow":["GET"]}}],"collection":[{"href":"https:\/\/univet.hu\/hu\/wp-json\/wp\/v2\/pages"}],"about":[{"href":"https:\/\/univet.hu\/hu\/wp-json\/wp\/v2\/types\/page"}],"author":[{"embeddable":true,"href":"https:\/\/univet.hu\/hu\/wp-json\/wp\/v2\/users\/7"}],"replies":[{"embeddable":true,"href":"https:\/\/univet.hu\/hu\/wp-json\/wp\/v2\/comments?post=45860"}],"version-history":[{"count":0,"href":"https:\/\/univet.hu\/hu\/wp-json\/wp\/v2\/pages\/45860\/revisions"}],"up":[{"embeddable":true,"href":"https:\/\/univet.hu\/hu\/wp-json\/wp\/v2\/pages\/45846"}],"wp:attachment":[{"href":"https:\/\/univet.hu\/hu\/wp-json\/wp\/v2\/media?parent=45860"}],"wp:term":[{"taxonomy":"category","embeddable":true,"href":"https:\/\/univet.hu\/hu\/wp-json\/wp\/v2\/categories?post=45860"},{"taxonomy":"post_tag","embeddable":true,"href":"https:\/\/univet.hu\/hu\/wp-json\/wp\/v2\/tags?post=45860"}],"curies":[{"name":"wp","href":"https:\/\/api.w.org\/{rel}","templated":true}]}}