{"id":45862,"date":"2019-11-04T16:33:55","date_gmt":"2019-11-04T15:33:55","guid":{"rendered":"https:\/\/univet.hu\/?page_id=45862"},"modified":"2023-02-15T15:47:31","modified_gmt":"2023-02-15T14:47:31","slug":"lovasudvar","status":"publish","type":"page","link":"https:\/\/univet.hu\/hu\/tangazdasag\/lovasudvar\/","title":{"rendered":"Lovasudvar"},"content":{"rendered":"<p>A Lovasudvarral \u00e9s b\u00e9rtart\u00e1ssal kapcsolatos tov\u00e1bbi inform\u00e1ci\u00f3k\u00e9rt k\u00e9rj\u00fck keressen benn\u00fcnket k\u00f6zponti el\u00e9rhet\u0151s\u00e9geinken!<\/p> <p>&nbsp;<\/p>","protected":false},"excerpt":{"rendered":"<p>A Lovasudvarral \u00e9s b\u00e9rtart\u00e1ssal kapcsolatos tov\u00e1bbi inform\u00e1ci\u00f3k\u00e9rt k\u00e9rj\u00fck keressen benn\u00fcnket k\u00f6zponti el\u00e9rhet\u0151s\u00e9geinken! &nbsp;<\/p>\n","protected":false},"author":7,"featured_media":0,"parent":45846,"menu_order":0,"comment_status":"closed","ping_status":"closed","template":"","meta":{"_acf_changed":false,"footnotes":""},"categories":[],"tags":[],"class_list":["post-45862","page","type-page","status-publish","hentry"],"acf":[],"_links":{"self":[{"href":"https:\/\/univet.hu\/hu\/wp-json\/wp\/v2\/pages\/45862","targetHints":{"allow":["GET"]}}],"collection":[{"href":"https:\/\/univet.hu\/hu\/wp-json\/wp\/v2\/pages"}],"about":[{"href":"https:\/\/univet.hu\/hu\/wp-json\/wp\/v2\/types\/page"}],"author":[{"embeddable":true,"href":"https:\/\/univet.hu\/hu\/wp-json\/wp\/v2\/users\/7"}],"replies":[{"embeddable":true,"href":"https:\/\/univet.hu\/hu\/wp-json\/wp\/v2\/comments?post=45862"}],"version-history":[{"count":0,"href":"https:\/\/univet.hu\/hu\/wp-json\/wp\/v2\/pages\/45862\/revisions"}],"up":[{"embeddable":true,"href":"https:\/\/univet.hu\/hu\/wp-json\/wp\/v2\/pages\/45846"}],"wp:attachment":[{"href":"https:\/\/univet.hu\/hu\/wp-json\/wp\/v2\/media?parent=45862"}],"wp:term":[{"taxonomy":"category","embeddable":true,"href":"https:\/\/univet.hu\/hu\/wp-json\/wp\/v2\/categories?post=45862"},{"taxonomy":"post_tag","embeddable":true,"href":"https:\/\/univet.hu\/hu\/wp-json\/wp\/v2\/tags?post=45862"}],"curies":[{"name":"wp","href":"https:\/\/api.w.org\/{rel}","templated":true}]}}