{"id":45866,"date":"2019-11-04T16:42:44","date_gmt":"2019-11-04T15:42:44","guid":{"rendered":"https:\/\/univet.hu\/?page_id=45866"},"modified":"2019-11-04T16:42:44","modified_gmt":"2019-11-04T15:42:44","slug":"oshonos-udvar","status":"publish","type":"page","link":"https:\/\/univet.hu\/hu\/tangazdasag\/oshonos-udvar\/","title":{"rendered":"\u0150shonos Udvar"},"content":{"rendered":"<p>Tartalom felt\u00f6lt\u00e9s alatt&#8230;<\/p>","protected":false},"excerpt":{"rendered":"<p>Tartalom felt\u00f6lt\u00e9s alatt&#8230;<\/p>\n","protected":false},"author":7,"featured_media":0,"parent":45846,"menu_order":0,"comment_status":"closed","ping_status":"closed","template":"","meta":{"_acf_changed":false,"footnotes":""},"categories":[],"tags":[],"class_list":["post-45866","page","type-page","status-publish","hentry"],"acf":[],"_links":{"self":[{"href":"https:\/\/univet.hu\/hu\/wp-json\/wp\/v2\/pages\/45866","targetHints":{"allow":["GET"]}}],"collection":[{"href":"https:\/\/univet.hu\/hu\/wp-json\/wp\/v2\/pages"}],"about":[{"href":"https:\/\/univet.hu\/hu\/wp-json\/wp\/v2\/types\/page"}],"author":[{"embeddable":true,"href":"https:\/\/univet.hu\/hu\/wp-json\/wp\/v2\/users\/7"}],"replies":[{"embeddable":true,"href":"https:\/\/univet.hu\/hu\/wp-json\/wp\/v2\/comments?post=45866"}],"version-history":[{"count":0,"href":"https:\/\/univet.hu\/hu\/wp-json\/wp\/v2\/pages\/45866\/revisions"}],"up":[{"embeddable":true,"href":"https:\/\/univet.hu\/hu\/wp-json\/wp\/v2\/pages\/45846"}],"wp:attachment":[{"href":"https:\/\/univet.hu\/hu\/wp-json\/wp\/v2\/media?parent=45866"}],"wp:term":[{"taxonomy":"category","embeddable":true,"href":"https:\/\/univet.hu\/hu\/wp-json\/wp\/v2\/categories?post=45866"},{"taxonomy":"post_tag","embeddable":true,"href":"https:\/\/univet.hu\/hu\/wp-json\/wp\/v2\/tags?post=45866"}],"curies":[{"name":"wp","href":"https:\/\/api.w.org\/{rel}","templated":true}]}}