{"id":45870,"date":"2019-11-04T16:55:08","date_gmt":"2019-11-04T15:55:08","guid":{"rendered":"https:\/\/univet.hu\/?page_id=45870"},"modified":"2019-12-09T11:17:50","modified_gmt":"2019-12-09T10:17:50","slug":"juhaszat","status":"publish","type":"page","link":"https:\/\/univet.hu\/hu\/tangazdasag\/juhaszat\/","title":{"rendered":"Juh\u00e1szat"},"content":{"rendered":"<p>Juh\u00e1szatunkban t\u00f6bb gener\u00e1ci\u00f3ra visszavezethet\u0151 juh\u00e1sz testv\u00e9rp\u00e1r v\u00e1rja a hallgat\u00f3kat, az\u00e9rt, hogy igen ritka tud\u00e1sukat \u00e1tadhass\u00e1k a fiatal gener\u00e1ci\u00f3nak. Ezen a gyakorlaton a hallgat\u00f3k feladata az ell\u00e9sek k\u00f6r\u00fcli seg\u00e9dkez\u00e9s, b\u00e1r\u00e1nynevel\u00e9s, juh k\u00f6rm\u00f6l\u00e9s, juh ny\u00edr\u00e1s, etet\u00e9s, almoz\u00e1s, f\u00fcljelz\u0151k behelyez\u00e9se. Hagyom\u00e1nyos m\u00f3don egy \u0151shonos fajt\u00e1val, a cig\u00e1j\u00e1val v\u00e9gezz\u00fck a gyakorlatot. Az elm\u00e9leti oktat\u00e1s \u00e1llatorvosi-, \u00e1llatteny\u00e9szt\u00e9si-, takarm\u00e1nyoz\u00e1si-, szempontb\u00f3l folyik.<\/p>","protected":false},"excerpt":{"rendered":"<p>Juh\u00e1szatunkban t\u00f6bb gener\u00e1ci\u00f3ra visszavezethet\u0151 juh\u00e1sz testv\u00e9rp\u00e1r v\u00e1rja a hallgat\u00f3kat, az\u00e9rt, hogy igen ritka tud\u00e1sukat \u00e1tadhass\u00e1k a fiatal gener\u00e1ci\u00f3nak. Ezen a gyakorlaton a hallgat\u00f3k feladata az ell\u00e9sek k\u00f6r\u00fcli seg\u00e9dkez\u00e9s, b\u00e1r\u00e1nynevel\u00e9s, juh k\u00f6rm\u00f6l\u00e9s, juh ny\u00edr\u00e1s, etet\u00e9s, almoz\u00e1s, f\u00fcljelz\u0151k behelyez\u00e9se. Hagyom\u00e1nyos m\u00f3don egy \u0151shonos fajt\u00e1val, a cig\u00e1j\u00e1val v\u00e9gezz\u00fck a gyakorlatot. Az elm\u00e9leti oktat\u00e1s \u00e1llatorvosi-, \u00e1llatteny\u00e9szt\u00e9si-, takarm\u00e1nyoz\u00e1si-, szempontb\u00f3l folyik.<\/p>\n","protected":false},"author":7,"featured_media":0,"parent":45846,"menu_order":0,"comment_status":"closed","ping_status":"closed","template":"","meta":{"_acf_changed":false,"footnotes":""},"categories":[],"tags":[],"class_list":["post-45870","page","type-page","status-publish","hentry"],"acf":[],"_links":{"self":[{"href":"https:\/\/univet.hu\/hu\/wp-json\/wp\/v2\/pages\/45870","targetHints":{"allow":["GET"]}}],"collection":[{"href":"https:\/\/univet.hu\/hu\/wp-json\/wp\/v2\/pages"}],"about":[{"href":"https:\/\/univet.hu\/hu\/wp-json\/wp\/v2\/types\/page"}],"author":[{"embeddable":true,"href":"https:\/\/univet.hu\/hu\/wp-json\/wp\/v2\/users\/7"}],"replies":[{"embeddable":true,"href":"https:\/\/univet.hu\/hu\/wp-json\/wp\/v2\/comments?post=45870"}],"version-history":[{"count":0,"href":"https:\/\/univet.hu\/hu\/wp-json\/wp\/v2\/pages\/45870\/revisions"}],"up":[{"embeddable":true,"href":"https:\/\/univet.hu\/hu\/wp-json\/wp\/v2\/pages\/45846"}],"wp:attachment":[{"href":"https:\/\/univet.hu\/hu\/wp-json\/wp\/v2\/media?parent=45870"}],"wp:term":[{"taxonomy":"category","embeddable":true,"href":"https:\/\/univet.hu\/hu\/wp-json\/wp\/v2\/categories?post=45870"},{"taxonomy":"post_tag","embeddable":true,"href":"https:\/\/univet.hu\/hu\/wp-json\/wp\/v2\/tags?post=45870"}],"curies":[{"name":"wp","href":"https:\/\/api.w.org\/{rel}","templated":true}]}}