{"id":45872,"date":"2019-11-04T16:56:47","date_gmt":"2019-11-04T15:56:47","guid":{"rendered":"https:\/\/univet.hu\/?page_id=45872"},"modified":"2023-02-13T12:16:24","modified_gmt":"2023-02-13T11:16:24","slug":"novenytermesztes","status":"publish","type":"page","link":"https:\/\/univet.hu\/hu\/tangazdasag\/novenytermesztes\/","title":{"rendered":"N\u00f6v\u00e9nytermeszt\u00e9s"},"content":{"rendered":"<p>Az \u00c1llatorvostudom\u00e1nyi Egyetem Tangazdas\u00e1ga \u00dcll\u0151 v\u00e1ros k\u00fclter\u00fclet\u00e9n, a vecs\u00e9si j\u00e1r\u00e1sban Budapestt\u0151l 34 km-re tal\u00e1lhat\u00f3. A D\u00f3ramajorban tal\u00e1lhat\u00f3 gyakorlathoz sz\u00fcks\u00e9ges haszon\u00e1llatok takarm\u00e1nyig\u00e9ny\u00e9nek a megtermel\u00e9s\u00e9r\u0151l a n\u00f6v\u00e9nytermeszt\u00e9si \u00e1gazat gondoskodik. A Tangazdas\u00e1gban a sz\u00fcks\u00e9ges mennyis\u00e9g megtermel\u00e9s\u00e9hez rendelkez\u00e9sre \u00e1ll\u00f3 ter\u00fclet megk\u00f6zel\u00edt\u0151leg 270 hekt\u00e1rnyi gyep \u00e9s tov\u00e1bbi 750 hekt\u00e1rnyi sz\u00e1nt\u00f3. A n\u00f6v\u00e9nytermeszt\u00e9si \u00e1gazat egy agron\u00f3musnak \u00e9s tov\u00e1bbi hat g\u00e9pkezel\u0151nek biztos\u00edt munk\u00e1t. A mez\u0151gazdas\u00e1gi g\u00e9ppark lehet\u0151v\u00e9 teszi, hogy a munk\u00e1k 99%-\u00e1t \u00f6ner\u0151b\u0151l val\u00f3s\u00edtsa meg a n\u00f6v\u00e9nytermeszt\u00e9si \u00e1gazat.<\/p>","protected":false},"excerpt":{"rendered":"<p>Az \u00c1llatorvostudom\u00e1nyi Egyetem Tangazdas\u00e1ga \u00dcll\u0151 v\u00e1ros k\u00fclter\u00fclet\u00e9n, a vecs\u00e9si j\u00e1r\u00e1sban Budapestt\u0151l 34 km-re tal\u00e1lhat\u00f3. A D\u00f3ramajorban tal\u00e1lhat\u00f3 gyakorlathoz sz\u00fcks\u00e9ges haszon\u00e1llatok takarm\u00e1nyig\u00e9ny\u00e9nek a megtermel\u00e9s\u00e9r\u0151l a n\u00f6v\u00e9nytermeszt\u00e9si \u00e1gazat gondoskodik. A Tangazdas\u00e1gban a sz\u00fcks\u00e9ges mennyis\u00e9g megtermel\u00e9s\u00e9hez rendelkez\u00e9sre \u00e1ll\u00f3 ter\u00fclet megk\u00f6zel\u00edt\u0151leg 270 hekt\u00e1rnyi gyep \u00e9s tov\u00e1bbi 750 hekt\u00e1rnyi sz\u00e1nt\u00f3. A n\u00f6v\u00e9nytermeszt\u00e9si \u00e1gazat egy agron\u00f3musnak \u00e9s tov\u00e1bbi hat g\u00e9pkezel\u0151nek biztos\u00edt<\/p>\n","protected":false},"author":7,"featured_media":0,"parent":45846,"menu_order":0,"comment_status":"closed","ping_status":"closed","template":"","meta":{"_acf_changed":false,"footnotes":""},"categories":[],"tags":[],"class_list":["post-45872","page","type-page","status-publish","hentry"],"acf":[],"_links":{"self":[{"href":"https:\/\/univet.hu\/hu\/wp-json\/wp\/v2\/pages\/45872","targetHints":{"allow":["GET"]}}],"collection":[{"href":"https:\/\/univet.hu\/hu\/wp-json\/wp\/v2\/pages"}],"about":[{"href":"https:\/\/univet.hu\/hu\/wp-json\/wp\/v2\/types\/page"}],"author":[{"embeddable":true,"href":"https:\/\/univet.hu\/hu\/wp-json\/wp\/v2\/users\/7"}],"replies":[{"embeddable":true,"href":"https:\/\/univet.hu\/hu\/wp-json\/wp\/v2\/comments?post=45872"}],"version-history":[{"count":0,"href":"https:\/\/univet.hu\/hu\/wp-json\/wp\/v2\/pages\/45872\/revisions"}],"up":[{"embeddable":true,"href":"https:\/\/univet.hu\/hu\/wp-json\/wp\/v2\/pages\/45846"}],"wp:attachment":[{"href":"https:\/\/univet.hu\/hu\/wp-json\/wp\/v2\/media?parent=45872"}],"wp:term":[{"taxonomy":"category","embeddable":true,"href":"https:\/\/univet.hu\/hu\/wp-json\/wp\/v2\/categories?post=45872"},{"taxonomy":"post_tag","embeddable":true,"href":"https:\/\/univet.hu\/hu\/wp-json\/wp\/v2\/tags?post=45872"}],"curies":[{"name":"wp","href":"https:\/\/api.w.org\/{rel}","templated":true}]}}