{"id":45876,"date":"2019-11-04T17:14:40","date_gmt":"2019-11-04T16:14:40","guid":{"rendered":"https:\/\/univet.hu\/?page_id=45876"},"modified":"2023-01-24T14:55:13","modified_gmt":"2023-01-24T13:55:13","slug":"menurendeles","status":"publish","type":"page","link":"https:\/\/univet.hu\/hu\/tangazdasag\/menurendeles\/","title":{"rendered":"Men\u00fcrendel\u00e9s"},"content":{"rendered":"<p>A gyakorlaton r\u00e9sztvev\u0151 hallgat\u00f3k sz\u00e1m\u00e1ra az Egyetem biztos\u00edt napi egyszeri \u00e9tkez\u00e9si lehet\u0151s\u00e9get (h\u00e9tf\u0151-p\u00e9ntek).<\/p> <p>Az aktu\u00e1lis oktat\u00e1si hetet megel\u0151z\u0151en a tansz\u00e9ki adminisztr\u00e1tor e-mailben t\u00e1j\u00e9koztat\u00f3 levelet k\u00fcld a hallgat\u00f3knak a beoszt\u00e1s szerint, mely tartalmazza a men\u00fc rendel\u00e9si fel\u00fclet el\u00e9r\u00e9si \u00fatvonal\u00e1t, ahol t\u00f6bbf\u00e9le men\u00fcsorb\u00f3l v\u00e1laszthatnak, figyelembe v\u00e9ve a speci\u00e1lis \u00e9tkez\u00e9si ig\u00e9nyeket is.<\/p> <p>A hallgat\u00f3k sz\u00e1m\u00e1ra heti egy alkalommal \u00e9lelmiszer v\u00e1s\u00e1rl\u00e1si lehet\u0151s\u00e9get is biztos\u00edtunk \u00dcll\u0151 v\u00e1ros \u00fczleteiben.<\/p>","protected":false},"excerpt":{"rendered":"<p>A gyakorlaton r\u00e9sztvev\u0151 hallgat\u00f3k sz\u00e1m\u00e1ra az Egyetem biztos\u00edt napi egyszeri \u00e9tkez\u00e9si lehet\u0151s\u00e9get (h\u00e9tf\u0151-p\u00e9ntek). Az aktu\u00e1lis oktat\u00e1si hetet megel\u0151z\u0151en a tansz\u00e9ki adminisztr\u00e1tor e-mailben t\u00e1j\u00e9koztat\u00f3 levelet k\u00fcld a hallgat\u00f3knak a beoszt\u00e1s szerint, mely tartalmazza a men\u00fc rendel\u00e9si fel\u00fclet el\u00e9r\u00e9si \u00fatvonal\u00e1t, ahol t\u00f6bbf\u00e9le men\u00fcsorb\u00f3l v\u00e1laszthatnak, figyelembe v\u00e9ve a speci\u00e1lis \u00e9tkez\u00e9si ig\u00e9nyeket is. A hallgat\u00f3k sz\u00e1m\u00e1ra heti egy alkalommal<\/p>\n","protected":false},"author":7,"featured_media":0,"parent":45846,"menu_order":0,"comment_status":"closed","ping_status":"closed","template":"","meta":{"_acf_changed":false,"footnotes":""},"categories":[],"tags":[],"class_list":["post-45876","page","type-page","status-publish","hentry"],"acf":[],"_links":{"self":[{"href":"https:\/\/univet.hu\/hu\/wp-json\/wp\/v2\/pages\/45876","targetHints":{"allow":["GET"]}}],"collection":[{"href":"https:\/\/univet.hu\/hu\/wp-json\/wp\/v2\/pages"}],"about":[{"href":"https:\/\/univet.hu\/hu\/wp-json\/wp\/v2\/types\/page"}],"author":[{"embeddable":true,"href":"https:\/\/univet.hu\/hu\/wp-json\/wp\/v2\/users\/7"}],"replies":[{"embeddable":true,"href":"https:\/\/univet.hu\/hu\/wp-json\/wp\/v2\/comments?post=45876"}],"version-history":[{"count":0,"href":"https:\/\/univet.hu\/hu\/wp-json\/wp\/v2\/pages\/45876\/revisions"}],"up":[{"embeddable":true,"href":"https:\/\/univet.hu\/hu\/wp-json\/wp\/v2\/pages\/45846"}],"wp:attachment":[{"href":"https:\/\/univet.hu\/hu\/wp-json\/wp\/v2\/media?parent=45876"}],"wp:term":[{"taxonomy":"category","embeddable":true,"href":"https:\/\/univet.hu\/hu\/wp-json\/wp\/v2\/categories?post=45876"},{"taxonomy":"post_tag","embeddable":true,"href":"https:\/\/univet.hu\/hu\/wp-json\/wp\/v2\/tags?post=45876"}],"curies":[{"name":"wp","href":"https:\/\/api.w.org\/{rel}","templated":true}]}}