{"id":45878,"date":"2019-11-04T17:16:13","date_gmt":"2019-11-04T16:16:13","guid":{"rendered":"https:\/\/univet.hu\/?page_id=45878"},"modified":"2024-09-18T12:00:38","modified_gmt":"2024-09-18T10:00:38","slug":"heti-terv-orarend","status":"publish","type":"page","link":"https:\/\/univet.hu\/hu\/tangazdasag\/heti-terv-orarend\/","title":{"rendered":"Heti terv (\u00f3rarend)"},"content":{"rendered":"<p><span style=\"font-size: 18pt;\">Kedves Hallgat\u00f3k!<\/span><\/p> <p><span style=\"font-size: 18pt;\"><strong>A 2024\/2025 \u0151szi f\u00e9l\u00e9v beoszt\u00e1s\u00e1t \u00e9s aktualiz\u00e1lt \u00f3rarendj\u00e9t a linkekre kattintva tal\u00e1lj\u00e1k meg.<\/strong><\/span><\/p> <p><a href=\"https:\/\/univet.hu\/wp-content\/uploads\/2024\/09\/\u00d3rarend-Lovas-Magyar-2024-\u0151sz.pdf\">\u00d3rarend Lovas &#8211; Magyar 2024 \u0151sz<\/a><\/p> <p><a href=\"https:\/\/univet.hu\/wp-content\/uploads\/2024\/09\/\u00d3rarend-Sert\u00e9s-Baromfi-Magyar-2024-\u0151sz.pdf\">\u00d3rarend Sert\u00e9s-Baromfi Magyar 2024 \u0151sz<\/a><\/p> <p>&nbsp;<\/p> <p><span style=\"font-size: 14pt;\">T\u00e1j\u00e9koztat\u00f3 a hallgat\u00f3k sz\u00e1m\u00e1ra:<\/span><\/p> <p><span style=\"font-size: 14pt;\">2024\/2025 Tan\u00e9v<\/span><\/p> <p><span style=\"font-size: 14pt;\"><strong>HETESI GYAKORLAT<\/strong><\/span><\/p> <p><span style=\"font-size: 14pt;\">TUDNIVAL\u00d3K<\/span><\/p> <p><strong>Id\u0151pont:<\/strong><\/p> <p>Egy h\u00e9tre \u00e9vfolyamonk\u00e9nt 16-22 f\u0151 hallgat\u00f3 lesz beosztva, teh\u00e1t mindenkinek a f\u00e9l\u00e9v sor\u00e1n egy hetet kell elt\u00f6lteni ezen a gyakorlaton (h\u00e9tf\u0151-p\u00e9ntek).<\/p> <p>A 2024\/2025. tan\u00e9v els\u0151 f\u00e9l\u00e9v\u00e9ben\u00a02024. szeptember 09 \u2013 2024. december 6-ig.<\/p> <p>A 2024\/2025. tan\u00e9v m\u00e1sodik f\u00e9l\u00e9ve 2025. febru\u00e1r 3. \u2013 2025. m\u00e1jus 9. k\u00f6z\u00f6tt ker\u00fcl megtart\u00e1sra.<\/p> <p><strong>A gyakorlat helysz\u00edne:<\/strong> \u00dcll\u0151i Tangazdas\u00e1g 2225 \u00dcll\u0151, D\u00f3ra-Major <strong>Tangazdas\u00e1g igazgat\u00f3: <\/strong>Sinka Anett<\/p> <p><strong>A gyakorlat szakmai felel\u0151se:<\/strong> Dr. Harmat Levente<\/p> <p>Inform\u00e1ci\u00f3s e-mail c\u00edm: <strong><a class=\"decrypt\" rel=\"ifuftjAvojwfu\/iv\" href=\"javascript:void(0);\">[Kattintson az emailc\u00edmhez]<\/a><\/strong><\/p> <p><strong>Kijut\u00e1s:<\/strong><\/p> <p>Feh\u00e9r vagy K\u00e9k sz\u00edn\u0171 NEOPLAN t\u00edpus\u00fa k\u00fcl\u00f6n aut\u00f3busz indul az \u00c1llatorvostudom\u00e1nyi Egyetem Istv\u00e1n utcai 74,79-es trolibusz meg\u00e1ll\u00f3b\u00f3l h\u00e9tf\u0151 reggel 7 \u00f3rakor (k\u00e9rem id\u0151ben \u00e9rkezzenek, az aut\u00f3busz nem v\u00e1r).<\/p> <p>Visszaindul\u00e1s p\u00e9nteken \u00dcll\u0151 D\u00f3ra-Majorb\u00f3l az Istv\u00e1n utc\u00e1ba p\u00e9ntek d\u00e9lut\u00e1n.<\/p> <p>Az els\u0151 napon az \u00fcll\u0151i Egyetemi L\u00f3gy\u00f3gy\u00e1szati Klinika el\u0151tt 8.00 \u00f3rakor egy k\u00fcl\u00f6n kisbusz v\u00e1rja \u00d6n\u00f6ket, mellyel a sz\u00e1ll\u00e1sra t\u00f6rt\u00e9nik a kisz\u00e1ll\u00edt\u00e1s.<\/p> <p><strong>Sz\u00fcks\u00e9ges eszk\u00f6z\u00f6k:<\/strong><\/p> <ul> <li>tiszt\u00e1lkod\u00f3 felszerel\u00e9s (t\u00f6r\u00f6lk\u00f6z\u0151, tusf\u00fcrd\u0151, papucs, fogkefe, fogkr\u00e9m, hajsz\u00e1r\u00edt\u00f3)<\/li> <li>meleg pizsama<\/li> <li>\u00e1gynem\u0171 nem kell, az a helysz\u00ednen biztos\u00edtva van, p\u00e9ntek d\u00e9lut\u00e1n mindenki a saj\u00e1tj\u00e1t h\u00fazza le<\/li> <li>akinek \u00e9telallergi\u00e1ja van, vagy speci\u00e1lis \u00e9tkez\u00e9si ig\u00e9ny\u0171 (lakt\u00f3z intolerancia, glut\u00e9n\u00e9rz\u00e9kenys\u00e9g, vega\/veg\u00e1n) a rendel\u00e9skor jelezze<\/li> <li>az eb\u00e9d k\u00f6lts\u00e9geit az egyetem \u00e1llja, az al\u00e1bbi linken tal\u00e1lhat\u00f3 partner biztos\u00edtja a heti men\u00fct: http:\/\/www.zsalyabisztro.hu\/ a gyakorlat <strong>megkezd\u00e9se el\u0151tti h\u00e9t p\u00e9ntek 12.00 \u00f3r\u00e1ig<\/strong> adj\u00e1k le men\u00fcig\u00e9ny\u00fcket (kik\u00fcld\u00f6tt t\u00e1j\u00e9koztat\u00f3 e-mail a j\u00f6v\u0151 h\u00e9ten \u00e9rkez\u0151knek) tanulm\u00e1nyi el\u0151ad\u00f3juk r\u00e9sz\u00e9re<\/li> <li>a reggeli \u00e9s vacsora \u00f6nk\u00f6lts\u00e9ges, ezt az \u00fcll\u0151i Penny marketben tudj\u00e1k megv\u00e1s\u00e1rolni, ennek \u00e9rdek\u00e9ben a gyakorlati h\u00e9ten el\u0151zetes egyeztet\u00e9st k\u00f6vet\u0151en keddt\u0151l kezd\u0151d\u0151en egy kisbusz sz\u00e1ll\u00edtja \u00d6n\u00f6ket \u00dcll\u0151re, ahol 20 perc lesz biztos\u00edtva a v\u00e1s\u00e1rl\u00e1sra, teh\u00e1t els\u0151 nap vigyenek magukkal reggelit, vacsor\u00e1t \u00e9s innival\u00f3t<\/li> <li>Z\u00e1rt cip\u0151 (ha van lovagl\u00f3csizma)<\/li> <li>Gumicsizma<\/li> <li>Sz\u0171k sz\u00e1r\u00fa nadr\u00e1g<\/li> <li>r\u00e9teges, id\u0151j\u00e1r\u00e1snak megfelel\u0151 fels\u0151ruh\u00e1zat<\/li> <li>es\u0151kab\u00e1t<\/li> <\/ul> <p>&nbsp;<\/p> <p><span style=\"font-size: 10pt;\"><em><strong>Arch\u00edv: A kor\u00e1bbi f\u00e9l\u00e9vek beoszt\u00e1s\u00e1t \u00e9s \u00f3rarendj\u00e9t, a linkekre kattintva tal\u00e1lj\u00e1k meg.<\/strong><\/em><\/span><\/p> <p><a href=\"https:\/\/univet.hu\/wp-content\/uploads\/2024\/02\/Hetesi-szolg\u00e1lat-I.-\u00e9vfolyam-2024-Tangazdas\u00e1g.pdf\">Hetesi szolg\u00e1lat I. \u00e9vfolyam 2024 tavasz \u00f3rarend Juh<\/a><\/p> <p><a href=\"https:\/\/univet.hu\/wp-content\/uploads\/2024\/02\/Hetesi-szolg\u00e1lat-II.-\u00e9vfolyam-2024-tavasz-\u00f3rarend.pdf\">Hetesi szolg\u00e1lat II. \u00e9vfolyam 2024 tavasz \u00f3rarend Szarvasmarha<\/a><\/p> <p><em><span style=\"font-size: 8pt;\"><a href=\"https:\/\/univet.hu\/wp-content\/uploads\/2023\/08\/\u00c1TE-Hetesi-2023-2024-\u0151sz-I.-\u00e9vfolyam-1.pdf\">\u00c1TE &#8211; Hetesi gyakorlat 2023-2024 \u0151sz I. \u00e9vfolyam<\/a><\/span><\/em><\/p> <p><em><span style=\"font-size: 8pt;\"><a href=\"https:\/\/univet.hu\/wp-content\/uploads\/2023\/08\/\u00c1TE-Hetesi-2023-2024-\u0151sz-II.-\u00e9vfolyam.pdf\">\u00c1TE &#8211; Hetesi gyakorlat 2023-2024 \u0151sz II. \u00e9vfolyam<\/a><\/span><\/em><\/p> <p><span style=\"font-size: 10pt;\"><em><a href=\"https:\/\/univet.hu\/wp-content\/uploads\/2023\/02\/Hetesi-gyakorlat-\u00f3rarend-2023-Tavasz.pdf\">Hetesi gyakorlat \u00f3rarend &#8211; 2023 Tavasz I.<\/a><\/em><a href=\"https:\/\/univet.hu\/wp-content\/uploads\/2023\/02\/Hetesi-gyakorlat-\u00f3rarend-2023-Tavasz.pdf\"> \u00e9vfolyam<\/a><\/span><\/p> <p><span style=\"font-size: 10pt;\"><em><a href=\"https:\/\/univet.hu\/wp-content\/uploads\/2023\/02\/Hetesi-gyakorlat-\u00f3rarend-2023-Tavasz-II.-\u00e9vfolyam.pdf\">Hetesi gyakorlat \u00f3rarend &#8211; 2023 Tavasz II. \u00e9vfolyam<\/a><\/em><\/span><\/p> <p>&nbsp;<\/p>","protected":false},"excerpt":{"rendered":"<p>Kedves Hallgat\u00f3k! A 2024\/2025 \u0151szi f\u00e9l\u00e9v beoszt\u00e1s\u00e1t \u00e9s aktualiz\u00e1lt \u00f3rarendj\u00e9t a linkekre kattintva tal\u00e1lj\u00e1k meg. \u00d3rarend Lovas &#8211; Magyar 2024 \u0151sz \u00d3rarend Sert\u00e9s-Baromfi Magyar 2024 \u0151sz &nbsp; T\u00e1j\u00e9koztat\u00f3 a hallgat\u00f3k sz\u00e1m\u00e1ra: 2024\/2025 Tan\u00e9v HETESI GYAKORLAT TUDNIVAL\u00d3K Id\u0151pont: Egy h\u00e9tre \u00e9vfolyamonk\u00e9nt 16-22 f\u0151 hallgat\u00f3 lesz beosztva, teh\u00e1t mindenkinek a f\u00e9l\u00e9v sor\u00e1n egy hetet kell elt\u00f6lteni ezen<\/p>\n","protected":false},"author":7,"featured_media":0,"parent":45846,"menu_order":0,"comment_status":"closed","ping_status":"closed","template":"","meta":{"_acf_changed":false,"footnotes":""},"categories":[],"tags":[],"class_list":["post-45878","page","type-page","status-publish","hentry"],"acf":[],"_links":{"self":[{"href":"https:\/\/univet.hu\/hu\/wp-json\/wp\/v2\/pages\/45878","targetHints":{"allow":["GET"]}}],"collection":[{"href":"https:\/\/univet.hu\/hu\/wp-json\/wp\/v2\/pages"}],"about":[{"href":"https:\/\/univet.hu\/hu\/wp-json\/wp\/v2\/types\/page"}],"author":[{"embeddable":true,"href":"https:\/\/univet.hu\/hu\/wp-json\/wp\/v2\/users\/7"}],"replies":[{"embeddable":true,"href":"https:\/\/univet.hu\/hu\/wp-json\/wp\/v2\/comments?post=45878"}],"version-history":[{"count":0,"href":"https:\/\/univet.hu\/hu\/wp-json\/wp\/v2\/pages\/45878\/revisions"}],"up":[{"embeddable":true,"href":"https:\/\/univet.hu\/hu\/wp-json\/wp\/v2\/pages\/45846"}],"wp:attachment":[{"href":"https:\/\/univet.hu\/hu\/wp-json\/wp\/v2\/media?parent=45878"}],"wp:term":[{"taxonomy":"category","embeddable":true,"href":"https:\/\/univet.hu\/hu\/wp-json\/wp\/v2\/categories?post=45878"},{"taxonomy":"post_tag","embeddable":true,"href":"https:\/\/univet.hu\/hu\/wp-json\/wp\/v2\/tags?post=45878"}],"curies":[{"name":"wp","href":"https:\/\/api.w.org\/{rel}","templated":true}]}}