{"id":4588,"date":"2018-04-24T12:27:00","date_gmt":"2018-04-24T10:27:00","guid":{"rendered":"http:\/\/univet.hu\/egyetem\/munkatarsak\/schonhardt-kitti\/"},"modified":"2026-02-10T04:03:07","modified_gmt":"2026-02-10T03:03:07","slug":"schonhardt-kitti","status":"publish","type":"page","link":"https:\/\/univet.hu\/hu\/egyetem\/munkatarsak\/schonhardt-kitti\/","title":{"rendered":"Sch\u00f6nhardt Kitti"},"content":{"rendered":"<p style=\"text-align: center\"><b><span data-contrast=\"none\"><span style=\"font-size: 14pt\">Bemutatkoz\u00e1s<\/span>\u00a0\u00a0<\/span><\/b><\/p> <p><span data-contrast=\"none\">Tanulm\u00e1nyaimat a P\u00e9csi Tudom\u00e1nyegyetem Term\u00e9szettudom\u00e1nyi Kar\u00e1n v\u00e9geztem. A tansz\u00e9ken a molekul\u00e1ris diagnosztikai feladatok mellett a be\u00e9rkez\u0151 mint\u00e1k sz\u00f6vettani feldolgoz\u00e1s\u00e1ban seg\u00e9dkezem.<\/span><span data-ccp-props=\"{&quot;134233118&quot;:true,&quot;201341983&quot;:0,&quot;335551550&quot;:6,&quot;335551620&quot;:6,&quot;335559739&quot;:160,&quot;335559740&quot;:240}\">\u00a0<\/span><\/p> <p><span data-ccp-props=\"{&quot;134233118&quot;:true,&quot;201341983&quot;:0,&quot;335559739&quot;:160,&quot;335559740&quot;:240}\">\u00a0<\/span><\/p>","protected":false},"excerpt":{"rendered":"<p>Bemutatkoz\u00e1s\u00a0\u00a0 Tanulm\u00e1nyaimat a P\u00e9csi Tudom\u00e1nyegyetem Term\u00e9szettudom\u00e1nyi Kar\u00e1n v\u00e9geztem. A tansz\u00e9ken a molekul\u00e1ris diagnosztikai feladatok mellett a be\u00e9rkez\u0151 mint\u00e1k sz\u00f6vettani feldolgoz\u00e1s\u00e1ban seg\u00e9dkezem.\u00a0 \u00a0<\/p>\n","protected":false},"author":5824,"featured_media":0,"parent":858,"menu_order":212,"comment_status":"closed","ping_status":"closed","template":"","meta":{"_acf_changed":false,"footnotes":""},"categories":[56],"tags":[],"class_list":["post-4588","page","type-page","status-publish","hentry","category-munkatarsak"],"acf":[],"_links":{"self":[{"href":"https:\/\/univet.hu\/hu\/wp-json\/wp\/v2\/pages\/4588","targetHints":{"allow":["GET"]}}],"collection":[{"href":"https:\/\/univet.hu\/hu\/wp-json\/wp\/v2\/pages"}],"about":[{"href":"https:\/\/univet.hu\/hu\/wp-json\/wp\/v2\/types\/page"}],"author":[{"embeddable":true,"href":"https:\/\/univet.hu\/hu\/wp-json\/wp\/v2\/users\/5824"}],"replies":[{"embeddable":true,"href":"https:\/\/univet.hu\/hu\/wp-json\/wp\/v2\/comments?post=4588"}],"version-history":[{"count":1,"href":"https:\/\/univet.hu\/hu\/wp-json\/wp\/v2\/pages\/4588\/revisions"}],"predecessor-version":[{"id":189360,"href":"https:\/\/univet.hu\/hu\/wp-json\/wp\/v2\/pages\/4588\/revisions\/189360"}],"up":[{"embeddable":true,"href":"https:\/\/univet.hu\/hu\/wp-json\/wp\/v2\/pages\/858"}],"wp:attachment":[{"href":"https:\/\/univet.hu\/hu\/wp-json\/wp\/v2\/media?parent=4588"}],"wp:term":[{"taxonomy":"category","embeddable":true,"href":"https:\/\/univet.hu\/hu\/wp-json\/wp\/v2\/categories?post=4588"},{"taxonomy":"post_tag","embeddable":true,"href":"https:\/\/univet.hu\/hu\/wp-json\/wp\/v2\/tags?post=4588"}],"curies":[{"name":"wp","href":"https:\/\/api.w.org\/{rel}","templated":true}]}}