{"id":45994,"date":"2019-11-07T16:41:42","date_gmt":"2019-11-07T15:41:42","guid":{"rendered":"https:\/\/univet.hu\/?page_id=45994"},"modified":"2023-01-31T09:40:18","modified_gmt":"2023-01-31T08:40:18","slug":"alumni-jubileumi-diplomak","status":"publish","type":"page","link":"https:\/\/univet.hu\/hu\/alumni\/alumni-jubileumi-diplomak\/","title":{"rendered":"Alumni Jubileumi diplom\u00e1k"},"content":{"rendered":"<p>Az Egyetem azon volt \u00e1llatorvostan hallgat\u00f3inak, akik oklevel\u00fcket 50, 60, 65, 70 valamint 75 \u00e9ve szerezt\u00e9k meg k\u00e9relm\u00fckre arany, gy\u00e9m\u00e1nt, vas, rubin illetve gr\u00e1nit d\u00edszoklev\u00e9l adhat\u00f3. A jubileumi oklevelek \u00e1tad\u00e1s\u00e1ra minden \u00e9vben a tan\u00e9vnyit\u00f3 \u00fcnneps\u00e9g alkalm\u00e1val ker\u00fcl sor, melynek pontos hely\u00e9r\u0151l \u00e9s id\u0151pontj\u00e1r\u00f3l az \u00e9rintetteket \u2013 a jelentkez\u00e9s alapj\u00e1n \u2013 az Egyetem megh\u00edv\u00f3ban \u00e9rtes\u00edti.<\/p> <p><a href=\"https:\/\/univet.hu\/en\/alumni\/alumni-jubileumi-diplomak\/evnyito-1085\/\" rel=\"attachment wp-att-82809\"><img loading=\"lazy\" decoding=\"async\" class=\"aligncenter size-full wp-image-82809\" src=\"https:\/\/univet.hu\/wp-content\/uploads\/2023\/01\/Evnyito-1085.jpg\" alt=\"\" width=\"1000\" height=\"667\" srcset=\"https:\/\/univet.hu\/wp-content\/uploads\/2023\/01\/Evnyito-1085.jpg 1000w, https:\/\/univet.hu\/wp-content\/uploads\/2023\/01\/Evnyito-1085-320x213.jpg 320w, https:\/\/univet.hu\/wp-content\/uploads\/2023\/01\/Evnyito-1085-768x512.jpg 768w, https:\/\/univet.hu\/wp-content\/uploads\/2023\/01\/Evnyito-1085-960x640.jpg 960w\" sizes=\"auto, (max-width: 1000px) 100vw, 1000px\" \/><\/a><\/p> <p>&nbsp;<\/p> <p>A jubileumi d\u00edszoklev\u00e9lre val\u00f3 jelentkez\u00e9st az Egyetem Tanulm\u00e1nyi Oszt\u00e1ly\u00e1ra ny\u00fajthatja be.<\/p> <p><a href=\"https:\/\/univet.hu\/wp-content\/uploads\/2019\/03\/Jelentkez\u00e9si-lap_UNIVET-Budapest.doc\" target=\"_blank\" rel=\"noopener\" data-replaced=\"true\">Jelentkez\u00e9si lap<\/a><\/p> <p>A jubileumi diplom\u00e1kkal kapcsolatos esetleges k\u00e9rd\u00e9seikkel k\u00e9rj\u00fck, forduljanak Csap\u00f3 T\u00edmea oszt\u00e1lyvezet\u0151h\u00f6z (06-1-478-4115, <a class=\"decrypt\" rel=\"dtbqp\/ujnfbAvojwfu\/iv\" href=\"javascript:void(0);\">[Kattintson az emailc\u00edmhez]<\/a>)<\/p> <p>A jelentkez\u00e9s beny\u00fajt\u00e1s\u00e1nak hat\u00e1rideje: minden \u00e9v\u00a0<strong>m\u00e1jus 31.<\/strong><\/p> <p>A jelentkez\u00e9shez\u00a0k\u00e9rj\u00fck csatolni els\u0151 alkalommal:<\/p> <ul> <li>jelentkez\u00e9si lap<\/li> <li>az oklev\u00e9l m\u00e1solata ; amennyiben a k\u00e9relmez\u0151 kor\u00e1bban m\u00e1r r\u00e9szes\u00fclt jubileumi oklev\u00e9lben, akkor csak annak f\u00e9nym\u00e1solat\u00e1t k\u00e9rj\u00fck bek\u00fcldeni<\/li> <li>r\u00f6vid szakmai \u00f6n\u00e9letrajz (max. 1 oldal kb. 25-30 sor, 2200 karakter, sz\u00f3k\u00f6z\u00f6kkel egy\u00fctt)<\/li> <li>igazolv\u00e1nyk\u00e9p<\/li> <\/ul> <p><strong>E-mail c\u00edm<\/strong>: <a class=\"decrypt\" rel=\"dtbqp\/ujnfbAvojwfu\/iv\" href=\"javascript:void(0);\">[Kattintson az emailc\u00edmhez]<\/a><\/p> <p>Amennyiben elektronikus \u00faton nincs lehet\u0151s\u00e9ge elk\u00fcldeni, akkor az al\u00e1bbi lev\u00e9lc\u00edmre:<\/p> <p>\u00c1llatorvostudom\u00e1nyi Egyetem<br \/> Tanulm\u00e1nyi Oszt\u00e1ly<br \/> 1078 Budapest, Istv\u00e1n u. 2.<\/p> <p>&nbsp;<\/p>","protected":false},"excerpt":{"rendered":"<p>Az Egyetem azon volt \u00e1llatorvostan hallgat\u00f3inak, akik oklevel\u00fcket 50, 60, 65, 70 valamint 75 \u00e9ve szerezt\u00e9k meg k\u00e9relm\u00fckre arany, gy\u00e9m\u00e1nt, vas, rubin illetve gr\u00e1nit d\u00edszoklev\u00e9l adhat\u00f3. A jubileumi oklevelek \u00e1tad\u00e1s\u00e1ra minden \u00e9vben a tan\u00e9vnyit\u00f3 \u00fcnneps\u00e9g alkalm\u00e1val ker\u00fcl sor, melynek pontos hely\u00e9r\u0151l \u00e9s id\u0151pontj\u00e1r\u00f3l az \u00e9rintetteket \u2013 a jelentkez\u00e9s alapj\u00e1n \u2013 az Egyetem megh\u00edv\u00f3ban \u00e9rtes\u00edti. &nbsp;<\/p>\n","protected":false},"author":7,"featured_media":0,"parent":44410,"menu_order":0,"comment_status":"closed","ping_status":"closed","template":"","meta":{"_acf_changed":false,"footnotes":""},"categories":[],"tags":[],"class_list":["post-45994","page","type-page","status-publish","hentry"],"acf":[],"_links":{"self":[{"href":"https:\/\/univet.hu\/hu\/wp-json\/wp\/v2\/pages\/45994","targetHints":{"allow":["GET"]}}],"collection":[{"href":"https:\/\/univet.hu\/hu\/wp-json\/wp\/v2\/pages"}],"about":[{"href":"https:\/\/univet.hu\/hu\/wp-json\/wp\/v2\/types\/page"}],"author":[{"embeddable":true,"href":"https:\/\/univet.hu\/hu\/wp-json\/wp\/v2\/users\/7"}],"replies":[{"embeddable":true,"href":"https:\/\/univet.hu\/hu\/wp-json\/wp\/v2\/comments?post=45994"}],"version-history":[{"count":0,"href":"https:\/\/univet.hu\/hu\/wp-json\/wp\/v2\/pages\/45994\/revisions"}],"up":[{"embeddable":true,"href":"https:\/\/univet.hu\/hu\/wp-json\/wp\/v2\/pages\/44410"}],"wp:attachment":[{"href":"https:\/\/univet.hu\/hu\/wp-json\/wp\/v2\/media?parent=45994"}],"wp:term":[{"taxonomy":"category","embeddable":true,"href":"https:\/\/univet.hu\/hu\/wp-json\/wp\/v2\/categories?post=45994"},{"taxonomy":"post_tag","embeddable":true,"href":"https:\/\/univet.hu\/hu\/wp-json\/wp\/v2\/tags?post=45994"}],"curies":[{"name":"wp","href":"https:\/\/api.w.org\/{rel}","templated":true}]}}