{"id":46002,"date":"2019-11-08T07:29:35","date_gmt":"2019-11-08T06:29:35","guid":{"rendered":"https:\/\/univet.hu\/hu\/egyetem\/szervezeti-egysegek\/allattenyesztesi-takarmanyozastani-es-laborallat-tudomanyi-tanszek\/kutatas\/name\/"},"modified":"2023-07-27T16:01:18","modified_gmt":"2023-07-27T14:01:18","slug":"tdk","status":"publish","type":"page","link":"https:\/\/univet.hu\/hu\/egyetem\/szervezeti-egysegek\/allattenyesztesi-takarmanyozastani-es-laborallat-tudomanyi-tanszek\/allattenyesztesi-es-genetikai-tanszek\/kutatas\/tdk\/","title":{"rendered":"Tudom\u00e1nyos Di\u00e1kk\u00f6ri T\u00e9m\u00e1k az oszt\u00e1lyon"},"content":{"rendered":"<p><strong>Genetikai kutat\u00e1sok hat\u00e9kony mintatervez\u00e9se h\u00e1l\u00f3zattudom\u00e1nyi m\u00f3dszerekkel<\/strong><\/p> <p><a href=\"https:\/\/www.libri.hu\/konyv\/barabasi_albert-laszlo.behalozva.html\">Barab\u00e1si Albert L\u00e1szl\u00f3: Beh\u00e1l\u00f3zva \u2013 a h\u00e1l\u00f3zatok \u00faj tudom\u00e1nya\u00a0<\/a>\u00a0seg\u00edts\u00e9g\u00e9vel a t\u00f6rzsk\u00f6nyvi adatok feldolgoz\u00e1sa \u00e9s a genetikai kutat\u00e1si t\u00edpusnak megfelel\u0151\u00a0legreprezentat\u00edvabb vizsg\u00e1lati csoport kiv\u00e1laszt\u00e1sa. min. 3 szemeszter<\/p> <p><strong>A vad\u00e1sz\u00f3 dr\u00f3tsz\u0151r\u0171 magyar vizsl\u00e1k testm\u00e9retei a fajtale\u00edr\u00e1s t\u00fckr\u00e9ben<\/strong><\/p> <p>A dolgoz\u00f3 vad\u00e1szkuty\u00e1k szelekci\u00f3j\u00e1n\u00e1l nem a fajtale\u00edr\u00e1s, hanem a sikeress\u00e9g a f\u0151 szelekci\u00f3s szempont. A k\u00fcl\u00f6nb\u00f6z\u0151 megk\u00f6zel\u00edt\u00e9sek eredm\u00e9nyezte elt\u00e9r\u00e9sek felder\u00edt\u00e9se c\u00e9lj\u00e1b\u00f3l.\u00a0<strong><em>Cs\u00f3ka Zs\u00f3fi<\/em><\/strong><\/p> <p><strong>Szarvsz\u00ednek a magyar sz\u00fcrke szarvasmarh\u00e1ban<\/strong><\/p> <p>A h\u00e1rom szarvsz\u00edn \u00f6r\u00f6kl\u0151d\u00e9se, kialakul\u00e1s\u00e1nak okai \u00e9s ezeket befoly\u00e1sol\u00f3 g\u00e9nek azonos\u00edt\u00e1sa.\u00a0<strong><em>Danyi Zolt\u00e1n<\/em><\/strong><\/p> <p><strong>T\u0151gyalakul\u00e1s 3D vizsg\u00e1lata, lehets\u00e9ges kock\u00e1zati el\u0151rejelz\u00e9s az adatok alapj\u00e1n<\/strong><\/p> <p>A 3D pontfelh\u0151 l\u00e9trehoz\u00e1sa real-time szenzorok seg\u00edts\u00e9g\u00e9vel, a lehets\u00e9ges s\u00e9r\u00fcl\u00e9sek \u00e9rz\u00e9kel\u00e9se<strong><em>\u00a0Fodor B\u00e1lint<\/em><\/strong><\/p> <p><strong>Testm\u00e9retek \u00e1llom\u00e1nyszint\u0171 vizsg\u00e1lata magyar sz\u00fcrkemarha \u00e1llom\u00e1nyokban VATEM m\u00f3dszerrel<\/strong><\/p> <p><em><strong>Beck Attila<\/strong><\/em><\/p>","protected":false},"excerpt":{"rendered":"<p>Genetikai kutat\u00e1sok hat\u00e9kony mintatervez\u00e9se h\u00e1l\u00f3zattudom\u00e1nyi m\u00f3dszerekkel Barab\u00e1si Albert L\u00e1szl\u00f3: Beh\u00e1l\u00f3zva \u2013 a h\u00e1l\u00f3zatok \u00faj tudom\u00e1nya\u00a0\u00a0seg\u00edts\u00e9g\u00e9vel a t\u00f6rzsk\u00f6nyvi adatok feldolgoz\u00e1sa \u00e9s a genetikai kutat\u00e1si t\u00edpusnak megfelel\u0151\u00a0legreprezentat\u00edvabb vizsg\u00e1lati csoport kiv\u00e1laszt\u00e1sa. min. 3 szemeszter A vad\u00e1sz\u00f3 dr\u00f3tsz\u0151r\u0171 magyar vizsl\u00e1k testm\u00e9retei a fajtale\u00edr\u00e1s t\u00fckr\u00e9ben A dolgoz\u00f3 vad\u00e1szkuty\u00e1k szelekci\u00f3j\u00e1n\u00e1l nem a fajtale\u00edr\u00e1s, hanem a sikeress\u00e9g a f\u0151 szelekci\u00f3s szempont. A<\/p>\n","protected":false},"author":3837,"featured_media":0,"parent":89937,"menu_order":0,"comment_status":"open","ping_status":"open","template":"","meta":{"_acf_changed":false,"footnotes":""},"categories":[61],"tags":[],"class_list":["post-46002","page","type-page","status-publish","hentry","category-temak"],"acf":[],"_links":{"self":[{"href":"https:\/\/univet.hu\/hu\/wp-json\/wp\/v2\/pages\/46002","targetHints":{"allow":["GET"]}}],"collection":[{"href":"https:\/\/univet.hu\/hu\/wp-json\/wp\/v2\/pages"}],"about":[{"href":"https:\/\/univet.hu\/hu\/wp-json\/wp\/v2\/types\/page"}],"author":[{"embeddable":true,"href":"https:\/\/univet.hu\/hu\/wp-json\/wp\/v2\/users\/3837"}],"replies":[{"embeddable":true,"href":"https:\/\/univet.hu\/hu\/wp-json\/wp\/v2\/comments?post=46002"}],"version-history":[{"count":0,"href":"https:\/\/univet.hu\/hu\/wp-json\/wp\/v2\/pages\/46002\/revisions"}],"up":[{"embeddable":true,"href":"https:\/\/univet.hu\/hu\/wp-json\/wp\/v2\/pages\/89937"}],"wp:attachment":[{"href":"https:\/\/univet.hu\/hu\/wp-json\/wp\/v2\/media?parent=46002"}],"wp:term":[{"taxonomy":"category","embeddable":true,"href":"https:\/\/univet.hu\/hu\/wp-json\/wp\/v2\/categories?post=46002"},{"taxonomy":"post_tag","embeddable":true,"href":"https:\/\/univet.hu\/hu\/wp-json\/wp\/v2\/tags?post=46002"}],"curies":[{"name":"wp","href":"https:\/\/api.w.org\/{rel}","templated":true}]}}