{"id":4603,"date":"1970-01-01T00:00:00","date_gmt":"1969-12-31T23:00:00","guid":{"rendered":"http:\/\/univet.hu\/egyetem\/munkatarsak\/simon-csilla\/"},"modified":"2026-02-10T04:02:29","modified_gmt":"2026-02-10T03:02:29","slug":"simon-csilla","status":"publish","type":"page","link":"https:\/\/univet.hu\/hu\/egyetem\/munkatarsak\/simon-csilla\/","title":{"rendered":"Simon Csilla"},"content":{"rendered":"<p>&nbsp;<\/p> <h2>Tev\u00e9kenys\u00e9g<\/h2> <div> <p>Diploma: 2011. Tansz\u00e9k munkat\u00e1rsa: 2013. \u00f3ta. Szakter\u00fclet: kis\u00e1llatseb\u00e9szet. Nyelvismeret: angol<\/p> <\/div> <p><a href=\"http:\/\/www.kisallatsebeszet.hu\" data-replaced=\"true\" target=\"_blank\" rel=\"noopener\">Saj\u00e1t honlap<\/a><\/p>","protected":false},"excerpt":{"rendered":"<p>&nbsp; Tev\u00e9kenys\u00e9g Diploma: 2011. Tansz\u00e9k munkat\u00e1rsa: 2013. \u00f3ta. Szakter\u00fclet: kis\u00e1llatseb\u00e9szet. Nyelvismeret: angol Saj\u00e1t honlap<\/p>\n","protected":false},"author":5824,"featured_media":0,"parent":858,"menu_order":211,"comment_status":"closed","ping_status":"closed","template":"","meta":{"_acf_changed":false,"footnotes":""},"categories":[56],"tags":[],"class_list":["post-4603","page","type-page","status-publish","hentry","category-munkatarsak"],"acf":[],"_links":{"self":[{"href":"https:\/\/univet.hu\/hu\/wp-json\/wp\/v2\/pages\/4603","targetHints":{"allow":["GET"]}}],"collection":[{"href":"https:\/\/univet.hu\/hu\/wp-json\/wp\/v2\/pages"}],"about":[{"href":"https:\/\/univet.hu\/hu\/wp-json\/wp\/v2\/types\/page"}],"author":[{"embeddable":true,"href":"https:\/\/univet.hu\/hu\/wp-json\/wp\/v2\/users\/5824"}],"replies":[{"embeddable":true,"href":"https:\/\/univet.hu\/hu\/wp-json\/wp\/v2\/comments?post=4603"}],"version-history":[{"count":1,"href":"https:\/\/univet.hu\/hu\/wp-json\/wp\/v2\/pages\/4603\/revisions"}],"predecessor-version":[{"id":199652,"href":"https:\/\/univet.hu\/hu\/wp-json\/wp\/v2\/pages\/4603\/revisions\/199652"}],"up":[{"embeddable":true,"href":"https:\/\/univet.hu\/hu\/wp-json\/wp\/v2\/pages\/858"}],"wp:attachment":[{"href":"https:\/\/univet.hu\/hu\/wp-json\/wp\/v2\/media?parent=4603"}],"wp:term":[{"taxonomy":"category","embeddable":true,"href":"https:\/\/univet.hu\/hu\/wp-json\/wp\/v2\/categories?post=4603"},{"taxonomy":"post_tag","embeddable":true,"href":"https:\/\/univet.hu\/hu\/wp-json\/wp\/v2\/tags?post=4603"}],"curies":[{"name":"wp","href":"https:\/\/api.w.org\/{rel}","templated":true}]}}