{"id":4615,"date":"2016-08-02T15:10:00","date_gmt":"2016-08-02T13:10:00","guid":{"rendered":"http:\/\/univet.hu\/egyetem\/munkatarsak\/solti-laszlo\/"},"modified":"2026-02-10T04:00:16","modified_gmt":"2026-02-10T03:00:16","slug":"solti-laszlo","status":"publish","type":"page","link":"https:\/\/univet.hu\/hu\/egyetem\/munkatarsak\/solti-laszlo\/","title":{"rendered":"Solti  L\u00e1szl\u00f3"},"content":{"rendered":"<p>&nbsp;<\/p> <h2>Bemutatkoz\u00e1s<\/h2> <div> <p>Fogad\u00f3\u00f3ra: H\u00e9tf\u0151 13:00-15:00<\/p> <p><a href=\"https:\/\/vm.mtmt.hu\/\/search\/slist.php?nwi=1&amp;inited=1&amp;ty_on=1&amp;url_on=1&amp;cite_type=2&amp;orderby=3D1a&amp;location=mtmt&amp;stn=1&amp;AuthorID=1283702&amp;Scientific=1\" data-replaced=\"true\">Publik\u00e1ci\u00f3k list\u00e1ja<\/a><\/p> <\/div> <h2>Tev\u00e9kenys\u00e9g<\/h2> <div> <p>Magyar \u00e9s angol nyelv\u0171 el\u0151ad\u00e1sok \u00e9s tov\u00e1bbk\u00e9pz\u00e9sek az \u00e1llatorvosi alap- \u00e9s szak\u00e1llatorvos-k\u00e9pz\u00e9sben.<\/p> <\/div>","protected":false},"excerpt":{"rendered":"<p>&nbsp; Bemutatkoz\u00e1s Fogad\u00f3\u00f3ra: H\u00e9tf\u0151 13:00-15:00 Publik\u00e1ci\u00f3k list\u00e1ja Tev\u00e9kenys\u00e9g Magyar \u00e9s angol nyelv\u0171 el\u0151ad\u00e1sok \u00e9s tov\u00e1bbk\u00e9pz\u00e9sek az \u00e1llatorvosi alap- \u00e9s szak\u00e1llatorvos-k\u00e9pz\u00e9sben.<\/p>\n","protected":false},"author":5824,"featured_media":0,"parent":858,"menu_order":210,"comment_status":"closed","ping_status":"closed","template":"","meta":{"_acf_changed":false,"footnotes":""},"categories":[56],"tags":[],"class_list":["post-4615","page","type-page","status-publish","hentry","category-munkatarsak"],"acf":[],"_links":{"self":[{"href":"https:\/\/univet.hu\/hu\/wp-json\/wp\/v2\/pages\/4615","targetHints":{"allow":["GET"]}}],"collection":[{"href":"https:\/\/univet.hu\/hu\/wp-json\/wp\/v2\/pages"}],"about":[{"href":"https:\/\/univet.hu\/hu\/wp-json\/wp\/v2\/types\/page"}],"author":[{"embeddable":true,"href":"https:\/\/univet.hu\/hu\/wp-json\/wp\/v2\/users\/5824"}],"replies":[{"embeddable":true,"href":"https:\/\/univet.hu\/hu\/wp-json\/wp\/v2\/comments?post=4615"}],"version-history":[{"count":1,"href":"https:\/\/univet.hu\/hu\/wp-json\/wp\/v2\/pages\/4615\/revisions"}],"predecessor-version":[{"id":188453,"href":"https:\/\/univet.hu\/hu\/wp-json\/wp\/v2\/pages\/4615\/revisions\/188453"}],"up":[{"embeddable":true,"href":"https:\/\/univet.hu\/hu\/wp-json\/wp\/v2\/pages\/858"}],"wp:attachment":[{"href":"https:\/\/univet.hu\/hu\/wp-json\/wp\/v2\/media?parent=4615"}],"wp:term":[{"taxonomy":"category","embeddable":true,"href":"https:\/\/univet.hu\/hu\/wp-json\/wp\/v2\/categories?post=4615"},{"taxonomy":"post_tag","embeddable":true,"href":"https:\/\/univet.hu\/hu\/wp-json\/wp\/v2\/tags?post=4615"}],"curies":[{"name":"wp","href":"https:\/\/api.w.org\/{rel}","templated":true}]}}