{"id":4618,"date":"2016-09-02T10:59:00","date_gmt":"2016-09-02T08:59:00","guid":{"rendered":"http:\/\/univet.hu\/egyetem\/munkatarsak\/solymosi-norbert\/"},"modified":"2026-02-10T04:00:16","modified_gmt":"2026-02-10T03:00:16","slug":"solymosi-norbert","status":"publish","type":"page","link":"https:\/\/univet.hu\/hu\/egyetem\/munkatarsak\/solymosi-norbert\/","title":{"rendered":"Solymosi Norbert"},"content":{"rendered":"<p>&nbsp;<\/p> <h2>Bemutatkoz\u00e1s<\/h2> <div> <p><strong>V\u00e9gzetts\u00e9g<\/strong><\/p> <div>\u00c1llatorvos doktor (\u00c1llatorvos-tudom\u00e1nyi Egyetem, Budapest, Oklev\u00e9l kelte: 1996. november 29., sz\u00e1ma: 57\/1996)<\/div> <div><\/div> <p><strong>Tudom\u00e1nyos fokozat<\/strong><\/p> <div>PhD (Debreceni Egyetem, Term\u00e9szettudom\u00e1nyi \u00e9s Technol\u00f3giai Kar, Juh\u00e1sz-Nagy P\u00e1l Doktori Iskola, Debrecen, Oklev\u00e9l kelte: 2010. janu\u00e1r 13., sz\u00e1ma: 5\/2010)<\/div> <div><\/div> <p><strong>Munkahelyek<\/strong><\/p> <ul> <li>2017.11.01.\u00a0\u2013 Egyetemi docens,\u00a0Bioinformatikai K\u00f6zpont, \u00c1llatorvostudom\u00e1nyi Egyetem<\/li> <li>2016.05.01.\u00a0\u2013 2017.10.31. Egyetemi docens,\u00a0\u00c1llathigi\u00e9niai, \u00c1llom\u00e1ny-eg\u00e9szs\u00e9gtani \u00e9s \u00c1llatorvosi Etol\u00f3giai Tansz\u00e9k, \u00c1llatorvostudom\u00e1nyi Egyetem<\/li> <li>2015.05.01.\u00a0\u2013 2016.04.30. Egyetemi adjunktus,\u00a0\u00c1llathigi\u00e9niai, \u00c1llom\u00e1ny-eg\u00e9szs\u00e9gtani \u00e9s \u00c1llatorvosi Etol\u00f3giai Tansz\u00e9k, \u00c1llatorvos-tudom\u00e1nyi Kar,\u00a0Szent Istv\u00e1n Egyetem<\/li> <li>2012.01 \u2013 Tansz\u00e9ki \u00e1llatorvos, tudom\u00e1nyos munkat\u00e1rs, Szent Istv\u00e1n Egyetem, \u00c1llatorvos-tudom\u00e1nyi Kar, \u00c1llathigi\u00e9niai, \u00e1llom\u00e1ny-eg\u00e9szs\u00e9gtani \u00e9s \u00e1llatorvosi etol\u00f3giai tansz\u00e9k<\/li> <li>2010.04 \u2013 2011.12. Tudom\u00e1nyos munkat\u00e1rs, Alkalmazkod\u00e1s a Kl\u00edmav\u00e1ltoz\u00e1shoz Kutat\u00f3csoport, MTA-BCE, Budapest<\/li> <li>2007.01 \u2013 2010.04. Tudom\u00e1nyos seg\u00e9dmunkat\u00e1rs, Alkalmazkod\u00e1s a Kl\u00edmav\u00e1ltoz\u00e1shoz Kutat\u00f3csoport, MTA-BCE, Budapest <ul> <li>Oktat\u00e1s: <ul> <li>Matematikai Statisztika, Szociol\u00f3gus, Politol\u00f3gus BA, B\u00f6lcs\u00e9szettudom\u00e1nyi Kar, P\u00e1zm\u00e1ny P\u00e9ter Katolikus Egyetem (2009\/2010. I. f\u00e9l\u00e9v)<\/li> <li>Bioinformatika, Biol\u00f3gus BSc-MSc, Genetikai Tansz\u00e9k, ELTE<\/li> <\/ul> <\/li> <\/ul> <\/li> <li>2006.05. \u2013 2008.11. Bioinformatikus, Sejtanalitikai laborat\u00f3rium, II sz. Belgy\u00f3gy\u00e1szati Klinika, Semmelweis Egyetem, Budapest <ul> <li>Oktat\u00e1s: <ul> <li>Bioinformatika, Budapesti M\u0171szaki F\u0151iskola<\/li> <\/ul> <\/li> <\/ul> <\/li> <li>\u00a02005.11. \u2013 2006.08. Tudom\u00e1nyos seg\u00e9dmunkat\u00e1rs, Komplex Rendszerek Fizik\u00e1ja Tansz\u00e9k, ELTE, TTK, Budapest<\/li> <li>2004.07. \u2013 2005.12. Informatikus. Biomatemaikai \u00e9s Sz\u00e1m\u00edt\u00e1stechnikai Tansz\u00e9k, \u00c1llatorvostudom\u00e1nyi Kar, Szent Istv\u00e1n Egyetem, Budapest <ul> <li>Oktat\u00e1s:<\/li> <li>Informatika, \u00c1llatorvos-tudom\u00e1nyi Kar (magyar \u00e9s angol nyelven)<\/li> <\/ul> <\/li> <li>\u00a02003.01. \u2013 2004.12. Klinikus \u00c1llatorvos, Budapest<\/li> <li>\u00a01998.08. \u2013 1998.12. Laborat\u00f3riumi \u00e1llatorvos, Orsz\u00e1gos \u00c1llateg\u00e9szs\u00e9g\u00fcgyi Int\u00e9zet, Budapest<\/li> <li>1996.12. \u2013 1998.07. Klinikai \u00e1llatorvos, Seb\u00e9szeti \u00e9s Szem\u00e9szeti Tansz\u00e9k \u00e9s Klinika, \u00c1llatorvostudom\u00e1nyi Egyetem, Budapest<\/li> <li>1989.02. \u2013 1990.08. Brig\u00e1dvezet\u0151, Hangosi tehen\u00e9szeti telep, P\u00e1lhalmai B\u00f6rt\u00f6n \u00e9s Fogh\u00e1z<\/li> <li>1988.09. \u2013 1988.11. Juh\u00e1sz, Nagyvenyimi juh\u00e1szat, Duna\u00fajv\u00e1rosi V\u00f6r\u00f6s Csillag MgTsz.<\/li> <\/ul> <p><strong>Kutat\u00e1si \u00e9rdekl\u0151d\u00e9s<\/strong><\/p> <div>Epidemiol\u00f3gia, t\u00e9rbeli epidemiol\u00f3gia, biometeorol\u00f3gia<\/div> <div>Computational biology, &#8211; medicine<\/div> <div><\/div> <div><\/div> <p><strong>Hazai szakmai \u00e9s tudom\u00e1nyos k\u00f6z\u00e9leti tev\u00e9kenys\u00e9g<\/strong><\/p> <div>2009-t\u0151l: Magyar Parazitol\u00f3gusok T\u00e1rsas\u00e1g tagja<\/div> <div><\/div> <div><\/div> <p><strong>Nyelvtud\u00e1s<\/strong><\/p> <div>Angol (\u00e1llami k\u00f6z\u00e9pfok\u00fa C t\u00edpus\u00fa nyelvvizsga)<\/div> <div>N\u00e9met (\u00e1llami alapfok\u00fa C t\u00edpus\u00fa nyelvvizsga)<\/div> <div><\/div> <div><\/div> <p><strong>Publik\u00e1ci\u00f3s tev\u00e9kenys\u00e9g<\/strong><\/p> <div>Publik\u00e1ci\u00f3k: <a href=\"http:\/\/vm.mtmt.hu\/\/search\/slist.php?lang=0&amp;AuthorID=10017846\" data-replaced=\"true\" target=\"_blank\" rel=\"noopener\">http:\/\/vm.mtmt.hu\/\/search\/slist.php?lang=0&amp;AuthorID=10017846<\/a><\/div> <\/div> <h2>Tev\u00e9kenys\u00e9g<\/h2> <div> <p>Fogad\u00f3\u00f3ra: h\u00e9tf\u0151 9.00-10.00<\/p> <\/div> <p><a href=\"http:\/\/epidb.hu\/\" data-replaced=\"true\" target=\"_blank\" rel=\"noopener\">Saj\u00e1t honlap<\/a><\/p>","protected":false},"excerpt":{"rendered":"<p>&nbsp; Bemutatkoz\u00e1s V\u00e9gzetts\u00e9g \u00c1llatorvos doktor (\u00c1llatorvos-tudom\u00e1nyi Egyetem, Budapest, Oklev\u00e9l kelte: 1996. november 29., sz\u00e1ma: 57\/1996) Tudom\u00e1nyos fokozat PhD (Debreceni Egyetem, Term\u00e9szettudom\u00e1nyi \u00e9s Technol\u00f3giai Kar, Juh\u00e1sz-Nagy P\u00e1l Doktori Iskola, Debrecen, Oklev\u00e9l kelte: 2010. janu\u00e1r 13., sz\u00e1ma: 5\/2010) Munkahelyek 2017.11.01.\u00a0\u2013 Egyetemi docens,\u00a0Bioinformatikai K\u00f6zpont, \u00c1llatorvostudom\u00e1nyi Egyetem 2016.05.01.\u00a0\u2013 2017.10.31. Egyetemi docens,\u00a0\u00c1llathigi\u00e9niai, \u00c1llom\u00e1ny-eg\u00e9szs\u00e9gtani \u00e9s \u00c1llatorvosi Etol\u00f3giai Tansz\u00e9k, \u00c1llatorvostudom\u00e1nyi Egyetem 2015.05.01.\u00a0\u2013<\/p>\n","protected":false},"author":5824,"featured_media":0,"parent":858,"menu_order":210,"comment_status":"closed","ping_status":"closed","template":"","meta":{"_acf_changed":false,"footnotes":""},"categories":[56],"tags":[],"class_list":["post-4618","page","type-page","status-publish","hentry","category-munkatarsak"],"acf":[],"_links":{"self":[{"href":"https:\/\/univet.hu\/hu\/wp-json\/wp\/v2\/pages\/4618","targetHints":{"allow":["GET"]}}],"collection":[{"href":"https:\/\/univet.hu\/hu\/wp-json\/wp\/v2\/pages"}],"about":[{"href":"https:\/\/univet.hu\/hu\/wp-json\/wp\/v2\/types\/page"}],"author":[{"embeddable":true,"href":"https:\/\/univet.hu\/hu\/wp-json\/wp\/v2\/users\/5824"}],"replies":[{"embeddable":true,"href":"https:\/\/univet.hu\/hu\/wp-json\/wp\/v2\/comments?post=4618"}],"version-history":[{"count":1,"href":"https:\/\/univet.hu\/hu\/wp-json\/wp\/v2\/pages\/4618\/revisions"}],"predecessor-version":[{"id":199559,"href":"https:\/\/univet.hu\/hu\/wp-json\/wp\/v2\/pages\/4618\/revisions\/199559"}],"up":[{"embeddable":true,"href":"https:\/\/univet.hu\/hu\/wp-json\/wp\/v2\/pages\/858"}],"wp:attachment":[{"href":"https:\/\/univet.hu\/hu\/wp-json\/wp\/v2\/media?parent=4618"}],"wp:term":[{"taxonomy":"category","embeddable":true,"href":"https:\/\/univet.hu\/hu\/wp-json\/wp\/v2\/categories?post=4618"},{"taxonomy":"post_tag","embeddable":true,"href":"https:\/\/univet.hu\/hu\/wp-json\/wp\/v2\/tags?post=4618"}],"curies":[{"name":"wp","href":"https:\/\/api.w.org\/{rel}","templated":true}]}}