{"id":46263,"date":"2019-11-20T14:41:31","date_gmt":"2019-11-20T13:41:31","guid":{"rendered":"https:\/\/univet.hu\/hu\/alumniminta\/evfolyamtalalkozok\/name\/"},"modified":"2019-12-16T15:09:10","modified_gmt":"2019-12-16T14:09:10","slug":"beszamolok","status":"publish","type":"page","link":"https:\/\/univet.hu\/hu\/alumni\/evfolyamtalalkozok\/beszamolok\/","title":{"rendered":"\u00c9vfolyamtal\u00e1lkoz\u00f3k besz\u00e1mol\u00f3i"},"content":{"rendered":"<h4 class=\"entry-title\">Alumni tal\u00e1lkoz\u00f3 \u2013 \u00c9ljen a 78-as \u00e9s 88-as \u00e9vfolyam<\/h4> <p><strong>Az \u00c1llatorvostudom\u00e1nyi Egyetem azt szeretn\u00e9, ha az itt v\u00e9gzett hallgat\u00f3i nemcsak vend\u00e9gei, bar\u00e1tai, hanem sz\u00f6vets\u00e9gesei is lenn\u00e9nek az egyetemnek. <\/strong><\/p> <p>Ennek szellemis\u00e9g\u00e9ben szervezz\u00fck Alumni Tal\u00e1lkoz\u00f3inkat is, amely alkalm\u00e1val most az 1978-ban \u00e9s az 1988-ban v\u00e9gzett di\u00e1kjainkat k\u00f6sz\u00f6nt\u00f6tt\u00fck \u00e9s \u00fcnnepelt\u00fck.<\/p> <p><a href=\"https:\/\/univet.hu\/wp-content\/uploads\/2018\/10\/web_EV30.jpg\"><img loading=\"lazy\" decoding=\"async\" class=\"aligncenter size-large wp-image-29955\" src=\"https:\/\/univet.hu\/wp-content\/uploads\/2018\/10\/web_EV30-960x640.jpg\" alt=\"\" width=\"640\" height=\"427\" srcset=\"https:\/\/univet.hu\/wp-content\/uploads\/2018\/10\/web_EV30-960x640.jpg 960w, https:\/\/univet.hu\/wp-content\/uploads\/2018\/10\/web_EV30-320x213.jpg 320w, https:\/\/univet.hu\/wp-content\/uploads\/2018\/10\/web_EV30-768x512.jpg 768w, https:\/\/univet.hu\/wp-content\/uploads\/2018\/10\/web_EV30.jpg 2048w\" sizes=\"auto, (max-width: 640px) 100vw, 640px\" \/><\/a><\/p> <p style=\"text-align: center;\"><em>B\u0151vebben a 78-as \u00e9s 88-as \u00e9vfolyamtal\u00e1lkoz\u00f3r\u00f3l <a href=\"https:\/\/univet.hu\/hu\/2018\/10\/07\/alumni-talalkozo-eljen-a-88-as-evfolyam\/\" target=\"_blank\" rel=\"noopener\">itt<\/a> olvashatnak.<\/em><\/p> <p>&nbsp;<\/p> <h4 class=\"entry-title\">Vissza az Alma Materbe: \u00fajabb Alumni Tal\u00e1lkoz\u00f3 az \u00c1llatorvostudom\u00e1nyi Egyetemen<\/h4> <p><strong>Az \u00c1llatorvostudom\u00e1nyi Egyetem Alumni Irod\u00e1ja a 2008-ban v\u00e9gzett magyar \u00e9vfolyam kezdem\u00e9nyez\u00e9s\u00e9t felkarolva egy \u00fajabb Alumni Tal\u00e1lkoz\u00f3 keret\u00e9ben l\u00e1tta vend\u00e9g\u00fcl volt di\u00e1kjait az Equus Klubban, ahol a r\u00e9sztvev\u0151k k\u00f6tetlen besz\u00e9lget\u00e9s sor\u00e1n feleleven\u00edtett\u00e9k r\u00e9gi egyetemi \u00e9lm\u00e9nyeiket, besz\u00e1moltak a szakmai munk\u00e1ss\u00e1gukr\u00f3l \u00e9s megosztott\u00e1k tapasztalataikat.<\/strong><\/p> <p>\u201e<em>Az Egyetem Aumni Irod\u00e1ja keresett meg a h\u00edr hallat\u00e1n, hogy \u00e9vfolyamtal\u00e1lkoz\u00f3t szervezn\u00e9nk, \u00e9s mi kapva kaptunk az alkalmon. Az aj\u00e1nlatuk v\u00e1rakoz\u00e1son fel\u00fcli volt! \u00d3ri\u00e1si terhet vettek le a v\u00e1llunkr\u00f3l a szervez\u00e9s sor\u00e1n \u00e9s a fel\u00faj\u00edtott Equus Klubot is kinyitott\u00e1k sz\u00e1munkra. Volt szendvics, pog\u00e1csa, \u00e9des falat, illetve ital a sof\u0151r\u00f6knek \u00e9s a lazulni v\u00e1gy\u00f3knak egyar\u00e1nt! Vet\u00edtett\u00fcnk r\u00e9gi k\u00e9peket, volt zene \u00e9s t\u00e1nc, valamint egy fot\u00f3s is meg\u00f6r\u00f6k\u00edtette a tal\u00e1lkoz\u00e1s pillanatait.&#8221;<\/em><\/p> <p><a href=\"https:\/\/univet.hu\/wp-content\/uploads\/2019\/01\/web_A50.jpg\"><img loading=\"lazy\" decoding=\"async\" class=\"aligncenter size-large wp-image-32582\" src=\"https:\/\/univet.hu\/wp-content\/uploads\/2019\/01\/web_A50-960x640.jpg\" alt=\"\" width=\"640\" height=\"427\" srcset=\"https:\/\/univet.hu\/wp-content\/uploads\/2019\/01\/web_A50-960x640.jpg 960w, https:\/\/univet.hu\/wp-content\/uploads\/2019\/01\/web_A50-320x213.jpg 320w, https:\/\/univet.hu\/wp-content\/uploads\/2019\/01\/web_A50-768x512.jpg 768w, https:\/\/univet.hu\/wp-content\/uploads\/2019\/01\/web_A50.jpg 2048w\" sizes=\"auto, (max-width: 640px) 100vw, 640px\" \/><\/a><\/p> <p style=\"text-align: center;\"><em>A 2008-as\u00a0\u00e9vfolyamtal\u00e1lkoz\u00f3r\u00f3l <a href=\"https:\/\/univet.hu\/hu\/2019\/01\/22\/vissza-az-alma-materbe-ujabb-alumni-talalkozo-az-allatorvostudomanyi-egyetemen\/\" target=\"_blank\" rel=\"noopener\">itt<\/a> olvashatnak.<\/em><\/p> <p>&nbsp;<\/p> <h4><strong>Az \u00c1llatorvostudom\u00e1nyi Egyetem Alumni Irod\u00e1ja 1994-ban v\u00e9gzett magyar \u00e9vfolyam hallgat\u00f3it l\u00e1tta vend\u00e9g\u00fcl<\/strong><\/h4> <p><strong>Egy \u00fajabb Alumni Tal\u00e1lkoz\u00f3 keret\u00e9ben a frissen fel\u00faj\u00edtott Hallgat\u00f3i K\u00f6zpontban eleven\u00edtett\u00e9k fel r\u00e9gi egyetemi \u00e9lm\u00e9nyeiket \u00e9s sz\u00e1moltak be az elm\u00falt 25 \u00e9vet fel\u00f6lel\u0151 szakmai munk\u00e1ss\u00e1gukr\u00f3l, szem\u00e9lyes \u00e9let\u00fatjukr\u00f3l az 1994-ben v\u00e9gzett \u00f6regdi\u00e1kjaink.<\/strong><\/p> <p>Az \u00c1llatorvostudom\u00e1nyi Egyetem Alumni Irod\u00e1j\u00e1nak c\u00e9lja, hogy el\u0151seg\u00edtse \u00e9s fejlessze az itt v\u00e9gzett di\u00e1kjaink k\u00f6z\u00f6tt az \u00e9lethosszig tart\u00f3, az egyetem\u00fcnk szellemis\u00e9g\u00e9hez illeszked\u0151 kapcsolatot.<\/p> <p>Az els\u0151, az Alumni Irod\u00e1nk \u00e1ltal szervezett tal\u00e1lkoz\u00f3t\u00a0<strong>Dr. \u00d3zsv\u00e1ri L\u00e1szl\u00f3<\/strong>, az \u00c1llatorvostudom\u00e1nyi Egyetem oktat\u00e1si rektorhelyettese nyitotta meg, \u00e9s elmondta, fontosnak tartja, hogy hallgat\u00f3ink a diploma megszerz\u00e9s\u00e9t k\u00f6vet\u0151en is kapcsolatban maradjanak egykori Alma Mater\u00fckkel, r\u00e9szt vegyenek annak szakmai \u00e9s kultur\u00e1lis programjain, szerepet v\u00e1llaljanak az egyetem \u00e9let\u00e9ben \u00e9s akt\u00edv r\u00e9szesei legyenek az Alumni k\u00f6z\u00f6ss\u00e9g\u00fcnknek.<\/p> <p><a href=\"https:\/\/univet.hu\/wp-content\/uploads\/2019\/11\/web_A92.jpg\"><img loading=\"lazy\" decoding=\"async\" class=\"aligncenter size-large wp-image-46438\" src=\"https:\/\/univet.hu\/wp-content\/uploads\/2019\/11\/web_A92-960x640.jpg\" alt=\"\" width=\"640\" height=\"427\" srcset=\"https:\/\/univet.hu\/wp-content\/uploads\/2019\/11\/web_A92-960x640.jpg 960w, https:\/\/univet.hu\/wp-content\/uploads\/2019\/11\/web_A92-320x213.jpg 320w, https:\/\/univet.hu\/wp-content\/uploads\/2019\/11\/web_A92-768x512.jpg 768w, https:\/\/univet.hu\/wp-content\/uploads\/2019\/11\/web_A92.jpg 2048w\" sizes=\"auto, (max-width: 640px) 100vw, 640px\" \/><\/a><\/p> <p style=\"text-align: center;\"><em>Az 1994-es\u00a0\u00e9vfolyamtal\u00e1lkoz\u00f3r\u00f3l <a href=\"https:\/\/univet.hu\/hu\/2019\/11\/24\/nagyobb-sebessegre-kapcsolt-az-allatorvostudomanyi-egyetem-alumni-irodaja\/\" target=\"_blank\" rel=\"noopener\">itt<\/a> olvashatnak.<\/em><\/p> <p>&nbsp;<\/p> <p>&nbsp;<\/p>","protected":false},"excerpt":{"rendered":"<p>Alumni tal\u00e1lkoz\u00f3 \u2013 \u00c9ljen a 78-as \u00e9s 88-as \u00e9vfolyam Az \u00c1llatorvostudom\u00e1nyi Egyetem azt szeretn\u00e9, ha az itt v\u00e9gzett hallgat\u00f3i nemcsak vend\u00e9gei, bar\u00e1tai, hanem sz\u00f6vets\u00e9gesei is lenn\u00e9nek az egyetemnek. Ennek szellemis\u00e9g\u00e9ben szervezz\u00fck Alumni Tal\u00e1lkoz\u00f3inkat is, amely alkalm\u00e1val most az 1978-ban \u00e9s az 1988-ban v\u00e9gzett di\u00e1kjainkat k\u00f6sz\u00f6nt\u00f6tt\u00fck \u00e9s \u00fcnnepelt\u00fck. B\u0151vebben a 78-as \u00e9s 88-as \u00e9vfolyamtal\u00e1lkoz\u00f3r\u00f3l itt olvashatnak.<\/p>\n","protected":false},"author":7,"featured_media":0,"parent":44428,"menu_order":0,"comment_status":"open","ping_status":"open","template":"","meta":{"_acf_changed":false,"footnotes":""},"categories":[],"tags":[],"class_list":["post-46263","page","type-page","status-publish","hentry"],"acf":[],"_links":{"self":[{"href":"https:\/\/univet.hu\/hu\/wp-json\/wp\/v2\/pages\/46263","targetHints":{"allow":["GET"]}}],"collection":[{"href":"https:\/\/univet.hu\/hu\/wp-json\/wp\/v2\/pages"}],"about":[{"href":"https:\/\/univet.hu\/hu\/wp-json\/wp\/v2\/types\/page"}],"author":[{"embeddable":true,"href":"https:\/\/univet.hu\/hu\/wp-json\/wp\/v2\/users\/7"}],"replies":[{"embeddable":true,"href":"https:\/\/univet.hu\/hu\/wp-json\/wp\/v2\/comments?post=46263"}],"version-history":[{"count":0,"href":"https:\/\/univet.hu\/hu\/wp-json\/wp\/v2\/pages\/46263\/revisions"}],"up":[{"embeddable":true,"href":"https:\/\/univet.hu\/hu\/wp-json\/wp\/v2\/pages\/44428"}],"wp:attachment":[{"href":"https:\/\/univet.hu\/hu\/wp-json\/wp\/v2\/media?parent=46263"}],"wp:term":[{"taxonomy":"category","embeddable":true,"href":"https:\/\/univet.hu\/hu\/wp-json\/wp\/v2\/categories?post=46263"},{"taxonomy":"post_tag","embeddable":true,"href":"https:\/\/univet.hu\/hu\/wp-json\/wp\/v2\/tags?post=46263"}],"curies":[{"name":"wp","href":"https:\/\/api.w.org\/{rel}","templated":true}]}}