{"id":4627,"date":"2017-03-29T17:02:00","date_gmt":"2017-03-29T15:02:00","guid":{"rendered":"http:\/\/univet.hu\/egyetem\/munkatarsak\/somogyi-zoltan\/"},"modified":"2026-02-10T04:00:17","modified_gmt":"2026-02-10T03:00:17","slug":"somogyi-zoltan","status":"publish","type":"page","link":"https:\/\/univet.hu\/hu\/egyetem\/munkatarsak\/somogyi-zoltan\/","title":{"rendered":"Somogyi Zolt\u00e1n"},"content":{"rendered":"<p style=\"font-family: impact, sans-serif;\" align=\"justify\">Bemutatkoz\u00e1s<\/p> <p align=\"justify\">Dr. Somogyi Zolt\u00e1n Debrecenben sz\u00fcletett, gimn\u00e1ziumi \u00e9veit is itt folytatta. 2017-ben v\u00e9gzett az \u00c1llatorvostudom\u00e1nyi Egyetemen \u00e1llatorvos doktork\u00e9nt \u00e9s m\u00e9g ugyanazon \u00e9vben megkezdte PhD tanulm\u00e1nyait az Egyetem Gy\u00f3gyszertani \u00e9s M\u00e9regtani Tansz\u00e9k\u00e9n. Ezzel p\u00e1rhuzamosan az Egyetem elv\u00e9gz\u00e9se \u00f3ta a sert\u00e9s-\u00e1gazatban is akt\u00edvan tev\u00e9kenykedik, mint ell\u00e1t\u00f3 \u00e1llatorvos. Kutat\u00e1si t\u00e9m\u00e1ja az antibiotikumok farmakokinetikai \u00e9s farmakodin\u00e1miai tulajdons\u00e1gainak vizsg\u00e1lat\u00e1ra \u00e9p\u00fcl, els\u0151sorban sert\u00e9sekben \u00e9s sert\u00e9sb\u0151l izol\u00e1lt bakt\u00e9riumt\u00f6rzseken v\u00e9gez saj\u00e1t kutat\u00e1sokat. Folyamatosan 2-3 hallgat\u00f3nak t\u00e9mavezet\u0151je, valamint sz\u00e1mos tansz\u00e9ki kutat\u00e1si projektnek akt\u00edv r\u00e9sztvev\u0151je.<\/p> <hr align=\"center\" size=\"5\" width=\"60%\" \/> <p><span style=\"font-family: impact, sans-serif;\">El\u0151rehalad\u00e1s<\/span><\/p> <table style=\"height: 58px; width: 361px;\" width=\"218\"> <tbody> <tr> <td style=\"width: 69.9219px;\">2017 &#8211;<\/td> <td style=\"width: 275.078px; text-align: center;\">PhD hallgat\u00f3<\/td> <\/tr> <tr> <td style=\"width: 69.9219px;\">2021-<\/td> <td style=\"width: 275.078px; text-align: center;\">egyetemi tan\u00e1rseg\u00e9d<\/td> <\/tr> <\/tbody> <\/table> <p>&nbsp;<\/p> <hr align=\"center\" size=\"5\" width=\"60%\" \/> <p><span style=\"font-family: impact, sans-serif;\">Publik\u00e1ci\u00f3s lista (Top10)<\/span><\/p> <p style=\"text-align: center;\">MTMT:\u00a0<a href=\"https:\/\/m2.mtmt.hu\/gui2\/?type=authors&amp;mode=browse&amp;sel=authors10068730\">https:\/\/m2.mtmt.hu\/gui2\/?type=authors&amp;mode=browse&amp;sel=authors10068730<\/a><\/p> <table style=\"height: 302px; width: 1140px;\" width=\"1140\"> <tbody> <tr style=\"height: 86px;\"> <td style=\"width: 36px; height: 86px; text-align: center;\">1.<\/td> <td style=\"width: 1088px; height: 86px;\">Jerzsele, \u00c1kos ; Somogyi, Zolt\u00e1n ; Szalai, M\u00e1ria ; Kov\u00e1cs, D\u00f3ra A ferment\u00e1lt b\u00fazacs\u00edra-kivonat hat\u00e1sa brojlercsirk\u00e9k mesters\u00e9ges Salmonella Typhimurium fert\u0151z\u00e9s\u00e9re MAGYAR \u00c1LLATORVOSOK LAPJA 142 : 2 pp. 77-85. , 9 p. (2020)<\/td> <\/tr> <tr style=\"height: 54px;\"> <td style=\"width: 36px; height: 54px; text-align: center;\">2.<\/td> <td style=\"width: 1088px; height: 54px;\">Somogyi, Zolt\u00e1n ; Karancsi, Zita ; Jerzsele, \u00c1kos Farmakokinetika\/farmakodin\u00e1mia (PK\/PD) megk\u00f6zel\u00edt\u00e9s az \u00e1llatgy\u00f3gy\u00e1szatban : Irodalmi \u00f6sszefoglal\u00f3 MAGYAR \u00c1LLATORVOSOK LAPJA 140 : 1 pp. 37-46. , 10 p. (2018)<\/td> <\/tr> <tr style=\"height: 54px;\"> <td style=\"width: 36px; height: 54px; text-align: center;\">3.<\/td> <td style=\"width: 1088px; height: 54px;\">Veres, AM ; Somogyi, Z ; Jerzsele, A In vitro toxicity of gentamicin, tobramycin, amikacin and spectinomycin on bovine kidney derived MDBK cell line JOURNAL OF VETERINARY PHARMACOLOGY AND THERAPEUTICS 41 : 1 pp. 103-103. , 1 p. (2018)<\/td> <\/tr> <tr style=\"height: 54px;\"> <td style=\"width: 36px; height: 54px; text-align: center;\">4.<\/td> <td style=\"width: 1088px; height: 54px;\">Jerzsele, \u00c1kos ; Kov\u00e1cs, D\u00f3ra ; Somogyi, Zolt\u00e1n Az oklacitinib, egy \u00faj Janus-kin\u00e1zg\u00e1tl\u00f3 hat\u00f3anyag kuty\u00e1k at\u00f3pi\u00e1s b\u0151rgyullad\u00e1s\u00e1nak \u00e9s egy\u00e9b, viszket\u00e9ssel j\u00e1r\u00f3 megbeteged\u00e9seinek kezel\u00e9s\u00e9re : Irodalmi \u00f6sszefoglal\u00f3 MAGYAR \u00c1LLATORVOSOK LAPJA 139 : 9 pp. 545-552. , 8 p. (2017)<\/td> <\/tr> <tr style=\"height: 31px;\"> <td style=\"width: 36px; height: 31px; text-align: center;\">5.<\/td> <td style=\"width: 1088px; height: 31px;\">Jerzsele, \u00c1kos ; Somogyi, Zolt\u00e1n ; Kov\u00e1cs, D\u00f3ra ; G\u00e1l, J\u00e1nos A f\u00e9regellenes kezel\u00e9sek jelent\u0151s\u00e9ge \u00e9s lehet\u0151s\u00e9gei az intenz\u00edv baromfitart\u00e1sban MAGYAR \u00c1LLATORVOSOK LAPJA 139 : 7 pp. 397-404. , 8 p. (Somogyi, Zolt\u00e1n ; Pal\u00f3cz, Orsolya ; G\u00e1l, J\u00e1nos ; Csik\u00f3, Gy\u00f6rgy<\/td> <\/tr> <tr style=\"height: 23px;\"> <td style=\"width: 36px; height: 23px; text-align: center;\">6.<\/td> <td style=\"width: 1088px; height: 23px;\">Az Echinacea purpurea hat\u00e9konys\u00e1g\u00e1nak vizsg\u00e1lata nyulak P. multocida fert\u0151z\u00e9s\u00e9ben: Investigation of the activity of Echinacea purpurea in P. multocida infection of rabbits MAGYAR \u00c1LLATORVOSOK LAPJA 138 : 3 pp. 169-176. , 8 p. (2016)2017)<\/td> <\/tr> <tr> <td style=\"width: 36px; text-align: center;\">7.<\/td> <td style=\"width: 1088px;\">Palocz, O ; Gal, J ; Clayton, P ; Dinya, Z ; Somogyi, Z ; Juhasz, C ; Csiko, G Alternative treatment of serious and mild Pasteurella multocida infection in New Zealand White rabbits. BMC VETERINARY RESEARCH 10 : 1 Paper: 276 , 7 p. (2014)<\/td> <\/tr> <\/tbody> <\/table> <p>&nbsp;<\/p> <p>(Friss\u00edtve: 2021. augusztus)<\/p>","protected":false},"excerpt":{"rendered":"<p>Bemutatkoz\u00e1s Dr. Somogyi Zolt\u00e1n Debrecenben sz\u00fcletett, gimn\u00e1ziumi \u00e9veit is itt folytatta. 2017-ben v\u00e9gzett az \u00c1llatorvostudom\u00e1nyi Egyetemen \u00e1llatorvos doktork\u00e9nt \u00e9s m\u00e9g ugyanazon \u00e9vben megkezdte PhD tanulm\u00e1nyait az Egyetem Gy\u00f3gyszertani \u00e9s M\u00e9regtani Tansz\u00e9k\u00e9n. Ezzel p\u00e1rhuzamosan az Egyetem elv\u00e9gz\u00e9se \u00f3ta a sert\u00e9s-\u00e1gazatban is akt\u00edvan tev\u00e9kenykedik, mint ell\u00e1t\u00f3 \u00e1llatorvos. Kutat\u00e1si t\u00e9m\u00e1ja az antibiotikumok farmakokinetikai \u00e9s farmakodin\u00e1miai tulajdons\u00e1gainak vizsg\u00e1lat\u00e1ra \u00e9p\u00fcl,<\/p>\n","protected":false},"author":5824,"featured_media":0,"parent":858,"menu_order":210,"comment_status":"closed","ping_status":"closed","template":"","meta":{"_acf_changed":false,"footnotes":""},"categories":[56],"tags":[],"class_list":["post-4627","page","type-page","status-publish","hentry","category-munkatarsak"],"acf":[],"_links":{"self":[{"href":"https:\/\/univet.hu\/hu\/wp-json\/wp\/v2\/pages\/4627","targetHints":{"allow":["GET"]}}],"collection":[{"href":"https:\/\/univet.hu\/hu\/wp-json\/wp\/v2\/pages"}],"about":[{"href":"https:\/\/univet.hu\/hu\/wp-json\/wp\/v2\/types\/page"}],"author":[{"embeddable":true,"href":"https:\/\/univet.hu\/hu\/wp-json\/wp\/v2\/users\/5824"}],"replies":[{"embeddable":true,"href":"https:\/\/univet.hu\/hu\/wp-json\/wp\/v2\/comments?post=4627"}],"version-history":[{"count":1,"href":"https:\/\/univet.hu\/hu\/wp-json\/wp\/v2\/pages\/4627\/revisions"}],"predecessor-version":[{"id":199560,"href":"https:\/\/univet.hu\/hu\/wp-json\/wp\/v2\/pages\/4627\/revisions\/199560"}],"up":[{"embeddable":true,"href":"https:\/\/univet.hu\/hu\/wp-json\/wp\/v2\/pages\/858"}],"wp:attachment":[{"href":"https:\/\/univet.hu\/hu\/wp-json\/wp\/v2\/media?parent=4627"}],"wp:term":[{"taxonomy":"category","embeddable":true,"href":"https:\/\/univet.hu\/hu\/wp-json\/wp\/v2\/categories?post=4627"},{"taxonomy":"post_tag","embeddable":true,"href":"https:\/\/univet.hu\/hu\/wp-json\/wp\/v2\/tags?post=4627"}],"curies":[{"name":"wp","href":"https:\/\/api.w.org\/{rel}","templated":true}]}}