{"id":4636,"date":"2018-03-07T17:10:00","date_gmt":"2018-03-07T16:10:00","guid":{"rendered":"http:\/\/univet.hu\/egyetem\/munkatarsak\/sotonyi-peter\/"},"modified":"2026-02-10T04:00:19","modified_gmt":"2026-02-10T03:00:19","slug":"sotonyi-peter-2","status":"publish","type":"page","link":"https:\/\/univet.hu\/hu\/egyetem\/munkatarsak\/sotonyi-peter-2\/","title":{"rendered":"S\u00f3tonyi P\u00e9ter"},"content":{"rendered":"<p><strong>Bemutatkoz\u00e1s<\/strong><\/p> <p>Dr. S\u00f3tonyi P\u00e9ter 1954-ben sz\u00fcletett Mosonmagyar\u00f3v\u00e1ron. \u00c1llatorvosdoktori diplom\u00e1j\u00e1t 1979-ben szerezte az \u00c1llatorvostudom\u00e1nyi Egyetemen, ahol 1985 \u00f3ta dolgozik. Az \u00c1llatorvostudom\u00e1nyi Egyetem rektora, az Anat\u00f3miai \u00e9s Sz\u00f6vettani Tansz\u00e9k tansz\u00e9kvezet\u0151 egyetemi tan\u00e1ra, a Semmelweis Egyetem, a Kaposv\u00e1ri Egyetem, a Sz\u00e9chenyi egyetem, valamint az \u00d3budai Egyetem d\u00edszdoktora, a Magyar Lovassport Sz\u00f6vets\u00e9g aleln\u00f6ke, Sz\u00e9chenyi-d\u00edjas, Prima d\u00edjas.<\/p> <p>A k\u00f6zm\u00e9di\u00e1kban \u201eAz \u00e1llatok mozg\u00e1s\u00e1nak elemz\u00e9se\u201d, illetve a \u201eNemzeti kincs\u00fcnk a l\u00f3\u201d c\u00edmmel tartott nagysiker\u0171 ismeretterjeszt\u0151 el\u0151ad\u00e1sokat.<\/p> <p>Tudom\u00e1nyos munk\u00e1ss\u00e1g\u00e1t eddig 47 eredeti tudom\u00e1nyos k\u00f6zlem\u00e9ny jelzi, a f\u00fcggetlen id\u00e9zetek sz\u00e1ma 3029. Szerz\u0151je, illetve t\u00e1rsszerz\u0151je 10 k\u00f6nyvnek \u00e9s egy nagysiker\u0171 anat\u00f3miai CD-ROM-nak, amelyek magyar, angol, n\u00e9met, jap\u00e1n \u00e9s szlov\u00e1k nyelveken jelentek meg. Ismeretterjeszt\u0151 k\u00f6zlem\u00e9nyeinek sz\u00e1ma 200 f\u00f6l\u00f6tti, hazai \u00e9s nemzetk\u00f6zi konferenci\u00e1kon t\u00f6bbsz\u00e1z el\u0151ad\u00e1st tartott.<\/p> <p>Rendszeresen oktatott, illetve kutatott a k\u00f6lni, a b\u00e9csi, a berlini, a temesv\u00e1ri egyetemeken \u00e9s 2004-t\u0151l vend\u00e9g professzora az amerikai Yale Egyetemnek, a Semmelweis Orvostudom\u00e1nyi Egyetemmel negyven \u00e9ve tart fenn akt\u00edv oktat\u00e1si, tudom\u00e1nyos \u00e9s tudom\u00e1nypolitikai kapcsolatot.<\/p> <p>&nbsp;<\/p> <p><strong>\u00c9rdekl\u0151d\u00e9si ter\u00fcletek<\/strong><\/p> <p>Kezdeti kutat\u00e1si t\u00e9m\u00e1i: a l\u00fadmagzat kikel\u00e9se, a m. complexus szerkezetv\u00e1ltoz\u00e1sa, az \u00e1llatkerti \u00e1llatok \u00f6sszehasonl\u00edt\u00f3 anat\u00f3mi\u00e1ja.<\/p> <p>Kandid\u00e1tusi disszert\u00e1ci\u00f3ja t\u00e9m\u00e1ja: A h\u00e1zimadarak nemi mirigyeinek fejl\u0151d\u00e9se, funkcion\u00e1lis szerkezetv\u00e1ltoz\u00e1sa, k\u00fcl\u00f6n\u00f6s tekintettel a szteroid \u00e9s trophormonok endokrin befoly\u00e1sol\u00e1s\u00e1ra.<\/p> <p>Akad\u00e9miai doktori \u00e9rtek\u00e9z\u00e9s\u00e9nek c\u00edme:<\/p> <ul> <li>A hypothalamicus szab\u00e1lyoz\u00e1s egyes funkci\u00f3inak vizsg\u00e1lata<\/li> <\/ul> <p>Neurobiol\u00f3gia:<\/p> <ul> <li>(a) Immunhisztok\u00e9miai m\u00f3dszerekkel vizsg\u00e1lta az agyk\u00e9reg vasoakt\u00edv intestinalis polipeptid (VIP) tartalm\u00fa sejtjeinek szinaptikus kapcsolatait, a VIP immunreakt\u00edv bipol\u00e1ris idegsejteket a patk\u00e1ny l\u00e1t\u00f3k\u00e9rg\u00e9ben az ontogenezis sor\u00e1n \u00e9s a l\u00e1t\u00f3p\u00e1lya k\u00eds\u00e9rletes megszak\u00edt\u00e1sa ut\u00e1n, valamint a VIP immunreakt\u00edv strukt\u00far\u00e1kat eg\u00e9r- \u00e9s patk\u00e1ny agy \u201eBarell Field\u201d ter\u00fclet\u00e9n.<\/li> <li>(b) A mitokondri\u00e1lis UCP2 mint neuromodul\u00e1tor \u00e9s neuroprotektor szerepe a Parkinson-k\u00f3r megel\u0151z\u00e9s\u00e9ben \u00e9s gy\u00f3gy\u00edt\u00e1s\u00e1ban.<\/li> <li>(c) A hypothalamus szab\u00e1lyoz\u00f3 mechanizmus\u00e1ban szerepet j\u00e1tsz\u00f3 egyes magcsoportok cellul\u00e1ris \u00e9s molekul\u00e1ris szervez\u0151d\u00e9s\u00e9nek vizsg\u00e1lata. Ez ut\u00f3bbi t\u00e9m\u00e1b\u00f3l k\u00e9sz\u00fclt az MTA akad\u00e9miai doktori disszert\u00e1ci\u00f3ja, melyet 2012. \u00e9vben v\u00e9dett meg.<\/li> <\/ul> <p>Fejl\u0151d\u00e9stan:<\/p> <ul> <li>A kutya sz\u00edv\u00e9nek norm\u00e1lis \u00e9s pathol\u00f3gi\u00e1s fejl\u0151d\u00e9se.<\/li> <\/ul> <p>Makroszk\u00f3pos anat\u00f3mia:<\/p> <ul> <li>A kutya seb\u00e9szeti felt\u00e1r\u00f3 anat\u00f3mi\u00e1ja.<\/li> <li>A modern k\u00e9palkot\u00f3 eszk\u00f6z\u00f6k alkalmaz\u00e1sa az \u00e1llatorvosi anat\u00f3mi\u00e1ban: \u00edgy a kutya, a sert\u00e9s, a juh \u00e9s a l\u00f3 keresztmetszeti, CT \u00e9s MRI anat\u00f3mi\u00e1ja.<\/li> <\/ul> <p>Vezet\u00e9se alatt az Egyetem k\u00e9t alkalommal nyerte el az Eur\u00f3pai \u00c1llatorvosk\u00e9pz\u0151 Int\u00e9zm\u00e9nyek (EAEVE) teljesk\u00f6r\u0171 akkredit\u00e1ci\u00f3j\u00e1t, amely az jelenti, hogy az \u00c1llatorvostudom\u00e1nyi Egyetemen szerzett diplom\u00e1t Eur\u00f3pa szerte mindenf\u00e9le honos\u00edt\u00e1si elj\u00e1r\u00e1s n\u00e9lk\u00fcl elfogadj\u00e1k. A vizsg\u00e1l\u00f3 bizotts\u00e1g elismerte azt az \u00f6sszefog\u00e1st, amelyet valamennyi dolgoz\u00f3 \u00e9s hallgat\u00f3 bizony\u00edtott az elj\u00e1r\u00e1s sor\u00e1n.<\/p> <p>S\u00f3tonyi P\u00e9ter kezdem\u00e9nyezte az \u00c1llatorvostudom\u00e1nyi Egyetem \u00f6n\u00e1ll\u00f3v\u00e1 v\u00e1l\u00e1s\u00e1t, amelynek c\u00e9lja a nemzetk\u00f6zi oktat\u00e1si \u00e9s tudom\u00e1nyos \u00e9letben a saj\u00e1t arculattal t\u00f6rt\u00e9n\u0151 megjelen\u00e9s, hiszen a 238 \u00e9ves m\u00faltra visszatekint\u0151, egyetlen hazai \u00e1llatorvos-k\u00e9pz\u0151 int\u00e9zm\u00e9ny mindig is akkor tudott a legeredm\u00e9nyesebben m\u0171k\u00f6dni, amikor f\u00fcggetlen volt. Ezen sz\u00e1nd\u00e9k\u00e1t a Korm\u00e1nyzat t\u00e1mogatta, \u00edgy 2016. j\u00falius 1-t\u0151l \u00fajra \u00f6n\u00e1ll\u00f3 \u00c1llatorvostudom\u00e1nyi Egyetemm\u00e9 v\u00e1lt.<\/p> <p>&nbsp;<\/p> <p><strong>Tags\u00e1g hazai \u00e9s nemzetk\u00f6zi tudom\u00e1nyos szervezetekben<\/strong><\/p> <ul> <li>Magyar Anat\u00f3mus T\u00e1rsas\u00e1g\u00e1nak tagja,<\/li> <li>Nomina Anatomica Veterinaria (N.A.V.) szerkeszt\u0151bizotts\u00e1g\u00e1nak tagja,<\/li> <li>Eur\u00f3pai Anat\u00f3musok T\u00e1rsas\u00e1g\u00e1nak vezet\u0151s\u00e9gi tagja,<\/li> <li>Semmelweis Egyetem Doktori Tan\u00e1cs k\u00fcls\u0151 tagja,<\/li> <li>\u00c1llatorvos-anat\u00f3musok Vil\u00e1gsz\u00f6vets\u00e9g\u00e9nek aleln\u00f6ke,<\/li> <li>Eur\u00f3pai Tudom\u00e1nyos \u00e9s M\u0171v\u00e9szeti Akad\u00e9mia rendes tagja,<\/li> <li>Magyar \u00c1llatorvos-t\u00f6rt\u00e9nelmi T\u00e1rsas\u00e1g eln\u00f6ke,<\/li> <li>Magyar Orvost\u00f6rt\u00e9nelmi T\u00e1rsas\u00e1g tagja<\/li> <\/ul> <p>Szinte minden magyar \u00e1llatorvostudom\u00e1nyi kit\u00fcntet\u00e9ssel elismert\u00e9k munk\u00e1ss\u00e1g\u00e1t, t\u00f6bbek k\u00f6z\u00f6tt a legmagasabb tudom\u00e1nyos elismer\u00e9s a Sz\u00e9chenyi-d\u00edj \u00e9s a Prima d\u00edj birtokosa. Legb\u00fcszk\u00e9bb a \u201eLegjobb oktat\u00f3i d\u00edjaira\u201d, amelyeket 44 alkalommal kapott meg a hallgat\u00f3s\u00e1gt\u00f3l, illetve Magyarorsz\u00e1gon az \u201e\u00c9v oktat\u00f3ja\u201d c\u00edm \u00e9s f\u0151d\u00edj\u00e1ra, a hallgat\u00f3k szavazata alapj\u00e1n.<\/p> <p>N\u00e9gy egyetem honoris causa doktora.<\/p> <p><strong>Szakmai \u00e9s polg\u00e1ri kit\u00fcntet\u00e9sei, elismer\u00e9sei <\/strong><\/p> <ul> <li>1997-t\u0151l: Sz\u00e9chenyi professzori \u00f6szt\u00f6nd\u00edj.<\/li> <li>2001.: Ap\u00e1czai Csere J\u00e1nos D\u00edj.<\/li> <li>2002.: Nagyv\u00e1thy J\u00e1nos D\u00edj.<\/li> <li>2002.: Kiad\u00f3i N\u00edv\u00f3d\u00edj.<\/li> <li>2003.: \u201eMestertan\u00e1r\u201d kit\u00fcntet\u00e9s.<\/li> <li>2004.: A Yale Egyetem vend\u00e9g Professzora.<\/li> <li>2006.: \u201eAz \u00e9v \u00e1llatorvosa d\u00edj\u201d a Magyar \u00c1llatorvosi Kamar\u00e1t\u00f3l.<\/li> <li>2008.: Magyar \u00e1llatorvos anat\u00f3mus eml\u00e9k\u00e9rem.<\/li> <li>2008.: 120 \u00e9ves a Magyar \u00c1llateg\u00e9szs\u00e9g\u00fcgyi Szolg\u00e1lat d\u00edj.<\/li> <li>2009.: Semmelweis Egyetem d\u00edszdoktora (honoris causa).<\/li> <li>2010.: Hutyra Ferenc eml\u00e9k\u00e9rem.<\/li> <li>2011.: Kaposv\u00e1ri Egyetem d\u00edszdoktora (honoris causa).<\/li> <li>2013.: Orsz\u00e1gos Polg\u00e1r\u0151r Sz\u00f6vets\u00e9g tiszteletbeli polg\u00e1r\u0151r.<\/li> <li>2015.: \u201eA magyar arab l\u00f3\u00e9rt\u201d kit\u00fcntet\u00e9s.<\/li> <li>2015.: Magyar \u00c9rdemrend K\u00f6z\u00e9pkeresztje kit\u00fcntet\u00e9s.<\/li> <li>2017.: K\u00f3m\u00e1r-d\u00edj<\/li> <li>2017.: Prima d\u00edj<\/li> <li>2018.: \u00c9v agr\u00e1rembere 2017 \u00e9letm\u0171 d\u00edj<\/li> <li>2018.: Sz\u00e9chenyi Egyetem d\u00edszdoktora<\/li> <li>2018.: Pl\u00f3sz B\u00e9la d\u00edj<\/li> <li>2019.: Sz\u00e9chenyi-d\u00edj<\/li> <li>2021.: Horn Art\u00far d\u00edj<\/li> <li>2021.: \u00d3budai Egyetem d\u00edszdoktora<\/li> <\/ul> <p><a href=\"http:\/\/www.univet.hu\/sc1\/user.php?id=12&amp;lang=hu\" target=\"_blank\" rel=\"noopener\" data-replaced=\"true\">Saj\u00e1t honlap<\/a><\/p>","protected":false},"excerpt":{"rendered":"<p>Bemutatkoz\u00e1s Dr. S\u00f3tonyi P\u00e9ter 1954-ben sz\u00fcletett Mosonmagyar\u00f3v\u00e1ron. \u00c1llatorvosdoktori diplom\u00e1j\u00e1t 1979-ben szerezte az \u00c1llatorvostudom\u00e1nyi Egyetemen, ahol 1985 \u00f3ta dolgozik. Az \u00c1llatorvostudom\u00e1nyi Egyetem rektora, az Anat\u00f3miai \u00e9s Sz\u00f6vettani Tansz\u00e9k tansz\u00e9kvezet\u0151 egyetemi tan\u00e1ra, a Semmelweis Egyetem, a Kaposv\u00e1ri Egyetem, a Sz\u00e9chenyi egyetem, valamint az \u00d3budai Egyetem d\u00edszdoktora, a Magyar Lovassport Sz\u00f6vets\u00e9g aleln\u00f6ke, Sz\u00e9chenyi-d\u00edjas, Prima d\u00edjas. A k\u00f6zm\u00e9di\u00e1kban \u201eAz<\/p>\n","protected":false},"author":5824,"featured_media":0,"parent":858,"menu_order":210,"comment_status":"closed","ping_status":"closed","template":"","meta":{"_acf_changed":false,"footnotes":""},"categories":[56],"tags":[],"class_list":["post-4636","page","type-page","status-publish","hentry","category-munkatarsak"],"acf":[],"_links":{"self":[{"href":"https:\/\/univet.hu\/hu\/wp-json\/wp\/v2\/pages\/4636","targetHints":{"allow":["GET"]}}],"collection":[{"href":"https:\/\/univet.hu\/hu\/wp-json\/wp\/v2\/pages"}],"about":[{"href":"https:\/\/univet.hu\/hu\/wp-json\/wp\/v2\/types\/page"}],"author":[{"embeddable":true,"href":"https:\/\/univet.hu\/hu\/wp-json\/wp\/v2\/users\/5824"}],"replies":[{"embeddable":true,"href":"https:\/\/univet.hu\/hu\/wp-json\/wp\/v2\/comments?post=4636"}],"version-history":[{"count":4,"href":"https:\/\/univet.hu\/hu\/wp-json\/wp\/v2\/pages\/4636\/revisions"}],"predecessor-version":[{"id":177578,"href":"https:\/\/univet.hu\/hu\/wp-json\/wp\/v2\/pages\/4636\/revisions\/177578"}],"up":[{"embeddable":true,"href":"https:\/\/univet.hu\/hu\/wp-json\/wp\/v2\/pages\/858"}],"wp:attachment":[{"href":"https:\/\/univet.hu\/hu\/wp-json\/wp\/v2\/media?parent=4636"}],"wp:term":[{"taxonomy":"category","embeddable":true,"href":"https:\/\/univet.hu\/hu\/wp-json\/wp\/v2\/categories?post=4636"},{"taxonomy":"post_tag","embeddable":true,"href":"https:\/\/univet.hu\/hu\/wp-json\/wp\/v2\/tags?post=4636"}],"curies":[{"name":"wp","href":"https:\/\/api.w.org\/{rel}","templated":true}]}}